{"id":1005,"date":"2021-12-12T11:18:58","date_gmt":"2021-12-12T11:18:58","guid":{"rendered":"http:\/\/dezvoltare.uvt.ro\/arte\/?page_id=1005"},"modified":"2023-03-23T12:29:42","modified_gmt":"2023-03-23T12:29:42","slug":"design","status":"publish","type":"page","link":"http:\/\/dezvoltare.uvt.ro\/arte\/educatie\/programe-de-licenta\/design\/","title":{"rendered":"Design"},"content":{"rendered":"\t\t<div data-elementor-type=\"wp-page\" data-elementor-id=\"1005\" class=\"elementor elementor-1005\">\n\t\t\t\t\t\t\t\t\t<section class=\"elementor-section elementor-top-section elementor-element elementor-element-cb9164d elementor-section-boxed elementor-section-height-default elementor-section-height-default\" data-id=\"cb9164d\" data-element_type=\"section\">\n\t\t\t\t\t\t<div class=\"elementor-container elementor-column-gap-default\">\n\t\t\t\t\t<div class=\"elementor-column elementor-col-100 elementor-top-column elementor-element elementor-element-f2e74ad\" data-id=\"f2e74ad\" data-element_type=\"column\">\n\t\t\t<div class=\"elementor-widget-wrap elementor-element-populated\">\n\t\t\t\t\t\t\t\t<div class=\"elementor-element elementor-element-a4ce113 elementor-align-left elementor-widget elementor-widget-breadcrumbs\" data-id=\"a4ce113\" data-element_type=\"widget\" data-widget_type=\"breadcrumbs.default\">\n\t\t\t\t<div class=\"elementor-widget-container\">\n\t\t\t<p id=\"breadcrumbs\"><span><span><a href=\"https:\/\/dezvoltare.uvt.ro\/arte\/\">Acas\u0103<\/a><\/span><\/span><\/p>\t\t<\/div>\n\t\t\t\t<\/div>\n\t\t\t\t\t<\/div>\n\t\t<\/div>\n\t\t\t\t\t\t\t<\/div>\n\t\t<\/section>\n\t\t\t\t<section class=\"elementor-section elementor-top-section elementor-element elementor-element-573eabc elementor-section-boxed elementor-section-height-default elementor-section-height-default\" data-id=\"573eabc\" data-element_type=\"section\">\n\t\t\t\t\t\t<div class=\"elementor-container elementor-column-gap-default\">\n\t\t\t\t\t<div class=\"elementor-column elementor-col-100 elementor-top-column elementor-element elementor-element-587e603\" data-id=\"587e603\" data-element_type=\"column\">\n\t\t\t<div class=\"elementor-widget-wrap elementor-element-populated\">\n\t\t\t\t\t\t\t\t<div class=\"elementor-element elementor-element-b8121b6 elementor-widget elementor-widget-heading\" data-id=\"b8121b6\" data-element_type=\"widget\" data-widget_type=\"heading.default\">\n\t\t\t\t<div class=\"elementor-widget-container\">\n\t\t\t<h2 class=\"elementor-heading-title elementor-size-default\">Design<\/h2>\t\t<\/div>\n\t\t\t\t<\/div>\n\t\t\t\t<div class=\"elementor-element elementor-element-193d3df elementor-widget-divider--view-line elementor-widget elementor-widget-divider\" data-id=\"193d3df\" data-element_type=\"widget\" data-widget_type=\"divider.default\">\n\t\t\t\t<div class=\"elementor-widget-container\">\n\t\t\t\t\t<div class=\"elementor-divider\">\n\t\t\t<span class=\"elementor-divider-separator\">\n\t\t\t\t\t\t<\/span>\n\t\t<\/div>\n\t\t\t\t<\/div>\n\t\t\t\t<\/div>\n\t\t\t\t\t<\/div>\n\t\t<\/div>\n\t\t\t\t\t\t\t<\/div>\n\t\t<\/section>\n\t\t\t\t<section class=\"elementor-section elementor-top-section elementor-element elementor-element-600b7f9 elementor-section-height-min-height elementor-section-items-top elementor-section-content-top elementor-section-boxed elementor-section-height-default\" data-id=\"600b7f9\" data-element_type=\"section\">\n\t\t\t\t\t\t<div class=\"elementor-container elementor-column-gap-default\">\n\t\t\t\t\t<div class=\"elementor-column elementor-col-50 elementor-top-column elementor-element elementor-element-502caa9\" data-id=\"502caa9\" data-element_type=\"column\">\n\t\t\t<div class=\"elementor-widget-wrap elementor-element-populated\">\n\t\t\t\t\t\t\t\t<div class=\"elementor-element elementor-element-1a71745 elementor-widget elementor-widget-eael-adv-accordion\" data-id=\"1a71745\" data-element_type=\"widget\" data-widget_type=\"eael-adv-accordion.default\">\n\t\t\t\t<div class=\"elementor-widget-container\">\n\t\t\t        <div class=\"eael-adv-accordion\" id=\"eael-adv-accordion-1a71745\" data-accordion-id=\"1a71745\" data-accordion-type=\"accordion\" data-toogle-speed=\"300\">\n    <div class=\"eael-accordion-list\">\n                <div id=\"prezentarea-specializrii\" class=\"elementor-tab-title eael-accordion-header\" tabindex=\"2771\" data-tab=\"1\" aria-controls=\"elementor-tab-content-2771\"><span class=\"eael-advanced-accordion-icon-closed\"><i aria-hidden=\"true\" class=\"fa-accordion-icon fas fa-plus\"><\/i><\/span><span class=\"eael-advanced-accordion-icon-opened\"><i aria-hidden=\"true\" class=\"fa-accordion-icon fas fa-minus\"><\/i><\/span><span class=\"eael-accordion-tab-title\">Prezentarea specializ\u0103rii<\/span><i aria-hidden=\"true\" class=\"fa-toggle fas fa-angle-right\"><\/i><\/div><div id=\"elementor-tab-content-2771\" class=\"eael-accordion-content clearfix\" data-tab=\"1\" aria-labelledby=\"prezentarea-specializrii\"><p><p>Programul de studii universitare ciclul licen\u0163\u0103 specializarea Design, cuprinde obiective clare \u015fi riguroase. Principalul scop este de a crea profesioni\u015fti \u00een comunicare \u015fi crea\u0163ie vizual\u0103 2D sau 3D, pentru specializarea Design. Totodat\u0103, prin aria curicular\u0103, absolven\u0163ii deprind \u015fi abilit\u0103\u0163i transversale menite s\u0103 ajute la integrarea \u00een diverse grupuri de lucru, comunicare, \u015fi management al proiectelor profesionale.<\/p><\/p><\/div>\n                <\/div><div class=\"eael-accordion-list\">\n                <div id=\"planuri-de-nvmnt\" class=\"elementor-tab-title eael-accordion-header\" tabindex=\"2772\" data-tab=\"2\" aria-controls=\"elementor-tab-content-2772\"><span class=\"eael-advanced-accordion-icon-closed\"><i aria-hidden=\"true\" class=\"fa-accordion-icon fas fa-plus\"><\/i><\/span><span class=\"eael-advanced-accordion-icon-opened\"><i aria-hidden=\"true\" class=\"fa-accordion-icon fas fa-minus\"><\/i><\/span><span class=\"eael-accordion-tab-title\">Planuri de \u00eenv\u0103\u021b\u0103m\u00e2nt<\/span><i aria-hidden=\"true\" class=\"fa-toggle fas fa-angle-right\"><\/i><\/div><div id=\"elementor-tab-content-2772\" class=\"eael-accordion-content clearfix\" data-tab=\"2\" aria-labelledby=\"planuri-de-nvmnt\"><p><ul><li><a href=\"http:\/\/dezvoltare.uvt.ro\/arte\/wp-content\/uploads\/2023\/03\/DESIGN-an1.pdf\">DESIGN an1<\/a><\/li><li><a href=\"http:\/\/dezvoltare.uvt.ro\/arte\/wp-content\/uploads\/2023\/03\/DESIGN-an2.pdf\">DESIGN an2<\/a><\/li><li><a href=\"http:\/\/dezvoltare.uvt.ro\/arte\/wp-content\/uploads\/2023\/03\/DESIGN-an3.pdf\">DESIGN an3<\/a><\/li><\/ul><\/p><\/div>\n                <\/div><div class=\"eael-accordion-list\">\n                <div id=\"fiele-disciplinelor\" class=\"elementor-tab-title eael-accordion-header\" tabindex=\"2773\" data-tab=\"3\" aria-controls=\"elementor-tab-content-2773\"><span class=\"eael-advanced-accordion-icon-closed\"><i aria-hidden=\"true\" class=\"fa-accordion-icon fas fa-plus\"><\/i><\/span><span class=\"eael-advanced-accordion-icon-opened\"><i aria-hidden=\"true\" class=\"fa-accordion-icon fas fa-minus\"><\/i><\/span><span class=\"eael-accordion-tab-title\">Fi\u0219ele disciplinelor<\/span><i aria-hidden=\"true\" class=\"fa-toggle fas fa-angle-right\"><\/i><\/div><div id=\"elementor-tab-content-2773\" class=\"eael-accordion-content clearfix\" data-tab=\"3\" aria-labelledby=\"fiele-disciplinelor\"><p><p><a href=\"https:\/\/drive.google.com\/drive\/folders\/1ujeZsUbF7bZjwTEnftl3OxyaN1aTdhXM?usp=share_link\" target=\"_blank\" rel=\"noopener\">VEZI FISELE DISCIPLINELOR SEM 2 2022-2023<\/a><\/p><\/p><\/div>\n                <\/div><\/div>\t\t<\/div>\n\t\t\t\t<\/div>\n\t\t\t\t\t<\/div>\n\t\t<\/div>\n\t\t\t\t<div class=\"elementor-column elementor-col-50 elementor-top-column elementor-element elementor-element-0f2ea77\" data-id=\"0f2ea77\" data-element_type=\"column\">\n\t\t\t<div class=\"elementor-widget-wrap elementor-element-populated\">\n\t\t\t\t\t\t\t\t<div class=\"elementor-element elementor-element-f02c6a6 elementor-widget elementor-widget-text-editor\" data-id=\"f02c6a6\" data-element_type=\"widget\" data-widget_type=\"text-editor.default\">\n\t\t\t\t<div class=\"elementor-widget-container\">\n\t\t\t\t\t\t\t<p><b>Domeniul:<\/b>\u00a0Arte vizuale<br \/><b><\/b><\/p><p><b>Specializarea:<\/b> Design<br \/><b><\/b><\/p><p><b>Forma de \u00eenv\u0103\u021b\u0103m\u00e2nt:<\/b> Cu frecven\u021b\u0103<br \/><b><\/b><\/p><p><b>Forma de finalizare:<\/b> Diplom\u0103 studii universitare<br \/><b><\/b><\/p><p><b>Titlul acordat:<\/b>\u00a0Licen\u021biat Arte Vizuale<\/p>\t\t\t\t\t\t<\/div>\n\t\t\t\t<\/div>\n\t\t\t\t\t<\/div>\n\t\t<\/div>\n\t\t\t\t\t\t\t<\/div>\n\t\t<\/section>\n\t\t\t\t\t\t\t<\/div>\n\t\t","protected":false},"excerpt":{"rendered":"<p>Design Prezentarea specializ\u0103rii Programul de studii universitare ciclul licen\u0163\u0103 specializarea Design, cuprinde obiective clare \u015fi riguroase. Principalul scop este de a crea profesioni\u015fti \u00een comunicare \u015fi crea\u0163ie vizual\u0103 2D sau 3D, pentru specializarea Design. Totodat\u0103, prin aria curicular\u0103, absolven\u0163ii deprind \u015fi abilit\u0103\u0163i transversale menite s\u0103 ajute la integrarea \u00een diverse grupuri de lucru, comunicare, \u015fi [&hellip;]<\/p>\n","protected":false},"author":2,"featured_media":0,"parent":99,"menu_order":0,"comment_status":"closed","ping_status":"closed","template":"","meta":[],"acf":[],"yoast_head":"<!-- This site is optimized with the Yoast SEO plugin v20.4 - https:\/\/yoast.com\/wordpress\/plugins\/seo\/ -->\n<title>Design - dezvoltare.uvt.ro\/arte<\/title>\n<meta name=\"robots\" content=\"noindex, follow, max-snippet:-1, max-image-preview:large, max-video-preview:-1\" \/>\n<meta property=\"og:locale\" content=\"en_US\" \/>\n<meta property=\"og:type\" content=\"article\" \/>\n<meta property=\"og:title\" content=\"Design - dezvoltare.uvt.ro\/arte\" \/>\n<meta property=\"og:description\" content=\"Design Prezentarea specializ\u0103rii Programul de studii universitare ciclul licen\u0163\u0103 specializarea Design, cuprinde obiective clare \u015fi riguroase. Principalul scop este de a crea profesioni\u015fti \u00een comunicare \u015fi crea\u0163ie vizual\u0103 2D sau 3D, pentru specializarea Design. Totodat\u0103, prin aria curicular\u0103, absolven\u0163ii deprind \u015fi abilit\u0103\u0163i transversale menite s\u0103 ajute la integrarea \u00een diverse grupuri de lucru, comunicare, \u015fi [&hellip;]\" \/>\n<meta property=\"og:url\" content=\"http:\/\/dezvoltare.uvt.ro\/arte\/educatie\/programe-de-licenta\/design\/\" \/>\n<meta property=\"og:site_name\" content=\"dezvoltare.uvt.ro\/arte\" \/>\n<meta property=\"article:modified_time\" content=\"2023-03-23T12:29:42+00:00\" \/>\n<meta name=\"twitter:card\" content=\"summary_large_image\" \/>\n<meta name=\"twitter:label1\" content=\"Est. reading time\" \/>\n\t<meta name=\"twitter:data1\" content=\"1 minute\" \/>\n<script type=\"application\/ld+json\" class=\"yoast-schema-graph\">{\"@context\":\"https:\/\/schema.org\",\"@graph\":[{\"@type\":\"WebPage\",\"@id\":\"http:\/\/dezvoltare.uvt.ro\/arte\/educatie\/programe-de-licenta\/design\/\",\"url\":\"http:\/\/dezvoltare.uvt.ro\/arte\/educatie\/programe-de-licenta\/design\/\",\"name\":\"Design - dezvoltare.uvt.ro\/arte\",\"isPartOf\":{\"@id\":\"https:\/\/dezvoltare.uvt.ro\/arte\/#website\"},\"datePublished\":\"2021-12-12T11:18:58+00:00\",\"dateModified\":\"2023-03-23T12:29:42+00:00\",\"breadcrumb\":{\"@id\":\"http:\/\/dezvoltare.uvt.ro\/arte\/educatie\/programe-de-licenta\/design\/#breadcrumb\"},\"inLanguage\":\"en-US\",\"potentialAction\":[{\"@type\":\"ReadAction\",\"target\":[\"http:\/\/dezvoltare.uvt.ro\/arte\/educatie\/programe-de-licenta\/design\/\"]}]},{\"@type\":\"BreadcrumbList\",\"@id\":\"http:\/\/dezvoltare.uvt.ro\/arte\/educatie\/programe-de-licenta\/design\/#breadcrumb\",\"itemListElement\":[{\"@type\":\"ListItem\",\"position\":1,\"name\":\"Acas\u0103\",\"item\":\"https:\/\/dezvoltare.uvt.ro\/arte\/\"},{\"@type\":\"ListItem\",\"position\":2,\"name\":\"Educa\u021bie\",\"item\":\"http:\/\/dezvoltare.uvt.ro\/arte\/educatie\/\"},{\"@type\":\"ListItem\",\"position\":3,\"name\":\"Programe de licen\u021b\u0103\",\"item\":\"http:\/\/dezvoltare.uvt.ro\/arte\/educatie\/programe-de-licenta\/\"},{\"@type\":\"ListItem\",\"position\":4,\"name\":\"Design\"}]},{\"@type\":\"WebSite\",\"@id\":\"https:\/\/dezvoltare.uvt.ro\/arte\/#website\",\"url\":\"https:\/\/dezvoltare.uvt.ro\/arte\/\",\"name\":\"dezvoltare.uvt.ro\/arte\",\"description\":\"Arte\",\"potentialAction\":[{\"@type\":\"SearchAction\",\"target\":{\"@type\":\"EntryPoint\",\"urlTemplate\":\"https:\/\/dezvoltare.uvt.ro\/arte\/?s={search_term_string}\"},\"query-input\":\"required name=search_term_string\"}],\"inLanguage\":\"en-US\"}]}<\/script>\n<!-- \/ Yoast SEO plugin. -->","yoast_head_json":{"title":"Design - dezvoltare.uvt.ro\/arte","robots":{"index":"noindex","follow":"follow","max-snippet":"max-snippet:-1","max-image-preview":"max-image-preview:large","max-video-preview":"max-video-preview:-1"},"og_locale":"en_US","og_type":"article","og_title":"Design - dezvoltare.uvt.ro\/arte","og_description":"Design Prezentarea specializ\u0103rii Programul de studii universitare ciclul licen\u0163\u0103 specializarea Design, cuprinde obiective clare \u015fi riguroase. Principalul scop este de a crea profesioni\u015fti \u00een comunicare \u015fi crea\u0163ie vizual\u0103 2D sau 3D, pentru specializarea Design. Totodat\u0103, prin aria curicular\u0103, absolven\u0163ii deprind \u015fi abilit\u0103\u0163i transversale menite s\u0103 ajute la integrarea \u00een diverse grupuri de lucru, comunicare, \u015fi [&hellip;]","og_url":"http:\/\/dezvoltare.uvt.ro\/arte\/educatie\/programe-de-licenta\/design\/","og_site_name":"dezvoltare.uvt.ro\/arte","article_modified_time":"2023-03-23T12:29:42+00:00","twitter_card":"summary_large_image","twitter_misc":{"Est. reading time":"1 minute"},"schema":{"@context":"https:\/\/schema.org","@graph":[{"@type":"WebPage","@id":"http:\/\/dezvoltare.uvt.ro\/arte\/educatie\/programe-de-licenta\/design\/","url":"http:\/\/dezvoltare.uvt.ro\/arte\/educatie\/programe-de-licenta\/design\/","name":"Design - dezvoltare.uvt.ro\/arte","isPartOf":{"@id":"https:\/\/dezvoltare.uvt.ro\/arte\/#website"},"datePublished":"2021-12-12T11:18:58+00:00","dateModified":"2023-03-23T12:29:42+00:00","breadcrumb":{"@id":"http:\/\/dezvoltare.uvt.ro\/arte\/educatie\/programe-de-licenta\/design\/#breadcrumb"},"inLanguage":"en-US","potentialAction":[{"@type":"ReadAction","target":["http:\/\/dezvoltare.uvt.ro\/arte\/educatie\/programe-de-licenta\/design\/"]}]},{"@type":"BreadcrumbList","@id":"http:\/\/dezvoltare.uvt.ro\/arte\/educatie\/programe-de-licenta\/design\/#breadcrumb","itemListElement":[{"@type":"ListItem","position":1,"name":"Acas\u0103","item":"https:\/\/dezvoltare.uvt.ro\/arte\/"},{"@type":"ListItem","position":2,"name":"Educa\u021bie","item":"http:\/\/dezvoltare.uvt.ro\/arte\/educatie\/"},{"@type":"ListItem","position":3,"name":"Programe de licen\u021b\u0103","item":"http:\/\/dezvoltare.uvt.ro\/arte\/educatie\/programe-de-licenta\/"},{"@type":"ListItem","position":4,"name":"Design"}]},{"@type":"WebSite","@id":"https:\/\/dezvoltare.uvt.ro\/arte\/#website","url":"https:\/\/dezvoltare.uvt.ro\/arte\/","name":"dezvoltare.uvt.ro\/arte","description":"Arte","potentialAction":[{"@type":"SearchAction","target":{"@type":"EntryPoint","urlTemplate":"https:\/\/dezvoltare.uvt.ro\/arte\/?s={search_term_string}"},"query-input":"required name=search_term_string"}],"inLanguage":"en-US"}]}},"_links":{"self":[{"href":"http:\/\/dezvoltare.uvt.ro\/arte\/wp-json\/wp\/v2\/pages\/1005"}],"collection":[{"href":"http:\/\/dezvoltare.uvt.ro\/arte\/wp-json\/wp\/v2\/pages"}],"about":[{"href":"http:\/\/dezvoltare.uvt.ro\/arte\/wp-json\/wp\/v2\/types\/page"}],"author":[{"embeddable":true,"href":"http:\/\/dezvoltare.uvt.ro\/arte\/wp-json\/wp\/v2\/users\/2"}],"replies":[{"embeddable":true,"href":"http:\/\/dezvoltare.uvt.ro\/arte\/wp-json\/wp\/v2\/comments?post=1005"}],"version-history":[{"count":0,"href":"http:\/\/dezvoltare.uvt.ro\/arte\/wp-json\/wp\/v2\/pages\/1005\/revisions"}],"up":[{"embeddable":true,"href":"http:\/\/dezvoltare.uvt.ro\/arte\/wp-json\/wp\/v2\/pages\/99"}],"wp:attachment":[{"href":"http:\/\/dezvoltare.uvt.ro\/arte\/wp-json\/wp\/v2\/media?parent=1005"}],"curies":[{"name":"wp","href":"https:\/\/api.w.org\/{rel}","templated":true}]}}