{"id":103,"date":"2021-11-10T09:33:17","date_gmt":"2021-11-10T09:33:17","guid":{"rendered":"http:\/\/dezvoltare.uvt.ro\/arte\/?page_id=103"},"modified":"2023-07-25T09:19:33","modified_gmt":"2023-07-25T09:19:33","slug":"programe-de-doctorat","status":"publish","type":"page","link":"http:\/\/dezvoltare.uvt.ro\/arte\/educatie\/programe-de-doctorat\/","title":{"rendered":"Programe de doctorat"},"content":{"rendered":"\t\t<div data-elementor-type=\"wp-page\" data-elementor-id=\"103\" class=\"elementor elementor-103\">\n\t\t\t\t\t\t\t\t\t<section class=\"elementor-section elementor-top-section elementor-element elementor-element-49cb234 elementor-section-boxed elementor-section-height-default elementor-section-height-default\" data-id=\"49cb234\" data-element_type=\"section\">\n\t\t\t\t\t\t<div class=\"elementor-container elementor-column-gap-default\">\n\t\t\t\t\t<div class=\"elementor-column elementor-col-100 elementor-top-column elementor-element elementor-element-a35a9d7\" data-id=\"a35a9d7\" data-element_type=\"column\">\n\t\t\t<div class=\"elementor-widget-wrap elementor-element-populated\">\n\t\t\t\t\t\t\t\t<div class=\"elementor-element elementor-element-e2d5521 elementor-align-left elementor-widget elementor-widget-breadcrumbs\" data-id=\"e2d5521\" data-element_type=\"widget\" data-widget_type=\"breadcrumbs.default\">\n\t\t\t\t<div class=\"elementor-widget-container\">\n\t\t\t<p id=\"breadcrumbs\"><span><span><a href=\"https:\/\/dezvoltare.uvt.ro\/arte\/\">Acas\u0103<\/a><\/span><\/span><\/p>\t\t<\/div>\n\t\t\t\t<\/div>\n\t\t\t\t\t<\/div>\n\t\t<\/div>\n\t\t\t\t\t\t\t<\/div>\n\t\t<\/section>\n\t\t\t\t<section class=\"elementor-section elementor-top-section elementor-element elementor-element-5ab6e2a elementor-section-boxed elementor-section-height-default elementor-section-height-default\" data-id=\"5ab6e2a\" data-element_type=\"section\">\n\t\t\t\t\t\t<div class=\"elementor-container elementor-column-gap-default\">\n\t\t\t\t\t<div class=\"elementor-column elementor-col-100 elementor-top-column elementor-element elementor-element-4c01fff\" data-id=\"4c01fff\" data-element_type=\"column\">\n\t\t\t<div class=\"elementor-widget-wrap elementor-element-populated\">\n\t\t\t\t\t\t\t\t<div class=\"elementor-element elementor-element-b8cb5d5 elementor-widget elementor-widget-heading\" data-id=\"b8cb5d5\" data-element_type=\"widget\" data-widget_type=\"heading.default\">\n\t\t\t\t<div class=\"elementor-widget-container\">\n\t\t\t<h2 class=\"elementor-heading-title elementor-size-default\">Programe de doctorat<\/h2>\t\t<\/div>\n\t\t\t\t<\/div>\n\t\t\t\t<div class=\"elementor-element elementor-element-08384df elementor-widget-divider--view-line elementor-widget elementor-widget-divider\" data-id=\"08384df\" data-element_type=\"widget\" data-widget_type=\"divider.default\">\n\t\t\t\t<div class=\"elementor-widget-container\">\n\t\t\t\t\t<div class=\"elementor-divider\">\n\t\t\t<span class=\"elementor-divider-separator\">\n\t\t\t\t\t\t<\/span>\n\t\t<\/div>\n\t\t\t\t<\/div>\n\t\t\t\t<\/div>\n\t\t\t\t\t<\/div>\n\t\t<\/div>\n\t\t\t\t\t\t\t<\/div>\n\t\t<\/section>\n\t\t\t\t<section class=\"elementor-section elementor-top-section elementor-element elementor-element-be2b861 elementor-section-boxed elementor-section-height-default elementor-section-height-default\" data-id=\"be2b861\" data-element_type=\"section\">\n\t\t\t\t\t\t<div class=\"elementor-container elementor-column-gap-default\">\n\t\t\t\t\t<div class=\"elementor-column elementor-col-100 elementor-top-column elementor-element elementor-element-976e607\" data-id=\"976e607\" data-element_type=\"column\">\n\t\t\t<div class=\"elementor-widget-wrap elementor-element-populated\">\n\t\t\t\t\t\t\t\t<div class=\"elementor-element elementor-element-d04ea5f elementor-widget elementor-widget-text-editor\" data-id=\"d04ea5f\" data-element_type=\"widget\" data-widget_type=\"text-editor.default\">\n\t\t\t\t<div class=\"elementor-widget-container\">\n\t\t\t\t\t\t\t<p id=\"blue\"><em><strong>Institu\u0163ia organizatoare de studii universitare de doctorat (I.O.S.U.D), actualmente \u0218coala Doctoral\u0103 de Arte (\u0218DA) func\u0163ioneaz\u0103 din anul universitar 2003 \u20132004 \u015fi asigur\u0103 doctoranzilor posibilitatea de a opta pentru forma de doctorat \u015ftiin\u0163ific sau profesional, \u00een func\u0163ie de preg\u0103tirea acestora \u00een domeniul de cercetare \u015ftiin\u0163ific\u0103 sau crea\u0163ie artistic\u0103.<\/strong><\/em><\/p><p>Studiile universitare de doctorat constituie cel de-al treilea ciclu al studiilor universitare oferite de Facultatea de Arte \u0219i Design din cadrul Universit\u0103\u021bii de Vest din Timi\u0219oara \u0219i permit dob\u00e2ndirea unei calific\u0103ri de nivelul 8 din Cadrul European al Calific\u0103rilor (EQF) \u0219i din Cadrul Na\u021bional al Calific\u0103rilor. Scoala Doctoral\u0103 de Arte este o structur\u0103 organizatoric\u0103 \u0219i administrativ\u0103, constituit\u0103 ca parte a Institu\u021biei Organizatoare de Studii universitare de Doctorat a Universit\u0103\u021bii de Vest din Timi\u0219oara UVT, \u00een cadrul c\u0103reia se organizeaz\u0103 \u0219i se desf\u0103\u0219oar\u0103 studii de doctorat \u0219tiin\u021bific \u0219i profesional, \u00eentr-o tematic\u0103 disciplinar\u0103 ori interdisciplinar\u0103, \u00een domeniul fundamental \u0218tiin\u021be umaniste \u0219i arte, domeniul Arte vizuale.<\/p><p>\u0218coala Doctoral\u0103 a Facult\u0103\u0163ii de Arte \u015fi Design se situeaz\u0103 la un nivel formativ superior \u00een ierarhia stagiilor de preg\u0103tire profesional\u0103.<\/p><p><b>Coordonatori doctorat:<\/b><br \/>Conf. univ. dr. habil. Acea Stelian<br \/>Prof. univ. dr. habil. Adorian Vic\u0103<br \/>Prof. univ. dr. habil. Andoni Dacian<br \/>Prof. univ. dr. Chiriac Aurel Seriogea<br \/>Prof. univ. dr. habil. Jakabhazi Alexandru<br \/>Conf. univ. dr. habil. Kocsis Rudolf<br \/>Prof. univ. dr. habil. Lucaciu Adriana<br \/>Conf. univ. dr. habil. M-Kiss Hedy<br \/>Conf. univ. dr. habil. Mihailo Iosif<br \/>Prof. univ. dr. habil. Mih\u0103escu Camil<br \/>Prof. univ. dr. Mih\u0103ilescu Doina Valeria<br \/>Prof. univ. dr. habil. Munteanu Marcel Gheorghe<br \/>Conf. univ. dr. habil. Pop Ioan<br \/>Prof. univ. dr. habil. Teleag\u0103 Ileana<\/p><p><b>Componen\u021ba Consiliului \u0218DA:<\/b><br \/>Prof. univ. dr. habil. Lucaciu Adriana \u2013 Director \u0218coal\u0103 Doctoral\u0103<br \/>Prof. univ. dr. habil. Andoni Dacian \u2013 Conduc\u0103tor de doctorat<br \/>Dr. Petcana C\u0103lin \u2013 Critic de art\u0103, Director &#8211; Galeria \u201eCalpe\u201d<br \/>Coloji Livia \u2013 Artist vizual, ilustrator &#8211; Atelierul de Ilustra\u021bie \u201eBalamuc\u201d<br \/>Drd. Ple\u0219a Andreea \u2013 Student doctorand, asistent de cercetare \u00een cadrul departamentului Design \u0219i Arte aplicate, Facultatea de Arte \u0219i Design<\/p><p>Pentru mai multe informatii acesati site-ul\u00a0<a href=\"http:\/\/dev.doctorat.uvt.ro\/?cat=43\"><b>Consiliulul Studiilor Universitare de Doctorat.<\/b><\/a><\/p><ul><li><a href=\"http:\/\/dezvoltare.uvt.ro\/arte\/wp-content\/uploads\/2023\/03\/Conducatori-de-doctorat-arii-tematice-si-arii-de-competenta.pdf\" target=\"_blank\" rel=\"noopener\"><strong>Coordonatori doctorat &#8211; arii tematice<\/strong><\/a><\/li><li><strong>Rezumate teze de doctorat \u00een vederea sus\u021binerii publice<\/strong><\/li><li><a href=\"http:\/\/dezvoltare.uvt.ro\/arte\/wp-content\/uploads\/2023\/03\/Regulament-SDA-2022-2023-AG-29.09.2022.pdf\" target=\"_blank\" rel=\"noopener\"><strong>Regulament SDA 2022-2023_AG 29.09.2022<\/strong><\/a><\/li><li><a href=\"http:\/\/dezvoltare.uvt.ro\/arte\/wp-content\/uploads\/2023\/03\/Plan-de-invatamant-SDA-2022-2023-HS-71-din-21.07.2022.pdf\" target=\"_blank\" rel=\"noopener\"><strong>Plan de invatamant \u0218DA 2022-2023-HS 71 din 21.07.2022<\/strong><\/a><\/li><li><a href=\"http:\/\/dezvoltare.uvt.ro\/arte\/wp-content\/uploads\/2023\/03\/Conducatori-de-doctorat-pentru-cotutela.pdf\" target=\"_blank\" rel=\"noopener\"><strong>Conduc\u0103tori de doctorat pentru cotutela<\/strong><\/a><\/li><li><strong>Profil academic- Conducatori de doctorat- contacte<\/strong><\/li><li><a href=\"http:\/\/dezvoltare.uvt.ro\/arte\/wp-content\/uploads\/2023\/03\/Fise-disciplina-SDArte-2022-2023.zip\" target=\"_blank\" rel=\"noopener\"><strong>Fise disciplina SDArte 2022-2023<\/strong><\/a><\/li><li><a href=\"http:\/\/dezvoltare.uvt.ro\/arte\/wp-content\/uploads\/2023\/03\/Codul-studiilor-universitare-de-doctorat-HG-681-din-29-iunie-2011.pdf\" target=\"_blank\" rel=\"noopener\"><strong>Codul studiilor universitare de doctorat HG-681-din 29 iunie 2011<\/strong><\/a><\/li><li><a href=\"http:\/\/dezvoltare.uvt.ro\/arte\/wp-content\/uploads\/2023\/03\/Metodologie-doctorat-in-cotutela-si-doctorat-international-UVT-european-ed.-I.pdf\" target=\"_blank\" rel=\"noopener\"><strong>Metodologie doctorat \u00een cotutel\u0103 \u0219i doctorat international UVT european\u0103- ed. I<\/strong><\/a><\/li><li><a href=\"http:\/\/dezvoltare.uvt.ro\/arte\/wp-content\/uploads\/2023\/03\/Metodologie-resurse-institutionale-doctoranzi-UVT-editia-I.pdf\" target=\"_blank\" rel=\"noopener\"><strong>Metodologie resurse institu\u021bionale doctoranzi\u00a0 UVT- editia I<\/strong><\/a><\/li><li><a href=\"http:\/\/dezvoltare.uvt.ro\/arte\/wp-content\/uploads\/2023\/03\/Metodologie-finalizare-studii-SDA-2022-2023-sept.15.09.2022.docx\" target=\"_blank\" rel=\"noopener\"><strong>Metodologie finalizare studii SDA 2022-2023-sept.<\/strong><\/a><\/li><li><a href=\"http:\/\/dezvoltare.uvt.ro\/arte\/wp-content\/uploads\/2023\/03\/Procedura-cadru-de-afiliere-la-scolile-docotorale-IOSUD-UVT-2017.pdf\" target=\"_blank\" rel=\"noopener\"><strong>Procedura cadru de afiliere la scolile doctorale IOSUD- UVT 2017<\/strong><\/a><\/li><li><a href=\"http:\/\/dezvoltare.uvt.ro\/arte\/wp-content\/uploads\/2023\/03\/Regulament-obtinere-atestat-abilitare-UVT-SDA.pdf\" target=\"_blank\" rel=\"noopener\"><strong>Regulament ob\u021binere atestat abilitare UVT- SDA<\/strong><\/a><\/li><li><a href=\"http:\/\/dezvoltare.uvt.ro\/arte\/wp-content\/uploads\/2023\/03\/Metodologie-admitere-programe-postdoctorale-2021-2022.pdf\" target=\"_blank\" rel=\"noopener\"><strong>Metodologie admitere programe postdoctorale 2021-2022<\/strong><\/a><\/li><li><a href=\"http:\/\/dezvoltare.uvt.ro\/arte\/wp-content\/uploads\/2023\/03\/Regulament-organizare-desfasurare-studii-doctorat-UVT-ed.-a-III-a-2021.pdf\" target=\"_blank\" rel=\"noopener\"><strong>Regulament organizare desf\u0103\u0219urare studii doctorat UVT- ed. a III a 2021<\/strong><\/a><\/li><li><a href=\"http:\/\/dezvoltare.uvt.ro\/arte\/wp-content\/uploads\/2023\/03\/Standarde-obligatorii-in-vederea-sustinerii-tezei-de-doctorat-si-acordarii-calificativelor-Domeniul-Arte-vizuale-SDArte.pdf\" target=\"_blank\" rel=\"noopener\"><strong>Standarde obligatorii \u00een vederea sus\u021binerii tezei de doctorat \u0219i acord\u0103rii calificativelor- Domeniul Arte vizuale- \u0218DArte<\/strong><\/a><\/li><li><a href=\"http:\/\/dezvoltare.uvt.ro\/arte\/wp-content\/uploads\/2023\/03\/Studenti-inmatriculati-in-cadrul-SDA-2022-2023.pdf\" target=\"_blank\" rel=\"noopener\"><strong>Studen\u021bi \u00eenmatricula\u021bi \u00een cadrul SDA 2022-2023<\/strong><\/a><\/li><li><a href=\"http:\/\/dezvoltare.uvt.ro\/arte\/wp-content\/uploads\/2023\/03\/Metodologie-proces-educational-format-mixt-scoala-doctorala.pdf\" target=\"_blank\" rel=\"noopener\"><strong>Metodologie proces educa\u021bional format mixt \u0219coala doctoral\u0103<\/strong><\/a><\/li><li><a href=\"http:\/\/dezvoltare.uvt.ro\/arte\/wp-content\/uploads\/2023\/03\/Metodologie-privind-organizarea-si-desfasurarea-procesului-de-sustinere-a-tezelor-de-doctorat-UVT-Iulie-2022.docx\" target=\"_blank\" rel=\"noopener\"><strong>Metodologie privind organizarea \u015fi desf\u0103\u015furarea procesului de sus\u021binere a tezelor de doctorat UVT- Iulie 2022<\/strong><\/a><\/li><\/ul>\t\t\t\t\t\t<\/div>\n\t\t\t\t<\/div>\n\t\t\t\t\t<\/div>\n\t\t<\/div>\n\t\t\t\t\t\t\t<\/div>\n\t\t<\/section>\n\t\t\t\t\t\t\t<\/div>\n\t\t","protected":false},"excerpt":{"rendered":"<p>Programe de doctorat Institu\u0163ia organizatoare de studii universitare de doctorat (I.O.S.U.D), actualmente \u0218coala Doctoral\u0103 de Arte (\u0218DA) func\u0163ioneaz\u0103 din anul universitar 2003 \u20132004 \u015fi asigur\u0103 doctoranzilor posibilitatea de a opta pentru forma de doctorat \u015ftiin\u0163ific sau profesional, \u00een func\u0163ie de preg\u0103tirea acestora \u00een domeniul de cercetare \u015ftiin\u0163ific\u0103 sau crea\u0163ie artistic\u0103. Studiile universitare de doctorat constituie [&hellip;]<\/p>\n","protected":false},"author":2,"featured_media":0,"parent":97,"menu_order":0,"comment_status":"closed","ping_status":"closed","template":"","meta":[],"acf":[],"yoast_head":"<!-- This site is optimized with the Yoast SEO plugin v20.4 - https:\/\/yoast.com\/wordpress\/plugins\/seo\/ -->\n<title>Programe de doctorat - dezvoltare.uvt.ro\/arte<\/title>\n<meta name=\"robots\" content=\"noindex, follow, max-snippet:-1, max-image-preview:large, max-video-preview:-1\" \/>\n<meta property=\"og:locale\" content=\"en_US\" \/>\n<meta property=\"og:type\" content=\"article\" \/>\n<meta property=\"og:title\" content=\"Programe de doctorat - dezvoltare.uvt.ro\/arte\" \/>\n<meta property=\"og:description\" content=\"Programe de doctorat Institu\u0163ia organizatoare de studii universitare de doctorat (I.O.S.U.D), actualmente \u0218coala Doctoral\u0103 de Arte (\u0218DA) func\u0163ioneaz\u0103 din anul universitar 2003 \u20132004 \u015fi asigur\u0103 doctoranzilor posibilitatea de a opta pentru forma de doctorat \u015ftiin\u0163ific sau profesional, \u00een func\u0163ie de preg\u0103tirea acestora \u00een domeniul de cercetare \u015ftiin\u0163ific\u0103 sau crea\u0163ie artistic\u0103. Studiile universitare de doctorat constituie [&hellip;]\" \/>\n<meta property=\"og:url\" content=\"http:\/\/dezvoltare.uvt.ro\/arte\/educatie\/programe-de-doctorat\/\" \/>\n<meta property=\"og:site_name\" content=\"dezvoltare.uvt.ro\/arte\" \/>\n<meta property=\"article:modified_time\" content=\"2023-07-25T09:19:33+00:00\" \/>\n<meta name=\"twitter:card\" content=\"summary_large_image\" \/>\n<meta name=\"twitter:label1\" content=\"Est. reading time\" \/>\n\t<meta name=\"twitter:data1\" content=\"3 minutes\" \/>\n<script type=\"application\/ld+json\" class=\"yoast-schema-graph\">{\"@context\":\"https:\/\/schema.org\",\"@graph\":[{\"@type\":\"WebPage\",\"@id\":\"http:\/\/dezvoltare.uvt.ro\/arte\/educatie\/programe-de-doctorat\/\",\"url\":\"http:\/\/dezvoltare.uvt.ro\/arte\/educatie\/programe-de-doctorat\/\",\"name\":\"Programe de doctorat - dezvoltare.uvt.ro\/arte\",\"isPartOf\":{\"@id\":\"https:\/\/dezvoltare.uvt.ro\/arte\/#website\"},\"datePublished\":\"2021-11-10T09:33:17+00:00\",\"dateModified\":\"2023-07-25T09:19:33+00:00\",\"breadcrumb\":{\"@id\":\"http:\/\/dezvoltare.uvt.ro\/arte\/educatie\/programe-de-doctorat\/#breadcrumb\"},\"inLanguage\":\"en-US\",\"potentialAction\":[{\"@type\":\"ReadAction\",\"target\":[\"http:\/\/dezvoltare.uvt.ro\/arte\/educatie\/programe-de-doctorat\/\"]}]},{\"@type\":\"BreadcrumbList\",\"@id\":\"http:\/\/dezvoltare.uvt.ro\/arte\/educatie\/programe-de-doctorat\/#breadcrumb\",\"itemListElement\":[{\"@type\":\"ListItem\",\"position\":1,\"name\":\"Acas\u0103\",\"item\":\"https:\/\/dezvoltare.uvt.ro\/arte\/\"},{\"@type\":\"ListItem\",\"position\":2,\"name\":\"Educa\u021bie\",\"item\":\"http:\/\/dezvoltare.uvt.ro\/arte\/educatie\/\"},{\"@type\":\"ListItem\",\"position\":3,\"name\":\"Programe de doctorat\"}]},{\"@type\":\"WebSite\",\"@id\":\"https:\/\/dezvoltare.uvt.ro\/arte\/#website\",\"url\":\"https:\/\/dezvoltare.uvt.ro\/arte\/\",\"name\":\"dezvoltare.uvt.ro\/arte\",\"description\":\"Arte\",\"potentialAction\":[{\"@type\":\"SearchAction\",\"target\":{\"@type\":\"EntryPoint\",\"urlTemplate\":\"https:\/\/dezvoltare.uvt.ro\/arte\/?s={search_term_string}\"},\"query-input\":\"required name=search_term_string\"}],\"inLanguage\":\"en-US\"}]}<\/script>\n<!-- \/ Yoast SEO plugin. -->","yoast_head_json":{"title":"Programe de doctorat - dezvoltare.uvt.ro\/arte","robots":{"index":"noindex","follow":"follow","max-snippet":"max-snippet:-1","max-image-preview":"max-image-preview:large","max-video-preview":"max-video-preview:-1"},"og_locale":"en_US","og_type":"article","og_title":"Programe de doctorat - dezvoltare.uvt.ro\/arte","og_description":"Programe de doctorat Institu\u0163ia organizatoare de studii universitare de doctorat (I.O.S.U.D), actualmente \u0218coala Doctoral\u0103 de Arte (\u0218DA) func\u0163ioneaz\u0103 din anul universitar 2003 \u20132004 \u015fi asigur\u0103 doctoranzilor posibilitatea de a opta pentru forma de doctorat \u015ftiin\u0163ific sau profesional, \u00een func\u0163ie de preg\u0103tirea acestora \u00een domeniul de cercetare \u015ftiin\u0163ific\u0103 sau crea\u0163ie artistic\u0103. Studiile universitare de doctorat constituie [&hellip;]","og_url":"http:\/\/dezvoltare.uvt.ro\/arte\/educatie\/programe-de-doctorat\/","og_site_name":"dezvoltare.uvt.ro\/arte","article_modified_time":"2023-07-25T09:19:33+00:00","twitter_card":"summary_large_image","twitter_misc":{"Est. reading time":"3 minutes"},"schema":{"@context":"https:\/\/schema.org","@graph":[{"@type":"WebPage","@id":"http:\/\/dezvoltare.uvt.ro\/arte\/educatie\/programe-de-doctorat\/","url":"http:\/\/dezvoltare.uvt.ro\/arte\/educatie\/programe-de-doctorat\/","name":"Programe de doctorat - dezvoltare.uvt.ro\/arte","isPartOf":{"@id":"https:\/\/dezvoltare.uvt.ro\/arte\/#website"},"datePublished":"2021-11-10T09:33:17+00:00","dateModified":"2023-07-25T09:19:33+00:00","breadcrumb":{"@id":"http:\/\/dezvoltare.uvt.ro\/arte\/educatie\/programe-de-doctorat\/#breadcrumb"},"inLanguage":"en-US","potentialAction":[{"@type":"ReadAction","target":["http:\/\/dezvoltare.uvt.ro\/arte\/educatie\/programe-de-doctorat\/"]}]},{"@type":"BreadcrumbList","@id":"http:\/\/dezvoltare.uvt.ro\/arte\/educatie\/programe-de-doctorat\/#breadcrumb","itemListElement":[{"@type":"ListItem","position":1,"name":"Acas\u0103","item":"https:\/\/dezvoltare.uvt.ro\/arte\/"},{"@type":"ListItem","position":2,"name":"Educa\u021bie","item":"http:\/\/dezvoltare.uvt.ro\/arte\/educatie\/"},{"@type":"ListItem","position":3,"name":"Programe de doctorat"}]},{"@type":"WebSite","@id":"https:\/\/dezvoltare.uvt.ro\/arte\/#website","url":"https:\/\/dezvoltare.uvt.ro\/arte\/","name":"dezvoltare.uvt.ro\/arte","description":"Arte","potentialAction":[{"@type":"SearchAction","target":{"@type":"EntryPoint","urlTemplate":"https:\/\/dezvoltare.uvt.ro\/arte\/?s={search_term_string}"},"query-input":"required name=search_term_string"}],"inLanguage":"en-US"}]}},"_links":{"self":[{"href":"http:\/\/dezvoltare.uvt.ro\/arte\/wp-json\/wp\/v2\/pages\/103"}],"collection":[{"href":"http:\/\/dezvoltare.uvt.ro\/arte\/wp-json\/wp\/v2\/pages"}],"about":[{"href":"http:\/\/dezvoltare.uvt.ro\/arte\/wp-json\/wp\/v2\/types\/page"}],"author":[{"embeddable":true,"href":"http:\/\/dezvoltare.uvt.ro\/arte\/wp-json\/wp\/v2\/users\/2"}],"replies":[{"embeddable":true,"href":"http:\/\/dezvoltare.uvt.ro\/arte\/wp-json\/wp\/v2\/comments?post=103"}],"version-history":[{"count":3,"href":"http:\/\/dezvoltare.uvt.ro\/arte\/wp-json\/wp\/v2\/pages\/103\/revisions"}],"predecessor-version":[{"id":3522,"href":"http:\/\/dezvoltare.uvt.ro\/arte\/wp-json\/wp\/v2\/pages\/103\/revisions\/3522"}],"up":[{"embeddable":true,"href":"http:\/\/dezvoltare.uvt.ro\/arte\/wp-json\/wp\/v2\/pages\/97"}],"wp:attachment":[{"href":"http:\/\/dezvoltare.uvt.ro\/arte\/wp-json\/wp\/v2\/media?parent=103"}],"curies":[{"name":"wp","href":"https:\/\/api.w.org\/{rel}","templated":true}]}}