{"id":1092,"date":"2021-12-12T12:10:15","date_gmt":"2021-12-12T12:10:15","guid":{"rendered":"http:\/\/dezvoltare.uvt.ro\/arte\/?page_id=1092"},"modified":"2023-03-23T11:41:09","modified_gmt":"2023-03-23T11:41:09","slug":"design-interior-si-de-produs","status":"publish","type":"page","link":"http:\/\/dezvoltare.uvt.ro\/arte\/educatie\/programe-de-masterat\/design-interior-si-de-produs\/","title":{"rendered":"Design interior si de produs"},"content":{"rendered":"\t\t<div data-elementor-type=\"wp-page\" data-elementor-id=\"1092\" class=\"elementor elementor-1092\">\n\t\t\t\t\t\t\t\t\t<section class=\"elementor-section elementor-top-section elementor-element elementor-element-da2940a elementor-section-boxed elementor-section-height-default elementor-section-height-default\" data-id=\"da2940a\" data-element_type=\"section\">\n\t\t\t\t\t\t<div class=\"elementor-container elementor-column-gap-default\">\n\t\t\t\t\t<div class=\"elementor-column elementor-col-100 elementor-top-column elementor-element elementor-element-897dde5\" data-id=\"897dde5\" data-element_type=\"column\">\n\t\t\t<div class=\"elementor-widget-wrap elementor-element-populated\">\n\t\t\t\t\t\t\t\t<div class=\"elementor-element elementor-element-1038ba8 elementor-align-left elementor-widget elementor-widget-breadcrumbs\" data-id=\"1038ba8\" data-element_type=\"widget\" data-widget_type=\"breadcrumbs.default\">\n\t\t\t\t<div class=\"elementor-widget-container\">\n\t\t\t<p id=\"breadcrumbs\"><span><span><a href=\"https:\/\/dezvoltare.uvt.ro\/arte\/\">Acas\u0103<\/a><\/span><\/span><\/p>\t\t<\/div>\n\t\t\t\t<\/div>\n\t\t\t\t\t<\/div>\n\t\t<\/div>\n\t\t\t\t\t\t\t<\/div>\n\t\t<\/section>\n\t\t\t\t<section class=\"elementor-section elementor-top-section elementor-element elementor-element-45d6d59 elementor-section-boxed elementor-section-height-default elementor-section-height-default\" data-id=\"45d6d59\" data-element_type=\"section\">\n\t\t\t\t\t\t<div class=\"elementor-container elementor-column-gap-default\">\n\t\t\t\t\t<div class=\"elementor-column elementor-col-100 elementor-top-column elementor-element elementor-element-bc0c94c\" data-id=\"bc0c94c\" data-element_type=\"column\">\n\t\t\t<div class=\"elementor-widget-wrap elementor-element-populated\">\n\t\t\t\t\t\t\t\t<div class=\"elementor-element elementor-element-776e8d1 elementor-widget elementor-widget-heading\" data-id=\"776e8d1\" data-element_type=\"widget\" data-widget_type=\"heading.default\">\n\t\t\t\t<div class=\"elementor-widget-container\">\n\t\t\t<h2 class=\"elementor-heading-title elementor-size-default\">Design interior \u0219i de produs<\/h2>\t\t<\/div>\n\t\t\t\t<\/div>\n\t\t\t\t<div class=\"elementor-element elementor-element-f757327 elementor-widget-divider--view-line elementor-widget elementor-widget-divider\" data-id=\"f757327\" data-element_type=\"widget\" data-widget_type=\"divider.default\">\n\t\t\t\t<div class=\"elementor-widget-container\">\n\t\t\t\t\t<div class=\"elementor-divider\">\n\t\t\t<span class=\"elementor-divider-separator\">\n\t\t\t\t\t\t<\/span>\n\t\t<\/div>\n\t\t\t\t<\/div>\n\t\t\t\t<\/div>\n\t\t\t\t\t<\/div>\n\t\t<\/div>\n\t\t\t\t\t\t\t<\/div>\n\t\t<\/section>\n\t\t\t\t<section class=\"elementor-section elementor-top-section elementor-element elementor-element-5946781 elementor-section-height-min-height elementor-section-items-top elementor-section-content-top elementor-section-boxed elementor-section-height-default\" data-id=\"5946781\" data-element_type=\"section\">\n\t\t\t\t\t\t<div class=\"elementor-container elementor-column-gap-default\">\n\t\t\t\t\t<div class=\"elementor-column elementor-col-50 elementor-top-column elementor-element elementor-element-57556c7\" data-id=\"57556c7\" data-element_type=\"column\">\n\t\t\t<div class=\"elementor-widget-wrap elementor-element-populated\">\n\t\t\t\t\t\t\t\t<div class=\"elementor-element elementor-element-91856f3 elementor-widget elementor-widget-eael-adv-accordion\" data-id=\"91856f3\" data-element_type=\"widget\" data-widget_type=\"eael-adv-accordion.default\">\n\t\t\t\t<div class=\"elementor-widget-container\">\n\t\t\t        <div class=\"eael-adv-accordion\" id=\"eael-adv-accordion-91856f3\" data-accordion-id=\"91856f3\" data-accordion-type=\"accordion\" data-toogle-speed=\"300\">\n    <div class=\"eael-accordion-list\">\n                <div id=\"prezentarea-specializrii\" class=\"elementor-tab-title eael-accordion-header\" tabindex=\"1521\" data-tab=\"1\" aria-controls=\"elementor-tab-content-1521\"><span class=\"eael-advanced-accordion-icon-closed\"><i aria-hidden=\"true\" class=\"fa-accordion-icon fas fa-plus\"><\/i><\/span><span class=\"eael-advanced-accordion-icon-opened\"><i aria-hidden=\"true\" class=\"fa-accordion-icon fas fa-minus\"><\/i><\/span><span class=\"eael-accordion-tab-title\">Prezentarea specializ\u0103rii<\/span><i aria-hidden=\"true\" class=\"fa-toggle fas fa-angle-right\"><\/i><\/div><div id=\"elementor-tab-content-1521\" class=\"eael-accordion-content clearfix\" data-tab=\"1\" aria-labelledby=\"prezentarea-specializrii\"><p><p id=\"blue\"><em><strong>Absolventul acestui program va fi capabil s\u0103 elaboreze \u00een afar\u0103 de proiectele curente, lucr\u0103ri de cercetare \u015ftiin\u0163ific\u0103 la un nivel competitiv, s\u0103 argumenteze \u015fi s\u0103 sus\u0163in\u0103 punctele de vedere personale referitoare la proiectele proprii sau colective.<\/strong><\/em><\/p><p>Absolventul va putea explica \u015fi interpreta printr-o g\u00e2ndire integrativ\u0103 procesele, fenomenele, st\u0103rile, ideile \u015fi tendin\u0163ele \u00een contexte care implic\u0103 activit\u0103\u0163i de cercetare \u015ftiin\u0163ific\u0103.<br \/><br \/>\u00cen ceea ce prive\u015fte cercetarea \u015ftiin\u0163ific\u0103, se urm\u0103re\u015fte colaborarea cu institu\u0163ii sau produc\u0103tori care au implementat noi tehnologii, pe baza c\u0103rora proiectele pot aduce \u00eembun\u0103t\u0103\u0163iri substan\u0163iale, at\u00e2t din punct de vedere economic c\u00e2t \u015fi din punct de vedere calitativ (calitatea obiectului \u015fi calitatea vie\u0163ii).<br \/><br \/>\u00cen cercetare, un accent deosebit se va pune pe problemele ecologice ridicate de folosirea produselor \u015fi afectarea mediului la ie\u015firea din uz a acestora. Specializarea are ca specific crea\u0163ia de obiecte din materiale preponderent biodegradabile sau reciclabile.<\/p><\/p><\/div>\n                <\/div><div class=\"eael-accordion-list\">\n                <div id=\"planuri-de-nvmnt\" class=\"elementor-tab-title eael-accordion-header\" tabindex=\"1522\" data-tab=\"2\" aria-controls=\"elementor-tab-content-1522\"><span class=\"eael-advanced-accordion-icon-closed\"><i aria-hidden=\"true\" class=\"fa-accordion-icon fas fa-plus\"><\/i><\/span><span class=\"eael-advanced-accordion-icon-opened\"><i aria-hidden=\"true\" class=\"fa-accordion-icon fas fa-minus\"><\/i><\/span><span class=\"eael-accordion-tab-title\">Planuri de \u00eenv\u0103\u021b\u0103m\u00e2nt<\/span><i aria-hidden=\"true\" class=\"fa-toggle fas fa-angle-right\"><\/i><\/div><div id=\"elementor-tab-content-1522\" class=\"eael-accordion-content clearfix\" data-tab=\"2\" aria-labelledby=\"planuri-de-nvmnt\"><p><ul><li><a href=\"http:\/\/dezvoltare.uvt.ro\/arte\/wp-content\/uploads\/2023\/03\/Design-interior-si-de-produs-an1.pdf\">Design interior si de produs an1<\/a><\/li><li><a href=\"http:\/\/dezvoltare.uvt.ro\/arte\/wp-content\/uploads\/2023\/03\/Design-interior-si-de-produs-an2.pdf\">Design interior si de produs an2<\/a><\/li><\/ul><\/p><\/div>\n                <\/div><div class=\"eael-accordion-list\">\n                <div id=\"fiele-disciplinelor\" class=\"elementor-tab-title eael-accordion-header\" tabindex=\"1523\" data-tab=\"3\" aria-controls=\"elementor-tab-content-1523\"><span class=\"eael-advanced-accordion-icon-closed\"><i aria-hidden=\"true\" class=\"fa-accordion-icon fas fa-plus\"><\/i><\/span><span class=\"eael-advanced-accordion-icon-opened\"><i aria-hidden=\"true\" class=\"fa-accordion-icon fas fa-minus\"><\/i><\/span><span class=\"eael-accordion-tab-title\">Fi\u0219ele disciplinelor<\/span><i aria-hidden=\"true\" class=\"fa-toggle fas fa-angle-right\"><\/i><\/div><div id=\"elementor-tab-content-1523\" class=\"eael-accordion-content clearfix\" data-tab=\"3\" aria-labelledby=\"fiele-disciplinelor\"><p><p><a href=\"https:\/\/drive.google.com\/drive\/folders\/1diXHWA6OP1HW7qNYhn_pyyNhr8PBmPrK?usp=share_link\" target=\"_blank\" rel=\"noopener\">VEZI FISELE DISCIPLINELOR SEM 2 2022-2023<\/a><\/p><\/p><\/div>\n                <\/div><\/div>\t\t<\/div>\n\t\t\t\t<\/div>\n\t\t\t\t\t<\/div>\n\t\t<\/div>\n\t\t\t\t<div class=\"elementor-column elementor-col-50 elementor-top-column elementor-element elementor-element-1a19706\" data-id=\"1a19706\" data-element_type=\"column\">\n\t\t\t<div class=\"elementor-widget-wrap elementor-element-populated\">\n\t\t\t\t\t\t\t\t<div class=\"elementor-element elementor-element-839872c elementor-widget elementor-widget-text-editor\" data-id=\"839872c\" data-element_type=\"widget\" data-widget_type=\"text-editor.default\">\n\t\t\t\t<div class=\"elementor-widget-container\">\n\t\t\t\t\t\t\t<p><b>Domeniul:<\/b> Design<br \/><b><\/b><\/p><p><b>Specializarea:<\/b> Design interior \u0219i de produs<br \/><b><\/b><\/p><p><b>Forma de \u00eenv\u0103\u021b\u0103m\u00e2nt:<\/b> Cu frecven\u021b\u0103<br \/><b><\/b><\/p><p><b>Forma de finalizare:<\/b> Diplom\u0103 studii universitare<br \/><b><\/b><\/p><p><b>Titlul acordat:<\/b> Masterat Arte Vizuale<\/p>\t\t\t\t\t\t<\/div>\n\t\t\t\t<\/div>\n\t\t\t\t\t<\/div>\n\t\t<\/div>\n\t\t\t\t\t\t\t<\/div>\n\t\t<\/section>\n\t\t\t\t\t\t\t<\/div>\n\t\t","protected":false},"excerpt":{"rendered":"<p>Design interior \u0219i de produs Prezentarea specializ\u0103rii Absolventul acestui program va fi capabil s\u0103 elaboreze \u00een afar\u0103 de proiectele curente, lucr\u0103ri de cercetare \u015ftiin\u0163ific\u0103 la un nivel competitiv, s\u0103 argumenteze \u015fi s\u0103 sus\u0163in\u0103 punctele de vedere personale referitoare la proiectele proprii sau colective. Absolventul va putea explica \u015fi interpreta printr-o g\u00e2ndire integrativ\u0103 procesele, fenomenele, st\u0103rile, [&hellip;]<\/p>\n","protected":false},"author":2,"featured_media":0,"parent":101,"menu_order":0,"comment_status":"closed","ping_status":"closed","template":"","meta":[],"acf":[],"yoast_head":"<!-- This site is optimized with the Yoast SEO plugin v20.4 - https:\/\/yoast.com\/wordpress\/plugins\/seo\/ -->\n<title>Design interior si de produs - dezvoltare.uvt.ro\/arte<\/title>\n<meta name=\"robots\" content=\"noindex, follow, max-snippet:-1, max-image-preview:large, max-video-preview:-1\" \/>\n<meta property=\"og:locale\" content=\"en_US\" \/>\n<meta property=\"og:type\" content=\"article\" \/>\n<meta property=\"og:title\" content=\"Design interior si de produs - dezvoltare.uvt.ro\/arte\" \/>\n<meta property=\"og:description\" content=\"Design interior \u0219i de produs Prezentarea specializ\u0103rii Absolventul acestui program va fi capabil s\u0103 elaboreze \u00een afar\u0103 de proiectele curente, lucr\u0103ri de cercetare \u015ftiin\u0163ific\u0103 la un nivel competitiv, s\u0103 argumenteze \u015fi s\u0103 sus\u0163in\u0103 punctele de vedere personale referitoare la proiectele proprii sau colective. Absolventul va putea explica \u015fi interpreta printr-o g\u00e2ndire integrativ\u0103 procesele, fenomenele, st\u0103rile, [&hellip;]\" \/>\n<meta property=\"og:url\" content=\"http:\/\/dezvoltare.uvt.ro\/arte\/educatie\/programe-de-masterat\/design-interior-si-de-produs\/\" \/>\n<meta property=\"og:site_name\" content=\"dezvoltare.uvt.ro\/arte\" \/>\n<meta property=\"article:modified_time\" content=\"2023-03-23T11:41:09+00:00\" \/>\n<meta name=\"twitter:card\" content=\"summary_large_image\" \/>\n<meta name=\"twitter:label1\" content=\"Est. reading time\" \/>\n\t<meta name=\"twitter:data1\" content=\"1 minute\" \/>\n<script type=\"application\/ld+json\" class=\"yoast-schema-graph\">{\"@context\":\"https:\/\/schema.org\",\"@graph\":[{\"@type\":\"WebPage\",\"@id\":\"http:\/\/dezvoltare.uvt.ro\/arte\/educatie\/programe-de-masterat\/design-interior-si-de-produs\/\",\"url\":\"http:\/\/dezvoltare.uvt.ro\/arte\/educatie\/programe-de-masterat\/design-interior-si-de-produs\/\",\"name\":\"Design interior si de produs - dezvoltare.uvt.ro\/arte\",\"isPartOf\":{\"@id\":\"https:\/\/dezvoltare.uvt.ro\/arte\/#website\"},\"datePublished\":\"2021-12-12T12:10:15+00:00\",\"dateModified\":\"2023-03-23T11:41:09+00:00\",\"breadcrumb\":{\"@id\":\"http:\/\/dezvoltare.uvt.ro\/arte\/educatie\/programe-de-masterat\/design-interior-si-de-produs\/#breadcrumb\"},\"inLanguage\":\"en-US\",\"potentialAction\":[{\"@type\":\"ReadAction\",\"target\":[\"http:\/\/dezvoltare.uvt.ro\/arte\/educatie\/programe-de-masterat\/design-interior-si-de-produs\/\"]}]},{\"@type\":\"BreadcrumbList\",\"@id\":\"http:\/\/dezvoltare.uvt.ro\/arte\/educatie\/programe-de-masterat\/design-interior-si-de-produs\/#breadcrumb\",\"itemListElement\":[{\"@type\":\"ListItem\",\"position\":1,\"name\":\"Acas\u0103\",\"item\":\"https:\/\/dezvoltare.uvt.ro\/arte\/\"},{\"@type\":\"ListItem\",\"position\":2,\"name\":\"Educa\u021bie\",\"item\":\"http:\/\/dezvoltare.uvt.ro\/arte\/educatie\/\"},{\"@type\":\"ListItem\",\"position\":3,\"name\":\"Programe de masterat\",\"item\":\"http:\/\/dezvoltare.uvt.ro\/arte\/educatie\/programe-de-masterat\/\"},{\"@type\":\"ListItem\",\"position\":4,\"name\":\"Design interior si de produs\"}]},{\"@type\":\"WebSite\",\"@id\":\"https:\/\/dezvoltare.uvt.ro\/arte\/#website\",\"url\":\"https:\/\/dezvoltare.uvt.ro\/arte\/\",\"name\":\"dezvoltare.uvt.ro\/arte\",\"description\":\"Arte\",\"potentialAction\":[{\"@type\":\"SearchAction\",\"target\":{\"@type\":\"EntryPoint\",\"urlTemplate\":\"https:\/\/dezvoltare.uvt.ro\/arte\/?s={search_term_string}\"},\"query-input\":\"required name=search_term_string\"}],\"inLanguage\":\"en-US\"}]}<\/script>\n<!-- \/ Yoast SEO plugin. -->","yoast_head_json":{"title":"Design interior si de produs - dezvoltare.uvt.ro\/arte","robots":{"index":"noindex","follow":"follow","max-snippet":"max-snippet:-1","max-image-preview":"max-image-preview:large","max-video-preview":"max-video-preview:-1"},"og_locale":"en_US","og_type":"article","og_title":"Design interior si de produs - dezvoltare.uvt.ro\/arte","og_description":"Design interior \u0219i de produs Prezentarea specializ\u0103rii Absolventul acestui program va fi capabil s\u0103 elaboreze \u00een afar\u0103 de proiectele curente, lucr\u0103ri de cercetare \u015ftiin\u0163ific\u0103 la un nivel competitiv, s\u0103 argumenteze \u015fi s\u0103 sus\u0163in\u0103 punctele de vedere personale referitoare la proiectele proprii sau colective. Absolventul va putea explica \u015fi interpreta printr-o g\u00e2ndire integrativ\u0103 procesele, fenomenele, st\u0103rile, [&hellip;]","og_url":"http:\/\/dezvoltare.uvt.ro\/arte\/educatie\/programe-de-masterat\/design-interior-si-de-produs\/","og_site_name":"dezvoltare.uvt.ro\/arte","article_modified_time":"2023-03-23T11:41:09+00:00","twitter_card":"summary_large_image","twitter_misc":{"Est. reading time":"1 minute"},"schema":{"@context":"https:\/\/schema.org","@graph":[{"@type":"WebPage","@id":"http:\/\/dezvoltare.uvt.ro\/arte\/educatie\/programe-de-masterat\/design-interior-si-de-produs\/","url":"http:\/\/dezvoltare.uvt.ro\/arte\/educatie\/programe-de-masterat\/design-interior-si-de-produs\/","name":"Design interior si de produs - dezvoltare.uvt.ro\/arte","isPartOf":{"@id":"https:\/\/dezvoltare.uvt.ro\/arte\/#website"},"datePublished":"2021-12-12T12:10:15+00:00","dateModified":"2023-03-23T11:41:09+00:00","breadcrumb":{"@id":"http:\/\/dezvoltare.uvt.ro\/arte\/educatie\/programe-de-masterat\/design-interior-si-de-produs\/#breadcrumb"},"inLanguage":"en-US","potentialAction":[{"@type":"ReadAction","target":["http:\/\/dezvoltare.uvt.ro\/arte\/educatie\/programe-de-masterat\/design-interior-si-de-produs\/"]}]},{"@type":"BreadcrumbList","@id":"http:\/\/dezvoltare.uvt.ro\/arte\/educatie\/programe-de-masterat\/design-interior-si-de-produs\/#breadcrumb","itemListElement":[{"@type":"ListItem","position":1,"name":"Acas\u0103","item":"https:\/\/dezvoltare.uvt.ro\/arte\/"},{"@type":"ListItem","position":2,"name":"Educa\u021bie","item":"http:\/\/dezvoltare.uvt.ro\/arte\/educatie\/"},{"@type":"ListItem","position":3,"name":"Programe de masterat","item":"http:\/\/dezvoltare.uvt.ro\/arte\/educatie\/programe-de-masterat\/"},{"@type":"ListItem","position":4,"name":"Design interior si de produs"}]},{"@type":"WebSite","@id":"https:\/\/dezvoltare.uvt.ro\/arte\/#website","url":"https:\/\/dezvoltare.uvt.ro\/arte\/","name":"dezvoltare.uvt.ro\/arte","description":"Arte","potentialAction":[{"@type":"SearchAction","target":{"@type":"EntryPoint","urlTemplate":"https:\/\/dezvoltare.uvt.ro\/arte\/?s={search_term_string}"},"query-input":"required name=search_term_string"}],"inLanguage":"en-US"}]}},"_links":{"self":[{"href":"http:\/\/dezvoltare.uvt.ro\/arte\/wp-json\/wp\/v2\/pages\/1092"}],"collection":[{"href":"http:\/\/dezvoltare.uvt.ro\/arte\/wp-json\/wp\/v2\/pages"}],"about":[{"href":"http:\/\/dezvoltare.uvt.ro\/arte\/wp-json\/wp\/v2\/types\/page"}],"author":[{"embeddable":true,"href":"http:\/\/dezvoltare.uvt.ro\/arte\/wp-json\/wp\/v2\/users\/2"}],"replies":[{"embeddable":true,"href":"http:\/\/dezvoltare.uvt.ro\/arte\/wp-json\/wp\/v2\/comments?post=1092"}],"version-history":[{"count":0,"href":"http:\/\/dezvoltare.uvt.ro\/arte\/wp-json\/wp\/v2\/pages\/1092\/revisions"}],"up":[{"embeddable":true,"href":"http:\/\/dezvoltare.uvt.ro\/arte\/wp-json\/wp\/v2\/pages\/101"}],"wp:attachment":[{"href":"http:\/\/dezvoltare.uvt.ro\/arte\/wp-json\/wp\/v2\/media?parent=1092"}],"curies":[{"name":"wp","href":"https:\/\/api.w.org\/{rel}","templated":true}]}}