{"id":1107,"date":"2021-12-12T12:13:24","date_gmt":"2021-12-12T12:13:24","guid":{"rendered":"http:\/\/dezvoltare.uvt.ro\/arte\/?page_id=1107"},"modified":"2023-03-23T11:38:58","modified_gmt":"2023-03-23T11:38:58","slug":"design-grafic-comunicare-vizuala","status":"publish","type":"page","link":"http:\/\/dezvoltare.uvt.ro\/arte\/educatie\/programe-de-masterat\/design-grafic-comunicare-vizuala\/","title":{"rendered":"Design grafic- comunicare vizual\u0103"},"content":{"rendered":"\t\t<div data-elementor-type=\"wp-page\" data-elementor-id=\"1107\" class=\"elementor elementor-1107\">\n\t\t\t\t\t\t\t\t\t<section class=\"elementor-section elementor-top-section elementor-element elementor-element-1719421 elementor-section-boxed elementor-section-height-default elementor-section-height-default\" data-id=\"1719421\" data-element_type=\"section\">\n\t\t\t\t\t\t<div class=\"elementor-container elementor-column-gap-default\">\n\t\t\t\t\t<div class=\"elementor-column elementor-col-100 elementor-top-column elementor-element elementor-element-2ef0f57\" data-id=\"2ef0f57\" data-element_type=\"column\">\n\t\t\t<div class=\"elementor-widget-wrap elementor-element-populated\">\n\t\t\t\t\t\t\t\t<div class=\"elementor-element elementor-element-1e075e4 elementor-align-left elementor-widget elementor-widget-breadcrumbs\" data-id=\"1e075e4\" data-element_type=\"widget\" data-widget_type=\"breadcrumbs.default\">\n\t\t\t\t<div class=\"elementor-widget-container\">\n\t\t\t<p id=\"breadcrumbs\"><span><span><a href=\"https:\/\/dezvoltare.uvt.ro\/arte\/\">Acas\u0103<\/a><\/span><\/span><\/p>\t\t<\/div>\n\t\t\t\t<\/div>\n\t\t\t\t\t<\/div>\n\t\t<\/div>\n\t\t\t\t\t\t\t<\/div>\n\t\t<\/section>\n\t\t\t\t<section class=\"elementor-section elementor-top-section elementor-element elementor-element-f48a0d9 elementor-section-boxed elementor-section-height-default elementor-section-height-default\" data-id=\"f48a0d9\" data-element_type=\"section\">\n\t\t\t\t\t\t<div class=\"elementor-container elementor-column-gap-default\">\n\t\t\t\t\t<div class=\"elementor-column elementor-col-100 elementor-top-column elementor-element elementor-element-393669d\" data-id=\"393669d\" data-element_type=\"column\">\n\t\t\t<div class=\"elementor-widget-wrap elementor-element-populated\">\n\t\t\t\t\t\t\t\t<div class=\"elementor-element elementor-element-afd4aac elementor-widget elementor-widget-heading\" data-id=\"afd4aac\" data-element_type=\"widget\" data-widget_type=\"heading.default\">\n\t\t\t\t<div class=\"elementor-widget-container\">\n\t\t\t<h2 class=\"elementor-heading-title elementor-size-default\">Design grafic- comunicare vizual\u0103<\/h2>\t\t<\/div>\n\t\t\t\t<\/div>\n\t\t\t\t<div class=\"elementor-element elementor-element-9d9a381 elementor-widget-divider--view-line elementor-widget elementor-widget-divider\" data-id=\"9d9a381\" data-element_type=\"widget\" data-widget_type=\"divider.default\">\n\t\t\t\t<div class=\"elementor-widget-container\">\n\t\t\t\t\t<div class=\"elementor-divider\">\n\t\t\t<span class=\"elementor-divider-separator\">\n\t\t\t\t\t\t<\/span>\n\t\t<\/div>\n\t\t\t\t<\/div>\n\t\t\t\t<\/div>\n\t\t\t\t\t<\/div>\n\t\t<\/div>\n\t\t\t\t\t\t\t<\/div>\n\t\t<\/section>\n\t\t\t\t<section class=\"elementor-section elementor-top-section elementor-element elementor-element-0589d95 elementor-section-height-min-height elementor-section-items-top elementor-section-content-top elementor-section-boxed elementor-section-height-default\" data-id=\"0589d95\" data-element_type=\"section\">\n\t\t\t\t\t\t<div class=\"elementor-container elementor-column-gap-default\">\n\t\t\t\t\t<div class=\"elementor-column elementor-col-50 elementor-top-column elementor-element elementor-element-b3a4a92\" data-id=\"b3a4a92\" data-element_type=\"column\">\n\t\t\t<div class=\"elementor-widget-wrap elementor-element-populated\">\n\t\t\t\t\t\t\t\t<div class=\"elementor-element elementor-element-415207e elementor-widget elementor-widget-eael-adv-accordion\" data-id=\"415207e\" data-element_type=\"widget\" data-widget_type=\"eael-adv-accordion.default\">\n\t\t\t\t<div class=\"elementor-widget-container\">\n\t\t\t        <div class=\"eael-adv-accordion\" id=\"eael-adv-accordion-415207e\" data-accordion-id=\"415207e\" data-accordion-type=\"accordion\" data-toogle-speed=\"300\">\n    <div class=\"eael-accordion-list\">\n                <div id=\"prezentarea-specializrii\" class=\"elementor-tab-title eael-accordion-header\" tabindex=\"6841\" data-tab=\"1\" aria-controls=\"elementor-tab-content-6841\"><span class=\"eael-advanced-accordion-icon-closed\"><i aria-hidden=\"true\" class=\"fa-accordion-icon fas fa-plus\"><\/i><\/span><span class=\"eael-advanced-accordion-icon-opened\"><i aria-hidden=\"true\" class=\"fa-accordion-icon fas fa-minus\"><\/i><\/span><span class=\"eael-accordion-tab-title\">Prezentarea specializ\u0103rii<\/span><i aria-hidden=\"true\" class=\"fa-toggle fas fa-angle-right\"><\/i><\/div><div id=\"elementor-tab-content-6841\" class=\"eael-accordion-content clearfix\" data-tab=\"1\" aria-labelledby=\"prezentarea-specializrii\"><p><p>\u00cen curs de actualizare<\/p><\/p><\/div>\n                <\/div><div class=\"eael-accordion-list\">\n                <div id=\"planuri-de-nvmnt\" class=\"elementor-tab-title eael-accordion-header\" tabindex=\"6842\" data-tab=\"2\" aria-controls=\"elementor-tab-content-6842\"><span class=\"eael-advanced-accordion-icon-closed\"><i aria-hidden=\"true\" class=\"fa-accordion-icon fas fa-plus\"><\/i><\/span><span class=\"eael-advanced-accordion-icon-opened\"><i aria-hidden=\"true\" class=\"fa-accordion-icon fas fa-minus\"><\/i><\/span><span class=\"eael-accordion-tab-title\">Planuri de \u00eenv\u0103\u021b\u0103m\u00e2nt<\/span><i aria-hidden=\"true\" class=\"fa-toggle fas fa-angle-right\"><\/i><\/div><div id=\"elementor-tab-content-6842\" class=\"eael-accordion-content clearfix\" data-tab=\"2\" aria-labelledby=\"planuri-de-nvmnt\"><p><ul><li><a href=\"http:\/\/dezvoltare.uvt.ro\/arte\/wp-content\/uploads\/2023\/03\/DDAA-master-DG-an1.pdf\">Design Grafic an1<\/a><\/li><li><a href=\"http:\/\/dezvoltare.uvt.ro\/arte\/wp-content\/uploads\/2023\/03\/master-DG-an2.pdf\">Design Grafic an2<\/a><\/li><\/ul><\/p><\/div>\n                <\/div><div class=\"eael-accordion-list\">\n                <div id=\"fiele-disciplinelor\" class=\"elementor-tab-title eael-accordion-header\" tabindex=\"6843\" data-tab=\"3\" aria-controls=\"elementor-tab-content-6843\"><span class=\"eael-advanced-accordion-icon-closed\"><i aria-hidden=\"true\" class=\"fa-accordion-icon fas fa-plus\"><\/i><\/span><span class=\"eael-advanced-accordion-icon-opened\"><i aria-hidden=\"true\" class=\"fa-accordion-icon fas fa-minus\"><\/i><\/span><span class=\"eael-accordion-tab-title\">Fi\u0219ele disciplinelor<\/span><i aria-hidden=\"true\" class=\"fa-toggle fas fa-angle-right\"><\/i><\/div><div id=\"elementor-tab-content-6843\" class=\"eael-accordion-content clearfix\" data-tab=\"3\" aria-labelledby=\"fiele-disciplinelor\"><p><p><a href=\"https:\/\/drive.google.com\/drive\/folders\/1xNuZtNSX0WBL7WyMG-GZEAQ5esiIIkwL?usp=share_link\" target=\"_blank\" rel=\"noopener\">VEZI FISELE DISCIPLINELOR SEM 2 2022-2023<\/a><\/p><\/p><\/div>\n                <\/div><\/div>\t\t<\/div>\n\t\t\t\t<\/div>\n\t\t\t\t\t<\/div>\n\t\t<\/div>\n\t\t\t\t<div class=\"elementor-column elementor-col-50 elementor-top-column elementor-element elementor-element-8aa3e89\" data-id=\"8aa3e89\" data-element_type=\"column\">\n\t\t\t<div class=\"elementor-widget-wrap elementor-element-populated\">\n\t\t\t\t\t\t\t\t<div class=\"elementor-element elementor-element-685a748 elementor-widget elementor-widget-text-editor\" data-id=\"685a748\" data-element_type=\"widget\" data-widget_type=\"text-editor.default\">\n\t\t\t\t<div class=\"elementor-widget-container\">\n\t\t\t\t\t\t\t<p><b>Domeniul:<\/b> Design<br \/><b><\/b><\/p><p><b>Specializarea:<\/b> Design grafic- cumunicare vizual\u0103<br \/><b><\/b><\/p><p><b>Forma de \u00eenv\u0103\u021b\u0103m\u00e2nt:<\/b> Cu frecven\u021b\u0103<br \/><b><\/b><\/p><p><b>Forma de finalizare:<\/b> Diplom\u0103 studii universitare<br \/><b><\/b><\/p><p><b>Titlul acordat:<\/b> Masterat Arte Vizuale<\/p>\t\t\t\t\t\t<\/div>\n\t\t\t\t<\/div>\n\t\t\t\t\t<\/div>\n\t\t<\/div>\n\t\t\t\t\t\t\t<\/div>\n\t\t<\/section>\n\t\t\t\t\t\t\t<\/div>\n\t\t","protected":false},"excerpt":{"rendered":"<p>Design grafic- comunicare vizual\u0103 Prezentarea specializ\u0103rii \u00cen curs de actualizare Planuri de \u00eenv\u0103\u021b\u0103m\u00e2nt Design Grafic an1 Design Grafic an2 Fi\u0219ele disciplinelor VEZI FISELE DISCIPLINELOR SEM 2 2022-2023 Domeniul: Design Specializarea: Design grafic- cumunicare vizual\u0103 Forma de \u00eenv\u0103\u021b\u0103m\u00e2nt: Cu frecven\u021b\u0103 Forma de finalizare: Diplom\u0103 studii universitare Titlul acordat: Masterat Arte Vizuale<\/p>\n","protected":false},"author":2,"featured_media":0,"parent":101,"menu_order":0,"comment_status":"closed","ping_status":"closed","template":"","meta":[],"acf":[],"yoast_head":"<!-- This site is optimized with the Yoast SEO plugin v20.4 - https:\/\/yoast.com\/wordpress\/plugins\/seo\/ -->\n<title>Design grafic- comunicare vizual\u0103 - dezvoltare.uvt.ro\/arte<\/title>\n<meta name=\"robots\" content=\"noindex, follow, max-snippet:-1, max-image-preview:large, max-video-preview:-1\" \/>\n<meta property=\"og:locale\" content=\"en_US\" \/>\n<meta property=\"og:type\" content=\"article\" \/>\n<meta property=\"og:title\" content=\"Design grafic- comunicare vizual\u0103 - dezvoltare.uvt.ro\/arte\" \/>\n<meta property=\"og:description\" content=\"Design grafic- comunicare vizual\u0103 Prezentarea specializ\u0103rii \u00cen curs de actualizare Planuri de \u00eenv\u0103\u021b\u0103m\u00e2nt Design Grafic an1 Design Grafic an2 Fi\u0219ele disciplinelor VEZI FISELE DISCIPLINELOR SEM 2 2022-2023 Domeniul: Design Specializarea: Design grafic- cumunicare vizual\u0103 Forma de \u00eenv\u0103\u021b\u0103m\u00e2nt: Cu frecven\u021b\u0103 Forma de finalizare: Diplom\u0103 studii universitare Titlul acordat: Masterat Arte Vizuale\" \/>\n<meta property=\"og:url\" content=\"http:\/\/dezvoltare.uvt.ro\/arte\/educatie\/programe-de-masterat\/design-grafic-comunicare-vizuala\/\" \/>\n<meta property=\"og:site_name\" content=\"dezvoltare.uvt.ro\/arte\" \/>\n<meta property=\"article:modified_time\" content=\"2023-03-23T11:38:58+00:00\" \/>\n<meta name=\"twitter:card\" content=\"summary_large_image\" \/>\n<meta name=\"twitter:label1\" content=\"Est. reading time\" \/>\n\t<meta name=\"twitter:data1\" content=\"1 minute\" \/>\n<script type=\"application\/ld+json\" class=\"yoast-schema-graph\">{\"@context\":\"https:\/\/schema.org\",\"@graph\":[{\"@type\":\"WebPage\",\"@id\":\"http:\/\/dezvoltare.uvt.ro\/arte\/educatie\/programe-de-masterat\/design-grafic-comunicare-vizuala\/\",\"url\":\"http:\/\/dezvoltare.uvt.ro\/arte\/educatie\/programe-de-masterat\/design-grafic-comunicare-vizuala\/\",\"name\":\"Design grafic- comunicare vizual\u0103 - dezvoltare.uvt.ro\/arte\",\"isPartOf\":{\"@id\":\"https:\/\/dezvoltare.uvt.ro\/arte\/#website\"},\"datePublished\":\"2021-12-12T12:13:24+00:00\",\"dateModified\":\"2023-03-23T11:38:58+00:00\",\"breadcrumb\":{\"@id\":\"http:\/\/dezvoltare.uvt.ro\/arte\/educatie\/programe-de-masterat\/design-grafic-comunicare-vizuala\/#breadcrumb\"},\"inLanguage\":\"en-US\",\"potentialAction\":[{\"@type\":\"ReadAction\",\"target\":[\"http:\/\/dezvoltare.uvt.ro\/arte\/educatie\/programe-de-masterat\/design-grafic-comunicare-vizuala\/\"]}]},{\"@type\":\"BreadcrumbList\",\"@id\":\"http:\/\/dezvoltare.uvt.ro\/arte\/educatie\/programe-de-masterat\/design-grafic-comunicare-vizuala\/#breadcrumb\",\"itemListElement\":[{\"@type\":\"ListItem\",\"position\":1,\"name\":\"Acas\u0103\",\"item\":\"https:\/\/dezvoltare.uvt.ro\/arte\/\"},{\"@type\":\"ListItem\",\"position\":2,\"name\":\"Educa\u021bie\",\"item\":\"http:\/\/dezvoltare.uvt.ro\/arte\/educatie\/\"},{\"@type\":\"ListItem\",\"position\":3,\"name\":\"Programe de masterat\",\"item\":\"http:\/\/dezvoltare.uvt.ro\/arte\/educatie\/programe-de-masterat\/\"},{\"@type\":\"ListItem\",\"position\":4,\"name\":\"Design grafic- comunicare vizual\u0103\"}]},{\"@type\":\"WebSite\",\"@id\":\"https:\/\/dezvoltare.uvt.ro\/arte\/#website\",\"url\":\"https:\/\/dezvoltare.uvt.ro\/arte\/\",\"name\":\"dezvoltare.uvt.ro\/arte\",\"description\":\"Arte\",\"potentialAction\":[{\"@type\":\"SearchAction\",\"target\":{\"@type\":\"EntryPoint\",\"urlTemplate\":\"https:\/\/dezvoltare.uvt.ro\/arte\/?s={search_term_string}\"},\"query-input\":\"required name=search_term_string\"}],\"inLanguage\":\"en-US\"}]}<\/script>\n<!-- \/ Yoast SEO plugin. -->","yoast_head_json":{"title":"Design grafic- comunicare vizual\u0103 - dezvoltare.uvt.ro\/arte","robots":{"index":"noindex","follow":"follow","max-snippet":"max-snippet:-1","max-image-preview":"max-image-preview:large","max-video-preview":"max-video-preview:-1"},"og_locale":"en_US","og_type":"article","og_title":"Design grafic- comunicare vizual\u0103 - dezvoltare.uvt.ro\/arte","og_description":"Design grafic- comunicare vizual\u0103 Prezentarea specializ\u0103rii \u00cen curs de actualizare Planuri de \u00eenv\u0103\u021b\u0103m\u00e2nt Design Grafic an1 Design Grafic an2 Fi\u0219ele disciplinelor VEZI FISELE DISCIPLINELOR SEM 2 2022-2023 Domeniul: Design Specializarea: Design grafic- cumunicare vizual\u0103 Forma de \u00eenv\u0103\u021b\u0103m\u00e2nt: Cu frecven\u021b\u0103 Forma de finalizare: Diplom\u0103 studii universitare Titlul acordat: Masterat Arte Vizuale","og_url":"http:\/\/dezvoltare.uvt.ro\/arte\/educatie\/programe-de-masterat\/design-grafic-comunicare-vizuala\/","og_site_name":"dezvoltare.uvt.ro\/arte","article_modified_time":"2023-03-23T11:38:58+00:00","twitter_card":"summary_large_image","twitter_misc":{"Est. reading time":"1 minute"},"schema":{"@context":"https:\/\/schema.org","@graph":[{"@type":"WebPage","@id":"http:\/\/dezvoltare.uvt.ro\/arte\/educatie\/programe-de-masterat\/design-grafic-comunicare-vizuala\/","url":"http:\/\/dezvoltare.uvt.ro\/arte\/educatie\/programe-de-masterat\/design-grafic-comunicare-vizuala\/","name":"Design grafic- comunicare vizual\u0103 - dezvoltare.uvt.ro\/arte","isPartOf":{"@id":"https:\/\/dezvoltare.uvt.ro\/arte\/#website"},"datePublished":"2021-12-12T12:13:24+00:00","dateModified":"2023-03-23T11:38:58+00:00","breadcrumb":{"@id":"http:\/\/dezvoltare.uvt.ro\/arte\/educatie\/programe-de-masterat\/design-grafic-comunicare-vizuala\/#breadcrumb"},"inLanguage":"en-US","potentialAction":[{"@type":"ReadAction","target":["http:\/\/dezvoltare.uvt.ro\/arte\/educatie\/programe-de-masterat\/design-grafic-comunicare-vizuala\/"]}]},{"@type":"BreadcrumbList","@id":"http:\/\/dezvoltare.uvt.ro\/arte\/educatie\/programe-de-masterat\/design-grafic-comunicare-vizuala\/#breadcrumb","itemListElement":[{"@type":"ListItem","position":1,"name":"Acas\u0103","item":"https:\/\/dezvoltare.uvt.ro\/arte\/"},{"@type":"ListItem","position":2,"name":"Educa\u021bie","item":"http:\/\/dezvoltare.uvt.ro\/arte\/educatie\/"},{"@type":"ListItem","position":3,"name":"Programe de masterat","item":"http:\/\/dezvoltare.uvt.ro\/arte\/educatie\/programe-de-masterat\/"},{"@type":"ListItem","position":4,"name":"Design grafic- comunicare vizual\u0103"}]},{"@type":"WebSite","@id":"https:\/\/dezvoltare.uvt.ro\/arte\/#website","url":"https:\/\/dezvoltare.uvt.ro\/arte\/","name":"dezvoltare.uvt.ro\/arte","description":"Arte","potentialAction":[{"@type":"SearchAction","target":{"@type":"EntryPoint","urlTemplate":"https:\/\/dezvoltare.uvt.ro\/arte\/?s={search_term_string}"},"query-input":"required name=search_term_string"}],"inLanguage":"en-US"}]}},"_links":{"self":[{"href":"http:\/\/dezvoltare.uvt.ro\/arte\/wp-json\/wp\/v2\/pages\/1107"}],"collection":[{"href":"http:\/\/dezvoltare.uvt.ro\/arte\/wp-json\/wp\/v2\/pages"}],"about":[{"href":"http:\/\/dezvoltare.uvt.ro\/arte\/wp-json\/wp\/v2\/types\/page"}],"author":[{"embeddable":true,"href":"http:\/\/dezvoltare.uvt.ro\/arte\/wp-json\/wp\/v2\/users\/2"}],"replies":[{"embeddable":true,"href":"http:\/\/dezvoltare.uvt.ro\/arte\/wp-json\/wp\/v2\/comments?post=1107"}],"version-history":[{"count":0,"href":"http:\/\/dezvoltare.uvt.ro\/arte\/wp-json\/wp\/v2\/pages\/1107\/revisions"}],"up":[{"embeddable":true,"href":"http:\/\/dezvoltare.uvt.ro\/arte\/wp-json\/wp\/v2\/pages\/101"}],"wp:attachment":[{"href":"http:\/\/dezvoltare.uvt.ro\/arte\/wp-json\/wp\/v2\/media?parent=1107"}],"curies":[{"name":"wp","href":"https:\/\/api.w.org\/{rel}","templated":true}]}}