{"id":1132,"date":"2021-12-12T12:18:39","date_gmt":"2021-12-12T12:18:39","guid":{"rendered":"http:\/\/dezvoltare.uvt.ro\/arte\/?page_id=1132"},"modified":"2023-03-23T12:13:16","modified_gmt":"2023-03-23T12:13:16","slug":"patrimoniu-restaurare-si-curatoriat-in-artele-vizuale","status":"publish","type":"page","link":"http:\/\/dezvoltare.uvt.ro\/arte\/educatie\/programe-de-masterat\/patrimoniu-restaurare-si-curatoriat-in-artele-vizuale\/","title":{"rendered":"Patrimoniu, restaurare si curatoriat in artele vizuale"},"content":{"rendered":"\t\t<div data-elementor-type=\"wp-page\" data-elementor-id=\"1132\" class=\"elementor elementor-1132\">\n\t\t\t\t\t\t\t\t\t<section class=\"elementor-section elementor-top-section elementor-element elementor-element-00538ff elementor-section-boxed elementor-section-height-default elementor-section-height-default\" data-id=\"00538ff\" data-element_type=\"section\">\n\t\t\t\t\t\t<div class=\"elementor-container elementor-column-gap-default\">\n\t\t\t\t\t<div class=\"elementor-column elementor-col-100 elementor-top-column elementor-element elementor-element-76d8c29\" data-id=\"76d8c29\" data-element_type=\"column\">\n\t\t\t<div class=\"elementor-widget-wrap elementor-element-populated\">\n\t\t\t\t\t\t\t\t<div class=\"elementor-element elementor-element-9abe03d elementor-align-left elementor-widget elementor-widget-breadcrumbs\" data-id=\"9abe03d\" data-element_type=\"widget\" data-widget_type=\"breadcrumbs.default\">\n\t\t\t\t<div class=\"elementor-widget-container\">\n\t\t\t<p id=\"breadcrumbs\"><span><span><a href=\"https:\/\/dezvoltare.uvt.ro\/arte\/\">Acas\u0103<\/a><\/span><\/span><\/p>\t\t<\/div>\n\t\t\t\t<\/div>\n\t\t\t\t\t<\/div>\n\t\t<\/div>\n\t\t\t\t\t\t\t<\/div>\n\t\t<\/section>\n\t\t\t\t<section class=\"elementor-section elementor-top-section elementor-element elementor-element-2cfb373 elementor-section-boxed elementor-section-height-default elementor-section-height-default\" data-id=\"2cfb373\" data-element_type=\"section\">\n\t\t\t\t\t\t<div class=\"elementor-container elementor-column-gap-default\">\n\t\t\t\t\t<div class=\"elementor-column elementor-col-100 elementor-top-column elementor-element elementor-element-9e2ca13\" data-id=\"9e2ca13\" data-element_type=\"column\">\n\t\t\t<div class=\"elementor-widget-wrap elementor-element-populated\">\n\t\t\t\t\t\t\t\t<div class=\"elementor-element elementor-element-4c2ab3f elementor-widget elementor-widget-heading\" data-id=\"4c2ab3f\" data-element_type=\"widget\" data-widget_type=\"heading.default\">\n\t\t\t\t<div class=\"elementor-widget-container\">\n\t\t\t<h2 class=\"elementor-heading-title elementor-size-default\">Patrimoniu, restaurare \u0219i curatoriat \u00een artele vizuale<\/h2>\t\t<\/div>\n\t\t\t\t<\/div>\n\t\t\t\t<div class=\"elementor-element elementor-element-aa450af elementor-widget-divider--view-line elementor-widget elementor-widget-divider\" data-id=\"aa450af\" data-element_type=\"widget\" data-widget_type=\"divider.default\">\n\t\t\t\t<div class=\"elementor-widget-container\">\n\t\t\t\t\t<div class=\"elementor-divider\">\n\t\t\t<span class=\"elementor-divider-separator\">\n\t\t\t\t\t\t<\/span>\n\t\t<\/div>\n\t\t\t\t<\/div>\n\t\t\t\t<\/div>\n\t\t\t\t\t<\/div>\n\t\t<\/div>\n\t\t\t\t\t\t\t<\/div>\n\t\t<\/section>\n\t\t\t\t<section class=\"elementor-section elementor-top-section elementor-element elementor-element-4eac7bd elementor-section-height-min-height elementor-section-items-top elementor-section-content-top elementor-section-boxed elementor-section-height-default\" data-id=\"4eac7bd\" data-element_type=\"section\">\n\t\t\t\t\t\t<div class=\"elementor-container elementor-column-gap-default\">\n\t\t\t\t\t<div class=\"elementor-column elementor-col-50 elementor-top-column elementor-element elementor-element-0da6b7b\" data-id=\"0da6b7b\" data-element_type=\"column\">\n\t\t\t<div class=\"elementor-widget-wrap elementor-element-populated\">\n\t\t\t\t\t\t\t\t<div class=\"elementor-element elementor-element-4bb8601 elementor-widget elementor-widget-eael-adv-accordion\" data-id=\"4bb8601\" data-element_type=\"widget\" data-widget_type=\"eael-adv-accordion.default\">\n\t\t\t\t<div class=\"elementor-widget-container\">\n\t\t\t        <div class=\"eael-adv-accordion\" id=\"eael-adv-accordion-4bb8601\" data-accordion-id=\"4bb8601\" data-accordion-type=\"accordion\" data-toogle-speed=\"300\">\n    <div class=\"eael-accordion-list\">\n                <div id=\"prezentarea-specializrii\" class=\"elementor-tab-title eael-accordion-header\" tabindex=\"7931\" data-tab=\"1\" aria-controls=\"elementor-tab-content-7931\"><span class=\"eael-advanced-accordion-icon-closed\"><i aria-hidden=\"true\" class=\"fa-accordion-icon fas fa-plus\"><\/i><\/span><span class=\"eael-advanced-accordion-icon-opened\"><i aria-hidden=\"true\" class=\"fa-accordion-icon fas fa-minus\"><\/i><\/span><span class=\"eael-accordion-tab-title\">Prezentarea specializ\u0103rii<\/span><i aria-hidden=\"true\" class=\"fa-toggle fas fa-angle-right\"><\/i><\/div><div id=\"elementor-tab-content-7931\" class=\"eael-accordion-content clearfix\" data-tab=\"1\" aria-labelledby=\"prezentarea-specializrii\"><p><p>Programul de master \u201dIstoria artei, patrimoniu, curatoriat\u201d \u00ee\u0219i propune s\u0103 formeze cercet\u0103tori \u00een sfera artelor vizuale \u0219i a patrimoniului, precum \u0219i operatori culturali - muzeografi, curatori, manageri de institu\u021bii culturale, galeri\u0219ti, critici de art\u0103, operatori media. Absolven\u021bii programului \u00ee\u0219i vor dezvolta abilit\u0103\u021bi \u0219i competen\u021be de \u00een\u021belegere \u0219i analiz\u0103 a fenomenelor culturale, \u00een special din zona vizualului, de-a lungul celor doi ani \u00een care vor studia discipline variate \u0219i complementare. De asemenea, \u00ee\u0219i vor construi \u0219i exersa abilit\u0103\u021bi de management \u0219i de promovare at\u00e2t a actului cultural \u0219i a institu\u021biilor de art\u0103 contemporane, c\u00e2t \u0219i a patrimoniului material, \u00een diferitele sale forme. \u00cen contextul european \u0219i mondial actual, \u00een care Industriile culturale \u0219i creative joac\u0103 un rol din ce \u00een ce mai important \u00een economia global\u0103, dar \u021bin\u00e2nd cont \u0219i de dezvoltarea accelerat\u0103 la nivel local a peisajului cultural, favorizat\u0103 de desemnarea Timi\u0219oarei drept Capital\u0103 European\u0103 a Culturii \u00een 2021, programul de master \u201dIstoria artei, patrimoniu, curatoriat\u201d este orientat, pe parcursul celor doi ani de studiu \u0219i practic\u0103, at\u00e2t c\u0103tre asimilarea \u0219i aprofundarea cuno\u0219tin\u021belor de specialitate din domeniile vizate, c\u00e2t \u0219i c\u0103tre dezvoltarea capacit\u0103\u021bilor de elaborare \u0219i implementare de proiecte culturale, sub \u00eendrumarea cadrelor didactice, \u00een colaborare cu colegii de la specializ\u0103rile voca\u021bionale din cadrul Facult\u0103\u021bii de Arte \u0219i Design \u0219i \u00een parteneriat cu cele mai importante institu\u021bii \u0219i organiza\u021bii culturale din Timi\u0219oara. Programul se adreseaz\u0103 absolven\u0163ilor studiilor de licen\u0163\u0103 din domenii diverse: istoria \u015fi teoria artei, arte vizuale, design, filosofie, istorie, arheologie \u0219i alte \u0219tiin\u021be umaniste, dar \u0219i din c\u00e2mpul \u0219tiin\u021belor sociale, precum economie, \u015ftiin\u0163e ale educa\u0163iei, \u015ftiin\u0163e politice, sociologie \u0219i altele. \u00a0<\/p><\/p><\/div>\n                <\/div><div class=\"eael-accordion-list\">\n                <div id=\"planuri-de-nvmnt\" class=\"elementor-tab-title eael-accordion-header\" tabindex=\"7932\" data-tab=\"2\" aria-controls=\"elementor-tab-content-7932\"><span class=\"eael-advanced-accordion-icon-closed\"><i aria-hidden=\"true\" class=\"fa-accordion-icon fas fa-plus\"><\/i><\/span><span class=\"eael-advanced-accordion-icon-opened\"><i aria-hidden=\"true\" class=\"fa-accordion-icon fas fa-minus\"><\/i><\/span><span class=\"eael-accordion-tab-title\">Planuri de \u00eenv\u0103\u021b\u0103m\u00e2nt<\/span><i aria-hidden=\"true\" class=\"fa-toggle fas fa-angle-right\"><\/i><\/div><div id=\"elementor-tab-content-7932\" class=\"eael-accordion-content clearfix\" data-tab=\"2\" aria-labelledby=\"planuri-de-nvmnt\"><p><ul><li><a target=\"_blank\">Planuri Patrimoniu, restaurare si curatoriat in artele vizuale- \u00een curs de actualizare<\/a><\/li><\/ul><\/p><\/div>\n                <\/div><div class=\"eael-accordion-list\">\n                <div id=\"fiele-disciplinelor\" class=\"elementor-tab-title eael-accordion-header\" tabindex=\"7933\" data-tab=\"3\" aria-controls=\"elementor-tab-content-7933\"><span class=\"eael-advanced-accordion-icon-closed\"><i aria-hidden=\"true\" class=\"fa-accordion-icon fas fa-plus\"><\/i><\/span><span class=\"eael-advanced-accordion-icon-opened\"><i aria-hidden=\"true\" class=\"fa-accordion-icon fas fa-minus\"><\/i><\/span><span class=\"eael-accordion-tab-title\">Fi\u0219ele disciplinelor<\/span><i aria-hidden=\"true\" class=\"fa-toggle fas fa-angle-right\"><\/i><\/div><div id=\"elementor-tab-content-7933\" class=\"eael-accordion-content clearfix\" data-tab=\"3\" aria-labelledby=\"fiele-disciplinelor\"><p><p><a href=\"https:\/\/drive.google.com\/drive\/folders\/1ua-WZ4Dd3tp3fNPhQnddHgvfDHSgxOF9?usp=share_link\" target=\"_blank\" rel=\"noopener\">VEZI FISELE DISCIPLINELOR SEM 2 2022-2023<\/a><\/p><\/p><\/div>\n                <\/div><\/div>\t\t<\/div>\n\t\t\t\t<\/div>\n\t\t\t\t\t<\/div>\n\t\t<\/div>\n\t\t\t\t<div class=\"elementor-column elementor-col-50 elementor-top-column elementor-element elementor-element-9e1c566\" data-id=\"9e1c566\" data-element_type=\"column\">\n\t\t\t<div class=\"elementor-widget-wrap elementor-element-populated\">\n\t\t\t\t\t\t\t\t<div class=\"elementor-element elementor-element-4ffdaa1 elementor-widget elementor-widget-text-editor\" data-id=\"4ffdaa1\" data-element_type=\"widget\" data-widget_type=\"text-editor.default\">\n\t\t\t\t<div class=\"elementor-widget-container\">\n\t\t\t\t\t\t\t<p><b>Domeniul:<\/b> Arte vizuale<br \/><b><\/b><\/p><p><b>Specializarea:<\/b> Patrimoniu, restaurare \u0219i curatoriat \u00een artele vizuale<br \/><b><\/b><\/p><p><b>Forma de \u00eenv\u0103\u021b\u0103m\u00e2nt:<\/b> Cu frecven\u021b\u0103<br \/><b><\/b><\/p><p><b>Forma de finalizare:<\/b> Diplom\u0103 studii universitare<br \/><b><\/b><\/p><p><b>Titlul acordat:<\/b> Masterat Arte Vizuale<\/p>\t\t\t\t\t\t<\/div>\n\t\t\t\t<\/div>\n\t\t\t\t\t<\/div>\n\t\t<\/div>\n\t\t\t\t\t\t\t<\/div>\n\t\t<\/section>\n\t\t\t\t\t\t\t<\/div>\n\t\t","protected":false},"excerpt":{"rendered":"<p>Patrimoniu, restaurare \u0219i curatoriat \u00een artele vizuale Prezentarea specializ\u0103rii Programul de master \u201dIstoria artei, patrimoniu, curatoriat\u201d \u00ee\u0219i propune s\u0103 formeze cercet\u0103tori \u00een sfera artelor vizuale \u0219i a patrimoniului, precum \u0219i operatori culturali &#8211; muzeografi, curatori, manageri de institu\u021bii culturale, galeri\u0219ti, critici de art\u0103, operatori media. Absolven\u021bii programului \u00ee\u0219i vor dezvolta abilit\u0103\u021bi \u0219i competen\u021be de \u00een\u021belegere [&hellip;]<\/p>\n","protected":false},"author":2,"featured_media":0,"parent":101,"menu_order":0,"comment_status":"closed","ping_status":"closed","template":"","meta":[],"acf":[],"yoast_head":"<!-- This site is optimized with the Yoast SEO plugin v20.4 - https:\/\/yoast.com\/wordpress\/plugins\/seo\/ -->\n<title>Patrimoniu, restaurare si curatoriat in artele vizuale - dezvoltare.uvt.ro\/arte<\/title>\n<meta name=\"robots\" content=\"noindex, follow, max-snippet:-1, max-image-preview:large, max-video-preview:-1\" \/>\n<meta property=\"og:locale\" content=\"en_US\" \/>\n<meta property=\"og:type\" content=\"article\" \/>\n<meta property=\"og:title\" content=\"Patrimoniu, restaurare si curatoriat in artele vizuale - dezvoltare.uvt.ro\/arte\" \/>\n<meta property=\"og:description\" content=\"Patrimoniu, restaurare \u0219i curatoriat \u00een artele vizuale Prezentarea specializ\u0103rii Programul de master \u201dIstoria artei, patrimoniu, curatoriat\u201d \u00ee\u0219i propune s\u0103 formeze cercet\u0103tori \u00een sfera artelor vizuale \u0219i a patrimoniului, precum \u0219i operatori culturali &#8211; muzeografi, curatori, manageri de institu\u021bii culturale, galeri\u0219ti, critici de art\u0103, operatori media. Absolven\u021bii programului \u00ee\u0219i vor dezvolta abilit\u0103\u021bi \u0219i competen\u021be de \u00een\u021belegere [&hellip;]\" \/>\n<meta property=\"og:url\" content=\"http:\/\/dezvoltare.uvt.ro\/arte\/educatie\/programe-de-masterat\/patrimoniu-restaurare-si-curatoriat-in-artele-vizuale\/\" \/>\n<meta property=\"og:site_name\" content=\"dezvoltare.uvt.ro\/arte\" \/>\n<meta property=\"article:modified_time\" content=\"2023-03-23T12:13:16+00:00\" \/>\n<meta name=\"twitter:card\" content=\"summary_large_image\" \/>\n<meta name=\"twitter:label1\" content=\"Est. reading time\" \/>\n\t<meta name=\"twitter:data1\" content=\"2 minutes\" \/>\n<script type=\"application\/ld+json\" class=\"yoast-schema-graph\">{\"@context\":\"https:\/\/schema.org\",\"@graph\":[{\"@type\":\"WebPage\",\"@id\":\"http:\/\/dezvoltare.uvt.ro\/arte\/educatie\/programe-de-masterat\/patrimoniu-restaurare-si-curatoriat-in-artele-vizuale\/\",\"url\":\"http:\/\/dezvoltare.uvt.ro\/arte\/educatie\/programe-de-masterat\/patrimoniu-restaurare-si-curatoriat-in-artele-vizuale\/\",\"name\":\"Patrimoniu, restaurare si curatoriat in artele vizuale - dezvoltare.uvt.ro\/arte\",\"isPartOf\":{\"@id\":\"https:\/\/dezvoltare.uvt.ro\/arte\/#website\"},\"datePublished\":\"2021-12-12T12:18:39+00:00\",\"dateModified\":\"2023-03-23T12:13:16+00:00\",\"breadcrumb\":{\"@id\":\"http:\/\/dezvoltare.uvt.ro\/arte\/educatie\/programe-de-masterat\/patrimoniu-restaurare-si-curatoriat-in-artele-vizuale\/#breadcrumb\"},\"inLanguage\":\"en-US\",\"potentialAction\":[{\"@type\":\"ReadAction\",\"target\":[\"http:\/\/dezvoltare.uvt.ro\/arte\/educatie\/programe-de-masterat\/patrimoniu-restaurare-si-curatoriat-in-artele-vizuale\/\"]}]},{\"@type\":\"BreadcrumbList\",\"@id\":\"http:\/\/dezvoltare.uvt.ro\/arte\/educatie\/programe-de-masterat\/patrimoniu-restaurare-si-curatoriat-in-artele-vizuale\/#breadcrumb\",\"itemListElement\":[{\"@type\":\"ListItem\",\"position\":1,\"name\":\"Acas\u0103\",\"item\":\"https:\/\/dezvoltare.uvt.ro\/arte\/\"},{\"@type\":\"ListItem\",\"position\":2,\"name\":\"Educa\u021bie\",\"item\":\"http:\/\/dezvoltare.uvt.ro\/arte\/educatie\/\"},{\"@type\":\"ListItem\",\"position\":3,\"name\":\"Programe de masterat\",\"item\":\"http:\/\/dezvoltare.uvt.ro\/arte\/educatie\/programe-de-masterat\/\"},{\"@type\":\"ListItem\",\"position\":4,\"name\":\"Patrimoniu, restaurare si curatoriat in artele vizuale\"}]},{\"@type\":\"WebSite\",\"@id\":\"https:\/\/dezvoltare.uvt.ro\/arte\/#website\",\"url\":\"https:\/\/dezvoltare.uvt.ro\/arte\/\",\"name\":\"dezvoltare.uvt.ro\/arte\",\"description\":\"Arte\",\"potentialAction\":[{\"@type\":\"SearchAction\",\"target\":{\"@type\":\"EntryPoint\",\"urlTemplate\":\"https:\/\/dezvoltare.uvt.ro\/arte\/?s={search_term_string}\"},\"query-input\":\"required name=search_term_string\"}],\"inLanguage\":\"en-US\"}]}<\/script>\n<!-- \/ Yoast SEO plugin. -->","yoast_head_json":{"title":"Patrimoniu, restaurare si curatoriat in artele vizuale - dezvoltare.uvt.ro\/arte","robots":{"index":"noindex","follow":"follow","max-snippet":"max-snippet:-1","max-image-preview":"max-image-preview:large","max-video-preview":"max-video-preview:-1"},"og_locale":"en_US","og_type":"article","og_title":"Patrimoniu, restaurare si curatoriat in artele vizuale - dezvoltare.uvt.ro\/arte","og_description":"Patrimoniu, restaurare \u0219i curatoriat \u00een artele vizuale Prezentarea specializ\u0103rii Programul de master \u201dIstoria artei, patrimoniu, curatoriat\u201d \u00ee\u0219i propune s\u0103 formeze cercet\u0103tori \u00een sfera artelor vizuale \u0219i a patrimoniului, precum \u0219i operatori culturali &#8211; muzeografi, curatori, manageri de institu\u021bii culturale, galeri\u0219ti, critici de art\u0103, operatori media. Absolven\u021bii programului \u00ee\u0219i vor dezvolta abilit\u0103\u021bi \u0219i competen\u021be de \u00een\u021belegere [&hellip;]","og_url":"http:\/\/dezvoltare.uvt.ro\/arte\/educatie\/programe-de-masterat\/patrimoniu-restaurare-si-curatoriat-in-artele-vizuale\/","og_site_name":"dezvoltare.uvt.ro\/arte","article_modified_time":"2023-03-23T12:13:16+00:00","twitter_card":"summary_large_image","twitter_misc":{"Est. reading time":"2 minutes"},"schema":{"@context":"https:\/\/schema.org","@graph":[{"@type":"WebPage","@id":"http:\/\/dezvoltare.uvt.ro\/arte\/educatie\/programe-de-masterat\/patrimoniu-restaurare-si-curatoriat-in-artele-vizuale\/","url":"http:\/\/dezvoltare.uvt.ro\/arte\/educatie\/programe-de-masterat\/patrimoniu-restaurare-si-curatoriat-in-artele-vizuale\/","name":"Patrimoniu, restaurare si curatoriat in artele vizuale - dezvoltare.uvt.ro\/arte","isPartOf":{"@id":"https:\/\/dezvoltare.uvt.ro\/arte\/#website"},"datePublished":"2021-12-12T12:18:39+00:00","dateModified":"2023-03-23T12:13:16+00:00","breadcrumb":{"@id":"http:\/\/dezvoltare.uvt.ro\/arte\/educatie\/programe-de-masterat\/patrimoniu-restaurare-si-curatoriat-in-artele-vizuale\/#breadcrumb"},"inLanguage":"en-US","potentialAction":[{"@type":"ReadAction","target":["http:\/\/dezvoltare.uvt.ro\/arte\/educatie\/programe-de-masterat\/patrimoniu-restaurare-si-curatoriat-in-artele-vizuale\/"]}]},{"@type":"BreadcrumbList","@id":"http:\/\/dezvoltare.uvt.ro\/arte\/educatie\/programe-de-masterat\/patrimoniu-restaurare-si-curatoriat-in-artele-vizuale\/#breadcrumb","itemListElement":[{"@type":"ListItem","position":1,"name":"Acas\u0103","item":"https:\/\/dezvoltare.uvt.ro\/arte\/"},{"@type":"ListItem","position":2,"name":"Educa\u021bie","item":"http:\/\/dezvoltare.uvt.ro\/arte\/educatie\/"},{"@type":"ListItem","position":3,"name":"Programe de masterat","item":"http:\/\/dezvoltare.uvt.ro\/arte\/educatie\/programe-de-masterat\/"},{"@type":"ListItem","position":4,"name":"Patrimoniu, restaurare si curatoriat in artele vizuale"}]},{"@type":"WebSite","@id":"https:\/\/dezvoltare.uvt.ro\/arte\/#website","url":"https:\/\/dezvoltare.uvt.ro\/arte\/","name":"dezvoltare.uvt.ro\/arte","description":"Arte","potentialAction":[{"@type":"SearchAction","target":{"@type":"EntryPoint","urlTemplate":"https:\/\/dezvoltare.uvt.ro\/arte\/?s={search_term_string}"},"query-input":"required name=search_term_string"}],"inLanguage":"en-US"}]}},"_links":{"self":[{"href":"http:\/\/dezvoltare.uvt.ro\/arte\/wp-json\/wp\/v2\/pages\/1132"}],"collection":[{"href":"http:\/\/dezvoltare.uvt.ro\/arte\/wp-json\/wp\/v2\/pages"}],"about":[{"href":"http:\/\/dezvoltare.uvt.ro\/arte\/wp-json\/wp\/v2\/types\/page"}],"author":[{"embeddable":true,"href":"http:\/\/dezvoltare.uvt.ro\/arte\/wp-json\/wp\/v2\/users\/2"}],"replies":[{"embeddable":true,"href":"http:\/\/dezvoltare.uvt.ro\/arte\/wp-json\/wp\/v2\/comments?post=1132"}],"version-history":[{"count":0,"href":"http:\/\/dezvoltare.uvt.ro\/arte\/wp-json\/wp\/v2\/pages\/1132\/revisions"}],"up":[{"embeddable":true,"href":"http:\/\/dezvoltare.uvt.ro\/arte\/wp-json\/wp\/v2\/pages\/101"}],"wp:attachment":[{"href":"http:\/\/dezvoltare.uvt.ro\/arte\/wp-json\/wp\/v2\/media?parent=1132"}],"curies":[{"name":"wp","href":"https:\/\/api.w.org\/{rel}","templated":true}]}}