{"id":1141,"date":"2021-12-12T12:19:43","date_gmt":"2021-12-12T12:19:43","guid":{"rendered":"http:\/\/dezvoltare.uvt.ro\/arte\/?page_id=1141"},"modified":"2023-03-23T12:19:52","modified_gmt":"2023-03-23T12:19:52","slug":"sculptura-si-ceramica","status":"publish","type":"page","link":"http:\/\/dezvoltare.uvt.ro\/arte\/educatie\/programe-de-masterat\/sculptura-si-ceramica\/","title":{"rendered":"Sculptur\u0103 si ceramic\u0103"},"content":{"rendered":"\t\t<div data-elementor-type=\"wp-page\" data-elementor-id=\"1141\" class=\"elementor elementor-1141\">\n\t\t\t\t\t\t\t\t\t<section class=\"elementor-section elementor-top-section elementor-element elementor-element-1d7cc5c elementor-section-boxed elementor-section-height-default elementor-section-height-default\" data-id=\"1d7cc5c\" data-element_type=\"section\">\n\t\t\t\t\t\t<div class=\"elementor-container elementor-column-gap-default\">\n\t\t\t\t\t<div class=\"elementor-column elementor-col-100 elementor-top-column elementor-element elementor-element-99db309\" data-id=\"99db309\" data-element_type=\"column\">\n\t\t\t<div class=\"elementor-widget-wrap elementor-element-populated\">\n\t\t\t\t\t\t\t\t<div class=\"elementor-element elementor-element-00d80b0 elementor-align-left elementor-widget elementor-widget-breadcrumbs\" data-id=\"00d80b0\" data-element_type=\"widget\" data-widget_type=\"breadcrumbs.default\">\n\t\t\t\t<div class=\"elementor-widget-container\">\n\t\t\t<p id=\"breadcrumbs\"><span><span><a href=\"https:\/\/dezvoltare.uvt.ro\/arte\/\">Acas\u0103<\/a><\/span><\/span><\/p>\t\t<\/div>\n\t\t\t\t<\/div>\n\t\t\t\t\t<\/div>\n\t\t<\/div>\n\t\t\t\t\t\t\t<\/div>\n\t\t<\/section>\n\t\t\t\t<section class=\"elementor-section elementor-top-section elementor-element elementor-element-3bf0cb4 elementor-section-boxed elementor-section-height-default elementor-section-height-default\" data-id=\"3bf0cb4\" data-element_type=\"section\">\n\t\t\t\t\t\t<div class=\"elementor-container elementor-column-gap-default\">\n\t\t\t\t\t<div class=\"elementor-column elementor-col-100 elementor-top-column elementor-element elementor-element-dd5ef8f\" data-id=\"dd5ef8f\" data-element_type=\"column\">\n\t\t\t<div class=\"elementor-widget-wrap elementor-element-populated\">\n\t\t\t\t\t\t\t\t<div class=\"elementor-element elementor-element-4f9bc75 elementor-widget elementor-widget-heading\" data-id=\"4f9bc75\" data-element_type=\"widget\" data-widget_type=\"heading.default\">\n\t\t\t\t<div class=\"elementor-widget-container\">\n\t\t\t<h2 class=\"elementor-heading-title elementor-size-default\">Sculptur\u0103 \u0219i ceramic\u0103<\/h2>\t\t<\/div>\n\t\t\t\t<\/div>\n\t\t\t\t<div class=\"elementor-element elementor-element-a6c9e06 elementor-widget-divider--view-line elementor-widget elementor-widget-divider\" data-id=\"a6c9e06\" data-element_type=\"widget\" data-widget_type=\"divider.default\">\n\t\t\t\t<div class=\"elementor-widget-container\">\n\t\t\t\t\t<div class=\"elementor-divider\">\n\t\t\t<span class=\"elementor-divider-separator\">\n\t\t\t\t\t\t<\/span>\n\t\t<\/div>\n\t\t\t\t<\/div>\n\t\t\t\t<\/div>\n\t\t\t\t\t<\/div>\n\t\t<\/div>\n\t\t\t\t\t\t\t<\/div>\n\t\t<\/section>\n\t\t\t\t<section class=\"elementor-section elementor-top-section elementor-element elementor-element-201fa05 elementor-section-height-min-height elementor-section-items-top elementor-section-content-top elementor-section-boxed elementor-section-height-default\" data-id=\"201fa05\" data-element_type=\"section\">\n\t\t\t\t\t\t<div class=\"elementor-container elementor-column-gap-default\">\n\t\t\t\t\t<div class=\"elementor-column elementor-col-50 elementor-top-column elementor-element elementor-element-a785d86\" data-id=\"a785d86\" data-element_type=\"column\">\n\t\t\t<div class=\"elementor-widget-wrap elementor-element-populated\">\n\t\t\t\t\t\t\t\t<div class=\"elementor-element elementor-element-bd49587 elementor-widget elementor-widget-eael-adv-accordion\" data-id=\"bd49587\" data-element_type=\"widget\" data-widget_type=\"eael-adv-accordion.default\">\n\t\t\t\t<div class=\"elementor-widget-container\">\n\t\t\t        <div class=\"eael-adv-accordion\" id=\"eael-adv-accordion-bd49587\" data-accordion-id=\"bd49587\" data-accordion-type=\"accordion\" data-toogle-speed=\"300\">\n    <div class=\"eael-accordion-list\">\n                <div id=\"prezentarea-specializrii\" class=\"elementor-tab-title eael-accordion-header\" tabindex=\"1981\" data-tab=\"1\" aria-controls=\"elementor-tab-content-1981\"><span class=\"eael-advanced-accordion-icon-closed\"><i aria-hidden=\"true\" class=\"fa-accordion-icon fas fa-plus\"><\/i><\/span><span class=\"eael-advanced-accordion-icon-opened\"><i aria-hidden=\"true\" class=\"fa-accordion-icon fas fa-minus\"><\/i><\/span><span class=\"eael-accordion-tab-title\">Prezentarea specializ\u0103rii<\/span><i aria-hidden=\"true\" class=\"fa-toggle fas fa-angle-right\"><\/i><\/div><div id=\"elementor-tab-content-1981\" class=\"eael-accordion-content clearfix\" data-tab=\"1\" aria-labelledby=\"prezentarea-specializrii\"><p><p id=\"blue\"><em><strong>Premisa fundamental\u0103 a acestui program masteral este \u00eentemeiat\u0103 pe idea c\u0103 produc\u0163ia vizual\u0103 \u00een domeniul imaginii tridimensionale \u00ee\u015fi legitimeaz\u0103 statutul prin interac\u0163iune teoretic\u0103 \u015fi critic\u0103 cu schimb\u0103rile profunde (socio-economice, politice \u015fi tehnologice) care determin\u0103 cultura vizual\u0103 la \u00eenceputul mileniului III. Cursurile se adreseaz\u0103 tuturor absolven\u0163ilor de \u00eenv\u0103\u0163\u0103m\u00e2nt universitar de profil.<\/strong><\/em><\/p><p><br \/><br \/>Specializarea Master Sculptura cuprinde un set de obiective care contureaz\u0103 profilul \u015fi formarea masterandului, conform diversitatii ofertei educationale, precum si cerintelor etapei urmatoare , actualizat in baza documentelor oficiale.<\/p><ol><li>Extinderea \u015fi perfec\u0163ionarea experien\u0163ei profesionale dob\u00e2ndite \u00een aria unei specializ\u0103ri artistice, prin sondarea \u00een profunzime a unor noi conexiuni conceptuale \u015fi \/ sau de natur\u0103 tehnic\u0103, stilistic\u0103 \u00een domeniul crea\u0163iei sculpturale \u00een diversitatea limbajelor \u015fi tehnologiilor adecvate con\u0163inuturilor specifice, contribuie la conturarea unui profil al absolventului vizand dezvoltarea de cunostinte, competente si abilitati cognitive.<\/li><li>Cercetarea profesional\u0103 inter \u015fi multidisciplinar\u0103, familiarizeaza studentul cu cele mai noi dezvoltari ale cunoasterii in domeniu, asigurand abilitati de cercetare.<\/li><li>Programul are totodat\u0103 menirea s\u0103 asigure un \u00eenalt standard al preg\u0103tirii pentru via\u0163a profesional\u0103 \u00eencuraj\u00e2nd:<\/li><\/ol><ul><li>aprofundarea pregatirii profesionale prin folosirea materialelor traditionale ale sculpturii (lemnul, piatra, metalul).<\/li><li>responsabilitatea dezvolt\u0103rii proiectelor artistice personale, \u00een conexiune cu tendin\u0163ele actuale.<\/li><li>abilitati superioare de cercetare independenta.<\/li><li>dezvoltarea proiectelor interdisciplinare \u015fi intermediale.<\/li><li>capacitatea de a aplica teoria artei in situatii specifice mediului economic si institutional pentru cerintele pietei fortei de munca.<\/li><li>identificarea, abordarea si solutionarea de probleme cognitive noi, prin dezvoltarea practicii experimentale cu valorificarea celor mai diverse materiale, tehnici \u015fi echipamente, \u00een scopul deschiderii a noi direc\u0163ii de afirmari creative.<\/li><li>dezvoltarea proiectelor artistice in functie de cerintele pietei fortei de munca, cu scopul dezvoltarii capacitatii de a conduce grupuri de lucru si de a comunica in diverse contexte.<\/li><li>dezvoltarea unui aparat critic de analiz\u0103 \u015fi comentariu al produc\u0163iei artistice \u00een general, formularea de alternative interpretative si demonstrarea relevantei acestora, aplicarea creativa a metodelor de cercetare, al judec\u0103\u0163ilor de valoare \u015fi al implica\u0163iilor de natur\u0103 estetic\u0103, filozofic\u0103, psihologic\u0103, socio-politic\u0103 \u015fi religioas\u0103 a discursului artistic.<\/li><\/ul><\/p><\/div>\n                <\/div><div class=\"eael-accordion-list\">\n                <div id=\"planuri-de-nvmnt\" class=\"elementor-tab-title eael-accordion-header\" tabindex=\"1982\" data-tab=\"2\" aria-controls=\"elementor-tab-content-1982\"><span class=\"eael-advanced-accordion-icon-closed\"><i aria-hidden=\"true\" class=\"fa-accordion-icon fas fa-plus\"><\/i><\/span><span class=\"eael-advanced-accordion-icon-opened\"><i aria-hidden=\"true\" class=\"fa-accordion-icon fas fa-minus\"><\/i><\/span><span class=\"eael-accordion-tab-title\">Planuri de \u00eenv\u0103\u021b\u0103m\u00e2nt<\/span><i aria-hidden=\"true\" class=\"fa-toggle fas fa-angle-right\"><\/i><\/div><div id=\"elementor-tab-content-1982\" class=\"eael-accordion-content clearfix\" data-tab=\"2\" aria-labelledby=\"planuri-de-nvmnt\"><p><ul><li><a href=\"http:\/\/dezvoltare.uvt.ro\/arte\/wp-content\/uploads\/2023\/03\/Sculptura-an1.pdf\">Sculptura an1<\/a><\/li><li><a href=\"http:\/\/dezvoltare.uvt.ro\/arte\/wp-content\/uploads\/2023\/03\/Sculptura-an2.pdf\">Sculptura an2<\/a><\/li><\/ul><\/p><\/div>\n                <\/div><div class=\"eael-accordion-list\">\n                <div id=\"fiele-disciplinelor\" class=\"elementor-tab-title eael-accordion-header\" tabindex=\"1983\" data-tab=\"3\" aria-controls=\"elementor-tab-content-1983\"><span class=\"eael-advanced-accordion-icon-closed\"><i aria-hidden=\"true\" class=\"fa-accordion-icon fas fa-plus\"><\/i><\/span><span class=\"eael-advanced-accordion-icon-opened\"><i aria-hidden=\"true\" class=\"fa-accordion-icon fas fa-minus\"><\/i><\/span><span class=\"eael-accordion-tab-title\">Fi\u0219ele disciplinelor<\/span><i aria-hidden=\"true\" class=\"fa-toggle fas fa-angle-right\"><\/i><\/div><div id=\"elementor-tab-content-1983\" class=\"eael-accordion-content clearfix\" data-tab=\"3\" aria-labelledby=\"fiele-disciplinelor\"><p><p><a href=\"https:\/\/drive.google.com\/drive\/folders\/1nHWgMc-DzRQHtG2MvgbEIwUm3Xu6YnQb?usp=share_link\" target=\"_blank\" rel=\"noopener\">VEZI FISELE DISCIPLINELOR SEM 2 2022-2023<\/a><\/p><\/p><\/div>\n                <\/div><\/div>\t\t<\/div>\n\t\t\t\t<\/div>\n\t\t\t\t\t<\/div>\n\t\t<\/div>\n\t\t\t\t<div class=\"elementor-column elementor-col-50 elementor-top-column elementor-element elementor-element-aa1e36d\" data-id=\"aa1e36d\" data-element_type=\"column\">\n\t\t\t<div class=\"elementor-widget-wrap elementor-element-populated\">\n\t\t\t\t\t\t\t\t<div class=\"elementor-element elementor-element-69b5339 elementor-widget elementor-widget-text-editor\" data-id=\"69b5339\" data-element_type=\"widget\" data-widget_type=\"text-editor.default\">\n\t\t\t\t<div class=\"elementor-widget-container\">\n\t\t\t\t\t\t\t<p><b>Domeniul:<\/b> Sculptur\u0103<br \/><b><\/b><\/p><p><b>Specializarea: <\/b>Sculptur\u0103 \u0219i ceramic\u0103<br \/><b><\/b><\/p><p><b>Forma de \u00eenv\u0103\u021b\u0103m\u00e2nt:<\/b> Cu frecven\u021b\u0103<br \/><b><\/b><\/p><p><b>Forma de finalizare:<\/b> Diplom\u0103 studii universitare<br \/><b><\/b><\/p><p><b>Titlul acordat:<\/b> Masterat \u00een Sculptur\u0103<\/p>\t\t\t\t\t\t<\/div>\n\t\t\t\t<\/div>\n\t\t\t\t\t<\/div>\n\t\t<\/div>\n\t\t\t\t\t\t\t<\/div>\n\t\t<\/section>\n\t\t\t\t\t\t\t<\/div>\n\t\t","protected":false},"excerpt":{"rendered":"<p>Sculptur\u0103 \u0219i ceramic\u0103 Prezentarea specializ\u0103rii Premisa fundamental\u0103 a acestui program masteral este \u00eentemeiat\u0103 pe idea c\u0103 produc\u0163ia vizual\u0103 \u00een domeniul imaginii tridimensionale \u00ee\u015fi legitimeaz\u0103 statutul prin interac\u0163iune teoretic\u0103 \u015fi critic\u0103 cu schimb\u0103rile profunde (socio-economice, politice \u015fi tehnologice) care determin\u0103 cultura vizual\u0103 la \u00eenceputul mileniului III. Cursurile se adreseaz\u0103 tuturor absolven\u0163ilor de \u00eenv\u0103\u0163\u0103m\u00e2nt universitar de profil. [&hellip;]<\/p>\n","protected":false},"author":2,"featured_media":0,"parent":101,"menu_order":0,"comment_status":"closed","ping_status":"closed","template":"","meta":[],"acf":[],"yoast_head":"<!-- This site is optimized with the Yoast SEO plugin v20.4 - https:\/\/yoast.com\/wordpress\/plugins\/seo\/ -->\n<title>Sculptur\u0103 si ceramic\u0103 - dezvoltare.uvt.ro\/arte<\/title>\n<meta name=\"robots\" content=\"noindex, follow, max-snippet:-1, max-image-preview:large, max-video-preview:-1\" \/>\n<meta property=\"og:locale\" content=\"en_US\" \/>\n<meta property=\"og:type\" content=\"article\" \/>\n<meta property=\"og:title\" content=\"Sculptur\u0103 si ceramic\u0103 - dezvoltare.uvt.ro\/arte\" \/>\n<meta property=\"og:description\" content=\"Sculptur\u0103 \u0219i ceramic\u0103 Prezentarea specializ\u0103rii Premisa fundamental\u0103 a acestui program masteral este \u00eentemeiat\u0103 pe idea c\u0103 produc\u0163ia vizual\u0103 \u00een domeniul imaginii tridimensionale \u00ee\u015fi legitimeaz\u0103 statutul prin interac\u0163iune teoretic\u0103 \u015fi critic\u0103 cu schimb\u0103rile profunde (socio-economice, politice \u015fi tehnologice) care determin\u0103 cultura vizual\u0103 la \u00eenceputul mileniului III. Cursurile se adreseaz\u0103 tuturor absolven\u0163ilor de \u00eenv\u0103\u0163\u0103m\u00e2nt universitar de profil. [&hellip;]\" \/>\n<meta property=\"og:url\" content=\"http:\/\/dezvoltare.uvt.ro\/arte\/educatie\/programe-de-masterat\/sculptura-si-ceramica\/\" \/>\n<meta property=\"og:site_name\" content=\"dezvoltare.uvt.ro\/arte\" \/>\n<meta property=\"article:modified_time\" content=\"2023-03-23T12:19:52+00:00\" \/>\n<meta name=\"twitter:card\" content=\"summary_large_image\" \/>\n<meta name=\"twitter:label1\" content=\"Est. reading time\" \/>\n\t<meta name=\"twitter:data1\" content=\"2 minutes\" \/>\n<script type=\"application\/ld+json\" class=\"yoast-schema-graph\">{\"@context\":\"https:\/\/schema.org\",\"@graph\":[{\"@type\":\"WebPage\",\"@id\":\"http:\/\/dezvoltare.uvt.ro\/arte\/educatie\/programe-de-masterat\/sculptura-si-ceramica\/\",\"url\":\"http:\/\/dezvoltare.uvt.ro\/arte\/educatie\/programe-de-masterat\/sculptura-si-ceramica\/\",\"name\":\"Sculptur\u0103 si ceramic\u0103 - dezvoltare.uvt.ro\/arte\",\"isPartOf\":{\"@id\":\"https:\/\/dezvoltare.uvt.ro\/arte\/#website\"},\"datePublished\":\"2021-12-12T12:19:43+00:00\",\"dateModified\":\"2023-03-23T12:19:52+00:00\",\"breadcrumb\":{\"@id\":\"http:\/\/dezvoltare.uvt.ro\/arte\/educatie\/programe-de-masterat\/sculptura-si-ceramica\/#breadcrumb\"},\"inLanguage\":\"en-US\",\"potentialAction\":[{\"@type\":\"ReadAction\",\"target\":[\"http:\/\/dezvoltare.uvt.ro\/arte\/educatie\/programe-de-masterat\/sculptura-si-ceramica\/\"]}]},{\"@type\":\"BreadcrumbList\",\"@id\":\"http:\/\/dezvoltare.uvt.ro\/arte\/educatie\/programe-de-masterat\/sculptura-si-ceramica\/#breadcrumb\",\"itemListElement\":[{\"@type\":\"ListItem\",\"position\":1,\"name\":\"Acas\u0103\",\"item\":\"https:\/\/dezvoltare.uvt.ro\/arte\/\"},{\"@type\":\"ListItem\",\"position\":2,\"name\":\"Educa\u021bie\",\"item\":\"http:\/\/dezvoltare.uvt.ro\/arte\/educatie\/\"},{\"@type\":\"ListItem\",\"position\":3,\"name\":\"Programe de masterat\",\"item\":\"http:\/\/dezvoltare.uvt.ro\/arte\/educatie\/programe-de-masterat\/\"},{\"@type\":\"ListItem\",\"position\":4,\"name\":\"Sculptur\u0103 si ceramic\u0103\"}]},{\"@type\":\"WebSite\",\"@id\":\"https:\/\/dezvoltare.uvt.ro\/arte\/#website\",\"url\":\"https:\/\/dezvoltare.uvt.ro\/arte\/\",\"name\":\"dezvoltare.uvt.ro\/arte\",\"description\":\"Arte\",\"potentialAction\":[{\"@type\":\"SearchAction\",\"target\":{\"@type\":\"EntryPoint\",\"urlTemplate\":\"https:\/\/dezvoltare.uvt.ro\/arte\/?s={search_term_string}\"},\"query-input\":\"required name=search_term_string\"}],\"inLanguage\":\"en-US\"}]}<\/script>\n<!-- \/ Yoast SEO plugin. -->","yoast_head_json":{"title":"Sculptur\u0103 si ceramic\u0103 - dezvoltare.uvt.ro\/arte","robots":{"index":"noindex","follow":"follow","max-snippet":"max-snippet:-1","max-image-preview":"max-image-preview:large","max-video-preview":"max-video-preview:-1"},"og_locale":"en_US","og_type":"article","og_title":"Sculptur\u0103 si ceramic\u0103 - dezvoltare.uvt.ro\/arte","og_description":"Sculptur\u0103 \u0219i ceramic\u0103 Prezentarea specializ\u0103rii Premisa fundamental\u0103 a acestui program masteral este \u00eentemeiat\u0103 pe idea c\u0103 produc\u0163ia vizual\u0103 \u00een domeniul imaginii tridimensionale \u00ee\u015fi legitimeaz\u0103 statutul prin interac\u0163iune teoretic\u0103 \u015fi critic\u0103 cu schimb\u0103rile profunde (socio-economice, politice \u015fi tehnologice) care determin\u0103 cultura vizual\u0103 la \u00eenceputul mileniului III. Cursurile se adreseaz\u0103 tuturor absolven\u0163ilor de \u00eenv\u0103\u0163\u0103m\u00e2nt universitar de profil. [&hellip;]","og_url":"http:\/\/dezvoltare.uvt.ro\/arte\/educatie\/programe-de-masterat\/sculptura-si-ceramica\/","og_site_name":"dezvoltare.uvt.ro\/arte","article_modified_time":"2023-03-23T12:19:52+00:00","twitter_card":"summary_large_image","twitter_misc":{"Est. reading time":"2 minutes"},"schema":{"@context":"https:\/\/schema.org","@graph":[{"@type":"WebPage","@id":"http:\/\/dezvoltare.uvt.ro\/arte\/educatie\/programe-de-masterat\/sculptura-si-ceramica\/","url":"http:\/\/dezvoltare.uvt.ro\/arte\/educatie\/programe-de-masterat\/sculptura-si-ceramica\/","name":"Sculptur\u0103 si ceramic\u0103 - dezvoltare.uvt.ro\/arte","isPartOf":{"@id":"https:\/\/dezvoltare.uvt.ro\/arte\/#website"},"datePublished":"2021-12-12T12:19:43+00:00","dateModified":"2023-03-23T12:19:52+00:00","breadcrumb":{"@id":"http:\/\/dezvoltare.uvt.ro\/arte\/educatie\/programe-de-masterat\/sculptura-si-ceramica\/#breadcrumb"},"inLanguage":"en-US","potentialAction":[{"@type":"ReadAction","target":["http:\/\/dezvoltare.uvt.ro\/arte\/educatie\/programe-de-masterat\/sculptura-si-ceramica\/"]}]},{"@type":"BreadcrumbList","@id":"http:\/\/dezvoltare.uvt.ro\/arte\/educatie\/programe-de-masterat\/sculptura-si-ceramica\/#breadcrumb","itemListElement":[{"@type":"ListItem","position":1,"name":"Acas\u0103","item":"https:\/\/dezvoltare.uvt.ro\/arte\/"},{"@type":"ListItem","position":2,"name":"Educa\u021bie","item":"http:\/\/dezvoltare.uvt.ro\/arte\/educatie\/"},{"@type":"ListItem","position":3,"name":"Programe de masterat","item":"http:\/\/dezvoltare.uvt.ro\/arte\/educatie\/programe-de-masterat\/"},{"@type":"ListItem","position":4,"name":"Sculptur\u0103 si ceramic\u0103"}]},{"@type":"WebSite","@id":"https:\/\/dezvoltare.uvt.ro\/arte\/#website","url":"https:\/\/dezvoltare.uvt.ro\/arte\/","name":"dezvoltare.uvt.ro\/arte","description":"Arte","potentialAction":[{"@type":"SearchAction","target":{"@type":"EntryPoint","urlTemplate":"https:\/\/dezvoltare.uvt.ro\/arte\/?s={search_term_string}"},"query-input":"required name=search_term_string"}],"inLanguage":"en-US"}]}},"_links":{"self":[{"href":"http:\/\/dezvoltare.uvt.ro\/arte\/wp-json\/wp\/v2\/pages\/1141"}],"collection":[{"href":"http:\/\/dezvoltare.uvt.ro\/arte\/wp-json\/wp\/v2\/pages"}],"about":[{"href":"http:\/\/dezvoltare.uvt.ro\/arte\/wp-json\/wp\/v2\/types\/page"}],"author":[{"embeddable":true,"href":"http:\/\/dezvoltare.uvt.ro\/arte\/wp-json\/wp\/v2\/users\/2"}],"replies":[{"embeddable":true,"href":"http:\/\/dezvoltare.uvt.ro\/arte\/wp-json\/wp\/v2\/comments?post=1141"}],"version-history":[{"count":0,"href":"http:\/\/dezvoltare.uvt.ro\/arte\/wp-json\/wp\/v2\/pages\/1141\/revisions"}],"up":[{"embeddable":true,"href":"http:\/\/dezvoltare.uvt.ro\/arte\/wp-json\/wp\/v2\/pages\/101"}],"wp:attachment":[{"href":"http:\/\/dezvoltare.uvt.ro\/arte\/wp-json\/wp\/v2\/media?parent=1141"}],"curies":[{"name":"wp","href":"https:\/\/api.w.org\/{rel}","templated":true}]}}