{"id":1146,"date":"2021-12-12T12:20:45","date_gmt":"2021-12-12T12:20:45","guid":{"rendered":"http:\/\/dezvoltare.uvt.ro\/arte\/?page_id=1146"},"modified":"2023-03-23T12:25:58","modified_gmt":"2023-03-23T12:25:58","slug":"pictura-surse-si-resurse-ale-imaginii","status":"publish","type":"page","link":"http:\/\/dezvoltare.uvt.ro\/arte\/educatie\/programe-de-masterat\/pictura-surse-si-resurse-ale-imaginii\/","title":{"rendered":"Pictura &#8211; Surse si resurse ale imaginii"},"content":{"rendered":"\t\t<div data-elementor-type=\"wp-page\" data-elementor-id=\"1146\" class=\"elementor elementor-1146\">\n\t\t\t\t\t\t\t\t\t<section class=\"elementor-section elementor-top-section elementor-element elementor-element-a832e09 elementor-section-boxed elementor-section-height-default elementor-section-height-default\" data-id=\"a832e09\" data-element_type=\"section\">\n\t\t\t\t\t\t<div class=\"elementor-container elementor-column-gap-default\">\n\t\t\t\t\t<div class=\"elementor-column elementor-col-100 elementor-top-column elementor-element elementor-element-f9bb462\" data-id=\"f9bb462\" data-element_type=\"column\">\n\t\t\t<div class=\"elementor-widget-wrap elementor-element-populated\">\n\t\t\t\t\t\t\t\t<div class=\"elementor-element elementor-element-7558584 elementor-align-left elementor-widget elementor-widget-breadcrumbs\" data-id=\"7558584\" data-element_type=\"widget\" data-widget_type=\"breadcrumbs.default\">\n\t\t\t\t<div class=\"elementor-widget-container\">\n\t\t\t<p id=\"breadcrumbs\"><span><span><a href=\"https:\/\/dezvoltare.uvt.ro\/arte\/\">Acas\u0103<\/a><\/span><\/span><\/p>\t\t<\/div>\n\t\t\t\t<\/div>\n\t\t\t\t\t<\/div>\n\t\t<\/div>\n\t\t\t\t\t\t\t<\/div>\n\t\t<\/section>\n\t\t\t\t<section class=\"elementor-section elementor-top-section elementor-element elementor-element-def49fa elementor-section-boxed elementor-section-height-default elementor-section-height-default\" data-id=\"def49fa\" data-element_type=\"section\">\n\t\t\t\t\t\t<div class=\"elementor-container elementor-column-gap-default\">\n\t\t\t\t\t<div class=\"elementor-column elementor-col-100 elementor-top-column elementor-element elementor-element-75e685a\" data-id=\"75e685a\" data-element_type=\"column\">\n\t\t\t<div class=\"elementor-widget-wrap elementor-element-populated\">\n\t\t\t\t\t\t\t\t<div class=\"elementor-element elementor-element-9171f27 elementor-widget elementor-widget-heading\" data-id=\"9171f27\" data-element_type=\"widget\" data-widget_type=\"heading.default\">\n\t\t\t\t<div class=\"elementor-widget-container\">\n\t\t\t<h2 class=\"elementor-heading-title elementor-size-default\">Pictura - Surse \u0219i resurse ale imaginii<\/h2>\t\t<\/div>\n\t\t\t\t<\/div>\n\t\t\t\t<div class=\"elementor-element elementor-element-18ae3bf elementor-widget-divider--view-line elementor-widget elementor-widget-divider\" data-id=\"18ae3bf\" data-element_type=\"widget\" data-widget_type=\"divider.default\">\n\t\t\t\t<div class=\"elementor-widget-container\">\n\t\t\t\t\t<div class=\"elementor-divider\">\n\t\t\t<span class=\"elementor-divider-separator\">\n\t\t\t\t\t\t<\/span>\n\t\t<\/div>\n\t\t\t\t<\/div>\n\t\t\t\t<\/div>\n\t\t\t\t\t<\/div>\n\t\t<\/div>\n\t\t\t\t\t\t\t<\/div>\n\t\t<\/section>\n\t\t\t\t<section class=\"elementor-section elementor-top-section elementor-element elementor-element-d456123 elementor-section-height-min-height elementor-section-items-top elementor-section-content-top elementor-section-boxed elementor-section-height-default\" data-id=\"d456123\" data-element_type=\"section\">\n\t\t\t\t\t\t<div class=\"elementor-container elementor-column-gap-default\">\n\t\t\t\t\t<div class=\"elementor-column elementor-col-50 elementor-top-column elementor-element elementor-element-bcae281\" data-id=\"bcae281\" data-element_type=\"column\">\n\t\t\t<div class=\"elementor-widget-wrap elementor-element-populated\">\n\t\t\t\t\t\t\t\t<div class=\"elementor-element elementor-element-9f1a4be elementor-widget elementor-widget-eael-adv-accordion\" data-id=\"9f1a4be\" data-element_type=\"widget\" data-widget_type=\"eael-adv-accordion.default\">\n\t\t\t\t<div class=\"elementor-widget-container\">\n\t\t\t        <div class=\"eael-adv-accordion\" id=\"eael-adv-accordion-9f1a4be\" data-accordion-id=\"9f1a4be\" data-accordion-type=\"accordion\" data-toogle-speed=\"300\">\n    <div class=\"eael-accordion-list\">\n                <div id=\"prezentarea-specializrii\" class=\"elementor-tab-title eael-accordion-header\" tabindex=\"1661\" data-tab=\"1\" aria-controls=\"elementor-tab-content-1661\"><span class=\"eael-advanced-accordion-icon-closed\"><i aria-hidden=\"true\" class=\"fa-accordion-icon fas fa-plus\"><\/i><\/span><span class=\"eael-advanced-accordion-icon-opened\"><i aria-hidden=\"true\" class=\"fa-accordion-icon fas fa-minus\"><\/i><\/span><span class=\"eael-accordion-tab-title\">Prezentarea specializ\u0103rii<\/span><i aria-hidden=\"true\" class=\"fa-toggle fas fa-angle-right\"><\/i><\/div><div id=\"elementor-tab-content-1661\" class=\"eael-accordion-content clearfix\" data-tab=\"1\" aria-labelledby=\"prezentarea-specializrii\"><p><p id=\"blue\"><em><strong>Studiile masterale \u00een specializarea pictur\u0103 ofer\u0103 studen\u0163ilor cele mai bune condi\u0163ii \u015fi cele mai eficiente rute disciplinare de investigare creativ\u0103 a limbajelor cromatice, formarea \u015fi perfec\u0163ionarea expresiei stilistice personale \u00een arta picturii \u015fi realizarea treptat\u0103 a unei \u00eenalte calit\u0103\u0163i profesionale \u00een toat\u0103 crea\u0163ia artistic\u0103 a cursan\u0163ilor \u015fi a absolven\u0163ilor no\u015ftri.<\/strong><\/em><\/p><p><br \/><br \/>Confirmarea reu\u015fitelor \u00een acest domeniu o constituie prezen\u0163a masiv\u0103 a studen\u0163ilor \u015fi absolvenilor no\u015ftri la toate expozi\u0163iile oficiale, at\u00eet \u00een \u0163ar\u0103 c\u00e2t \u015fi \u00een str\u0103in\u0103tate, la expozi\u0163ii de grup, colective \u015fi personale, c\u00e2\u015ftigarea unor premii \u015fi burse prestigioase de studii \u015fi de crea\u0163ie peste hotare. Cariera artistic\u0103 a studen\u0163ilor no\u015ftri \u00eencepe la masterat, iar dizerta\u0163ia de absolvire coincide, \u00een cele mai multe cazuri, cu o consacrare artistic\u0103 real\u0103.<br \/><br \/>Dup\u0103 cum rezult\u0103 din denumirea masteratului, oferta academic\u0103 \u00een acest ciclu superior, cuprinde at\u00e2t explorarea creativ\u0103 avansat\u0103 a limbajelor artistice \u015fi a stilurilor tradi\u0163ionale consacrate \u015fi adaptarea lor contemporan\u0103 eficient\u0103 c\u00e2t \u015fi investigarea valen\u0163elor nelimitate \u015fi \u00een permanent\u0103 extindere a noilor medii foto-digitale, puse \u00een slujba artei picturii. Confluen\u0163a \u015fi sinergia m\u0103iestriei \u015fi viziunii stilurilor clasice \u015fi consacrate cu zona noilor mijloace tehnologice de producere a imaginii deschide ast\u0103zi perspective noi pentru pictur\u0103 \u015fi extinde influen\u0163a ei mult dincolo de s\u0103lile de expozi\u0163ie \u015fi albume de art\u0103, p\u00een\u0103 \u00een artele media \u015fi lumea crea\u0163iei digitale a internetului.<br \/><br \/>Arta picturii, prin tehnologiile ei tradi\u0163ionale \u00eembog\u0103\u0163ite cu posibili\u0163ile noilor tehnologii optico-digitale, are ca menire ast\u0103zi, ca dintotdeauna, elevarea estetic\u0103 expresiv\u0103 \u015fi spiritual\u0103 a imaginii unei epoci, cre\u00e2nd opere artistice \u00een viziune cromatic\u0103, viziune ce corespunde cel mai fidel modului \u00een care ochiul uman percepe lumea direct \u015fi natural: prin percep\u0163ie cromatic\u0103.<\/p><\/p><\/div>\n                <\/div><div class=\"eael-accordion-list\">\n                <div id=\"planuri-de-nvmnt\" class=\"elementor-tab-title eael-accordion-header\" tabindex=\"1662\" data-tab=\"2\" aria-controls=\"elementor-tab-content-1662\"><span class=\"eael-advanced-accordion-icon-closed\"><i aria-hidden=\"true\" class=\"fa-accordion-icon fas fa-plus\"><\/i><\/span><span class=\"eael-advanced-accordion-icon-opened\"><i aria-hidden=\"true\" class=\"fa-accordion-icon fas fa-minus\"><\/i><\/span><span class=\"eael-accordion-tab-title\">Planuri de \u00eenv\u0103\u021b\u0103m\u00e2nt<\/span><i aria-hidden=\"true\" class=\"fa-toggle fas fa-angle-right\"><\/i><\/div><div id=\"elementor-tab-content-1662\" class=\"eael-accordion-content clearfix\" data-tab=\"2\" aria-labelledby=\"planuri-de-nvmnt\"><p><ul><li><a href=\"http:\/\/dezvoltare.uvt.ro\/arte\/wp-content\/uploads\/2023\/03\/Pictura-an1.pdf\">Pictura an1<\/a><\/li><li><a href=\"http:\/\/dezvoltare.uvt.ro\/arte\/wp-content\/uploads\/2023\/03\/Pictura-an2.pdf\">Pictura an2<\/a><\/li><\/ul><\/p><\/div>\n                <\/div><div class=\"eael-accordion-list\">\n                <div id=\"fiele-disciplinelor\" class=\"elementor-tab-title eael-accordion-header\" tabindex=\"1663\" data-tab=\"3\" aria-controls=\"elementor-tab-content-1663\"><span class=\"eael-advanced-accordion-icon-closed\"><i aria-hidden=\"true\" class=\"fa-accordion-icon fas fa-plus\"><\/i><\/span><span class=\"eael-advanced-accordion-icon-opened\"><i aria-hidden=\"true\" class=\"fa-accordion-icon fas fa-minus\"><\/i><\/span><span class=\"eael-accordion-tab-title\">Fi\u0219ele disciplinelor<\/span><i aria-hidden=\"true\" class=\"fa-toggle fas fa-angle-right\"><\/i><\/div><div id=\"elementor-tab-content-1663\" class=\"eael-accordion-content clearfix\" data-tab=\"3\" aria-labelledby=\"fiele-disciplinelor\"><p><p><a href=\"https:\/\/drive.google.com\/drive\/folders\/1HZ1cEferdnHUKVRLEykgHXxdUdMmzIg2?usp=share_link\" target=\"_blank\" rel=\"noopener\">VEZI FISELE DISCIPLINELOR SEM 2 2022-2023<\/a><\/p><\/p><\/div>\n                <\/div><\/div>\t\t<\/div>\n\t\t\t\t<\/div>\n\t\t\t\t\t<\/div>\n\t\t<\/div>\n\t\t\t\t<div class=\"elementor-column elementor-col-50 elementor-top-column elementor-element elementor-element-92ee190\" data-id=\"92ee190\" data-element_type=\"column\">\n\t\t\t<div class=\"elementor-widget-wrap elementor-element-populated\">\n\t\t\t\t\t\t\t\t<div class=\"elementor-element elementor-element-673285b elementor-widget elementor-widget-text-editor\" data-id=\"673285b\" data-element_type=\"widget\" data-widget_type=\"text-editor.default\">\n\t\t\t\t<div class=\"elementor-widget-container\">\n\t\t\t\t\t\t\t<p><b>Domeniul:<\/b> Arte vizuale\u00a0<br \/><b><\/b><\/p><p><b>Specializarea: <\/b>Surse \u0219i resurse ale imaginii<br \/><b><\/b><\/p><p><b>Forma de \u00eenv\u0103\u021b\u0103m\u00e2nt:<\/b> Cu frecven\u021b\u0103<br \/><b><\/b><\/p><p><b>Forma de finalizare:<\/b> Diplom\u0103 studii universitare<br \/><b><\/b><\/p><p><b>Titlul acordat:<\/b> Masterat Arte Vizuale<\/p>\t\t\t\t\t\t<\/div>\n\t\t\t\t<\/div>\n\t\t\t\t\t<\/div>\n\t\t<\/div>\n\t\t\t\t\t\t\t<\/div>\n\t\t<\/section>\n\t\t\t\t\t\t\t<\/div>\n\t\t","protected":false},"excerpt":{"rendered":"<p>Pictura &#8211; Surse \u0219i resurse ale imaginii Prezentarea specializ\u0103rii Studiile masterale \u00een specializarea pictur\u0103 ofer\u0103 studen\u0163ilor cele mai bune condi\u0163ii \u015fi cele mai eficiente rute disciplinare de investigare creativ\u0103 a limbajelor cromatice, formarea \u015fi perfec\u0163ionarea expresiei stilistice personale \u00een arta picturii \u015fi realizarea treptat\u0103 a unei \u00eenalte calit\u0103\u0163i profesionale \u00een toat\u0103 crea\u0163ia artistic\u0103 a cursan\u0163ilor [&hellip;]<\/p>\n","protected":false},"author":2,"featured_media":0,"parent":101,"menu_order":0,"comment_status":"closed","ping_status":"closed","template":"","meta":[],"acf":[],"yoast_head":"<!-- This site is optimized with the Yoast SEO plugin v20.4 - https:\/\/yoast.com\/wordpress\/plugins\/seo\/ -->\n<title>Pictura - Surse si resurse ale imaginii - dezvoltare.uvt.ro\/arte<\/title>\n<meta name=\"robots\" content=\"noindex, follow, max-snippet:-1, max-image-preview:large, max-video-preview:-1\" \/>\n<meta property=\"og:locale\" content=\"en_US\" \/>\n<meta property=\"og:type\" content=\"article\" \/>\n<meta property=\"og:title\" content=\"Pictura - Surse si resurse ale imaginii - dezvoltare.uvt.ro\/arte\" \/>\n<meta property=\"og:description\" content=\"Pictura &#8211; Surse \u0219i resurse ale imaginii Prezentarea specializ\u0103rii Studiile masterale \u00een specializarea pictur\u0103 ofer\u0103 studen\u0163ilor cele mai bune condi\u0163ii \u015fi cele mai eficiente rute disciplinare de investigare creativ\u0103 a limbajelor cromatice, formarea \u015fi perfec\u0163ionarea expresiei stilistice personale \u00een arta picturii \u015fi realizarea treptat\u0103 a unei \u00eenalte calit\u0103\u0163i profesionale \u00een toat\u0103 crea\u0163ia artistic\u0103 a cursan\u0163ilor [&hellip;]\" \/>\n<meta property=\"og:url\" content=\"http:\/\/dezvoltare.uvt.ro\/arte\/educatie\/programe-de-masterat\/pictura-surse-si-resurse-ale-imaginii\/\" \/>\n<meta property=\"og:site_name\" content=\"dezvoltare.uvt.ro\/arte\" \/>\n<meta property=\"article:modified_time\" content=\"2023-03-23T12:25:58+00:00\" \/>\n<meta name=\"twitter:card\" content=\"summary_large_image\" \/>\n<meta name=\"twitter:label1\" content=\"Est. reading time\" \/>\n\t<meta name=\"twitter:data1\" content=\"2 minutes\" \/>\n<script type=\"application\/ld+json\" class=\"yoast-schema-graph\">{\"@context\":\"https:\/\/schema.org\",\"@graph\":[{\"@type\":\"WebPage\",\"@id\":\"http:\/\/dezvoltare.uvt.ro\/arte\/educatie\/programe-de-masterat\/pictura-surse-si-resurse-ale-imaginii\/\",\"url\":\"http:\/\/dezvoltare.uvt.ro\/arte\/educatie\/programe-de-masterat\/pictura-surse-si-resurse-ale-imaginii\/\",\"name\":\"Pictura - Surse si resurse ale imaginii - dezvoltare.uvt.ro\/arte\",\"isPartOf\":{\"@id\":\"https:\/\/dezvoltare.uvt.ro\/arte\/#website\"},\"datePublished\":\"2021-12-12T12:20:45+00:00\",\"dateModified\":\"2023-03-23T12:25:58+00:00\",\"breadcrumb\":{\"@id\":\"http:\/\/dezvoltare.uvt.ro\/arte\/educatie\/programe-de-masterat\/pictura-surse-si-resurse-ale-imaginii\/#breadcrumb\"},\"inLanguage\":\"en-US\",\"potentialAction\":[{\"@type\":\"ReadAction\",\"target\":[\"http:\/\/dezvoltare.uvt.ro\/arte\/educatie\/programe-de-masterat\/pictura-surse-si-resurse-ale-imaginii\/\"]}]},{\"@type\":\"BreadcrumbList\",\"@id\":\"http:\/\/dezvoltare.uvt.ro\/arte\/educatie\/programe-de-masterat\/pictura-surse-si-resurse-ale-imaginii\/#breadcrumb\",\"itemListElement\":[{\"@type\":\"ListItem\",\"position\":1,\"name\":\"Acas\u0103\",\"item\":\"https:\/\/dezvoltare.uvt.ro\/arte\/\"},{\"@type\":\"ListItem\",\"position\":2,\"name\":\"Educa\u021bie\",\"item\":\"http:\/\/dezvoltare.uvt.ro\/arte\/educatie\/\"},{\"@type\":\"ListItem\",\"position\":3,\"name\":\"Programe de masterat\",\"item\":\"http:\/\/dezvoltare.uvt.ro\/arte\/educatie\/programe-de-masterat\/\"},{\"@type\":\"ListItem\",\"position\":4,\"name\":\"Pictura &#8211; Surse si resurse ale imaginii\"}]},{\"@type\":\"WebSite\",\"@id\":\"https:\/\/dezvoltare.uvt.ro\/arte\/#website\",\"url\":\"https:\/\/dezvoltare.uvt.ro\/arte\/\",\"name\":\"dezvoltare.uvt.ro\/arte\",\"description\":\"Arte\",\"potentialAction\":[{\"@type\":\"SearchAction\",\"target\":{\"@type\":\"EntryPoint\",\"urlTemplate\":\"https:\/\/dezvoltare.uvt.ro\/arte\/?s={search_term_string}\"},\"query-input\":\"required name=search_term_string\"}],\"inLanguage\":\"en-US\"}]}<\/script>\n<!-- \/ Yoast SEO plugin. -->","yoast_head_json":{"title":"Pictura - Surse si resurse ale imaginii - dezvoltare.uvt.ro\/arte","robots":{"index":"noindex","follow":"follow","max-snippet":"max-snippet:-1","max-image-preview":"max-image-preview:large","max-video-preview":"max-video-preview:-1"},"og_locale":"en_US","og_type":"article","og_title":"Pictura - Surse si resurse ale imaginii - dezvoltare.uvt.ro\/arte","og_description":"Pictura &#8211; Surse \u0219i resurse ale imaginii Prezentarea specializ\u0103rii Studiile masterale \u00een specializarea pictur\u0103 ofer\u0103 studen\u0163ilor cele mai bune condi\u0163ii \u015fi cele mai eficiente rute disciplinare de investigare creativ\u0103 a limbajelor cromatice, formarea \u015fi perfec\u0163ionarea expresiei stilistice personale \u00een arta picturii \u015fi realizarea treptat\u0103 a unei \u00eenalte calit\u0103\u0163i profesionale \u00een toat\u0103 crea\u0163ia artistic\u0103 a cursan\u0163ilor [&hellip;]","og_url":"http:\/\/dezvoltare.uvt.ro\/arte\/educatie\/programe-de-masterat\/pictura-surse-si-resurse-ale-imaginii\/","og_site_name":"dezvoltare.uvt.ro\/arte","article_modified_time":"2023-03-23T12:25:58+00:00","twitter_card":"summary_large_image","twitter_misc":{"Est. reading time":"2 minutes"},"schema":{"@context":"https:\/\/schema.org","@graph":[{"@type":"WebPage","@id":"http:\/\/dezvoltare.uvt.ro\/arte\/educatie\/programe-de-masterat\/pictura-surse-si-resurse-ale-imaginii\/","url":"http:\/\/dezvoltare.uvt.ro\/arte\/educatie\/programe-de-masterat\/pictura-surse-si-resurse-ale-imaginii\/","name":"Pictura - Surse si resurse ale imaginii - dezvoltare.uvt.ro\/arte","isPartOf":{"@id":"https:\/\/dezvoltare.uvt.ro\/arte\/#website"},"datePublished":"2021-12-12T12:20:45+00:00","dateModified":"2023-03-23T12:25:58+00:00","breadcrumb":{"@id":"http:\/\/dezvoltare.uvt.ro\/arte\/educatie\/programe-de-masterat\/pictura-surse-si-resurse-ale-imaginii\/#breadcrumb"},"inLanguage":"en-US","potentialAction":[{"@type":"ReadAction","target":["http:\/\/dezvoltare.uvt.ro\/arte\/educatie\/programe-de-masterat\/pictura-surse-si-resurse-ale-imaginii\/"]}]},{"@type":"BreadcrumbList","@id":"http:\/\/dezvoltare.uvt.ro\/arte\/educatie\/programe-de-masterat\/pictura-surse-si-resurse-ale-imaginii\/#breadcrumb","itemListElement":[{"@type":"ListItem","position":1,"name":"Acas\u0103","item":"https:\/\/dezvoltare.uvt.ro\/arte\/"},{"@type":"ListItem","position":2,"name":"Educa\u021bie","item":"http:\/\/dezvoltare.uvt.ro\/arte\/educatie\/"},{"@type":"ListItem","position":3,"name":"Programe de masterat","item":"http:\/\/dezvoltare.uvt.ro\/arte\/educatie\/programe-de-masterat\/"},{"@type":"ListItem","position":4,"name":"Pictura &#8211; Surse si resurse ale imaginii"}]},{"@type":"WebSite","@id":"https:\/\/dezvoltare.uvt.ro\/arte\/#website","url":"https:\/\/dezvoltare.uvt.ro\/arte\/","name":"dezvoltare.uvt.ro\/arte","description":"Arte","potentialAction":[{"@type":"SearchAction","target":{"@type":"EntryPoint","urlTemplate":"https:\/\/dezvoltare.uvt.ro\/arte\/?s={search_term_string}"},"query-input":"required name=search_term_string"}],"inLanguage":"en-US"}]}},"_links":{"self":[{"href":"http:\/\/dezvoltare.uvt.ro\/arte\/wp-json\/wp\/v2\/pages\/1146"}],"collection":[{"href":"http:\/\/dezvoltare.uvt.ro\/arte\/wp-json\/wp\/v2\/pages"}],"about":[{"href":"http:\/\/dezvoltare.uvt.ro\/arte\/wp-json\/wp\/v2\/types\/page"}],"author":[{"embeddable":true,"href":"http:\/\/dezvoltare.uvt.ro\/arte\/wp-json\/wp\/v2\/users\/2"}],"replies":[{"embeddable":true,"href":"http:\/\/dezvoltare.uvt.ro\/arte\/wp-json\/wp\/v2\/comments?post=1146"}],"version-history":[{"count":0,"href":"http:\/\/dezvoltare.uvt.ro\/arte\/wp-json\/wp\/v2\/pages\/1146\/revisions"}],"up":[{"embeddable":true,"href":"http:\/\/dezvoltare.uvt.ro\/arte\/wp-json\/wp\/v2\/pages\/101"}],"wp:attachment":[{"href":"http:\/\/dezvoltare.uvt.ro\/arte\/wp-json\/wp\/v2\/media?parent=1146"}],"curies":[{"name":"wp","href":"https:\/\/api.w.org\/{rel}","templated":true}]}}