{"id":117,"date":"2021-11-10T09:41:48","date_gmt":"2021-11-10T09:41:48","guid":{"rendered":"http:\/\/dezvoltare.uvt.ro\/arte\/?page_id=117"},"modified":"2023-07-25T09:22:32","modified_gmt":"2023-07-25T09:22:32","slug":"avizier-general","status":"publish","type":"page","link":"http:\/\/dezvoltare.uvt.ro\/arte\/educatie\/avizier-general\/","title":{"rendered":"Avizier general"},"content":{"rendered":"\t\t<div data-elementor-type=\"wp-page\" data-elementor-id=\"117\" class=\"elementor elementor-117\">\n\t\t\t\t\t\t\t\t\t<section class=\"elementor-section elementor-top-section elementor-element elementor-element-272198e elementor-section-boxed elementor-section-height-default elementor-section-height-default\" data-id=\"272198e\" data-element_type=\"section\">\n\t\t\t\t\t\t<div class=\"elementor-container elementor-column-gap-default\">\n\t\t\t\t\t<div class=\"elementor-column elementor-col-100 elementor-top-column elementor-element elementor-element-0a8954c\" data-id=\"0a8954c\" data-element_type=\"column\">\n\t\t\t<div class=\"elementor-widget-wrap elementor-element-populated\">\n\t\t\t\t\t\t\t\t<div class=\"elementor-element elementor-element-8cd1e94 elementor-align-left elementor-widget elementor-widget-breadcrumbs\" data-id=\"8cd1e94\" data-element_type=\"widget\" data-widget_type=\"breadcrumbs.default\">\n\t\t\t\t<div class=\"elementor-widget-container\">\n\t\t\t<p id=\"breadcrumbs\"><span><span><a href=\"https:\/\/dezvoltare.uvt.ro\/arte\/\">Acas\u0103<\/a><\/span><\/span><\/p>\t\t<\/div>\n\t\t\t\t<\/div>\n\t\t\t\t\t<\/div>\n\t\t<\/div>\n\t\t\t\t\t\t\t<\/div>\n\t\t<\/section>\n\t\t\t\t<section class=\"elementor-section elementor-top-section elementor-element elementor-element-dc9d8c6 elementor-section-boxed elementor-section-height-default elementor-section-height-default\" data-id=\"dc9d8c6\" data-element_type=\"section\">\n\t\t\t\t\t\t<div class=\"elementor-container elementor-column-gap-default\">\n\t\t\t\t\t<div class=\"elementor-column elementor-col-100 elementor-top-column elementor-element elementor-element-a7ca6e3\" data-id=\"a7ca6e3\" data-element_type=\"column\">\n\t\t\t<div class=\"elementor-widget-wrap elementor-element-populated\">\n\t\t\t\t\t\t\t\t<div class=\"elementor-element elementor-element-4eb5c86 elementor-widget elementor-widget-heading\" data-id=\"4eb5c86\" data-element_type=\"widget\" data-widget_type=\"heading.default\">\n\t\t\t\t<div class=\"elementor-widget-container\">\n\t\t\t<h2 class=\"elementor-heading-title elementor-size-default\">Avizier general<\/h2>\t\t<\/div>\n\t\t\t\t<\/div>\n\t\t\t\t<div class=\"elementor-element elementor-element-1cec07e elementor-widget-divider--view-line elementor-widget elementor-widget-divider\" data-id=\"1cec07e\" data-element_type=\"widget\" data-widget_type=\"divider.default\">\n\t\t\t\t<div class=\"elementor-widget-container\">\n\t\t\t\t\t<div class=\"elementor-divider\">\n\t\t\t<span class=\"elementor-divider-separator\">\n\t\t\t\t\t\t<\/span>\n\t\t<\/div>\n\t\t\t\t<\/div>\n\t\t\t\t<\/div>\n\t\t\t\t\t<\/div>\n\t\t<\/div>\n\t\t\t\t\t\t\t<\/div>\n\t\t<\/section>\n\t\t\t\t<section class=\"elementor-section elementor-top-section elementor-element elementor-element-5319943 elementor-section-boxed elementor-section-height-default elementor-section-height-default\" data-id=\"5319943\" data-element_type=\"section\">\n\t\t\t\t\t\t<div class=\"elementor-container elementor-column-gap-default\">\n\t\t\t\t\t<div class=\"elementor-column elementor-col-100 elementor-top-column elementor-element elementor-element-866d596\" data-id=\"866d596\" data-element_type=\"column\">\n\t\t\t<div class=\"elementor-widget-wrap elementor-element-populated\">\n\t\t\t\t\t\t\t\t<div class=\"elementor-element elementor-element-2b81d5f elementor-widget elementor-widget-text-editor\" data-id=\"2b81d5f\" data-element_type=\"widget\" data-widget_type=\"text-editor.default\">\n\t\t\t\t<div class=\"elementor-widget-container\">\n\t\t\t\t\t\t\t<p><a href=\"http:\/\/dezvoltare.uvt.ro\/arte\/wp-content\/uploads\/2023\/03\/Promovare-in-anul-3.pdf\">Promovare \u00een anul 3<\/a><\/p><p><a href=\"http:\/\/dezvoltare.uvt.ro\/arte\/wp-content\/uploads\/2023\/03\/Cerere-retragere-lucrari-student.doc\">Cerere retragere lucr\u0103ri student<\/a><\/p><p><a href=\"http:\/\/dezvoltare.uvt.ro\/arte\/wp-content\/uploads\/2023\/03\/Cerere-retragere-lucrari-absolvent.doc\">Cerere retragere lucr\u0103ri absolvent<\/a><\/p>\t\t\t\t\t\t<\/div>\n\t\t\t\t<\/div>\n\t\t\t\t\t<\/div>\n\t\t<\/div>\n\t\t\t\t\t\t\t<\/div>\n\t\t<\/section>\n\t\t\t\t<section class=\"elementor-section elementor-top-section elementor-element elementor-element-a3261f0 elementor-section-boxed elementor-section-height-default elementor-section-height-default\" data-id=\"a3261f0\" data-element_type=\"section\">\n\t\t\t\t\t\t<div class=\"elementor-container elementor-column-gap-default\">\n\t\t\t\t\t<div class=\"elementor-column elementor-col-100 elementor-top-column elementor-element elementor-element-53f4f1b\" data-id=\"53f4f1b\" data-element_type=\"column\">\n\t\t\t<div class=\"elementor-widget-wrap elementor-element-populated\">\n\t\t\t\t\t\t\t\t<div class=\"elementor-element elementor-element-59bb16e elementor-widget elementor-widget-eael-adv-accordion\" data-id=\"59bb16e\" data-element_type=\"widget\" data-widget_type=\"eael-adv-accordion.default\">\n\t\t\t\t<div class=\"elementor-widget-container\">\n\t\t\t        <div class=\"eael-adv-accordion\" id=\"eael-adv-accordion-59bb16e\" data-accordion-id=\"59bb16e\" data-accordion-type=\"accordion\" data-toogle-speed=\"300\">\n    <div class=\"eael-accordion-list\">\n                <div id=\"avizier-licen\" class=\"elementor-tab-title eael-accordion-header\" tabindex=\"9401\" data-tab=\"1\" aria-controls=\"elementor-tab-content-9401\"><span class=\"eael-advanced-accordion-icon-closed\"><i aria-hidden=\"true\" class=\"fa-accordion-icon fas fa-plus\"><\/i><\/span><span class=\"eael-advanced-accordion-icon-opened\"><i aria-hidden=\"true\" class=\"fa-accordion-icon fas fa-minus\"><\/i><\/span><span class=\"eael-accordion-tab-title\">Avizier licen\u021b\u0103<\/span><i aria-hidden=\"true\" class=\"fa-toggle fas fa-angle-right\"><\/i><\/div><div id=\"elementor-tab-content-9401\" class=\"eael-accordion-content clearfix\" data-tab=\"1\" aria-labelledby=\"avizier-licen\"><p><ul><li><a href=\"http:\/\/dezvoltare.uvt.ro\/arte\/wp-content\/uploads\/2023\/03\/Regulament-privind-organizarea-si-desfasurarea-examenelor-de-finalizare-a-studiilor-universitare-de-licenta-si-masterat-la-Facultatea-de-Arte-si-Design-2022-2023.pdf\" target=\"_blank\" rel=\"noopener\">Metodologie FAD Examen Licenta \u0219i Disertatie 2022 - 2023<\/a><\/li><li><a href=\"http:\/\/dezvoltare.uvt.ro\/arte\/wp-content\/uploads\/2023\/03\/Anexa1-Template-coperta-si-pagina-de-titlu-licenta.docx\" target=\"_blank\" rel=\"noopener\">Anexa 1 - Template coperta \u0219i pagina de titlu licen\u021b\u0103<\/a><\/li><li><a href=\"http:\/\/dezvoltare.uvt.ro\/arte\/wp-content\/uploads\/2023\/03\/Metodologia-privind-activitatea-de-coordonare-a-elaborarii-lucrarilor-de-finalizare-de-studii-si-privind-activitatea-de-verificare-a-originalitatii-lucrarilor-de-finalizare-a-studiilor.pdf\" target=\"_blank\" rel=\"noopener\">Metodologia privind activitatea de coordonare a elabor\u0103rii lucr\u0103rilor de finalizare de studii \u0219i privind activitatea de verificare a originalit\u0103\u021bii lucr\u0103rilor de finalizare a studiilor<\/a><\/li><li><a href=\"http:\/\/dezvoltare.uvt.ro\/arte\/wp-content\/uploads\/2023\/03\/Areal-tematic-pentru-licenta-per-coordonatori.pdf\" target=\"_blank\" rel=\"noopener\">Areal tematic - coordonatori<\/a><\/li><\/ul><\/p><\/div>\n                <\/div><div class=\"eael-accordion-list\">\n                <div id=\"avizier-master\" class=\"elementor-tab-title eael-accordion-header\" tabindex=\"9402\" data-tab=\"2\" aria-controls=\"elementor-tab-content-9402\"><span class=\"eael-advanced-accordion-icon-closed\"><i aria-hidden=\"true\" class=\"fa-accordion-icon fas fa-plus\"><\/i><\/span><span class=\"eael-advanced-accordion-icon-opened\"><i aria-hidden=\"true\" class=\"fa-accordion-icon fas fa-minus\"><\/i><\/span><span class=\"eael-accordion-tab-title\">Avizier master<\/span><i aria-hidden=\"true\" class=\"fa-toggle fas fa-angle-right\"><\/i><\/div><div id=\"elementor-tab-content-9402\" class=\"eael-accordion-content clearfix\" data-tab=\"2\" aria-labelledby=\"avizier-master\"><p><ul><li><a href=\"http:\/\/dezvoltare.uvt.ro\/arte\/wp-content\/uploads\/2023\/03\/Regulament-privind-organizarea-si-desfasurarea-examenelor-de-finalizare-a-studiilor-universitare-de-licenta-si-masterat-la-Facultatea-de-Arte-si-Design-2022-2023-1.pdf\" target=\"_blank\" rel=\"noopener\">Metodologie FAD Examen Licenta \u0219i Disertatie 2022 - 2023<\/a><\/li><li><a href=\"http:\/\/dezvoltare.uvt.ro\/arte\/wp-content\/uploads\/2023\/03\/Anexa1-Template-coperta-si-pagina-de-titlu-disertatie.docx\" target=\"_blank\" rel=\"noopener\">Anexa 1 - Template coperta \u0219i pagina de titlu diserta\u021bie<\/a><\/li><li><a href=\"http:\/\/dezvoltare.uvt.ro\/arte\/wp-content\/uploads\/2023\/03\/Metodologia-privind-activitatea-de-coordonare-a-elaborarii-lucrarilor-de-finalizare-de-studii-si-privind-activitatea-de-verificare-a-originalitatii-lucrarilor-de-finalizare-a-studiilor-1.pdf\" target=\"_blank\" rel=\"noopener\">Metodologia privind activitatea de coordonare a elabor\u0103rii lucr\u0103rilor de finalizare de studii \u0219i privind activitatea de verificare a originalit\u0103\u021bii lucr\u0103rilor de finalizare a studiilor<\/a><\/li><li><a href=\"http:\/\/dezvoltare.uvt.ro\/arte\/wp-content\/uploads\/2023\/03\/Areal-tematic-pentru-disertatie-per-coordonatori.pdf\" target=\"_blank\" rel=\"noopener\">Areal tematic - coordonatori<\/a><\/li><\/ul><\/p><\/div>\n                <\/div><div class=\"eael-accordion-list\">\n                <div id=\"avizier-doctorat\" class=\"elementor-tab-title eael-accordion-header\" tabindex=\"9403\" data-tab=\"3\" aria-controls=\"elementor-tab-content-9403\"><span class=\"eael-advanced-accordion-icon-closed\"><i aria-hidden=\"true\" class=\"fa-accordion-icon fas fa-plus\"><\/i><\/span><span class=\"eael-advanced-accordion-icon-opened\"><i aria-hidden=\"true\" class=\"fa-accordion-icon fas fa-minus\"><\/i><\/span><span class=\"eael-accordion-tab-title\">Avizier doctorat<\/span><i aria-hidden=\"true\" class=\"fa-toggle fas fa-angle-right\"><\/i><\/div><div id=\"elementor-tab-content-9403\" class=\"eael-accordion-content clearfix\" data-tab=\"3\" aria-labelledby=\"avizier-doctorat\"><p><ul><li><a href=\"http:\/\/dezvoltare.uvt.ro\/arte\/wp-content\/uploads\/2023\/03\/Studenti-inmatriculati-anul-I-2022-2023.doc\" target=\"_blank\" rel=\"noopener\">Studen\u021bi \u00eenmatricula\u021bi anul I 2022-2023<\/a><\/li><li><a href=\"http:\/\/dezvoltare.uvt.ro\/arte\/wp-content\/uploads\/2023\/03\/Cerere-schimbare-titlu-teza.pdf\" target=\"_blank\" rel=\"noopener\">Cerere schimbare titlu tez\u0103<\/a><\/li><li><a href=\"http:\/\/dezvoltare.uvt.ro\/arte\/wp-content\/uploads\/2023\/03\/Cerere-de-amanare-sustinere-raport.pdf\" target=\"_blank\" rel=\"noopener\">Cerere de am\u00e2nare sus\u021binere raport<\/a><\/li><li><a href=\"http:\/\/dezvoltare.uvt.ro\/arte\/wp-content\/uploads\/2023\/03\/Cerere-de-intrerupere-a-studiilor.pdf\" target=\"_blank\" rel=\"noopener\">Cerere de \u00eentrerupere a studiilor<\/a><\/li><li><a href=\"http:\/\/dezvoltare.uvt.ro\/arte\/wp-content\/uploads\/2023\/03\/Cerere-de-prelungire-scolaritate.pdf\" target=\"_blank\" rel=\"noopener\">Cerere de prelungire scolaritate<\/a><\/li><li><a href=\"http:\/\/dezvoltare.uvt.ro\/arte\/wp-content\/uploads\/2023\/03\/Cerere-de-reluare-a-studiilor.pdf\" target=\"_blank\" rel=\"noopener\">Cerere de reluare a studiilor<\/a><\/li><li><a href=\"http:\/\/dezvoltare.uvt.ro\/arte\/wp-content\/uploads\/2023\/03\/Cerere-pentru-intrarea-in-perioada-de-gratie.pdf\" target=\"_blank\" rel=\"noopener\">Cerere pentru intrarea \u00een perioada de gra\u021bie<\/a><\/li><li><a href=\"http:\/\/dezvoltare.uvt.ro\/arte\/wp-content\/uploads\/2023\/03\/Cerere-schimbare-coordonator.pdf\" target=\"_blank\" rel=\"noopener\">Cerere schimbare coordonator<\/a><\/li><li><a href=\"http:\/\/dezvoltare.uvt.ro\/arte\/wp-content\/uploads\/2023\/03\/Cerere-schimbare-titlu-raport.pdf\" target=\"_blank\" rel=\"noopener\">Cerere schimbare titlu raport<\/a><\/li><\/ul><\/p><\/div>\n                <\/div><\/div>\t\t<\/div>\n\t\t\t\t<\/div>\n\t\t\t\t\t<\/div>\n\t\t<\/div>\n\t\t\t\t\t\t\t<\/div>\n\t\t<\/section>\n\t\t\t\t\t\t\t<\/div>\n\t\t","protected":false},"excerpt":{"rendered":"<p>Avizier general Promovare \u00een anul 3 Cerere retragere lucr\u0103ri student Cerere retragere lucr\u0103ri absolvent Avizier licen\u021b\u0103 Metodologie FAD Examen Licenta \u0219i Disertatie 2022 &#8211; 2023 Anexa 1 &#8211; Template coperta \u0219i pagina de titlu licen\u021b\u0103 Metodologia privind activitatea de coordonare a elabor\u0103rii lucr\u0103rilor de finalizare de studii \u0219i privind activitatea de verificare a originalit\u0103\u021bii lucr\u0103rilor [&hellip;]<\/p>\n","protected":false},"author":2,"featured_media":0,"parent":97,"menu_order":0,"comment_status":"closed","ping_status":"closed","template":"","meta":[],"acf":[],"yoast_head":"<!-- This site is optimized with the Yoast SEO plugin v20.4 - https:\/\/yoast.com\/wordpress\/plugins\/seo\/ -->\n<title>Avizier general - dezvoltare.uvt.ro\/arte<\/title>\n<meta name=\"robots\" content=\"noindex, follow, max-snippet:-1, max-image-preview:large, max-video-preview:-1\" \/>\n<meta property=\"og:locale\" content=\"en_US\" \/>\n<meta property=\"og:type\" content=\"article\" \/>\n<meta property=\"og:title\" content=\"Avizier general - dezvoltare.uvt.ro\/arte\" \/>\n<meta property=\"og:description\" content=\"Avizier general Promovare \u00een anul 3 Cerere retragere lucr\u0103ri student Cerere retragere lucr\u0103ri absolvent Avizier licen\u021b\u0103 Metodologie FAD Examen Licenta \u0219i Disertatie 2022 &#8211; 2023 Anexa 1 &#8211; Template coperta \u0219i pagina de titlu licen\u021b\u0103 Metodologia privind activitatea de coordonare a elabor\u0103rii lucr\u0103rilor de finalizare de studii \u0219i privind activitatea de verificare a originalit\u0103\u021bii lucr\u0103rilor [&hellip;]\" \/>\n<meta property=\"og:url\" content=\"http:\/\/dezvoltare.uvt.ro\/arte\/educatie\/avizier-general\/\" \/>\n<meta property=\"og:site_name\" content=\"dezvoltare.uvt.ro\/arte\" \/>\n<meta property=\"article:modified_time\" content=\"2023-07-25T09:22:32+00:00\" \/>\n<meta name=\"twitter:card\" content=\"summary_large_image\" \/>\n<meta name=\"twitter:label1\" content=\"Est. reading time\" \/>\n\t<meta name=\"twitter:data1\" content=\"1 minute\" \/>\n<script type=\"application\/ld+json\" class=\"yoast-schema-graph\">{\"@context\":\"https:\/\/schema.org\",\"@graph\":[{\"@type\":\"WebPage\",\"@id\":\"http:\/\/dezvoltare.uvt.ro\/arte\/educatie\/avizier-general\/\",\"url\":\"http:\/\/dezvoltare.uvt.ro\/arte\/educatie\/avizier-general\/\",\"name\":\"Avizier general - dezvoltare.uvt.ro\/arte\",\"isPartOf\":{\"@id\":\"https:\/\/dezvoltare.uvt.ro\/arte\/#website\"},\"datePublished\":\"2021-11-10T09:41:48+00:00\",\"dateModified\":\"2023-07-25T09:22:32+00:00\",\"breadcrumb\":{\"@id\":\"http:\/\/dezvoltare.uvt.ro\/arte\/educatie\/avizier-general\/#breadcrumb\"},\"inLanguage\":\"en-US\",\"potentialAction\":[{\"@type\":\"ReadAction\",\"target\":[\"http:\/\/dezvoltare.uvt.ro\/arte\/educatie\/avizier-general\/\"]}]},{\"@type\":\"BreadcrumbList\",\"@id\":\"http:\/\/dezvoltare.uvt.ro\/arte\/educatie\/avizier-general\/#breadcrumb\",\"itemListElement\":[{\"@type\":\"ListItem\",\"position\":1,\"name\":\"Acas\u0103\",\"item\":\"https:\/\/dezvoltare.uvt.ro\/arte\/\"},{\"@type\":\"ListItem\",\"position\":2,\"name\":\"Educa\u021bie\",\"item\":\"http:\/\/dezvoltare.uvt.ro\/arte\/educatie\/\"},{\"@type\":\"ListItem\",\"position\":3,\"name\":\"Avizier general\"}]},{\"@type\":\"WebSite\",\"@id\":\"https:\/\/dezvoltare.uvt.ro\/arte\/#website\",\"url\":\"https:\/\/dezvoltare.uvt.ro\/arte\/\",\"name\":\"dezvoltare.uvt.ro\/arte\",\"description\":\"Arte\",\"potentialAction\":[{\"@type\":\"SearchAction\",\"target\":{\"@type\":\"EntryPoint\",\"urlTemplate\":\"https:\/\/dezvoltare.uvt.ro\/arte\/?s={search_term_string}\"},\"query-input\":\"required name=search_term_string\"}],\"inLanguage\":\"en-US\"}]}<\/script>\n<!-- \/ Yoast SEO plugin. -->","yoast_head_json":{"title":"Avizier general - dezvoltare.uvt.ro\/arte","robots":{"index":"noindex","follow":"follow","max-snippet":"max-snippet:-1","max-image-preview":"max-image-preview:large","max-video-preview":"max-video-preview:-1"},"og_locale":"en_US","og_type":"article","og_title":"Avizier general - dezvoltare.uvt.ro\/arte","og_description":"Avizier general Promovare \u00een anul 3 Cerere retragere lucr\u0103ri student Cerere retragere lucr\u0103ri absolvent Avizier licen\u021b\u0103 Metodologie FAD Examen Licenta \u0219i Disertatie 2022 &#8211; 2023 Anexa 1 &#8211; Template coperta \u0219i pagina de titlu licen\u021b\u0103 Metodologia privind activitatea de coordonare a elabor\u0103rii lucr\u0103rilor de finalizare de studii \u0219i privind activitatea de verificare a originalit\u0103\u021bii lucr\u0103rilor [&hellip;]","og_url":"http:\/\/dezvoltare.uvt.ro\/arte\/educatie\/avizier-general\/","og_site_name":"dezvoltare.uvt.ro\/arte","article_modified_time":"2023-07-25T09:22:32+00:00","twitter_card":"summary_large_image","twitter_misc":{"Est. reading time":"1 minute"},"schema":{"@context":"https:\/\/schema.org","@graph":[{"@type":"WebPage","@id":"http:\/\/dezvoltare.uvt.ro\/arte\/educatie\/avizier-general\/","url":"http:\/\/dezvoltare.uvt.ro\/arte\/educatie\/avizier-general\/","name":"Avizier general - dezvoltare.uvt.ro\/arte","isPartOf":{"@id":"https:\/\/dezvoltare.uvt.ro\/arte\/#website"},"datePublished":"2021-11-10T09:41:48+00:00","dateModified":"2023-07-25T09:22:32+00:00","breadcrumb":{"@id":"http:\/\/dezvoltare.uvt.ro\/arte\/educatie\/avizier-general\/#breadcrumb"},"inLanguage":"en-US","potentialAction":[{"@type":"ReadAction","target":["http:\/\/dezvoltare.uvt.ro\/arte\/educatie\/avizier-general\/"]}]},{"@type":"BreadcrumbList","@id":"http:\/\/dezvoltare.uvt.ro\/arte\/educatie\/avizier-general\/#breadcrumb","itemListElement":[{"@type":"ListItem","position":1,"name":"Acas\u0103","item":"https:\/\/dezvoltare.uvt.ro\/arte\/"},{"@type":"ListItem","position":2,"name":"Educa\u021bie","item":"http:\/\/dezvoltare.uvt.ro\/arte\/educatie\/"},{"@type":"ListItem","position":3,"name":"Avizier general"}]},{"@type":"WebSite","@id":"https:\/\/dezvoltare.uvt.ro\/arte\/#website","url":"https:\/\/dezvoltare.uvt.ro\/arte\/","name":"dezvoltare.uvt.ro\/arte","description":"Arte","potentialAction":[{"@type":"SearchAction","target":{"@type":"EntryPoint","urlTemplate":"https:\/\/dezvoltare.uvt.ro\/arte\/?s={search_term_string}"},"query-input":"required name=search_term_string"}],"inLanguage":"en-US"}]}},"_links":{"self":[{"href":"http:\/\/dezvoltare.uvt.ro\/arte\/wp-json\/wp\/v2\/pages\/117"}],"collection":[{"href":"http:\/\/dezvoltare.uvt.ro\/arte\/wp-json\/wp\/v2\/pages"}],"about":[{"href":"http:\/\/dezvoltare.uvt.ro\/arte\/wp-json\/wp\/v2\/types\/page"}],"author":[{"embeddable":true,"href":"http:\/\/dezvoltare.uvt.ro\/arte\/wp-json\/wp\/v2\/users\/2"}],"replies":[{"embeddable":true,"href":"http:\/\/dezvoltare.uvt.ro\/arte\/wp-json\/wp\/v2\/comments?post=117"}],"version-history":[{"count":3,"href":"http:\/\/dezvoltare.uvt.ro\/arte\/wp-json\/wp\/v2\/pages\/117\/revisions"}],"predecessor-version":[{"id":3543,"href":"http:\/\/dezvoltare.uvt.ro\/arte\/wp-json\/wp\/v2\/pages\/117\/revisions\/3543"}],"up":[{"embeddable":true,"href":"http:\/\/dezvoltare.uvt.ro\/arte\/wp-json\/wp\/v2\/pages\/97"}],"wp:attachment":[{"href":"http:\/\/dezvoltare.uvt.ro\/arte\/wp-json\/wp\/v2\/media?parent=117"}],"curies":[{"name":"wp","href":"https:\/\/api.w.org\/{rel}","templated":true}]}}