{"id":129,"date":"2021-11-10T09:46:16","date_gmt":"2021-11-10T09:46:16","guid":{"rendered":"http:\/\/dezvoltare.uvt.ro\/arte\/?page_id=129"},"modified":"2023-07-25T09:23:53","modified_gmt":"2023-07-25T09:23:53","slug":"cereri-formulare-acte-studii","status":"publish","type":"page","link":"http:\/\/dezvoltare.uvt.ro\/arte\/educatie\/cereri-formulare-acte-studii\/","title":{"rendered":"Cereri \/ Formulare \/ Acte studii"},"content":{"rendered":"\t\t<div data-elementor-type=\"wp-page\" data-elementor-id=\"129\" class=\"elementor elementor-129\">\n\t\t\t\t\t\t\t\t\t<section class=\"elementor-section elementor-top-section elementor-element elementor-element-a481659 elementor-section-boxed elementor-section-height-default elementor-section-height-default\" data-id=\"a481659\" data-element_type=\"section\">\n\t\t\t\t\t\t<div class=\"elementor-container elementor-column-gap-default\">\n\t\t\t\t\t<div class=\"elementor-column elementor-col-100 elementor-top-column elementor-element elementor-element-b5fa82d\" data-id=\"b5fa82d\" data-element_type=\"column\">\n\t\t\t<div class=\"elementor-widget-wrap elementor-element-populated\">\n\t\t\t\t\t\t\t\t<div class=\"elementor-element elementor-element-c2ae29a elementor-align-left elementor-widget elementor-widget-breadcrumbs\" data-id=\"c2ae29a\" data-element_type=\"widget\" data-widget_type=\"breadcrumbs.default\">\n\t\t\t\t<div class=\"elementor-widget-container\">\n\t\t\t<p id=\"breadcrumbs\"><span><span><a href=\"https:\/\/dezvoltare.uvt.ro\/arte\/\">Acas\u0103<\/a><\/span><\/span><\/p>\t\t<\/div>\n\t\t\t\t<\/div>\n\t\t\t\t\t<\/div>\n\t\t<\/div>\n\t\t\t\t\t\t\t<\/div>\n\t\t<\/section>\n\t\t\t\t<section class=\"elementor-section elementor-top-section elementor-element elementor-element-aaaeadb elementor-section-boxed elementor-section-height-default elementor-section-height-default\" data-id=\"aaaeadb\" data-element_type=\"section\">\n\t\t\t\t\t\t<div class=\"elementor-container elementor-column-gap-default\">\n\t\t\t\t\t<div class=\"elementor-column elementor-col-100 elementor-top-column elementor-element elementor-element-b9020b4\" data-id=\"b9020b4\" data-element_type=\"column\">\n\t\t\t<div class=\"elementor-widget-wrap elementor-element-populated\">\n\t\t\t\t\t\t\t\t<div class=\"elementor-element elementor-element-bc7c3b5 elementor-widget elementor-widget-heading\" data-id=\"bc7c3b5\" data-element_type=\"widget\" data-widget_type=\"heading.default\">\n\t\t\t\t<div class=\"elementor-widget-container\">\n\t\t\t<h2 class=\"elementor-heading-title elementor-size-default\">Cereri \/ Formulare \/ Acte studii<\/h2>\t\t<\/div>\n\t\t\t\t<\/div>\n\t\t\t\t<div class=\"elementor-element elementor-element-c14f378 elementor-widget-divider--view-line elementor-widget elementor-widget-divider\" data-id=\"c14f378\" data-element_type=\"widget\" data-widget_type=\"divider.default\">\n\t\t\t\t<div class=\"elementor-widget-container\">\n\t\t\t\t\t<div class=\"elementor-divider\">\n\t\t\t<span class=\"elementor-divider-separator\">\n\t\t\t\t\t\t<\/span>\n\t\t<\/div>\n\t\t\t\t<\/div>\n\t\t\t\t<\/div>\n\t\t\t\t\t<\/div>\n\t\t<\/div>\n\t\t\t\t\t\t\t<\/div>\n\t\t<\/section>\n\t\t\t\t<section class=\"elementor-section elementor-top-section elementor-element elementor-element-438b5cc elementor-section-boxed elementor-section-height-default elementor-section-height-default\" data-id=\"438b5cc\" data-element_type=\"section\">\n\t\t\t\t\t\t<div class=\"elementor-container elementor-column-gap-default\">\n\t\t\t\t\t<div class=\"elementor-column elementor-col-100 elementor-top-column elementor-element elementor-element-fa99e55\" data-id=\"fa99e55\" data-element_type=\"column\">\n\t\t\t<div class=\"elementor-widget-wrap elementor-element-populated\">\n\t\t\t\t\t\t\t\t<div class=\"elementor-element elementor-element-eccf2ea elementor-widget elementor-widget-text-editor\" data-id=\"eccf2ea\" data-element_type=\"widget\" data-widget_type=\"text-editor.default\">\n\t\t\t\t<div class=\"elementor-widget-container\">\n\t\t\t\t\t\t\t<p>Dragi studen\u021bi,<\/p><p>Pentru optimizarea procesului de transmitere a solicit\u0103rilor \u0219i \u00eentreb\u0103rilor din partea voastr\u0103 c\u0103tre InfoCentrul studen\u021besc UVT, respectiv de solu\u021bionare a acestora, v\u0103 punem la dispozi\u021bie<\/p><ul><li><a href=\"https:\/\/docs.google.com\/forms\/d\/e\/1FAIpQLSd8x1XThBXhupUeY7HKgWuHFtb5JTUjUGQlIm4mKhqznu64Kw\/viewform?gxids=7628\" target=\"_blank\" rel=\"noopener\">ACEST FORMULAR<\/a><\/li><\/ul><p><br \/>care poate fi accesat \u0219i din sec\u021biunea InfoCentru a site-ului UVT.<\/p><p>Astfel, urm\u0103toarele tipuri de solicit\u0103ri pot fi de acum transmise \u00een mod eficient \u0219i structurat prin intermediul formularului, fiind recomandat s\u0103 utiliza\u021bi cu to\u021bii aceast\u0103 metod\u0103, \u00een locul cererilor scrise sau a e-mailurilor:<\/p><p>Cerere pentru eliberarea unei adeverin\u021be care s\u0103 ateste calitatea de student;<br \/>Cerere de prelungire a studiilor;<br \/>Cerere de repetare a studiilor;<br \/>Cerere de \u00eentrerupere a studiilor;<br \/>Cerere de re\u00eenmatriculare la studii;<br \/>Cerere de retragere de la studii;<br \/>Cerere de reducere a frecven\u021bei;<br \/>Cerere de reducere a taxei de \u0219colarizare \u00een cazul urm\u0103rii unui al doilea program de studii universitare din acela\u0219i ciclu la UVT;<br \/>Cerere de reluare a studiilor;<br \/>Cerere pentru eliberarea documentelor din dosarul depus la UVT;<br \/>Cerere pentru eliberarea unui duplicat dup\u0103 un document;<br \/>Cerere pentru sus\u021binerea unui examen restant (reexaminare);<br \/>Cerere pentru recontractarea unei discipline.<\/p><p>De asemenea, tot prin intermediul acestui formular, pute\u021bi solicita informa\u021bii sau adresa \u00eentreb\u0103ri cu privire la un anumit domeniu sau o anumit\u0103 problem\u0103 administrativ\u0103 pe care o \u00eent\u00e2mpina\u021bi.<\/p><p>Pentru alte solicit\u0103ri, care nu sunt cuprinse \u00een formular, dar \u0219i \u00een cazul \u00een care \u00eent\u00e2mpina\u021bi probleme \u00een completarea formularului, v\u0103 pute\u021bi adresa InfoCentrului studen\u021besc la adresa de e-mail info@e-uvt.ro.<\/p><p>Mult succes!<\/p>\t\t\t\t\t\t<\/div>\n\t\t\t\t<\/div>\n\t\t\t\t\t<\/div>\n\t\t<\/div>\n\t\t\t\t\t\t\t<\/div>\n\t\t<\/section>\n\t\t\t\t\t\t\t<\/div>\n\t\t","protected":false},"excerpt":{"rendered":"<p>Cereri \/ Formulare \/ Acte studii Dragi studen\u021bi, Pentru optimizarea procesului de transmitere a solicit\u0103rilor \u0219i \u00eentreb\u0103rilor din partea voastr\u0103 c\u0103tre InfoCentrul studen\u021besc UVT, respectiv de solu\u021bionare a acestora, v\u0103 punem la dispozi\u021bie ACEST FORMULAR care poate fi accesat \u0219i din sec\u021biunea InfoCentru a site-ului UVT. Astfel, urm\u0103toarele tipuri de solicit\u0103ri pot fi de acum [&hellip;]<\/p>\n","protected":false},"author":2,"featured_media":0,"parent":97,"menu_order":0,"comment_status":"closed","ping_status":"closed","template":"","meta":[],"acf":[],"yoast_head":"<!-- This site is optimized with the Yoast SEO plugin v20.4 - https:\/\/yoast.com\/wordpress\/plugins\/seo\/ -->\n<title>Cereri \/ Formulare \/ Acte studii - dezvoltare.uvt.ro\/arte<\/title>\n<meta name=\"robots\" content=\"noindex, follow, max-snippet:-1, max-image-preview:large, max-video-preview:-1\" \/>\n<meta property=\"og:locale\" content=\"en_US\" \/>\n<meta property=\"og:type\" content=\"article\" \/>\n<meta property=\"og:title\" content=\"Cereri \/ Formulare \/ Acte studii - dezvoltare.uvt.ro\/arte\" \/>\n<meta property=\"og:description\" content=\"Cereri \/ Formulare \/ Acte studii Dragi studen\u021bi, Pentru optimizarea procesului de transmitere a solicit\u0103rilor \u0219i \u00eentreb\u0103rilor din partea voastr\u0103 c\u0103tre InfoCentrul studen\u021besc UVT, respectiv de solu\u021bionare a acestora, v\u0103 punem la dispozi\u021bie ACEST FORMULAR care poate fi accesat \u0219i din sec\u021biunea InfoCentru a site-ului UVT. Astfel, urm\u0103toarele tipuri de solicit\u0103ri pot fi de acum [&hellip;]\" \/>\n<meta property=\"og:url\" content=\"http:\/\/dezvoltare.uvt.ro\/arte\/educatie\/cereri-formulare-acte-studii\/\" \/>\n<meta property=\"og:site_name\" content=\"dezvoltare.uvt.ro\/arte\" \/>\n<meta property=\"article:modified_time\" content=\"2023-07-25T09:23:53+00:00\" \/>\n<meta name=\"twitter:card\" content=\"summary_large_image\" \/>\n<meta name=\"twitter:label1\" content=\"Est. reading time\" \/>\n\t<meta name=\"twitter:data1\" content=\"2 minutes\" \/>\n<script type=\"application\/ld+json\" class=\"yoast-schema-graph\">{\"@context\":\"https:\/\/schema.org\",\"@graph\":[{\"@type\":\"WebPage\",\"@id\":\"http:\/\/dezvoltare.uvt.ro\/arte\/educatie\/cereri-formulare-acte-studii\/\",\"url\":\"http:\/\/dezvoltare.uvt.ro\/arte\/educatie\/cereri-formulare-acte-studii\/\",\"name\":\"Cereri \/ Formulare \/ Acte studii - dezvoltare.uvt.ro\/arte\",\"isPartOf\":{\"@id\":\"https:\/\/dezvoltare.uvt.ro\/arte\/#website\"},\"datePublished\":\"2021-11-10T09:46:16+00:00\",\"dateModified\":\"2023-07-25T09:23:53+00:00\",\"breadcrumb\":{\"@id\":\"http:\/\/dezvoltare.uvt.ro\/arte\/educatie\/cereri-formulare-acte-studii\/#breadcrumb\"},\"inLanguage\":\"en-US\",\"potentialAction\":[{\"@type\":\"ReadAction\",\"target\":[\"http:\/\/dezvoltare.uvt.ro\/arte\/educatie\/cereri-formulare-acte-studii\/\"]}]},{\"@type\":\"BreadcrumbList\",\"@id\":\"http:\/\/dezvoltare.uvt.ro\/arte\/educatie\/cereri-formulare-acte-studii\/#breadcrumb\",\"itemListElement\":[{\"@type\":\"ListItem\",\"position\":1,\"name\":\"Acas\u0103\",\"item\":\"https:\/\/dezvoltare.uvt.ro\/arte\/\"},{\"@type\":\"ListItem\",\"position\":2,\"name\":\"Educa\u021bie\",\"item\":\"http:\/\/dezvoltare.uvt.ro\/arte\/educatie\/\"},{\"@type\":\"ListItem\",\"position\":3,\"name\":\"Cereri \/ Formulare \/ Acte studii\"}]},{\"@type\":\"WebSite\",\"@id\":\"https:\/\/dezvoltare.uvt.ro\/arte\/#website\",\"url\":\"https:\/\/dezvoltare.uvt.ro\/arte\/\",\"name\":\"dezvoltare.uvt.ro\/arte\",\"description\":\"Arte\",\"potentialAction\":[{\"@type\":\"SearchAction\",\"target\":{\"@type\":\"EntryPoint\",\"urlTemplate\":\"https:\/\/dezvoltare.uvt.ro\/arte\/?s={search_term_string}\"},\"query-input\":\"required name=search_term_string\"}],\"inLanguage\":\"en-US\"}]}<\/script>\n<!-- \/ Yoast SEO plugin. -->","yoast_head_json":{"title":"Cereri \/ Formulare \/ Acte studii - dezvoltare.uvt.ro\/arte","robots":{"index":"noindex","follow":"follow","max-snippet":"max-snippet:-1","max-image-preview":"max-image-preview:large","max-video-preview":"max-video-preview:-1"},"og_locale":"en_US","og_type":"article","og_title":"Cereri \/ Formulare \/ Acte studii - dezvoltare.uvt.ro\/arte","og_description":"Cereri \/ Formulare \/ Acte studii Dragi studen\u021bi, Pentru optimizarea procesului de transmitere a solicit\u0103rilor \u0219i \u00eentreb\u0103rilor din partea voastr\u0103 c\u0103tre InfoCentrul studen\u021besc UVT, respectiv de solu\u021bionare a acestora, v\u0103 punem la dispozi\u021bie ACEST FORMULAR care poate fi accesat \u0219i din sec\u021biunea InfoCentru a site-ului UVT. Astfel, urm\u0103toarele tipuri de solicit\u0103ri pot fi de acum [&hellip;]","og_url":"http:\/\/dezvoltare.uvt.ro\/arte\/educatie\/cereri-formulare-acte-studii\/","og_site_name":"dezvoltare.uvt.ro\/arte","article_modified_time":"2023-07-25T09:23:53+00:00","twitter_card":"summary_large_image","twitter_misc":{"Est. reading time":"2 minutes"},"schema":{"@context":"https:\/\/schema.org","@graph":[{"@type":"WebPage","@id":"http:\/\/dezvoltare.uvt.ro\/arte\/educatie\/cereri-formulare-acte-studii\/","url":"http:\/\/dezvoltare.uvt.ro\/arte\/educatie\/cereri-formulare-acte-studii\/","name":"Cereri \/ Formulare \/ Acte studii - dezvoltare.uvt.ro\/arte","isPartOf":{"@id":"https:\/\/dezvoltare.uvt.ro\/arte\/#website"},"datePublished":"2021-11-10T09:46:16+00:00","dateModified":"2023-07-25T09:23:53+00:00","breadcrumb":{"@id":"http:\/\/dezvoltare.uvt.ro\/arte\/educatie\/cereri-formulare-acte-studii\/#breadcrumb"},"inLanguage":"en-US","potentialAction":[{"@type":"ReadAction","target":["http:\/\/dezvoltare.uvt.ro\/arte\/educatie\/cereri-formulare-acte-studii\/"]}]},{"@type":"BreadcrumbList","@id":"http:\/\/dezvoltare.uvt.ro\/arte\/educatie\/cereri-formulare-acte-studii\/#breadcrumb","itemListElement":[{"@type":"ListItem","position":1,"name":"Acas\u0103","item":"https:\/\/dezvoltare.uvt.ro\/arte\/"},{"@type":"ListItem","position":2,"name":"Educa\u021bie","item":"http:\/\/dezvoltare.uvt.ro\/arte\/educatie\/"},{"@type":"ListItem","position":3,"name":"Cereri \/ Formulare \/ Acte studii"}]},{"@type":"WebSite","@id":"https:\/\/dezvoltare.uvt.ro\/arte\/#website","url":"https:\/\/dezvoltare.uvt.ro\/arte\/","name":"dezvoltare.uvt.ro\/arte","description":"Arte","potentialAction":[{"@type":"SearchAction","target":{"@type":"EntryPoint","urlTemplate":"https:\/\/dezvoltare.uvt.ro\/arte\/?s={search_term_string}"},"query-input":"required name=search_term_string"}],"inLanguage":"en-US"}]}},"_links":{"self":[{"href":"http:\/\/dezvoltare.uvt.ro\/arte\/wp-json\/wp\/v2\/pages\/129"}],"collection":[{"href":"http:\/\/dezvoltare.uvt.ro\/arte\/wp-json\/wp\/v2\/pages"}],"about":[{"href":"http:\/\/dezvoltare.uvt.ro\/arte\/wp-json\/wp\/v2\/types\/page"}],"author":[{"embeddable":true,"href":"http:\/\/dezvoltare.uvt.ro\/arte\/wp-json\/wp\/v2\/users\/2"}],"replies":[{"embeddable":true,"href":"http:\/\/dezvoltare.uvt.ro\/arte\/wp-json\/wp\/v2\/comments?post=129"}],"version-history":[{"count":3,"href":"http:\/\/dezvoltare.uvt.ro\/arte\/wp-json\/wp\/v2\/pages\/129\/revisions"}],"predecessor-version":[{"id":3563,"href":"http:\/\/dezvoltare.uvt.ro\/arte\/wp-json\/wp\/v2\/pages\/129\/revisions\/3563"}],"up":[{"embeddable":true,"href":"http:\/\/dezvoltare.uvt.ro\/arte\/wp-json\/wp\/v2\/pages\/97"}],"wp:attachment":[{"href":"http:\/\/dezvoltare.uvt.ro\/arte\/wp-json\/wp\/v2\/media?parent=129"}],"curies":[{"name":"wp","href":"https:\/\/api.w.org\/{rel}","templated":true}]}}