{"id":137,"date":"2021-11-10T09:48:30","date_gmt":"2021-11-10T09:48:30","guid":{"rendered":"http:\/\/dezvoltare.uvt.ro\/arte\/?page_id=137"},"modified":"2023-07-25T09:26:09","modified_gmt":"2023-07-25T09:26:09","slug":"burse","status":"publish","type":"page","link":"http:\/\/dezvoltare.uvt.ro\/arte\/educatie\/burse\/","title":{"rendered":"Burse"},"content":{"rendered":"\t\t<div data-elementor-type=\"wp-page\" data-elementor-id=\"137\" class=\"elementor elementor-137\">\n\t\t\t\t\t\t\t\t\t<section class=\"elementor-section elementor-top-section elementor-element elementor-element-39baaf3 elementor-section-boxed elementor-section-height-default elementor-section-height-default\" data-id=\"39baaf3\" data-element_type=\"section\">\n\t\t\t\t\t\t<div class=\"elementor-container elementor-column-gap-default\">\n\t\t\t\t\t<div class=\"elementor-column elementor-col-100 elementor-top-column elementor-element elementor-element-ffadeca\" data-id=\"ffadeca\" data-element_type=\"column\">\n\t\t\t<div class=\"elementor-widget-wrap elementor-element-populated\">\n\t\t\t\t\t\t\t\t<div class=\"elementor-element elementor-element-b2458ce elementor-align-left elementor-widget elementor-widget-breadcrumbs\" data-id=\"b2458ce\" data-element_type=\"widget\" data-widget_type=\"breadcrumbs.default\">\n\t\t\t\t<div class=\"elementor-widget-container\">\n\t\t\t<p id=\"breadcrumbs\"><span><span><a href=\"https:\/\/dezvoltare.uvt.ro\/arte\/\">Acas\u0103<\/a><\/span><\/span><\/p>\t\t<\/div>\n\t\t\t\t<\/div>\n\t\t\t\t\t<\/div>\n\t\t<\/div>\n\t\t\t\t\t\t\t<\/div>\n\t\t<\/section>\n\t\t\t\t<section class=\"elementor-section elementor-top-section elementor-element elementor-element-300ddff elementor-section-boxed elementor-section-height-default elementor-section-height-default\" data-id=\"300ddff\" data-element_type=\"section\">\n\t\t\t\t\t\t<div class=\"elementor-container elementor-column-gap-default\">\n\t\t\t\t\t<div class=\"elementor-column elementor-col-100 elementor-top-column elementor-element elementor-element-12ececb\" data-id=\"12ececb\" data-element_type=\"column\">\n\t\t\t<div class=\"elementor-widget-wrap elementor-element-populated\">\n\t\t\t\t\t\t\t\t<div class=\"elementor-element elementor-element-ec63939 elementor-widget elementor-widget-heading\" data-id=\"ec63939\" data-element_type=\"widget\" data-widget_type=\"heading.default\">\n\t\t\t\t<div class=\"elementor-widget-container\">\n\t\t\t<h2 class=\"elementor-heading-title elementor-size-default\">Burse 2022- 2023<\/h2>\t\t<\/div>\n\t\t\t\t<\/div>\n\t\t\t\t<div class=\"elementor-element elementor-element-2280c3b elementor-widget-divider--view-line elementor-widget elementor-widget-divider\" data-id=\"2280c3b\" data-element_type=\"widget\" data-widget_type=\"divider.default\">\n\t\t\t\t<div class=\"elementor-widget-container\">\n\t\t\t\t\t<div class=\"elementor-divider\">\n\t\t\t<span class=\"elementor-divider-separator\">\n\t\t\t\t\t\t<\/span>\n\t\t<\/div>\n\t\t\t\t<\/div>\n\t\t\t\t<\/div>\n\t\t\t\t\t<\/div>\n\t\t<\/div>\n\t\t\t\t\t\t\t<\/div>\n\t\t<\/section>\n\t\t\t\t<section class=\"elementor-section elementor-top-section elementor-element elementor-element-9333b2a elementor-section-boxed elementor-section-height-default elementor-section-height-default\" data-id=\"9333b2a\" data-element_type=\"section\">\n\t\t\t\t\t\t<div class=\"elementor-container elementor-column-gap-default\">\n\t\t\t\t\t<div class=\"elementor-column elementor-col-100 elementor-top-column elementor-element elementor-element-2586fc4\" data-id=\"2586fc4\" data-element_type=\"column\">\n\t\t\t<div class=\"elementor-widget-wrap elementor-element-populated\">\n\t\t\t\t\t\t\t\t<div class=\"elementor-element elementor-element-c27104e elementor-widget elementor-widget-heading\" data-id=\"c27104e\" data-element_type=\"widget\" data-widget_type=\"heading.default\">\n\t\t\t\t<div class=\"elementor-widget-container\">\n\t\t\t<h4 class=\"elementor-heading-title elementor-size-default\">BURSE SEMESTRUL 2 2022- 2023<\/h4>\t\t<\/div>\n\t\t\t\t<\/div>\n\t\t\t\t<div class=\"elementor-element elementor-element-608b691 elementor-widget elementor-widget-text-editor\" data-id=\"608b691\" data-element_type=\"widget\" data-widget_type=\"text-editor.default\">\n\t\t\t\t<div class=\"elementor-widget-container\">\n\t\t\t\t\t\t\t<p><a href=\"http:\/\/dezvoltare.uvt.ro\/arte\/wp-content\/uploads\/2023\/03\/burse-FAD-merit-s2.pdf\" target=\"_blank\" rel=\"noopener\">Lista burse merit<\/a><br \/><a href=\"http:\/\/dezvoltare.uvt.ro\/arte\/wp-content\/uploads\/2023\/03\/burse-FAD-sociala-s2.pdf\" target=\"_blank\" rel=\"noopener\">Lista burse sociale<\/a><br \/><a href=\"http:\/\/dezvoltare.uvt.ro\/arte\/wp-content\/uploads\/2023\/03\/burse-FAD-UVT-s2.pdf\" target=\"_blank\" rel=\"noopener\">Lista burse UVT<\/a><br \/><a href=\"http:\/\/dezvoltare.uvt.ro\/arte\/wp-content\/uploads\/2023\/03\/burse-FAD-olimpici-s2.pdf\" target=\"_blank\" rel=\"noopener\">Lista burse olimpici<\/a><br \/><a href=\"http:\/\/dezvoltare.uvt.ro\/arte\/wp-content\/uploads\/2023\/03\/burse-FAD-performanta-s2.pdf\" target=\"_blank\" rel=\"noopener\">Lista burse performan\u021b\u0103<\/a><br \/><a href=\"http:\/\/dezvoltare.uvt.ro\/arte\/wp-content\/uploads\/2023\/03\/burse-FAD-excelenta-a-FAD-s2.pdf\" target=\"_blank\" rel=\"noopener\">Lista burse excelen\u021b\u0103 facultate<\/a><br \/><a href=\"http:\/\/dezvoltare.uvt.ro\/arte\/wp-content\/uploads\/2023\/03\/burse-FAD-bursieri-straini-s2.pdf\">Lista burse str\u0103ini<\/a><br \/><a href=\"http:\/\/dezvoltare.uvt.ro\/arte\/wp-content\/uploads\/2023\/03\/burse-FAD-romani-pretutindeni-s2.pdf\" target=\"_blank\" rel=\"noopener\">Lista burse rom\u00e2ni de pretutindeni<\/a><br \/><a href=\"http:\/\/dezvoltare.uvt.ro\/arte\/wp-content\/uploads\/2023\/03\/burse-FAD-romani-pretutindeni-supliment-s2.pdf\" target=\"_blank\" rel=\"noopener\">Lista burse rom\u00e2ni de pretutindeni &#8211; suplimentara<\/a><\/p><p><a href=\"http:\/\/dezvoltare.uvt.ro\/arte\/wp-content\/uploads\/2023\/03\/Calendar-burse-sem-2.pdf\" target=\"_blank\" rel=\"noopener\">Calendar burse semestrul al II-lea<\/a><\/p><h4><strong>BURSE SEMESTRUL 1 2022- 2023<\/strong><\/h4><p><a href=\"http:\/\/dezvoltare.uvt.ro\/arte\/wp-content\/uploads\/2023\/03\/Burse-excelenta-UVT.pdf\" target=\"_blank\" rel=\"noopener\">Rezultate Burse Excelenta UVT (Ioan Curea, Sever Bocu, Eugen Todoran)<\/a><br \/><a href=\"http:\/\/dezvoltare.uvt.ro\/arte\/wp-content\/uploads\/2023\/03\/BURSE-FAD-2022-2023-merit.pdf\" target=\"_blank\" rel=\"noopener\">Lista burse merit<\/a><br \/><a href=\"http:\/\/dezvoltare.uvt.ro\/arte\/wp-content\/uploads\/2023\/03\/FAD-burse-sociale-2022-2023.pdf\" target=\"_blank\" rel=\"noopener\">Lista burse sociale<\/a><br \/><a href=\"http:\/\/dezvoltare.uvt.ro\/arte\/wp-content\/uploads\/2023\/03\/BURSE-FAD-2022-2023-UVT.pdf\" target=\"_blank\" rel=\"noopener\">Lista burse UVT<\/a><br \/><a href=\"http:\/\/dezvoltare.uvt.ro\/arte\/wp-content\/uploads\/2023\/03\/BURSE-FAD-2022-2023-olimpici.pdf\" target=\"_blank\" rel=\"noopener\">Lista burse olimpici<\/a><br \/><a href=\"http:\/\/dezvoltare.uvt.ro\/arte\/wp-content\/uploads\/2023\/03\/BURSE-FAD-2022-2023-performanta.pdf\" target=\"_blank\" rel=\"noopener\">Lista burse performan\u021b\u0103<\/a><br \/><a href=\"http:\/\/dezvoltare.uvt.ro\/arte\/wp-content\/uploads\/2023\/03\/BURSE-FAD-2022-2023-excelenta-facultate.pdf\" target=\"_blank\" rel=\"noopener\">Lista burse excelen\u021b\u0103 facultate<\/a><br \/><a href=\"http:\/\/dezvoltare.uvt.ro\/arte\/wp-content\/uploads\/2023\/03\/BURSE-FAD-2022-2023-straini.pdf\" target=\"_blank\" rel=\"noopener\">Lista burse str\u0103ini<\/a><br \/><a href=\"http:\/\/dezvoltare.uvt.ro\/arte\/wp-content\/uploads\/2023\/03\/BURSE-FAD-2022-2023-romani-de-pretutindeni.pdf\" target=\"_blank\" rel=\"noopener\">Lista burse rom\u00e2ni de pretutindeni<\/a><\/p><p>&#8212;&#8212;&#8212;&#8212;&#8212;&#8212;&#8212;&#8212;&#8212;&#8212;&#8212;&#8212;&#8212;&#8212;&#8212;&#8212;&#8212;&#8212;&#8212;&#8212;&#8212;&#8212;&#8212;&#8212;<\/p><p><a href=\"http:\/\/dezvoltare.uvt.ro\/arte\/wp-content\/uploads\/2023\/03\/ANUNT-burse-2022-2023.pdf\" target=\"_blank\" rel=\"noopener\">ANUNT BURSE 2022-2023<\/a><br \/><a href=\"http:\/\/dezvoltare.uvt.ro\/arte\/wp-content\/uploads\/2023\/03\/anunt-bursa-performanta-2022-2023.pdf\" target=\"_blank\" rel=\"noopener\">ANUNT BURSE PERFORMANTA 2022-2023<\/a><br \/><a href=\"http:\/\/dezvoltare.uvt.ro\/arte\/wp-content\/uploads\/2023\/03\/Cerere_declaratie-bursa-sociala.docx\" target=\"_blank\" rel=\"noopener\">Descarca Cerere si Declaratie BURSA SOCIALA<\/a><br \/><a href=\"http:\/\/dezvoltare.uvt.ro\/arte\/wp-content\/uploads\/2023\/03\/CERERE-BURSA-DE-PERFORMANTA.docx\" target=\"_blank\" rel=\"noopener\">Descarca Cerere BURSA DE PERFORMANTA<\/a><br \/><a href=\"http:\/\/dezvoltare.uvt.ro\/arte\/wp-content\/uploads\/2023\/03\/CERERE-BURSA-DE-EXCELENTA.docx\" target=\"_blank\" rel=\"noopener\">Descarca Cerere BURSA DE EXCELENTA<\/a><\/p>\t\t\t\t\t\t<\/div>\n\t\t\t\t<\/div>\n\t\t\t\t<div class=\"elementor-element elementor-element-7d05837 elementor-widget elementor-widget-text-editor\" data-id=\"7d05837\" data-element_type=\"widget\" data-widget_type=\"text-editor.default\">\n\t\t\t\t<div class=\"elementor-widget-container\">\n\t\t\t\t\t\t\t<p>Conform art. 9 alin. 1 din Regulamentul privind acordarea burselor \u0219i a altor forme de sprijin material pentru studen\u021bii la ciclurile de studii de licen\u021b\u0103 \u0219i master din Universitatea de Vest din Timi\u0219oara,<br \/>\u201ePlata burselor se face lunar, \u00een ultima s\u0103pt\u0103m\u00e2n\u0103 a fiec\u0103rei luni, prin virament, \u00een contul bancar al studentului pentru care acesta a depus la InfoCentrul studen\u021besc un extras de cont.\u201d<\/p><p>Av\u00e2nd \u00een vedere recomand\u0103rile privind distan\u021barea social\u0103, colectarea de la studen\u021bii bursieri a codurilor IBAN aferente conturilor bancare se va realiza \u00een acest semestru online, prin completarea formularului disponibil la adresa\u00a0<a href=\"https:\/\/bursasociala.uvt.ro\/iban\" target=\"_blank\" rel=\"noopener\" data-darkreader-inline-color=\"\">https:\/\/bursasociala.uvt.ro\/iban\u00a0<\/a>\u0219i \u00eenc\u0103rcarea unui fi\u0219ier cu extrasul de cont (scan sau poz\u0103). Accesul studen\u021bilor la aceast\u0103 platform\u0103 se face folosind adresa de email institu\u021bional @e-uvt.ro \u0219i parola aferent\u0103.<\/p><p>Contesta\u021biile se depun la adresa de e-mail: <a href=\"mailto:burse.fad@e-uvt.ro\">burse.fad@e-uvt.ro<\/a><\/p>\t\t\t\t\t\t<\/div>\n\t\t\t\t<\/div>\n\t\t\t\t\t<\/div>\n\t\t<\/div>\n\t\t\t\t\t\t\t<\/div>\n\t\t<\/section>\n\t\t\t\t\t\t\t<\/div>\n\t\t","protected":false},"excerpt":{"rendered":"<p>Burse 2022- 2023 BURSE SEMESTRUL 2 2022- 2023 Lista burse meritLista burse socialeLista burse UVTLista burse olimpiciLista burse performan\u021b\u0103Lista burse excelen\u021b\u0103 facultateLista burse str\u0103iniLista burse rom\u00e2ni de pretutindeniLista burse rom\u00e2ni de pretutindeni &#8211; suplimentara Calendar burse semestrul al II-lea BURSE SEMESTRUL 1 2022- 2023 Rezultate Burse Excelenta UVT (Ioan Curea, Sever Bocu, Eugen Todoran)Lista burse [&hellip;]<\/p>\n","protected":false},"author":2,"featured_media":0,"parent":97,"menu_order":0,"comment_status":"closed","ping_status":"closed","template":"","meta":[],"acf":[],"yoast_head":"<!-- This site is optimized with the Yoast SEO plugin v20.4 - https:\/\/yoast.com\/wordpress\/plugins\/seo\/ -->\n<title>Burse - dezvoltare.uvt.ro\/arte<\/title>\n<meta name=\"robots\" content=\"noindex, follow, max-snippet:-1, max-image-preview:large, max-video-preview:-1\" \/>\n<meta property=\"og:locale\" content=\"en_US\" \/>\n<meta property=\"og:type\" content=\"article\" \/>\n<meta property=\"og:title\" content=\"Burse - dezvoltare.uvt.ro\/arte\" \/>\n<meta property=\"og:description\" content=\"Burse 2022- 2023 BURSE SEMESTRUL 2 2022- 2023 Lista burse meritLista burse socialeLista burse UVTLista burse olimpiciLista burse performan\u021b\u0103Lista burse excelen\u021b\u0103 facultateLista burse str\u0103iniLista burse rom\u00e2ni de pretutindeniLista burse rom\u00e2ni de pretutindeni &#8211; suplimentara Calendar burse semestrul al II-lea BURSE SEMESTRUL 1 2022- 2023 Rezultate Burse Excelenta UVT (Ioan Curea, Sever Bocu, Eugen Todoran)Lista burse [&hellip;]\" \/>\n<meta property=\"og:url\" content=\"http:\/\/dezvoltare.uvt.ro\/arte\/educatie\/burse\/\" \/>\n<meta property=\"og:site_name\" content=\"dezvoltare.uvt.ro\/arte\" \/>\n<meta property=\"article:modified_time\" content=\"2023-07-25T09:26:09+00:00\" \/>\n<meta name=\"twitter:card\" content=\"summary_large_image\" \/>\n<meta name=\"twitter:label1\" content=\"Est. reading time\" \/>\n\t<meta name=\"twitter:data1\" content=\"2 minutes\" \/>\n<script type=\"application\/ld+json\" class=\"yoast-schema-graph\">{\"@context\":\"https:\/\/schema.org\",\"@graph\":[{\"@type\":\"WebPage\",\"@id\":\"http:\/\/dezvoltare.uvt.ro\/arte\/educatie\/burse\/\",\"url\":\"http:\/\/dezvoltare.uvt.ro\/arte\/educatie\/burse\/\",\"name\":\"Burse - dezvoltare.uvt.ro\/arte\",\"isPartOf\":{\"@id\":\"https:\/\/dezvoltare.uvt.ro\/arte\/#website\"},\"datePublished\":\"2021-11-10T09:48:30+00:00\",\"dateModified\":\"2023-07-25T09:26:09+00:00\",\"breadcrumb\":{\"@id\":\"http:\/\/dezvoltare.uvt.ro\/arte\/educatie\/burse\/#breadcrumb\"},\"inLanguage\":\"en-US\",\"potentialAction\":[{\"@type\":\"ReadAction\",\"target\":[\"http:\/\/dezvoltare.uvt.ro\/arte\/educatie\/burse\/\"]}]},{\"@type\":\"BreadcrumbList\",\"@id\":\"http:\/\/dezvoltare.uvt.ro\/arte\/educatie\/burse\/#breadcrumb\",\"itemListElement\":[{\"@type\":\"ListItem\",\"position\":1,\"name\":\"Acas\u0103\",\"item\":\"https:\/\/dezvoltare.uvt.ro\/arte\/\"},{\"@type\":\"ListItem\",\"position\":2,\"name\":\"Educa\u021bie\",\"item\":\"http:\/\/dezvoltare.uvt.ro\/arte\/educatie\/\"},{\"@type\":\"ListItem\",\"position\":3,\"name\":\"Burse\"}]},{\"@type\":\"WebSite\",\"@id\":\"https:\/\/dezvoltare.uvt.ro\/arte\/#website\",\"url\":\"https:\/\/dezvoltare.uvt.ro\/arte\/\",\"name\":\"dezvoltare.uvt.ro\/arte\",\"description\":\"Arte\",\"potentialAction\":[{\"@type\":\"SearchAction\",\"target\":{\"@type\":\"EntryPoint\",\"urlTemplate\":\"https:\/\/dezvoltare.uvt.ro\/arte\/?s={search_term_string}\"},\"query-input\":\"required name=search_term_string\"}],\"inLanguage\":\"en-US\"}]}<\/script>\n<!-- \/ Yoast SEO plugin. -->","yoast_head_json":{"title":"Burse - dezvoltare.uvt.ro\/arte","robots":{"index":"noindex","follow":"follow","max-snippet":"max-snippet:-1","max-image-preview":"max-image-preview:large","max-video-preview":"max-video-preview:-1"},"og_locale":"en_US","og_type":"article","og_title":"Burse - dezvoltare.uvt.ro\/arte","og_description":"Burse 2022- 2023 BURSE SEMESTRUL 2 2022- 2023 Lista burse meritLista burse socialeLista burse UVTLista burse olimpiciLista burse performan\u021b\u0103Lista burse excelen\u021b\u0103 facultateLista burse str\u0103iniLista burse rom\u00e2ni de pretutindeniLista burse rom\u00e2ni de pretutindeni &#8211; suplimentara Calendar burse semestrul al II-lea BURSE SEMESTRUL 1 2022- 2023 Rezultate Burse Excelenta UVT (Ioan Curea, Sever Bocu, Eugen Todoran)Lista burse [&hellip;]","og_url":"http:\/\/dezvoltare.uvt.ro\/arte\/educatie\/burse\/","og_site_name":"dezvoltare.uvt.ro\/arte","article_modified_time":"2023-07-25T09:26:09+00:00","twitter_card":"summary_large_image","twitter_misc":{"Est. reading time":"2 minutes"},"schema":{"@context":"https:\/\/schema.org","@graph":[{"@type":"WebPage","@id":"http:\/\/dezvoltare.uvt.ro\/arte\/educatie\/burse\/","url":"http:\/\/dezvoltare.uvt.ro\/arte\/educatie\/burse\/","name":"Burse - dezvoltare.uvt.ro\/arte","isPartOf":{"@id":"https:\/\/dezvoltare.uvt.ro\/arte\/#website"},"datePublished":"2021-11-10T09:48:30+00:00","dateModified":"2023-07-25T09:26:09+00:00","breadcrumb":{"@id":"http:\/\/dezvoltare.uvt.ro\/arte\/educatie\/burse\/#breadcrumb"},"inLanguage":"en-US","potentialAction":[{"@type":"ReadAction","target":["http:\/\/dezvoltare.uvt.ro\/arte\/educatie\/burse\/"]}]},{"@type":"BreadcrumbList","@id":"http:\/\/dezvoltare.uvt.ro\/arte\/educatie\/burse\/#breadcrumb","itemListElement":[{"@type":"ListItem","position":1,"name":"Acas\u0103","item":"https:\/\/dezvoltare.uvt.ro\/arte\/"},{"@type":"ListItem","position":2,"name":"Educa\u021bie","item":"http:\/\/dezvoltare.uvt.ro\/arte\/educatie\/"},{"@type":"ListItem","position":3,"name":"Burse"}]},{"@type":"WebSite","@id":"https:\/\/dezvoltare.uvt.ro\/arte\/#website","url":"https:\/\/dezvoltare.uvt.ro\/arte\/","name":"dezvoltare.uvt.ro\/arte","description":"Arte","potentialAction":[{"@type":"SearchAction","target":{"@type":"EntryPoint","urlTemplate":"https:\/\/dezvoltare.uvt.ro\/arte\/?s={search_term_string}"},"query-input":"required name=search_term_string"}],"inLanguage":"en-US"}]}},"_links":{"self":[{"href":"http:\/\/dezvoltare.uvt.ro\/arte\/wp-json\/wp\/v2\/pages\/137"}],"collection":[{"href":"http:\/\/dezvoltare.uvt.ro\/arte\/wp-json\/wp\/v2\/pages"}],"about":[{"href":"http:\/\/dezvoltare.uvt.ro\/arte\/wp-json\/wp\/v2\/types\/page"}],"author":[{"embeddable":true,"href":"http:\/\/dezvoltare.uvt.ro\/arte\/wp-json\/wp\/v2\/users\/2"}],"replies":[{"embeddable":true,"href":"http:\/\/dezvoltare.uvt.ro\/arte\/wp-json\/wp\/v2\/comments?post=137"}],"version-history":[{"count":3,"href":"http:\/\/dezvoltare.uvt.ro\/arte\/wp-json\/wp\/v2\/pages\/137\/revisions"}],"predecessor-version":[{"id":3575,"href":"http:\/\/dezvoltare.uvt.ro\/arte\/wp-json\/wp\/v2\/pages\/137\/revisions\/3575"}],"up":[{"embeddable":true,"href":"http:\/\/dezvoltare.uvt.ro\/arte\/wp-json\/wp\/v2\/pages\/97"}],"wp:attachment":[{"href":"http:\/\/dezvoltare.uvt.ro\/arte\/wp-json\/wp\/v2\/media?parent=137"}],"curies":[{"name":"wp","href":"https:\/\/api.w.org\/{rel}","templated":true}]}}