{"id":2530,"date":"2023-03-27T08:18:46","date_gmt":"2023-03-27T08:18:46","guid":{"rendered":"http:\/\/dezvoltare.uvt.ro\/arte\/?page_id=2530"},"modified":"2023-07-25T09:32:58","modified_gmt":"2023-07-25T09:32:58","slug":"profil","status":"publish","type":"page","link":"http:\/\/dezvoltare.uvt.ro\/arte\/cercetare\/profil\/","title":{"rendered":"Profil"},"content":{"rendered":"\t\t<div data-elementor-type=\"wp-page\" data-elementor-id=\"2530\" class=\"elementor elementor-2530\">\n\t\t\t\t\t\t\t\t\t<section class=\"elementor-section elementor-top-section elementor-element elementor-element-a56dfc4 elementor-section-boxed elementor-section-height-default elementor-section-height-default\" data-id=\"a56dfc4\" data-element_type=\"section\">\n\t\t\t\t\t\t<div class=\"elementor-container elementor-column-gap-default\">\n\t\t\t\t\t<div class=\"elementor-column elementor-col-100 elementor-top-column elementor-element elementor-element-92feb9f\" data-id=\"92feb9f\" data-element_type=\"column\">\n\t\t\t<div class=\"elementor-widget-wrap elementor-element-populated\">\n\t\t\t\t\t\t\t\t<div class=\"elementor-element elementor-element-9267474 elementor-align-left elementor-widget elementor-widget-breadcrumbs\" data-id=\"9267474\" data-element_type=\"widget\" data-widget_type=\"breadcrumbs.default\">\n\t\t\t\t<div class=\"elementor-widget-container\">\n\t\t\t<p id=\"breadcrumbs\"><span><span><a href=\"https:\/\/dezvoltare.uvt.ro\/arte\/\">Acas\u0103<\/a><\/span><\/span><\/p>\t\t<\/div>\n\t\t\t\t<\/div>\n\t\t\t\t\t<\/div>\n\t\t<\/div>\n\t\t\t\t\t\t\t<\/div>\n\t\t<\/section>\n\t\t\t\t<section class=\"elementor-section elementor-top-section elementor-element elementor-element-74814cc elementor-section-boxed elementor-section-height-default elementor-section-height-default\" data-id=\"74814cc\" data-element_type=\"section\">\n\t\t\t\t\t\t<div class=\"elementor-container elementor-column-gap-default\">\n\t\t\t\t\t<div class=\"elementor-column elementor-col-100 elementor-top-column elementor-element elementor-element-0e56fff\" data-id=\"0e56fff\" data-element_type=\"column\">\n\t\t\t<div class=\"elementor-widget-wrap elementor-element-populated\">\n\t\t\t\t\t\t\t\t<div class=\"elementor-element elementor-element-53674e5 elementor-widget elementor-widget-heading\" data-id=\"53674e5\" data-element_type=\"widget\" data-widget_type=\"heading.default\">\n\t\t\t\t<div class=\"elementor-widget-container\">\n\t\t\t<h2 class=\"elementor-heading-title elementor-size-default\">Profil<\/h2>\t\t<\/div>\n\t\t\t\t<\/div>\n\t\t\t\t<div class=\"elementor-element elementor-element-31c2185 elementor-widget-divider--view-line elementor-widget elementor-widget-divider\" data-id=\"31c2185\" data-element_type=\"widget\" data-widget_type=\"divider.default\">\n\t\t\t\t<div class=\"elementor-widget-container\">\n\t\t\t\t\t<div class=\"elementor-divider\">\n\t\t\t<span class=\"elementor-divider-separator\">\n\t\t\t\t\t\t<\/span>\n\t\t<\/div>\n\t\t\t\t<\/div>\n\t\t\t\t<\/div>\n\t\t\t\t\t<\/div>\n\t\t<\/div>\n\t\t\t\t\t\t\t<\/div>\n\t\t<\/section>\n\t\t\t\t<section class=\"elementor-section elementor-top-section elementor-element elementor-element-6b2d48b elementor-section-boxed elementor-section-height-default elementor-section-height-default\" data-id=\"6b2d48b\" data-element_type=\"section\">\n\t\t\t\t\t\t<div class=\"elementor-container elementor-column-gap-default\">\n\t\t\t\t\t<div class=\"elementor-column elementor-col-100 elementor-top-column elementor-element elementor-element-d8913f6\" data-id=\"d8913f6\" data-element_type=\"column\">\n\t\t\t<div class=\"elementor-widget-wrap elementor-element-populated\">\n\t\t\t\t\t\t\t\t<div class=\"elementor-element elementor-element-23f24d2 elementor-widget elementor-widget-text-editor\" data-id=\"23f24d2\" data-element_type=\"widget\" data-widget_type=\"text-editor.default\">\n\t\t\t\t<div class=\"elementor-widget-container\">\n\t\t\t\t\t\t\t<p>Semnul dinstinctiv al activit\u0103\u021bii de cercetare \u0219tiin\u021bific\u0103 \u0219i crea\u021bie artistic\u0103 este \u00een concep\u021bia facult\u0103\u021bii \u0219i universit\u0103\u021bii, transferabilitatea rezultatelor la nivel international. Facultatea de Arte \u0219i Design este con\u0219tient\u0103 de relevan\u021ba deosebit\u0103 a acestui gen de activitate de cercetare \u0219i \u00eei acord\u0103 locul cuvenit \u00een planul strategic de dezvoltare. \u00cen concep\u021bia UVT \u0219i a Facultatii de Arte \u0219i Design din Timisoara, activit\u0103\u021bile de tip cercetare \u0219i crea\u021bie artistic\u0103- studiu servesc \u0219i ele \u00een mod semnificativ, prin rezultatele lor, comunit\u0103\u021bii locale sau regionale. Acestea sunt menite s\u0103 r\u0103spund\u0103 punctual necesit\u0103\u021bilor sociale imediate. Facultatea de arte \u0219i Design, con\u0219tient\u0103 de rolul pe care-l joac\u0103 \u00een societate, acord\u0103 acestui tip de activitate importan\u021ba, sprijinul \u0219i \u00eencurajarea cuvenite, dat\u0103 fiind \u0219i calitatea generatoare de noi resurse financiare pe care o posed\u0103 cercetarea- studiu. Facultatea de Arte \u0219i Design are prin specificul ei o activitate centrat\u0103 c\u0103tre domeniul \u0219tiin\u021bific \u0219i crea\u0163ia artistic\u0103, procesul didactic fiind intim legat de valorizarea rezultatelor de cercetare\/crea\u0163ie. Performan\u021be \u00een cercetare \u0219i crea\u021bie atestate de organizarea evenimentelor \u0219i expozi\u021biilor personale \u0219i de asemenea, particip\u0103ri la manifest\u0103ri na\u021bionale \u0219i interna\u021bionale, premii, publica\u021bii.<\/p><p>Obiective strategice:<\/p><ul><li>Crearea de noi centre de cercetare \u00een care relevan\u021ba s\u0103 fie:<\/li><li>Intensificarea rela\u021biilor de cooperare interna\u021bionale \u0219i integrarea \u00een re\u021bele tematice de cercetare \u0219i crea\u021bie artistic\u0103 \u00een corela\u021bie cu priorit\u0103\u021bile Uniunii Europene.<\/li><li>Continuarea procesului de preg\u0103tire \u0219i de atragere a celor mai talenta\u021bi tineri \u00een sistemul educa\u021biei \u0219i cercet\u0103rii \u0219tiin\u021bifice universitare.<\/li><li>Promovarea excelen\u021bei \u00een procesul de cercetare artistic\u0103<\/li><li>Dezvoltarea unor rela\u021bii eficiente de parteneriat cu institu\u021bii na\u021bionale \u0219i interna\u021bionale.<\/li><li>Promovarea rezultatelor \u00een reviste de specialitate.<\/li><li>Alocarea unui procent justificabil, din veniturile proprii pentru finan\u021barea complementar\u0103, pe baz\u0103 de competi\u021bie.<\/li><li>Acordarea anual\u0103 de burse.<\/li><li>Revitalizarea \u0219i revigorarea activit\u0103\u021bii de cercetare \u0219tiin\u021bific\u0103 studen\u021beasc\u0103 prin integrarea \u00een colectivele de cercetare a unor studen\u021bi, \u00een special de la studiile de master.<\/li><\/ul><p>\u00a0<\/p><p><a href=\"http:\/\/dezvoltare.uvt.ro\/arte\/wp-content\/uploads\/2023\/03\/Regulament-cercetare.pdf\" target=\"_blank\" rel=\"noopener\">Regulament cercetare<\/a><\/p>\t\t\t\t\t\t<\/div>\n\t\t\t\t<\/div>\n\t\t\t\t\t<\/div>\n\t\t<\/div>\n\t\t\t\t\t\t\t<\/div>\n\t\t<\/section>\n\t\t\t\t\t\t\t<\/div>\n\t\t","protected":false},"excerpt":{"rendered":"<p>Profil Semnul dinstinctiv al activit\u0103\u021bii de cercetare \u0219tiin\u021bific\u0103 \u0219i crea\u021bie artistic\u0103 este \u00een concep\u021bia facult\u0103\u021bii \u0219i universit\u0103\u021bii, transferabilitatea rezultatelor la nivel international. Facultatea de Arte \u0219i Design este con\u0219tient\u0103 de relevan\u021ba deosebit\u0103 a acestui gen de activitate de cercetare \u0219i \u00eei acord\u0103 locul cuvenit \u00een planul strategic de dezvoltare. \u00cen concep\u021bia UVT \u0219i a Facultatii [&hellip;]<\/p>\n","protected":false},"author":7,"featured_media":0,"parent":147,"menu_order":0,"comment_status":"closed","ping_status":"closed","template":"","meta":[],"acf":[],"yoast_head":"<!-- This site is optimized with the Yoast SEO plugin v20.4 - https:\/\/yoast.com\/wordpress\/plugins\/seo\/ -->\n<title>Profil - dezvoltare.uvt.ro\/arte<\/title>\n<meta name=\"robots\" content=\"noindex, follow, max-snippet:-1, max-image-preview:large, max-video-preview:-1\" \/>\n<meta property=\"og:locale\" content=\"en_US\" \/>\n<meta property=\"og:type\" content=\"article\" \/>\n<meta property=\"og:title\" content=\"Profil - dezvoltare.uvt.ro\/arte\" \/>\n<meta property=\"og:description\" content=\"Profil Semnul dinstinctiv al activit\u0103\u021bii de cercetare \u0219tiin\u021bific\u0103 \u0219i crea\u021bie artistic\u0103 este \u00een concep\u021bia facult\u0103\u021bii \u0219i universit\u0103\u021bii, transferabilitatea rezultatelor la nivel international. Facultatea de Arte \u0219i Design este con\u0219tient\u0103 de relevan\u021ba deosebit\u0103 a acestui gen de activitate de cercetare \u0219i \u00eei acord\u0103 locul cuvenit \u00een planul strategic de dezvoltare. \u00cen concep\u021bia UVT \u0219i a Facultatii [&hellip;]\" \/>\n<meta property=\"og:url\" content=\"http:\/\/dezvoltare.uvt.ro\/arte\/cercetare\/profil\/\" \/>\n<meta property=\"og:site_name\" content=\"dezvoltare.uvt.ro\/arte\" \/>\n<meta property=\"article:modified_time\" content=\"2023-07-25T09:32:58+00:00\" \/>\n<meta name=\"twitter:card\" content=\"summary_large_image\" \/>\n<meta name=\"twitter:label1\" content=\"Est. reading time\" \/>\n\t<meta name=\"twitter:data1\" content=\"2 minutes\" \/>\n<script type=\"application\/ld+json\" class=\"yoast-schema-graph\">{\"@context\":\"https:\/\/schema.org\",\"@graph\":[{\"@type\":\"WebPage\",\"@id\":\"http:\/\/dezvoltare.uvt.ro\/arte\/cercetare\/profil\/\",\"url\":\"http:\/\/dezvoltare.uvt.ro\/arte\/cercetare\/profil\/\",\"name\":\"Profil - dezvoltare.uvt.ro\/arte\",\"isPartOf\":{\"@id\":\"https:\/\/dezvoltare.uvt.ro\/arte\/#website\"},\"datePublished\":\"2023-03-27T08:18:46+00:00\",\"dateModified\":\"2023-07-25T09:32:58+00:00\",\"breadcrumb\":{\"@id\":\"http:\/\/dezvoltare.uvt.ro\/arte\/cercetare\/profil\/#breadcrumb\"},\"inLanguage\":\"en-US\",\"potentialAction\":[{\"@type\":\"ReadAction\",\"target\":[\"http:\/\/dezvoltare.uvt.ro\/arte\/cercetare\/profil\/\"]}]},{\"@type\":\"BreadcrumbList\",\"@id\":\"http:\/\/dezvoltare.uvt.ro\/arte\/cercetare\/profil\/#breadcrumb\",\"itemListElement\":[{\"@type\":\"ListItem\",\"position\":1,\"name\":\"Acas\u0103\",\"item\":\"https:\/\/dezvoltare.uvt.ro\/arte\/\"},{\"@type\":\"ListItem\",\"position\":2,\"name\":\"Cercetare\",\"item\":\"http:\/\/dezvoltare.uvt.ro\/arte\/cercetare\/\"},{\"@type\":\"ListItem\",\"position\":3,\"name\":\"Profil\"}]},{\"@type\":\"WebSite\",\"@id\":\"https:\/\/dezvoltare.uvt.ro\/arte\/#website\",\"url\":\"https:\/\/dezvoltare.uvt.ro\/arte\/\",\"name\":\"dezvoltare.uvt.ro\/arte\",\"description\":\"Arte\",\"potentialAction\":[{\"@type\":\"SearchAction\",\"target\":{\"@type\":\"EntryPoint\",\"urlTemplate\":\"https:\/\/dezvoltare.uvt.ro\/arte\/?s={search_term_string}\"},\"query-input\":\"required name=search_term_string\"}],\"inLanguage\":\"en-US\"}]}<\/script>\n<!-- \/ Yoast SEO plugin. -->","yoast_head_json":{"title":"Profil - dezvoltare.uvt.ro\/arte","robots":{"index":"noindex","follow":"follow","max-snippet":"max-snippet:-1","max-image-preview":"max-image-preview:large","max-video-preview":"max-video-preview:-1"},"og_locale":"en_US","og_type":"article","og_title":"Profil - dezvoltare.uvt.ro\/arte","og_description":"Profil Semnul dinstinctiv al activit\u0103\u021bii de cercetare \u0219tiin\u021bific\u0103 \u0219i crea\u021bie artistic\u0103 este \u00een concep\u021bia facult\u0103\u021bii \u0219i universit\u0103\u021bii, transferabilitatea rezultatelor la nivel international. Facultatea de Arte \u0219i Design este con\u0219tient\u0103 de relevan\u021ba deosebit\u0103 a acestui gen de activitate de cercetare \u0219i \u00eei acord\u0103 locul cuvenit \u00een planul strategic de dezvoltare. \u00cen concep\u021bia UVT \u0219i a Facultatii [&hellip;]","og_url":"http:\/\/dezvoltare.uvt.ro\/arte\/cercetare\/profil\/","og_site_name":"dezvoltare.uvt.ro\/arte","article_modified_time":"2023-07-25T09:32:58+00:00","twitter_card":"summary_large_image","twitter_misc":{"Est. reading time":"2 minutes"},"schema":{"@context":"https:\/\/schema.org","@graph":[{"@type":"WebPage","@id":"http:\/\/dezvoltare.uvt.ro\/arte\/cercetare\/profil\/","url":"http:\/\/dezvoltare.uvt.ro\/arte\/cercetare\/profil\/","name":"Profil - dezvoltare.uvt.ro\/arte","isPartOf":{"@id":"https:\/\/dezvoltare.uvt.ro\/arte\/#website"},"datePublished":"2023-03-27T08:18:46+00:00","dateModified":"2023-07-25T09:32:58+00:00","breadcrumb":{"@id":"http:\/\/dezvoltare.uvt.ro\/arte\/cercetare\/profil\/#breadcrumb"},"inLanguage":"en-US","potentialAction":[{"@type":"ReadAction","target":["http:\/\/dezvoltare.uvt.ro\/arte\/cercetare\/profil\/"]}]},{"@type":"BreadcrumbList","@id":"http:\/\/dezvoltare.uvt.ro\/arte\/cercetare\/profil\/#breadcrumb","itemListElement":[{"@type":"ListItem","position":1,"name":"Acas\u0103","item":"https:\/\/dezvoltare.uvt.ro\/arte\/"},{"@type":"ListItem","position":2,"name":"Cercetare","item":"http:\/\/dezvoltare.uvt.ro\/arte\/cercetare\/"},{"@type":"ListItem","position":3,"name":"Profil"}]},{"@type":"WebSite","@id":"https:\/\/dezvoltare.uvt.ro\/arte\/#website","url":"https:\/\/dezvoltare.uvt.ro\/arte\/","name":"dezvoltare.uvt.ro\/arte","description":"Arte","potentialAction":[{"@type":"SearchAction","target":{"@type":"EntryPoint","urlTemplate":"https:\/\/dezvoltare.uvt.ro\/arte\/?s={search_term_string}"},"query-input":"required name=search_term_string"}],"inLanguage":"en-US"}]}},"_links":{"self":[{"href":"http:\/\/dezvoltare.uvt.ro\/arte\/wp-json\/wp\/v2\/pages\/2530"}],"collection":[{"href":"http:\/\/dezvoltare.uvt.ro\/arte\/wp-json\/wp\/v2\/pages"}],"about":[{"href":"http:\/\/dezvoltare.uvt.ro\/arte\/wp-json\/wp\/v2\/types\/page"}],"author":[{"embeddable":true,"href":"http:\/\/dezvoltare.uvt.ro\/arte\/wp-json\/wp\/v2\/users\/7"}],"replies":[{"embeddable":true,"href":"http:\/\/dezvoltare.uvt.ro\/arte\/wp-json\/wp\/v2\/comments?post=2530"}],"version-history":[{"count":3,"href":"http:\/\/dezvoltare.uvt.ro\/arte\/wp-json\/wp\/v2\/pages\/2530\/revisions"}],"predecessor-version":[{"id":3584,"href":"http:\/\/dezvoltare.uvt.ro\/arte\/wp-json\/wp\/v2\/pages\/2530\/revisions\/3584"}],"up":[{"embeddable":true,"href":"http:\/\/dezvoltare.uvt.ro\/arte\/wp-json\/wp\/v2\/pages\/147"}],"wp:attachment":[{"href":"http:\/\/dezvoltare.uvt.ro\/arte\/wp-json\/wp\/v2\/media?parent=2530"}],"curies":[{"name":"wp","href":"https:\/\/api.w.org\/{rel}","templated":true}]}}