{"id":95,"date":"2021-11-09T21:24:17","date_gmt":"2021-11-09T21:24:17","guid":{"rendered":"http:\/\/dezvoltare.uvt.ro\/arte\/?page_id=95"},"modified":"2023-07-25T09:15:42","modified_gmt":"2023-07-25T09:15:42","slug":"baza-materiala","status":"publish","type":"page","link":"http:\/\/dezvoltare.uvt.ro\/arte\/facultate\/baza-materiala\/","title":{"rendered":"Baz\u0103 material\u0103"},"content":{"rendered":"\t\t<div data-elementor-type=\"wp-page\" data-elementor-id=\"95\" class=\"elementor elementor-95\">\n\t\t\t\t\t\t\t\t\t<section class=\"elementor-section elementor-top-section elementor-element elementor-element-3ed8da9 elementor-section-boxed elementor-section-height-default elementor-section-height-default\" data-id=\"3ed8da9\" data-element_type=\"section\">\n\t\t\t\t\t\t<div class=\"elementor-container elementor-column-gap-default\">\n\t\t\t\t\t<div class=\"elementor-column elementor-col-100 elementor-top-column elementor-element elementor-element-fca96a7\" data-id=\"fca96a7\" data-element_type=\"column\">\n\t\t\t<div class=\"elementor-widget-wrap elementor-element-populated\">\n\t\t\t\t\t\t\t\t<div class=\"elementor-element elementor-element-70149f6 elementor-align-left elementor-widget elementor-widget-breadcrumbs\" data-id=\"70149f6\" data-element_type=\"widget\" data-widget_type=\"breadcrumbs.default\">\n\t\t\t\t<div class=\"elementor-widget-container\">\n\t\t\t<p id=\"breadcrumbs\"><span><span><a href=\"https:\/\/dezvoltare.uvt.ro\/arte\/\">Acas\u0103<\/a><\/span><\/span><\/p>\t\t<\/div>\n\t\t\t\t<\/div>\n\t\t\t\t\t<\/div>\n\t\t<\/div>\n\t\t\t\t\t\t\t<\/div>\n\t\t<\/section>\n\t\t\t\t<section class=\"elementor-section elementor-top-section elementor-element elementor-element-19b8add elementor-section-boxed elementor-section-height-default elementor-section-height-default\" data-id=\"19b8add\" data-element_type=\"section\">\n\t\t\t\t\t\t<div class=\"elementor-container elementor-column-gap-default\">\n\t\t\t\t\t<div class=\"elementor-column elementor-col-100 elementor-top-column elementor-element elementor-element-a966666\" data-id=\"a966666\" data-element_type=\"column\">\n\t\t\t<div class=\"elementor-widget-wrap elementor-element-populated\">\n\t\t\t\t\t\t\t\t<div class=\"elementor-element elementor-element-2a15ef3 elementor-widget elementor-widget-heading\" data-id=\"2a15ef3\" data-element_type=\"widget\" data-widget_type=\"heading.default\">\n\t\t\t\t<div class=\"elementor-widget-container\">\n\t\t\t<h2 class=\"elementor-heading-title elementor-size-default\">Baz\u0103 material\u0103<\/h2>\t\t<\/div>\n\t\t\t\t<\/div>\n\t\t\t\t<div class=\"elementor-element elementor-element-3321fb6 elementor-widget-divider--view-line elementor-widget elementor-widget-divider\" data-id=\"3321fb6\" data-element_type=\"widget\" data-widget_type=\"divider.default\">\n\t\t\t\t<div class=\"elementor-widget-container\">\n\t\t\t\t\t<div class=\"elementor-divider\">\n\t\t\t<span class=\"elementor-divider-separator\">\n\t\t\t\t\t\t<\/span>\n\t\t<\/div>\n\t\t\t\t<\/div>\n\t\t\t\t<\/div>\n\t\t\t\t\t<\/div>\n\t\t<\/div>\n\t\t\t\t\t\t\t<\/div>\n\t\t<\/section>\n\t\t\t\t<section class=\"elementor-section elementor-top-section elementor-element elementor-element-0e23c51 elementor-section-boxed elementor-section-height-default elementor-section-height-default\" data-id=\"0e23c51\" data-element_type=\"section\">\n\t\t\t\t\t\t<div class=\"elementor-container elementor-column-gap-default\">\n\t\t\t\t\t<div class=\"elementor-column elementor-col-50 elementor-top-column elementor-element elementor-element-a754471\" data-id=\"a754471\" data-element_type=\"column\">\n\t\t\t<div class=\"elementor-widget-wrap elementor-element-populated\">\n\t\t\t\t\t\t\t\t<div class=\"elementor-element elementor-element-cc5f523 elementor-widget elementor-widget-text-editor\" data-id=\"cc5f523\" data-element_type=\"widget\" data-widget_type=\"text-editor.default\">\n\t\t\t\t<div class=\"elementor-widget-container\">\n\t\t\t\t\t\t\t<h5><a href=\"https:\/\/maps.uvt.ro\/arte\/\" target=\"_blank\" rel=\"noopener\">Turul virtual al facult\u0103\u021bii<\/a><\/h5>\t\t\t\t\t\t<\/div>\n\t\t\t\t<\/div>\n\t\t\t\t<div class=\"elementor-element elementor-element-489649c elementor-widget elementor-widget-heading\" data-id=\"489649c\" data-element_type=\"widget\" data-widget_type=\"heading.default\">\n\t\t\t\t<div class=\"elementor-widget-container\">\n\t\t\t<h4 class=\"elementor-heading-title elementor-size-default\">Locatia 1: FAD,Strada Oituz, nr. 4<\/h4>\t\t<\/div>\n\t\t\t\t<\/div>\n\t\t\t\t<div class=\"elementor-element elementor-element-51af597 elementor-widget elementor-widget-accordion\" data-id=\"51af597\" data-element_type=\"widget\" data-widget_type=\"accordion.default\">\n\t\t\t\t<div class=\"elementor-widget-container\">\n\t\t\t\t\t<div class=\"elementor-accordion\" role=\"tablist\">\n\t\t\t\t\t\t\t<div class=\"elementor-accordion-item\">\n\t\t\t\t\t<div id=\"elementor-tab-title-8561\" class=\"elementor-tab-title\" data-tab=\"1\" role=\"tab\" aria-controls=\"elementor-tab-content-8561\" aria-expanded=\"false\">\n\t\t\t\t\t\t\t\t\t\t\t\t\t<span class=\"elementor-accordion-icon elementor-accordion-icon-right\" aria-hidden=\"true\">\n\t\t\t\t\t\t\t\t\t\t\t\t\t\t\t<span class=\"elementor-accordion-icon-closed\"><i class=\"fas fa-plus\"><\/i><\/span>\n\t\t\t\t\t\t\t\t<span class=\"elementor-accordion-icon-opened\"><i class=\"fas fa-minus\"><\/i><\/span>\n\t\t\t\t\t\t\t\t\t\t\t\t\t\t<\/span>\n\t\t\t\t\t\t\t\t\t\t\t\t<a class=\"elementor-accordion-title\" href=\"\">Studio \/ Atelier<\/a>\n\t\t\t\t\t<\/div>\n\t\t\t\t\t<div id=\"elementor-tab-content-8561\" class=\"elementor-tab-content elementor-clearfix\" data-tab=\"1\" role=\"tabpanel\" aria-labelledby=\"elementor-tab-title-8561\"><p>DEMISOL<\/p><ul><li>S04 &#8211; Studio Ceramic\u0103<\/li><li>S05 &#8211; Studio Design<\/li><li>S10 &#8211; Studio Foto-video<\/li><li>S12 &#8211; Studio Ceramic\u0103<\/li><li>S13 &#8211; Studio Ceramic\u0103<\/li><\/ul><p><br \/>PARTER<\/p><ul><li>003 &#8211; Studio Foto-video<\/li><li>004 &#8211; Studio Sculptur\u0103<\/li><li>005 &#8211; Studio Sculptur\u0103<\/li><li>006 &#8211; Studio Sculptur\u0103<\/li><li>007 &#8211; Studio Foto-video + sal\u0103 curs<\/li><li>009 &#8211; Studio Ceramic\u0103<\/li><\/ul><p><br \/>ETAJ I<\/p><ul><li>104 &#8211; Studio Grafic\u0103<\/li><li>105 &#8211; Studio Grafic\u0103<\/li><li>107 &#8211; Studio Grafic\u0103<\/li><li>108 &#8211; Studio Grafic\u0103<\/li><li>109 &#8211; Studio Design<\/li><li>110 &#8211; Studio Design<\/li><li>111 &#8211; Studio Design<\/li><li>112 &#8211; Studio Design<\/li><\/ul><p><br \/>ETAJ II<\/p><ul><li>203 &#8211; Studio Pictur\u0103<\/li><li>204 &#8211; Studio Pictur\u0103<\/li><li>205 &#8211; Studio Pictur\u0103<\/li><li>206 &#8211; Studio Pictur\u0103<\/li><li>210 &#8211; Studio Pictur\u0103<\/li><li>211 &#8211; Studio Mod\u0103<\/li><li>212 &#8211; Studio Restaurare<\/li><li>213 &#8211; Studio Design<\/li><\/ul><p><br \/>MANSARD\u0102<\/p><ul><li>M07 \u2013 Studio Mod\u0103<\/li><li>M08\u2013 Studio Mod\u0103<\/li><li>M09 \u2013 Studio Textile<\/li><li>M10 \u2013 Studio Textile<\/li><li>M11 &#8211; Studio Restaurare<\/li><li>M12 \u2013 Studio Textile<\/li><li>M13 \u2013 Imprimerie Mod\u0103 \u2013 Textile<\/li><\/ul><p><br \/>CURTE<\/p><ul><li>Studio (Sculptur\u0103)<\/li><\/ul><\/div>\n\t\t\t\t<\/div>\n\t\t\t\t\t\t\t<div class=\"elementor-accordion-item\">\n\t\t\t\t\t<div id=\"elementor-tab-title-8562\" class=\"elementor-tab-title\" data-tab=\"2\" role=\"tab\" aria-controls=\"elementor-tab-content-8562\" aria-expanded=\"false\">\n\t\t\t\t\t\t\t\t\t\t\t\t\t<span class=\"elementor-accordion-icon elementor-accordion-icon-right\" aria-hidden=\"true\">\n\t\t\t\t\t\t\t\t\t\t\t\t\t\t\t<span class=\"elementor-accordion-icon-closed\"><i class=\"fas fa-plus\"><\/i><\/span>\n\t\t\t\t\t\t\t\t<span class=\"elementor-accordion-icon-opened\"><i class=\"fas fa-minus\"><\/i><\/span>\n\t\t\t\t\t\t\t\t\t\t\t\t\t\t<\/span>\n\t\t\t\t\t\t\t\t\t\t\t\t<a class=\"elementor-accordion-title\" href=\"\">Sal\u0103 curs \/ Amfiteatru<\/a>\n\t\t\t\t\t<\/div>\n\t\t\t\t\t<div id=\"elementor-tab-content-8562\" class=\"elementor-tab-content elementor-clearfix\" data-tab=\"2\" role=\"tabpanel\" aria-labelledby=\"elementor-tab-title-8562\"><p>PARTER<\/p><ul><li>007- Sal\u0103 curs<\/li><li>013- Sal\u0103 curs<br \/><br \/><\/li><\/ul><p>ETAJ II<\/p><ul><li>207 &#8211; Sal\u0103 curs<br \/><br \/><\/li><\/ul><p>MANSARD\u0102<\/p><ul><li>Sal\u0103 conferin\u021b\u0103<\/li><\/ul><\/div>\n\t\t\t\t<\/div>\n\t\t\t\t\t\t\t<div class=\"elementor-accordion-item\">\n\t\t\t\t\t<div id=\"elementor-tab-title-8563\" class=\"elementor-tab-title\" data-tab=\"3\" role=\"tab\" aria-controls=\"elementor-tab-content-8563\" aria-expanded=\"false\">\n\t\t\t\t\t\t\t\t\t\t\t\t\t<span class=\"elementor-accordion-icon elementor-accordion-icon-right\" aria-hidden=\"true\">\n\t\t\t\t\t\t\t\t\t\t\t\t\t\t\t<span class=\"elementor-accordion-icon-closed\"><i class=\"fas fa-plus\"><\/i><\/span>\n\t\t\t\t\t\t\t\t<span class=\"elementor-accordion-icon-opened\"><i class=\"fas fa-minus\"><\/i><\/span>\n\t\t\t\t\t\t\t\t\t\t\t\t\t\t<\/span>\n\t\t\t\t\t\t\t\t\t\t\t\t<a class=\"elementor-accordion-title\" href=\"\">Laboratoare<\/a>\n\t\t\t\t\t<\/div>\n\t\t\t\t\t<div id=\"elementor-tab-content-8563\" class=\"elementor-tab-content elementor-clearfix\" data-tab=\"3\" role=\"tabpanel\" aria-labelledby=\"elementor-tab-title-8563\"><p>DEMISOL<\/p><ul><li>S06 &#8211; Laborator ardere (Ceramic\u0103)<\/li><li>S08 &#8211; Laborator transpuneri (Sculptur\u0103)<\/li><\/ul><p><br \/>PARTER<\/p><ul><li>010 &#8211; Laborator Design<\/li><li>012 &#8211; Laborator Restaurare<\/li><\/ul><p><br \/>ETAJ I<\/p><ul><li>106 &#8211; Laborator gravur\u0103 metal (Grafic\u0103)<\/li><\/ul><p><br \/>ETAJ II<\/p><ul><li>201 &#8211; Laborator Restaurare<\/li><li>207B &#8211; Laborator design 3D<\/li><li>214 &#8211; Laborator Grafic\u0103 Publicitar\u0103 (Grafic\u0103)<\/li><\/ul><p><br \/>MANSARD\u0102<\/p><ul><li>M03 \u2013 Laborator Mod\u0103<\/li><li>M04 \u2013 Laborator Textile<\/li><li>M05 \u2013 Laborator Mod\u0103<\/li><li>M10 \u2013 Studio Textile<\/li><li>M12 \u2013 Studio Textile<\/li><\/ul><p><br \/>CURTE<\/p><ul><li>Laborator litografie (Grafic\u0103)<\/li><\/ul><\/div>\n\t\t\t\t<\/div>\n\t\t\t\t\t\t\t<div class=\"elementor-accordion-item\">\n\t\t\t\t\t<div id=\"elementor-tab-title-8564\" class=\"elementor-tab-title\" data-tab=\"4\" role=\"tab\" aria-controls=\"elementor-tab-content-8564\" aria-expanded=\"false\">\n\t\t\t\t\t\t\t\t\t\t\t\t\t<span class=\"elementor-accordion-icon elementor-accordion-icon-right\" aria-hidden=\"true\">\n\t\t\t\t\t\t\t\t\t\t\t\t\t\t\t<span class=\"elementor-accordion-icon-closed\"><i class=\"fas fa-plus\"><\/i><\/span>\n\t\t\t\t\t\t\t\t<span class=\"elementor-accordion-icon-opened\"><i class=\"fas fa-minus\"><\/i><\/span>\n\t\t\t\t\t\t\t\t\t\t\t\t\t\t<\/span>\n\t\t\t\t\t\t\t\t\t\t\t\t<a class=\"elementor-accordion-title\" href=\"\">S\u0103li expozi\u021bii<\/a>\n\t\t\t\t\t<\/div>\n\t\t\t\t\t<div id=\"elementor-tab-content-8564\" class=\"elementor-tab-content elementor-clearfix\" data-tab=\"4\" role=\"tabpanel\" aria-labelledby=\"elementor-tab-title-8564\"><p>MASARD\u0102<\/p><ul><li>Galeria Mansard\u0103<\/li><\/ul><\/div>\n\t\t\t\t<\/div>\n\t\t\t\t\t\t\t<div class=\"elementor-accordion-item\">\n\t\t\t\t\t<div id=\"elementor-tab-title-8565\" class=\"elementor-tab-title\" data-tab=\"5\" role=\"tab\" aria-controls=\"elementor-tab-content-8565\" aria-expanded=\"false\">\n\t\t\t\t\t\t\t\t\t\t\t\t\t<span class=\"elementor-accordion-icon elementor-accordion-icon-right\" aria-hidden=\"true\">\n\t\t\t\t\t\t\t\t\t\t\t\t\t\t\t<span class=\"elementor-accordion-icon-closed\"><i class=\"fas fa-plus\"><\/i><\/span>\n\t\t\t\t\t\t\t\t<span class=\"elementor-accordion-icon-opened\"><i class=\"fas fa-minus\"><\/i><\/span>\n\t\t\t\t\t\t\t\t\t\t\t\t\t\t<\/span>\n\t\t\t\t\t\t\t\t\t\t\t\t<a class=\"elementor-accordion-title\" href=\"\">Bibliotec\u0103<\/a>\n\t\t\t\t\t<\/div>\n\t\t\t\t\t<div id=\"elementor-tab-content-8565\" class=\"elementor-tab-content elementor-clearfix\" data-tab=\"5\" role=\"tabpanel\" aria-labelledby=\"elementor-tab-title-8565\"><p>PARTER<\/p><ul><li>011 &#8211; Bibliotec\u0103 BCUT \u0219i Biblioteca Pavilion<\/li><\/ul><\/div>\n\t\t\t\t<\/div>\n\t\t\t\t\t\t\t\t<\/div>\n\t\t\t\t<\/div>\n\t\t\t\t<\/div>\n\t\t\t\t\t<\/div>\n\t\t<\/div>\n\t\t\t\t<div class=\"elementor-column elementor-col-50 elementor-top-column elementor-element elementor-element-0f2419a\" data-id=\"0f2419a\" data-element_type=\"column\">\n\t\t\t<div class=\"elementor-widget-wrap elementor-element-populated\">\n\t\t\t\t\t\t\t\t<div class=\"elementor-element elementor-element-2e0195f elementor-widget__width-auto elementor-widget elementor-widget-image\" data-id=\"2e0195f\" data-element_type=\"widget\" data-widget_type=\"image.default\">\n\t\t\t\t<div class=\"elementor-widget-container\">\n\t\t\t\t\t\t\t\t\t\t\t\t\t\t\t<img width=\"800\" height=\"533\" src=\"http:\/\/dezvoltare.uvt.ro\/arte\/wp-content\/uploads\/2021\/11\/banner1-1024x682.webp\" class=\"attachment-large size-large wp-image-313\" alt=\"\" loading=\"lazy\" srcset=\"http:\/\/dezvoltare.uvt.ro\/arte\/wp-content\/uploads\/2021\/11\/banner1-1024x682.webp 1024w, http:\/\/dezvoltare.uvt.ro\/arte\/wp-content\/uploads\/2021\/11\/banner1-300x200.webp 300w, http:\/\/dezvoltare.uvt.ro\/arte\/wp-content\/uploads\/2021\/11\/banner1-768x512.webp 768w, http:\/\/dezvoltare.uvt.ro\/arte\/wp-content\/uploads\/2021\/11\/banner1-391x260.webp 391w, http:\/\/dezvoltare.uvt.ro\/arte\/wp-content\/uploads\/2021\/11\/banner1-1536x1024.webp 1536w, http:\/\/dezvoltare.uvt.ro\/arte\/wp-content\/uploads\/2021\/11\/banner1.webp 2000w\" sizes=\"(max-width: 800px) 100vw, 800px\" \/>\t\t\t\t\t\t\t\t\t\t\t\t\t\t\t<\/div>\n\t\t\t\t<\/div>\n\t\t\t\t\t<\/div>\n\t\t<\/div>\n\t\t\t\t\t\t\t<\/div>\n\t\t<\/section>\n\t\t\t\t<section class=\"elementor-section elementor-top-section elementor-element elementor-element-8b83b03 elementor-section-boxed elementor-section-height-default elementor-section-height-default\" data-id=\"8b83b03\" data-element_type=\"section\">\n\t\t\t\t\t\t<div class=\"elementor-container elementor-column-gap-default\">\n\t\t\t\t\t<div class=\"elementor-column elementor-col-100 elementor-top-column elementor-element elementor-element-3cafbd2\" data-id=\"3cafbd2\" data-element_type=\"column\">\n\t\t\t<div class=\"elementor-widget-wrap\">\n\t\t\t\t\t\t\t\t\t<\/div>\n\t\t<\/div>\n\t\t\t\t\t\t\t<\/div>\n\t\t<\/section>\n\t\t\t\t\t\t\t<\/div>\n\t\t","protected":false},"excerpt":{"rendered":"<p>Baz\u0103 material\u0103 Turul virtual al facult\u0103\u021bii Locatia 1: FAD,Strada Oituz, nr. 4 Studio \/ Atelier DEMISOL S04 &#8211; Studio Ceramic\u0103 S05 &#8211; Studio Design S10 &#8211; Studio Foto-video S12 &#8211; Studio Ceramic\u0103 S13 &#8211; Studio Ceramic\u0103 PARTER 003 &#8211; Studio Foto-video 004 &#8211; Studio Sculptur\u0103 005 &#8211; Studio Sculptur\u0103 006 &#8211; Studio Sculptur\u0103 007 &#8211; [&hellip;]<\/p>\n","protected":false},"author":2,"featured_media":0,"parent":75,"menu_order":0,"comment_status":"closed","ping_status":"closed","template":"","meta":[],"acf":[],"yoast_head":"<!-- This site is optimized with the Yoast SEO plugin v20.4 - https:\/\/yoast.com\/wordpress\/plugins\/seo\/ -->\n<title>Baz\u0103 material\u0103 - dezvoltare.uvt.ro\/arte<\/title>\n<meta name=\"robots\" content=\"noindex, follow, max-snippet:-1, max-image-preview:large, max-video-preview:-1\" \/>\n<meta property=\"og:locale\" content=\"en_US\" \/>\n<meta property=\"og:type\" content=\"article\" \/>\n<meta property=\"og:title\" content=\"Baz\u0103 material\u0103 - dezvoltare.uvt.ro\/arte\" \/>\n<meta property=\"og:description\" content=\"Baz\u0103 material\u0103 Turul virtual al facult\u0103\u021bii Locatia 1: FAD,Strada Oituz, nr. 4 Studio \/ Atelier DEMISOL S04 &#8211; Studio Ceramic\u0103 S05 &#8211; Studio Design S10 &#8211; Studio Foto-video S12 &#8211; Studio Ceramic\u0103 S13 &#8211; Studio Ceramic\u0103 PARTER 003 &#8211; Studio Foto-video 004 &#8211; Studio Sculptur\u0103 005 &#8211; Studio Sculptur\u0103 006 &#8211; Studio Sculptur\u0103 007 &#8211; [&hellip;]\" \/>\n<meta property=\"og:url\" content=\"http:\/\/dezvoltare.uvt.ro\/arte\/facultate\/baza-materiala\/\" \/>\n<meta property=\"og:site_name\" content=\"dezvoltare.uvt.ro\/arte\" \/>\n<meta property=\"article:modified_time\" content=\"2023-07-25T09:15:42+00:00\" \/>\n<meta property=\"og:image\" content=\"http:\/\/dezvoltare.uvt.ro\/arte\/wp-content\/uploads\/2021\/11\/banner1-1024x682.webp\" \/>\n<meta name=\"twitter:card\" content=\"summary_large_image\" \/>\n<meta name=\"twitter:label1\" content=\"Est. reading time\" \/>\n\t<meta name=\"twitter:data1\" content=\"2 minutes\" \/>\n<script type=\"application\/ld+json\" class=\"yoast-schema-graph\">{\"@context\":\"https:\/\/schema.org\",\"@graph\":[{\"@type\":\"WebPage\",\"@id\":\"http:\/\/dezvoltare.uvt.ro\/arte\/facultate\/baza-materiala\/\",\"url\":\"http:\/\/dezvoltare.uvt.ro\/arte\/facultate\/baza-materiala\/\",\"name\":\"Baz\u0103 material\u0103 - dezvoltare.uvt.ro\/arte\",\"isPartOf\":{\"@id\":\"https:\/\/dezvoltare.uvt.ro\/arte\/#website\"},\"datePublished\":\"2021-11-09T21:24:17+00:00\",\"dateModified\":\"2023-07-25T09:15:42+00:00\",\"breadcrumb\":{\"@id\":\"http:\/\/dezvoltare.uvt.ro\/arte\/facultate\/baza-materiala\/#breadcrumb\"},\"inLanguage\":\"en-US\",\"potentialAction\":[{\"@type\":\"ReadAction\",\"target\":[\"http:\/\/dezvoltare.uvt.ro\/arte\/facultate\/baza-materiala\/\"]}]},{\"@type\":\"BreadcrumbList\",\"@id\":\"http:\/\/dezvoltare.uvt.ro\/arte\/facultate\/baza-materiala\/#breadcrumb\",\"itemListElement\":[{\"@type\":\"ListItem\",\"position\":1,\"name\":\"Acas\u0103\",\"item\":\"https:\/\/dezvoltare.uvt.ro\/arte\/\"},{\"@type\":\"ListItem\",\"position\":2,\"name\":\"Facultate\",\"item\":\"http:\/\/dezvoltare.uvt.ro\/arte\/facultate\/\"},{\"@type\":\"ListItem\",\"position\":3,\"name\":\"Baz\u0103 material\u0103\"}]},{\"@type\":\"WebSite\",\"@id\":\"https:\/\/dezvoltare.uvt.ro\/arte\/#website\",\"url\":\"https:\/\/dezvoltare.uvt.ro\/arte\/\",\"name\":\"dezvoltare.uvt.ro\/arte\",\"description\":\"Arte\",\"potentialAction\":[{\"@type\":\"SearchAction\",\"target\":{\"@type\":\"EntryPoint\",\"urlTemplate\":\"https:\/\/dezvoltare.uvt.ro\/arte\/?s={search_term_string}\"},\"query-input\":\"required name=search_term_string\"}],\"inLanguage\":\"en-US\"}]}<\/script>\n<!-- \/ Yoast SEO plugin. -->","yoast_head_json":{"title":"Baz\u0103 material\u0103 - dezvoltare.uvt.ro\/arte","robots":{"index":"noindex","follow":"follow","max-snippet":"max-snippet:-1","max-image-preview":"max-image-preview:large","max-video-preview":"max-video-preview:-1"},"og_locale":"en_US","og_type":"article","og_title":"Baz\u0103 material\u0103 - dezvoltare.uvt.ro\/arte","og_description":"Baz\u0103 material\u0103 Turul virtual al facult\u0103\u021bii Locatia 1: FAD,Strada Oituz, nr. 4 Studio \/ Atelier DEMISOL S04 &#8211; Studio Ceramic\u0103 S05 &#8211; Studio Design S10 &#8211; Studio Foto-video S12 &#8211; Studio Ceramic\u0103 S13 &#8211; Studio Ceramic\u0103 PARTER 003 &#8211; Studio Foto-video 004 &#8211; Studio Sculptur\u0103 005 &#8211; Studio Sculptur\u0103 006 &#8211; Studio Sculptur\u0103 007 &#8211; [&hellip;]","og_url":"http:\/\/dezvoltare.uvt.ro\/arte\/facultate\/baza-materiala\/","og_site_name":"dezvoltare.uvt.ro\/arte","article_modified_time":"2023-07-25T09:15:42+00:00","og_image":[{"url":"http:\/\/dezvoltare.uvt.ro\/arte\/wp-content\/uploads\/2021\/11\/banner1-1024x682.webp"}],"twitter_card":"summary_large_image","twitter_misc":{"Est. reading time":"2 minutes"},"schema":{"@context":"https:\/\/schema.org","@graph":[{"@type":"WebPage","@id":"http:\/\/dezvoltare.uvt.ro\/arte\/facultate\/baza-materiala\/","url":"http:\/\/dezvoltare.uvt.ro\/arte\/facultate\/baza-materiala\/","name":"Baz\u0103 material\u0103 - dezvoltare.uvt.ro\/arte","isPartOf":{"@id":"https:\/\/dezvoltare.uvt.ro\/arte\/#website"},"datePublished":"2021-11-09T21:24:17+00:00","dateModified":"2023-07-25T09:15:42+00:00","breadcrumb":{"@id":"http:\/\/dezvoltare.uvt.ro\/arte\/facultate\/baza-materiala\/#breadcrumb"},"inLanguage":"en-US","potentialAction":[{"@type":"ReadAction","target":["http:\/\/dezvoltare.uvt.ro\/arte\/facultate\/baza-materiala\/"]}]},{"@type":"BreadcrumbList","@id":"http:\/\/dezvoltare.uvt.ro\/arte\/facultate\/baza-materiala\/#breadcrumb","itemListElement":[{"@type":"ListItem","position":1,"name":"Acas\u0103","item":"https:\/\/dezvoltare.uvt.ro\/arte\/"},{"@type":"ListItem","position":2,"name":"Facultate","item":"http:\/\/dezvoltare.uvt.ro\/arte\/facultate\/"},{"@type":"ListItem","position":3,"name":"Baz\u0103 material\u0103"}]},{"@type":"WebSite","@id":"https:\/\/dezvoltare.uvt.ro\/arte\/#website","url":"https:\/\/dezvoltare.uvt.ro\/arte\/","name":"dezvoltare.uvt.ro\/arte","description":"Arte","potentialAction":[{"@type":"SearchAction","target":{"@type":"EntryPoint","urlTemplate":"https:\/\/dezvoltare.uvt.ro\/arte\/?s={search_term_string}"},"query-input":"required name=search_term_string"}],"inLanguage":"en-US"}]}},"_links":{"self":[{"href":"http:\/\/dezvoltare.uvt.ro\/arte\/wp-json\/wp\/v2\/pages\/95"}],"collection":[{"href":"http:\/\/dezvoltare.uvt.ro\/arte\/wp-json\/wp\/v2\/pages"}],"about":[{"href":"http:\/\/dezvoltare.uvt.ro\/arte\/wp-json\/wp\/v2\/types\/page"}],"author":[{"embeddable":true,"href":"http:\/\/dezvoltare.uvt.ro\/arte\/wp-json\/wp\/v2\/users\/2"}],"replies":[{"embeddable":true,"href":"http:\/\/dezvoltare.uvt.ro\/arte\/wp-json\/wp\/v2\/comments?post=95"}],"version-history":[{"count":9,"href":"http:\/\/dezvoltare.uvt.ro\/arte\/wp-json\/wp\/v2\/pages\/95\/revisions"}],"predecessor-version":[{"id":3507,"href":"http:\/\/dezvoltare.uvt.ro\/arte\/wp-json\/wp\/v2\/pages\/95\/revisions\/3507"}],"up":[{"embeddable":true,"href":"http:\/\/dezvoltare.uvt.ro\/arte\/wp-json\/wp\/v2\/pages\/75"}],"wp:attachment":[{"href":"http:\/\/dezvoltare.uvt.ro\/arte\/wp-json\/wp\/v2\/media?parent=95"}],"curies":[{"name":"wp","href":"https:\/\/api.w.org\/{rel}","templated":true}]}}