{"id":961,"date":"2021-12-12T11:08:57","date_gmt":"2021-12-12T11:08:57","guid":{"rendered":"http:\/\/dezvoltare.uvt.ro\/arte\/?page_id=961"},"modified":"2023-03-23T11:39:33","modified_gmt":"2023-03-23T11:39:33","slug":"arte-plastice","status":"publish","type":"page","link":"http:\/\/dezvoltare.uvt.ro\/arte\/educatie\/programe-de-licenta\/arte-plastice\/","title":{"rendered":"Arte plastice (Fotografie &#8211; videoprocesare computerizata a imaginii)"},"content":{"rendered":"\t\t<div data-elementor-type=\"wp-page\" data-elementor-id=\"961\" class=\"elementor elementor-961\">\n\t\t\t\t\t\t\t\t\t<section class=\"elementor-section elementor-top-section elementor-element elementor-element-d3c9f3f elementor-section-boxed elementor-section-height-default elementor-section-height-default\" data-id=\"d3c9f3f\" data-element_type=\"section\">\n\t\t\t\t\t\t<div class=\"elementor-container elementor-column-gap-default\">\n\t\t\t\t\t<div class=\"elementor-column elementor-col-100 elementor-top-column elementor-element elementor-element-e397192\" data-id=\"e397192\" data-element_type=\"column\">\n\t\t\t<div class=\"elementor-widget-wrap elementor-element-populated\">\n\t\t\t\t\t\t\t\t<div class=\"elementor-element elementor-element-a265472 elementor-align-left elementor-widget elementor-widget-breadcrumbs\" data-id=\"a265472\" data-element_type=\"widget\" data-widget_type=\"breadcrumbs.default\">\n\t\t\t\t<div class=\"elementor-widget-container\">\n\t\t\t<p id=\"breadcrumbs\"><span><span><a href=\"https:\/\/dezvoltare.uvt.ro\/arte\/\">Acas\u0103<\/a><\/span><\/span><\/p>\t\t<\/div>\n\t\t\t\t<\/div>\n\t\t\t\t\t<\/div>\n\t\t<\/div>\n\t\t\t\t\t\t\t<\/div>\n\t\t<\/section>\n\t\t\t\t<section class=\"elementor-section elementor-top-section elementor-element elementor-element-b2dedb0 elementor-section-boxed elementor-section-height-default elementor-section-height-default\" data-id=\"b2dedb0\" data-element_type=\"section\">\n\t\t\t\t\t\t<div class=\"elementor-container elementor-column-gap-default\">\n\t\t\t\t\t<div class=\"elementor-column elementor-col-100 elementor-top-column elementor-element elementor-element-3a934e3\" data-id=\"3a934e3\" data-element_type=\"column\">\n\t\t\t<div class=\"elementor-widget-wrap elementor-element-populated\">\n\t\t\t\t\t\t\t\t<div class=\"elementor-element elementor-element-747f7ff elementor-widget elementor-widget-heading\" data-id=\"747f7ff\" data-element_type=\"widget\" data-widget_type=\"heading.default\">\n\t\t\t\t<div class=\"elementor-widget-container\">\n\t\t\t<h2 class=\"elementor-heading-title elementor-size-default\">Arte plastice (Fotografie - videoprocesare computerizata a imaginii)<\/h2>\t\t<\/div>\n\t\t\t\t<\/div>\n\t\t\t\t<div class=\"elementor-element elementor-element-05cb029 elementor-widget-divider--view-line elementor-widget elementor-widget-divider\" data-id=\"05cb029\" data-element_type=\"widget\" data-widget_type=\"divider.default\">\n\t\t\t\t<div class=\"elementor-widget-container\">\n\t\t\t\t\t<div class=\"elementor-divider\">\n\t\t\t<span class=\"elementor-divider-separator\">\n\t\t\t\t\t\t<\/span>\n\t\t<\/div>\n\t\t\t\t<\/div>\n\t\t\t\t<\/div>\n\t\t\t\t\t<\/div>\n\t\t<\/div>\n\t\t\t\t\t\t\t<\/div>\n\t\t<\/section>\n\t\t\t\t<section class=\"elementor-section elementor-top-section elementor-element elementor-element-243ca10 elementor-section-height-min-height elementor-section-items-top elementor-section-content-top elementor-section-boxed elementor-section-height-default\" data-id=\"243ca10\" data-element_type=\"section\">\n\t\t\t\t\t\t<div class=\"elementor-container elementor-column-gap-default\">\n\t\t\t\t\t<div class=\"elementor-column elementor-col-50 elementor-top-column elementor-element elementor-element-30c8783\" data-id=\"30c8783\" data-element_type=\"column\">\n\t\t\t<div class=\"elementor-widget-wrap elementor-element-populated\">\n\t\t\t\t\t\t\t\t<div class=\"elementor-element elementor-element-20f8766 elementor-widget elementor-widget-eael-adv-accordion\" data-id=\"20f8766\" data-element_type=\"widget\" data-widget_type=\"eael-adv-accordion.default\">\n\t\t\t\t<div class=\"elementor-widget-container\">\n\t\t\t        <div class=\"eael-adv-accordion\" id=\"eael-adv-accordion-20f8766\" data-accordion-id=\"20f8766\" data-accordion-type=\"accordion\" data-toogle-speed=\"300\">\n    <div class=\"eael-accordion-list\">\n                <div id=\"prezentarea-specializrii\" class=\"elementor-tab-title eael-accordion-header\" tabindex=\"3451\" data-tab=\"1\" aria-controls=\"elementor-tab-content-3451\"><span class=\"eael-advanced-accordion-icon-closed\"><i aria-hidden=\"true\" class=\"fa-accordion-icon fas fa-plus\"><\/i><\/span><span class=\"eael-advanced-accordion-icon-opened\"><i aria-hidden=\"true\" class=\"fa-accordion-icon fas fa-minus\"><\/i><\/span><span class=\"eael-accordion-tab-title\">Prezentarea specializ\u0103rii<\/span><i aria-hidden=\"true\" class=\"fa-toggle fas fa-angle-right\"><\/i><\/div><div id=\"elementor-tab-content-3451\" class=\"eael-accordion-content clearfix\" data-tab=\"1\" aria-labelledby=\"prezentarea-specializrii\"><p><p>Obiectivul general al programului de studii Arte plastice-fotografie videoprocesarea computerizata a imaginii este axat pe dinamizarea \u0219i diversificarea procesului de educa\u021bie \u0219i formare profesional\u0103 \u00een domeniu \u0219i de specialitate, \u00een acord cu nevoile actuale ale mediului socio-economic \u0219i cultural-artistic. Con\u021binutul programului vizeaz\u0103 proiectarea disciplinelor \u00een vederea dob\u00e2ndirii cuno\u0219tin\u021belor \u0219i deprinderilor ce acoper\u0103 competen\u021bele specifice specializ\u0103rii, conform grilelor RNCIS. Flexibilitatea ofertei educa\u0163ionale, modul de predare \u015fi asimilare a con\u0163inutului academic al disciplinelor al\u0103turi de libertatea de informare \u015fi recunoa\u015ftere a surselor alternative a fiec\u0103rui student, \u0163in cont de caracterul singular al experien\u0163ei \u015fi form\u0103rii studen\u021bilor, asigur\u00e2ndu-se totodat\u0103 \u0219i facilitatea trecerii de la \u015fcoal\u0103 la inser\u0163ia pe pia\u0163a muncii.<\/p><\/p><\/div>\n                <\/div><div class=\"eael-accordion-list\">\n                <div id=\"planuri-de-nvmnt\" class=\"elementor-tab-title eael-accordion-header\" tabindex=\"3452\" data-tab=\"2\" aria-controls=\"elementor-tab-content-3452\"><span class=\"eael-advanced-accordion-icon-closed\"><i aria-hidden=\"true\" class=\"fa-accordion-icon fas fa-plus\"><\/i><\/span><span class=\"eael-advanced-accordion-icon-opened\"><i aria-hidden=\"true\" class=\"fa-accordion-icon fas fa-minus\"><\/i><\/span><span class=\"eael-accordion-tab-title\">Planuri de \u00eenv\u0103\u021b\u0103m\u00e2nt<\/span><i aria-hidden=\"true\" class=\"fa-toggle fas fa-angle-right\"><\/i><\/div><div id=\"elementor-tab-content-3452\" class=\"eael-accordion-content clearfix\" data-tab=\"2\" aria-labelledby=\"planuri-de-nvmnt\"><p><ul><li><a href=\"http:\/\/dezvoltare.uvt.ro\/arte\/wp-content\/uploads\/2023\/03\/ARTE-PLASTICE-FOTOVIDEO-an1.pdf\">ARTE PLASTICE FOTOVIDEO an1<\/a><\/li><li><a href=\"http:\/\/dezvoltare.uvt.ro\/arte\/wp-content\/uploads\/2023\/03\/ARTE-PLASTICE-FOTOVIDEO-an2.pdf\">ARTE PLASTICE FOTOVIDEO an2<\/a><\/li><li><a href=\"http:\/\/dezvoltare.uvt.ro\/arte\/wp-content\/uploads\/2023\/03\/ARTE-PLASTICE-FOTOVIDEO-an3.pdf\">ARTE PLASTICE FOTOVIDEO an3<\/a><\/li><\/ul><\/p><\/div>\n                <\/div><div class=\"eael-accordion-list\">\n                <div id=\"fiele-disciplinelor\" class=\"elementor-tab-title eael-accordion-header\" tabindex=\"3453\" data-tab=\"3\" aria-controls=\"elementor-tab-content-3453\"><span class=\"eael-advanced-accordion-icon-closed\"><i aria-hidden=\"true\" class=\"fa-accordion-icon fas fa-plus\"><\/i><\/span><span class=\"eael-advanced-accordion-icon-opened\"><i aria-hidden=\"true\" class=\"fa-accordion-icon fas fa-minus\"><\/i><\/span><span class=\"eael-accordion-tab-title\">Fi\u0219ele disciplinelor<\/span><i aria-hidden=\"true\" class=\"fa-toggle fas fa-angle-right\"><\/i><\/div><div id=\"elementor-tab-content-3453\" class=\"eael-accordion-content clearfix\" data-tab=\"3\" aria-labelledby=\"fiele-disciplinelor\"><p><p><a href=\"https:\/\/drive.google.com\/drive\/folders\/1NFRm9CNf3fCY069T3dT_55SGLj8NxSFW?usp=sharing\">VEZI FISELE DISCIPLINELOR SEM 2 2022-2023<\/a><\/p><\/p><\/div>\n                <\/div><\/div>\t\t<\/div>\n\t\t\t\t<\/div>\n\t\t\t\t\t<\/div>\n\t\t<\/div>\n\t\t\t\t<div class=\"elementor-column elementor-col-50 elementor-top-column elementor-element elementor-element-610e9e2\" data-id=\"610e9e2\" data-element_type=\"column\">\n\t\t\t<div class=\"elementor-widget-wrap elementor-element-populated\">\n\t\t\t\t\t\t\t\t<div class=\"elementor-element elementor-element-1678620 elementor-widget elementor-widget-text-editor\" data-id=\"1678620\" data-element_type=\"widget\" data-widget_type=\"text-editor.default\">\n\t\t\t\t<div class=\"elementor-widget-container\">\n\t\t\t\t\t\t\t<p><b>Domeniul:<\/b>\u00a0Arte vizuale<br \/><b><\/b><\/p><p><b>Specializarea:<\/b>\u00a0Arte plastice (Fotografie &#8211; videoprocesare computerizata a imaginii)<br \/><b><\/b><\/p><p><b>Forma de \u00eenv\u0103\u021b\u0103m\u00e2nt:<\/b> Cu frecven\u021b\u0103<br \/><b><\/b><\/p><p><b>Forma de finalizare:<\/b> Diplom\u0103 studii universitare<br \/><b><\/b><\/p><p><b>Titlul acordat:<\/b>\u00a0Licen\u021biat Arte Vizuale<\/p>\t\t\t\t\t\t<\/div>\n\t\t\t\t<\/div>\n\t\t\t\t\t<\/div>\n\t\t<\/div>\n\t\t\t\t\t\t\t<\/div>\n\t\t<\/section>\n\t\t\t\t\t\t\t<\/div>\n\t\t","protected":false},"excerpt":{"rendered":"<p>Arte plastice (Fotografie &#8211; videoprocesare computerizata a imaginii) Prezentarea specializ\u0103rii Obiectivul general al programului de studii Arte plastice-fotografie videoprocesarea computerizata a imaginii este axat pe dinamizarea \u0219i diversificarea procesului de educa\u021bie \u0219i formare profesional\u0103 \u00een domeniu \u0219i de specialitate, \u00een acord cu nevoile actuale ale mediului socio-economic \u0219i cultural-artistic. Con\u021binutul programului vizeaz\u0103 proiectarea disciplinelor \u00een [&hellip;]<\/p>\n","protected":false},"author":2,"featured_media":0,"parent":99,"menu_order":0,"comment_status":"closed","ping_status":"closed","template":"","meta":[],"acf":[],"yoast_head":"<!-- This site is optimized with the Yoast SEO plugin v20.4 - https:\/\/yoast.com\/wordpress\/plugins\/seo\/ -->\n<title>Arte plastice (Fotografie - videoprocesare computerizata a imaginii) - dezvoltare.uvt.ro\/arte<\/title>\n<meta name=\"robots\" content=\"noindex, follow, max-snippet:-1, max-image-preview:large, max-video-preview:-1\" \/>\n<meta property=\"og:locale\" content=\"en_US\" \/>\n<meta property=\"og:type\" content=\"article\" \/>\n<meta property=\"og:title\" content=\"Arte plastice (Fotografie - videoprocesare computerizata a imaginii) - dezvoltare.uvt.ro\/arte\" \/>\n<meta property=\"og:description\" content=\"Arte plastice (Fotografie &#8211; videoprocesare computerizata a imaginii) Prezentarea specializ\u0103rii Obiectivul general al programului de studii Arte plastice-fotografie videoprocesarea computerizata a imaginii este axat pe dinamizarea \u0219i diversificarea procesului de educa\u021bie \u0219i formare profesional\u0103 \u00een domeniu \u0219i de specialitate, \u00een acord cu nevoile actuale ale mediului socio-economic \u0219i cultural-artistic. Con\u021binutul programului vizeaz\u0103 proiectarea disciplinelor \u00een [&hellip;]\" \/>\n<meta property=\"og:url\" content=\"http:\/\/dezvoltare.uvt.ro\/arte\/educatie\/programe-de-licenta\/arte-plastice\/\" \/>\n<meta property=\"og:site_name\" content=\"dezvoltare.uvt.ro\/arte\" \/>\n<meta property=\"article:modified_time\" content=\"2023-03-23T11:39:33+00:00\" \/>\n<meta name=\"twitter:card\" content=\"summary_large_image\" \/>\n<meta name=\"twitter:label1\" content=\"Est. reading time\" \/>\n\t<meta name=\"twitter:data1\" content=\"1 minute\" \/>\n<script type=\"application\/ld+json\" class=\"yoast-schema-graph\">{\"@context\":\"https:\/\/schema.org\",\"@graph\":[{\"@type\":\"WebPage\",\"@id\":\"http:\/\/dezvoltare.uvt.ro\/arte\/educatie\/programe-de-licenta\/arte-plastice\/\",\"url\":\"http:\/\/dezvoltare.uvt.ro\/arte\/educatie\/programe-de-licenta\/arte-plastice\/\",\"name\":\"Arte plastice (Fotografie - videoprocesare computerizata a imaginii) - dezvoltare.uvt.ro\/arte\",\"isPartOf\":{\"@id\":\"https:\/\/dezvoltare.uvt.ro\/arte\/#website\"},\"datePublished\":\"2021-12-12T11:08:57+00:00\",\"dateModified\":\"2023-03-23T11:39:33+00:00\",\"breadcrumb\":{\"@id\":\"http:\/\/dezvoltare.uvt.ro\/arte\/educatie\/programe-de-licenta\/arte-plastice\/#breadcrumb\"},\"inLanguage\":\"en-US\",\"potentialAction\":[{\"@type\":\"ReadAction\",\"target\":[\"http:\/\/dezvoltare.uvt.ro\/arte\/educatie\/programe-de-licenta\/arte-plastice\/\"]}]},{\"@type\":\"BreadcrumbList\",\"@id\":\"http:\/\/dezvoltare.uvt.ro\/arte\/educatie\/programe-de-licenta\/arte-plastice\/#breadcrumb\",\"itemListElement\":[{\"@type\":\"ListItem\",\"position\":1,\"name\":\"Acas\u0103\",\"item\":\"https:\/\/dezvoltare.uvt.ro\/arte\/\"},{\"@type\":\"ListItem\",\"position\":2,\"name\":\"Educa\u021bie\",\"item\":\"http:\/\/dezvoltare.uvt.ro\/arte\/educatie\/\"},{\"@type\":\"ListItem\",\"position\":3,\"name\":\"Programe de licen\u021b\u0103\",\"item\":\"http:\/\/dezvoltare.uvt.ro\/arte\/educatie\/programe-de-licenta\/\"},{\"@type\":\"ListItem\",\"position\":4,\"name\":\"Arte plastice (Fotografie &#8211; videoprocesare computerizata a imaginii)\"}]},{\"@type\":\"WebSite\",\"@id\":\"https:\/\/dezvoltare.uvt.ro\/arte\/#website\",\"url\":\"https:\/\/dezvoltare.uvt.ro\/arte\/\",\"name\":\"dezvoltare.uvt.ro\/arte\",\"description\":\"Arte\",\"potentialAction\":[{\"@type\":\"SearchAction\",\"target\":{\"@type\":\"EntryPoint\",\"urlTemplate\":\"https:\/\/dezvoltare.uvt.ro\/arte\/?s={search_term_string}\"},\"query-input\":\"required name=search_term_string\"}],\"inLanguage\":\"en-US\"}]}<\/script>\n<!-- \/ Yoast SEO plugin. -->","yoast_head_json":{"title":"Arte plastice (Fotografie - videoprocesare computerizata a imaginii) - dezvoltare.uvt.ro\/arte","robots":{"index":"noindex","follow":"follow","max-snippet":"max-snippet:-1","max-image-preview":"max-image-preview:large","max-video-preview":"max-video-preview:-1"},"og_locale":"en_US","og_type":"article","og_title":"Arte plastice (Fotografie - videoprocesare computerizata a imaginii) - dezvoltare.uvt.ro\/arte","og_description":"Arte plastice (Fotografie &#8211; videoprocesare computerizata a imaginii) Prezentarea specializ\u0103rii Obiectivul general al programului de studii Arte plastice-fotografie videoprocesarea computerizata a imaginii este axat pe dinamizarea \u0219i diversificarea procesului de educa\u021bie \u0219i formare profesional\u0103 \u00een domeniu \u0219i de specialitate, \u00een acord cu nevoile actuale ale mediului socio-economic \u0219i cultural-artistic. Con\u021binutul programului vizeaz\u0103 proiectarea disciplinelor \u00een [&hellip;]","og_url":"http:\/\/dezvoltare.uvt.ro\/arte\/educatie\/programe-de-licenta\/arte-plastice\/","og_site_name":"dezvoltare.uvt.ro\/arte","article_modified_time":"2023-03-23T11:39:33+00:00","twitter_card":"summary_large_image","twitter_misc":{"Est. reading time":"1 minute"},"schema":{"@context":"https:\/\/schema.org","@graph":[{"@type":"WebPage","@id":"http:\/\/dezvoltare.uvt.ro\/arte\/educatie\/programe-de-licenta\/arte-plastice\/","url":"http:\/\/dezvoltare.uvt.ro\/arte\/educatie\/programe-de-licenta\/arte-plastice\/","name":"Arte plastice (Fotografie - videoprocesare computerizata a imaginii) - dezvoltare.uvt.ro\/arte","isPartOf":{"@id":"https:\/\/dezvoltare.uvt.ro\/arte\/#website"},"datePublished":"2021-12-12T11:08:57+00:00","dateModified":"2023-03-23T11:39:33+00:00","breadcrumb":{"@id":"http:\/\/dezvoltare.uvt.ro\/arte\/educatie\/programe-de-licenta\/arte-plastice\/#breadcrumb"},"inLanguage":"en-US","potentialAction":[{"@type":"ReadAction","target":["http:\/\/dezvoltare.uvt.ro\/arte\/educatie\/programe-de-licenta\/arte-plastice\/"]}]},{"@type":"BreadcrumbList","@id":"http:\/\/dezvoltare.uvt.ro\/arte\/educatie\/programe-de-licenta\/arte-plastice\/#breadcrumb","itemListElement":[{"@type":"ListItem","position":1,"name":"Acas\u0103","item":"https:\/\/dezvoltare.uvt.ro\/arte\/"},{"@type":"ListItem","position":2,"name":"Educa\u021bie","item":"http:\/\/dezvoltare.uvt.ro\/arte\/educatie\/"},{"@type":"ListItem","position":3,"name":"Programe de licen\u021b\u0103","item":"http:\/\/dezvoltare.uvt.ro\/arte\/educatie\/programe-de-licenta\/"},{"@type":"ListItem","position":4,"name":"Arte plastice (Fotografie &#8211; videoprocesare computerizata a imaginii)"}]},{"@type":"WebSite","@id":"https:\/\/dezvoltare.uvt.ro\/arte\/#website","url":"https:\/\/dezvoltare.uvt.ro\/arte\/","name":"dezvoltare.uvt.ro\/arte","description":"Arte","potentialAction":[{"@type":"SearchAction","target":{"@type":"EntryPoint","urlTemplate":"https:\/\/dezvoltare.uvt.ro\/arte\/?s={search_term_string}"},"query-input":"required name=search_term_string"}],"inLanguage":"en-US"}]}},"_links":{"self":[{"href":"http:\/\/dezvoltare.uvt.ro\/arte\/wp-json\/wp\/v2\/pages\/961"}],"collection":[{"href":"http:\/\/dezvoltare.uvt.ro\/arte\/wp-json\/wp\/v2\/pages"}],"about":[{"href":"http:\/\/dezvoltare.uvt.ro\/arte\/wp-json\/wp\/v2\/types\/page"}],"author":[{"embeddable":true,"href":"http:\/\/dezvoltare.uvt.ro\/arte\/wp-json\/wp\/v2\/users\/2"}],"replies":[{"embeddable":true,"href":"http:\/\/dezvoltare.uvt.ro\/arte\/wp-json\/wp\/v2\/comments?post=961"}],"version-history":[{"count":0,"href":"http:\/\/dezvoltare.uvt.ro\/arte\/wp-json\/wp\/v2\/pages\/961\/revisions"}],"up":[{"embeddable":true,"href":"http:\/\/dezvoltare.uvt.ro\/arte\/wp-json\/wp\/v2\/pages\/99"}],"wp:attachment":[{"href":"http:\/\/dezvoltare.uvt.ro\/arte\/wp-json\/wp\/v2\/media?parent=961"}],"curies":[{"name":"wp","href":"https:\/\/api.w.org\/{rel}","templated":true}]}}