{"id":966,"date":"2021-12-12T11:10:43","date_gmt":"2021-12-12T11:10:43","guid":{"rendered":"http:\/\/dezvoltare.uvt.ro\/arte\/?page_id=966"},"modified":"2023-03-23T12:28:35","modified_gmt":"2023-03-23T12:28:35","slug":"arte-plastice-pictura-grafica-sculptura","status":"publish","type":"page","link":"http:\/\/dezvoltare.uvt.ro\/arte\/educatie\/programe-de-licenta\/arte-plastice-pictura-grafica-sculptura\/","title":{"rendered":"Arte plastice (Pictura, Grafica, Sculptura)"},"content":{"rendered":"\t\t<div data-elementor-type=\"wp-page\" data-elementor-id=\"966\" class=\"elementor elementor-966\">\n\t\t\t\t\t\t\t\t\t<section class=\"elementor-section elementor-top-section elementor-element elementor-element-8f12eda elementor-section-boxed elementor-section-height-default elementor-section-height-default\" data-id=\"8f12eda\" data-element_type=\"section\">\n\t\t\t\t\t\t<div class=\"elementor-container elementor-column-gap-default\">\n\t\t\t\t\t<div class=\"elementor-column elementor-col-100 elementor-top-column elementor-element elementor-element-9be026c\" data-id=\"9be026c\" data-element_type=\"column\">\n\t\t\t<div class=\"elementor-widget-wrap elementor-element-populated\">\n\t\t\t\t\t\t\t\t<div class=\"elementor-element elementor-element-6e3ba2f elementor-align-left elementor-widget elementor-widget-breadcrumbs\" data-id=\"6e3ba2f\" data-element_type=\"widget\" data-widget_type=\"breadcrumbs.default\">\n\t\t\t\t<div class=\"elementor-widget-container\">\n\t\t\t<p id=\"breadcrumbs\"><span><span><a href=\"https:\/\/dezvoltare.uvt.ro\/arte\/\">Acas\u0103<\/a><\/span><\/span><\/p>\t\t<\/div>\n\t\t\t\t<\/div>\n\t\t\t\t\t<\/div>\n\t\t<\/div>\n\t\t\t\t\t\t\t<\/div>\n\t\t<\/section>\n\t\t\t\t<section class=\"elementor-section elementor-top-section elementor-element elementor-element-4445bbe elementor-section-boxed elementor-section-height-default elementor-section-height-default\" data-id=\"4445bbe\" data-element_type=\"section\">\n\t\t\t\t\t\t<div class=\"elementor-container elementor-column-gap-default\">\n\t\t\t\t\t<div class=\"elementor-column elementor-col-100 elementor-top-column elementor-element elementor-element-a1d05e7\" data-id=\"a1d05e7\" data-element_type=\"column\">\n\t\t\t<div class=\"elementor-widget-wrap elementor-element-populated\">\n\t\t\t\t\t\t\t\t<div class=\"elementor-element elementor-element-db91aa7 elementor-widget elementor-widget-heading\" data-id=\"db91aa7\" data-element_type=\"widget\" data-widget_type=\"heading.default\">\n\t\t\t\t<div class=\"elementor-widget-container\">\n\t\t\t<h2 class=\"elementor-heading-title elementor-size-default\">Arte plastice (Pictura, Grafica, Sculptura)<\/h2>\t\t<\/div>\n\t\t\t\t<\/div>\n\t\t\t\t<div class=\"elementor-element elementor-element-0a1c86e elementor-widget-divider--view-line elementor-widget elementor-widget-divider\" data-id=\"0a1c86e\" data-element_type=\"widget\" data-widget_type=\"divider.default\">\n\t\t\t\t<div class=\"elementor-widget-container\">\n\t\t\t\t\t<div class=\"elementor-divider\">\n\t\t\t<span class=\"elementor-divider-separator\">\n\t\t\t\t\t\t<\/span>\n\t\t<\/div>\n\t\t\t\t<\/div>\n\t\t\t\t<\/div>\n\t\t\t\t\t<\/div>\n\t\t<\/div>\n\t\t\t\t\t\t\t<\/div>\n\t\t<\/section>\n\t\t\t\t<section class=\"elementor-section elementor-top-section elementor-element elementor-element-5a70c4b elementor-section-height-min-height elementor-section-items-top elementor-section-content-top elementor-section-boxed elementor-section-height-default\" data-id=\"5a70c4b\" data-element_type=\"section\">\n\t\t\t\t\t\t<div class=\"elementor-container elementor-column-gap-default\">\n\t\t\t\t\t<div class=\"elementor-column elementor-col-50 elementor-top-column elementor-element elementor-element-6d0dbf6\" data-id=\"6d0dbf6\" data-element_type=\"column\">\n\t\t\t<div class=\"elementor-widget-wrap elementor-element-populated\">\n\t\t\t\t\t\t\t\t<div class=\"elementor-element elementor-element-de17dfd elementor-widget elementor-widget-eael-adv-accordion\" data-id=\"de17dfd\" data-element_type=\"widget\" data-widget_type=\"eael-adv-accordion.default\">\n\t\t\t\t<div class=\"elementor-widget-container\">\n\t\t\t        <div class=\"eael-adv-accordion\" id=\"eael-adv-accordion-de17dfd\" data-accordion-id=\"de17dfd\" data-accordion-type=\"accordion\" data-toogle-speed=\"300\">\n    <div class=\"eael-accordion-list\">\n                <div id=\"prezentarea-specializrii\" class=\"elementor-tab-title eael-accordion-header\" tabindex=\"2321\" data-tab=\"1\" aria-controls=\"elementor-tab-content-2321\"><span class=\"eael-advanced-accordion-icon-closed\"><i aria-hidden=\"true\" class=\"fa-accordion-icon fas fa-plus\"><\/i><\/span><span class=\"eael-advanced-accordion-icon-opened\"><i aria-hidden=\"true\" class=\"fa-accordion-icon fas fa-minus\"><\/i><\/span><span class=\"eael-accordion-tab-title\">Prezentarea specializ\u0103rii<\/span><i aria-hidden=\"true\" class=\"fa-toggle fas fa-angle-right\"><\/i><\/div><div id=\"elementor-tab-content-2321\" class=\"eael-accordion-content clearfix\" data-tab=\"1\" aria-labelledby=\"prezentarea-specializrii\"><p><p>Obiectiv general al programului universitar de licen\u021b\u0103 Arte Plastice (Pictur\u0103, Grafic\u0103, Sculptur\u0103) urm\u0103re\u0219te transmiterea \u0219i \u00eensu\u0219irea cuno\u0219tin\u021belor fundamentale, identificarea, definirea \u0219i analiza limbajului artistic, specific domeniului Arte vizuale. Crearea cadrului teoretic \u0219i practic-artistic pentru \u00eensu\u0219irea \u0219i valorificarea conceptelor de baz\u0103 din domeniul arte vizuale.<\/p><\/p><\/div>\n                <\/div><div class=\"eael-accordion-list\">\n                <div id=\"planuri-de-nvmnt\" class=\"elementor-tab-title eael-accordion-header\" tabindex=\"2322\" data-tab=\"2\" aria-controls=\"elementor-tab-content-2322\"><span class=\"eael-advanced-accordion-icon-closed\"><i aria-hidden=\"true\" class=\"fa-accordion-icon fas fa-plus\"><\/i><\/span><span class=\"eael-advanced-accordion-icon-opened\"><i aria-hidden=\"true\" class=\"fa-accordion-icon fas fa-minus\"><\/i><\/span><span class=\"eael-accordion-tab-title\">Planuri de \u00eenv\u0103\u021b\u0103m\u00e2nt<\/span><i aria-hidden=\"true\" class=\"fa-toggle fas fa-angle-right\"><\/i><\/div><div id=\"elementor-tab-content-2322\" class=\"eael-accordion-content clearfix\" data-tab=\"2\" aria-labelledby=\"planuri-de-nvmnt\"><p><ul><li>Planuri Arte Plastice (Pictur\u0103)<ul><li><a href=\"http:\/\/dezvoltare.uvt.ro\/arte\/wp-content\/uploads\/2023\/03\/ARTE-PLASTICE-PICTURA-an1.pdf\">ARTE PLASTICE PICTURA an1<\/a><\/li><li><a href=\"http:\/\/dezvoltare.uvt.ro\/arte\/wp-content\/uploads\/2023\/03\/ARTE-PLASTICE-PICTURA-an2.pdf\">ARTE PLASTICE PICTURA an2<\/a><\/li><li><a href=\"http:\/\/dezvoltare.uvt.ro\/arte\/wp-content\/uploads\/2023\/03\/ARTE-PLASTICE-PICTURA-an3.pdf\">ARTE PLASTICE PICTURA an3<\/a><\/li><\/ul><\/li><li>Planuri Arte Plastice (Grafic\u0103)<ul><li><a href=\"http:\/\/dezvoltare.uvt.ro\/arte\/wp-content\/uploads\/2023\/03\/ARTE-PLASTICE-GRAFICA-an1.pdf\">ARTE PLASTICE GRAFICA an1<\/a><\/li><li><a href=\"http:\/\/dezvoltare.uvt.ro\/arte\/wp-content\/uploads\/2023\/03\/ARTE-PLASTICE-GRAFICA-an2.pdf\">ARTE PLASTICE GRAFICA an2<\/a><\/li><li><a href=\"http:\/\/dezvoltare.uvt.ro\/arte\/wp-content\/uploads\/2023\/03\/ARTE-PLASTICE-GRAFICA-an3.pdf\">ARTE PLASTICE GRAFICA an3<\/a><\/li><\/ul><\/li><li>Planuri Arte Plastice (Sculptur\u0103)<ul><li><a href=\"http:\/\/dezvoltare.uvt.ro\/arte\/wp-content\/uploads\/2023\/03\/ARTE-PLASTICE-SCULPTURA-an1.pdf\">ARTE PLASTICE SCULPTURA an1<\/a><\/li><li><a href=\"http:\/\/dezvoltare.uvt.ro\/arte\/wp-content\/uploads\/2023\/03\/ARTE-PLASTICE-SCULPTURA-an2.pdf\">ARTE PLASTICE SCULPTURA an2<\/a><\/li><li><a href=\"http:\/\/dezvoltare.uvt.ro\/arte\/wp-content\/uploads\/2023\/03\/ARTE-PLASTICE-SCULPTURA-an3.pdf\">ARTE PLASTICE SCULPTURA an3<\/a><\/li><\/ul><\/li><\/ul><\/p><\/div>\n                <\/div><div class=\"eael-accordion-list\">\n                <div id=\"fiele-disciplinelor\" class=\"elementor-tab-title eael-accordion-header\" tabindex=\"2323\" data-tab=\"3\" aria-controls=\"elementor-tab-content-2323\"><span class=\"eael-advanced-accordion-icon-closed\"><i aria-hidden=\"true\" class=\"fa-accordion-icon fas fa-plus\"><\/i><\/span><span class=\"eael-advanced-accordion-icon-opened\"><i aria-hidden=\"true\" class=\"fa-accordion-icon fas fa-minus\"><\/i><\/span><span class=\"eael-accordion-tab-title\">Fi\u0219ele disciplinelor<\/span><i aria-hidden=\"true\" class=\"fa-toggle fas fa-angle-right\"><\/i><\/div><div id=\"elementor-tab-content-2323\" class=\"eael-accordion-content clearfix\" data-tab=\"3\" aria-labelledby=\"fiele-disciplinelor\"><p><ul><li><a href=\"https:\/\/drive.google.com\/drive\/folders\/1297ITf_CDkNXx68_pSQbYKXWIqs1CAbt?usp=share_link\" target=\"_blank\" rel=\"noopener\">VEZI FISELE DISCIPLINELOR SEM 2 PICTURA 2022-2023<\/a><\/li><li><a href=\"https:\/\/drive.google.com\/drive\/folders\/1tPmWAcRdZ7MwujUC3wQMXUCM4J1FJjui?usp=share_link\" target=\"_blank\" rel=\"noopener\">VEZI FISELE DISCIPLINELOR SEM 2 GRAFICA 2022-2023<\/a><\/li><li><a href=\"https:\/\/drive.google.com\/drive\/folders\/1MhEpjEyqBSji4YU3Hjch2jXLbf9XDFkk?usp=share_link\" target=\"_blank\" rel=\"noopener\">VEZI FISELE DISCIPLINELOR SEM 2 SCULPTURA 2022-2023<\/a><\/li><\/ul><\/p><\/div>\n                <\/div><\/div>\t\t<\/div>\n\t\t\t\t<\/div>\n\t\t\t\t\t<\/div>\n\t\t<\/div>\n\t\t\t\t<div class=\"elementor-column elementor-col-50 elementor-top-column elementor-element elementor-element-1e11c49\" data-id=\"1e11c49\" data-element_type=\"column\">\n\t\t\t<div class=\"elementor-widget-wrap elementor-element-populated\">\n\t\t\t\t\t\t\t\t<div class=\"elementor-element elementor-element-39ec241 elementor-widget elementor-widget-text-editor\" data-id=\"39ec241\" data-element_type=\"widget\" data-widget_type=\"text-editor.default\">\n\t\t\t\t<div class=\"elementor-widget-container\">\n\t\t\t\t\t\t\t<p><b>Domeniul:<\/b>\u00a0Arte vizuale<br \/><b><\/b><\/p><p><b>Specializarea:<\/b> Arte plastice (pictura, grafica, sculptura)<br \/><b><\/b><\/p><p><b>Forma de \u00eenv\u0103\u021b\u0103m\u00e2nt:<\/b> Cu frecven\u021b\u0103<br \/><b><\/b><\/p><p><b>Forma de finalizare:<\/b> Diplom\u0103 studii universitare<br \/><b><\/b><\/p><p><b>Titlul acordat:<\/b>\u00a0Licen\u021biat Arte Vizuale<\/p>\t\t\t\t\t\t<\/div>\n\t\t\t\t<\/div>\n\t\t\t\t\t<\/div>\n\t\t<\/div>\n\t\t\t\t\t\t\t<\/div>\n\t\t<\/section>\n\t\t\t\t\t\t\t<\/div>\n\t\t","protected":false},"excerpt":{"rendered":"<p>Arte plastice (Pictura, Grafica, Sculptura) Prezentarea specializ\u0103rii Obiectiv general al programului universitar de licen\u021b\u0103 Arte Plastice (Pictur\u0103, Grafic\u0103, Sculptur\u0103) urm\u0103re\u0219te transmiterea \u0219i \u00eensu\u0219irea cuno\u0219tin\u021belor fundamentale, identificarea, definirea \u0219i analiza limbajului artistic, specific domeniului Arte vizuale. Crearea cadrului teoretic \u0219i practic-artistic pentru \u00eensu\u0219irea \u0219i valorificarea conceptelor de baz\u0103 din domeniul arte vizuale. Planuri de \u00eenv\u0103\u021b\u0103m\u00e2nt Planuri [&hellip;]<\/p>\n","protected":false},"author":2,"featured_media":0,"parent":99,"menu_order":0,"comment_status":"closed","ping_status":"closed","template":"","meta":[],"acf":[],"yoast_head":"<!-- This site is optimized with the Yoast SEO plugin v20.4 - https:\/\/yoast.com\/wordpress\/plugins\/seo\/ -->\n<title>Arte plastice (Pictura, Grafica, Sculptura) - dezvoltare.uvt.ro\/arte<\/title>\n<meta name=\"robots\" content=\"noindex, follow, max-snippet:-1, max-image-preview:large, max-video-preview:-1\" \/>\n<meta property=\"og:locale\" content=\"en_US\" \/>\n<meta property=\"og:type\" content=\"article\" \/>\n<meta property=\"og:title\" content=\"Arte plastice (Pictura, Grafica, Sculptura) - dezvoltare.uvt.ro\/arte\" \/>\n<meta property=\"og:description\" content=\"Arte plastice (Pictura, Grafica, Sculptura) Prezentarea specializ\u0103rii Obiectiv general al programului universitar de licen\u021b\u0103 Arte Plastice (Pictur\u0103, Grafic\u0103, Sculptur\u0103) urm\u0103re\u0219te transmiterea \u0219i \u00eensu\u0219irea cuno\u0219tin\u021belor fundamentale, identificarea, definirea \u0219i analiza limbajului artistic, specific domeniului Arte vizuale. Crearea cadrului teoretic \u0219i practic-artistic pentru \u00eensu\u0219irea \u0219i valorificarea conceptelor de baz\u0103 din domeniul arte vizuale. Planuri de \u00eenv\u0103\u021b\u0103m\u00e2nt Planuri [&hellip;]\" \/>\n<meta property=\"og:url\" content=\"http:\/\/dezvoltare.uvt.ro\/arte\/educatie\/programe-de-licenta\/arte-plastice-pictura-grafica-sculptura\/\" \/>\n<meta property=\"og:site_name\" content=\"dezvoltare.uvt.ro\/arte\" \/>\n<meta property=\"article:modified_time\" content=\"2023-03-23T12:28:35+00:00\" \/>\n<meta name=\"twitter:card\" content=\"summary_large_image\" \/>\n<meta name=\"twitter:label1\" content=\"Est. reading time\" \/>\n\t<meta name=\"twitter:data1\" content=\"1 minute\" \/>\n<script type=\"application\/ld+json\" class=\"yoast-schema-graph\">{\"@context\":\"https:\/\/schema.org\",\"@graph\":[{\"@type\":\"WebPage\",\"@id\":\"http:\/\/dezvoltare.uvt.ro\/arte\/educatie\/programe-de-licenta\/arte-plastice-pictura-grafica-sculptura\/\",\"url\":\"http:\/\/dezvoltare.uvt.ro\/arte\/educatie\/programe-de-licenta\/arte-plastice-pictura-grafica-sculptura\/\",\"name\":\"Arte plastice (Pictura, Grafica, Sculptura) - dezvoltare.uvt.ro\/arte\",\"isPartOf\":{\"@id\":\"https:\/\/dezvoltare.uvt.ro\/arte\/#website\"},\"datePublished\":\"2021-12-12T11:10:43+00:00\",\"dateModified\":\"2023-03-23T12:28:35+00:00\",\"breadcrumb\":{\"@id\":\"http:\/\/dezvoltare.uvt.ro\/arte\/educatie\/programe-de-licenta\/arte-plastice-pictura-grafica-sculptura\/#breadcrumb\"},\"inLanguage\":\"en-US\",\"potentialAction\":[{\"@type\":\"ReadAction\",\"target\":[\"http:\/\/dezvoltare.uvt.ro\/arte\/educatie\/programe-de-licenta\/arte-plastice-pictura-grafica-sculptura\/\"]}]},{\"@type\":\"BreadcrumbList\",\"@id\":\"http:\/\/dezvoltare.uvt.ro\/arte\/educatie\/programe-de-licenta\/arte-plastice-pictura-grafica-sculptura\/#breadcrumb\",\"itemListElement\":[{\"@type\":\"ListItem\",\"position\":1,\"name\":\"Acas\u0103\",\"item\":\"https:\/\/dezvoltare.uvt.ro\/arte\/\"},{\"@type\":\"ListItem\",\"position\":2,\"name\":\"Educa\u021bie\",\"item\":\"http:\/\/dezvoltare.uvt.ro\/arte\/educatie\/\"},{\"@type\":\"ListItem\",\"position\":3,\"name\":\"Programe de licen\u021b\u0103\",\"item\":\"http:\/\/dezvoltare.uvt.ro\/arte\/educatie\/programe-de-licenta\/\"},{\"@type\":\"ListItem\",\"position\":4,\"name\":\"Arte plastice (Pictura, Grafica, Sculptura)\"}]},{\"@type\":\"WebSite\",\"@id\":\"https:\/\/dezvoltare.uvt.ro\/arte\/#website\",\"url\":\"https:\/\/dezvoltare.uvt.ro\/arte\/\",\"name\":\"dezvoltare.uvt.ro\/arte\",\"description\":\"Arte\",\"potentialAction\":[{\"@type\":\"SearchAction\",\"target\":{\"@type\":\"EntryPoint\",\"urlTemplate\":\"https:\/\/dezvoltare.uvt.ro\/arte\/?s={search_term_string}\"},\"query-input\":\"required name=search_term_string\"}],\"inLanguage\":\"en-US\"}]}<\/script>\n<!-- \/ Yoast SEO plugin. -->","yoast_head_json":{"title":"Arte plastice (Pictura, Grafica, Sculptura) - dezvoltare.uvt.ro\/arte","robots":{"index":"noindex","follow":"follow","max-snippet":"max-snippet:-1","max-image-preview":"max-image-preview:large","max-video-preview":"max-video-preview:-1"},"og_locale":"en_US","og_type":"article","og_title":"Arte plastice (Pictura, Grafica, Sculptura) - dezvoltare.uvt.ro\/arte","og_description":"Arte plastice (Pictura, Grafica, Sculptura) Prezentarea specializ\u0103rii Obiectiv general al programului universitar de licen\u021b\u0103 Arte Plastice (Pictur\u0103, Grafic\u0103, Sculptur\u0103) urm\u0103re\u0219te transmiterea \u0219i \u00eensu\u0219irea cuno\u0219tin\u021belor fundamentale, identificarea, definirea \u0219i analiza limbajului artistic, specific domeniului Arte vizuale. Crearea cadrului teoretic \u0219i practic-artistic pentru \u00eensu\u0219irea \u0219i valorificarea conceptelor de baz\u0103 din domeniul arte vizuale. Planuri de \u00eenv\u0103\u021b\u0103m\u00e2nt Planuri [&hellip;]","og_url":"http:\/\/dezvoltare.uvt.ro\/arte\/educatie\/programe-de-licenta\/arte-plastice-pictura-grafica-sculptura\/","og_site_name":"dezvoltare.uvt.ro\/arte","article_modified_time":"2023-03-23T12:28:35+00:00","twitter_card":"summary_large_image","twitter_misc":{"Est. reading time":"1 minute"},"schema":{"@context":"https:\/\/schema.org","@graph":[{"@type":"WebPage","@id":"http:\/\/dezvoltare.uvt.ro\/arte\/educatie\/programe-de-licenta\/arte-plastice-pictura-grafica-sculptura\/","url":"http:\/\/dezvoltare.uvt.ro\/arte\/educatie\/programe-de-licenta\/arte-plastice-pictura-grafica-sculptura\/","name":"Arte plastice (Pictura, Grafica, Sculptura) - dezvoltare.uvt.ro\/arte","isPartOf":{"@id":"https:\/\/dezvoltare.uvt.ro\/arte\/#website"},"datePublished":"2021-12-12T11:10:43+00:00","dateModified":"2023-03-23T12:28:35+00:00","breadcrumb":{"@id":"http:\/\/dezvoltare.uvt.ro\/arte\/educatie\/programe-de-licenta\/arte-plastice-pictura-grafica-sculptura\/#breadcrumb"},"inLanguage":"en-US","potentialAction":[{"@type":"ReadAction","target":["http:\/\/dezvoltare.uvt.ro\/arte\/educatie\/programe-de-licenta\/arte-plastice-pictura-grafica-sculptura\/"]}]},{"@type":"BreadcrumbList","@id":"http:\/\/dezvoltare.uvt.ro\/arte\/educatie\/programe-de-licenta\/arte-plastice-pictura-grafica-sculptura\/#breadcrumb","itemListElement":[{"@type":"ListItem","position":1,"name":"Acas\u0103","item":"https:\/\/dezvoltare.uvt.ro\/arte\/"},{"@type":"ListItem","position":2,"name":"Educa\u021bie","item":"http:\/\/dezvoltare.uvt.ro\/arte\/educatie\/"},{"@type":"ListItem","position":3,"name":"Programe de licen\u021b\u0103","item":"http:\/\/dezvoltare.uvt.ro\/arte\/educatie\/programe-de-licenta\/"},{"@type":"ListItem","position":4,"name":"Arte plastice (Pictura, Grafica, Sculptura)"}]},{"@type":"WebSite","@id":"https:\/\/dezvoltare.uvt.ro\/arte\/#website","url":"https:\/\/dezvoltare.uvt.ro\/arte\/","name":"dezvoltare.uvt.ro\/arte","description":"Arte","potentialAction":[{"@type":"SearchAction","target":{"@type":"EntryPoint","urlTemplate":"https:\/\/dezvoltare.uvt.ro\/arte\/?s={search_term_string}"},"query-input":"required name=search_term_string"}],"inLanguage":"en-US"}]}},"_links":{"self":[{"href":"http:\/\/dezvoltare.uvt.ro\/arte\/wp-json\/wp\/v2\/pages\/966"}],"collection":[{"href":"http:\/\/dezvoltare.uvt.ro\/arte\/wp-json\/wp\/v2\/pages"}],"about":[{"href":"http:\/\/dezvoltare.uvt.ro\/arte\/wp-json\/wp\/v2\/types\/page"}],"author":[{"embeddable":true,"href":"http:\/\/dezvoltare.uvt.ro\/arte\/wp-json\/wp\/v2\/users\/2"}],"replies":[{"embeddable":true,"href":"http:\/\/dezvoltare.uvt.ro\/arte\/wp-json\/wp\/v2\/comments?post=966"}],"version-history":[{"count":0,"href":"http:\/\/dezvoltare.uvt.ro\/arte\/wp-json\/wp\/v2\/pages\/966\/revisions"}],"up":[{"embeddable":true,"href":"http:\/\/dezvoltare.uvt.ro\/arte\/wp-json\/wp\/v2\/pages\/99"}],"wp:attachment":[{"href":"http:\/\/dezvoltare.uvt.ro\/arte\/wp-json\/wp\/v2\/media?parent=966"}],"curies":[{"name":"wp","href":"https:\/\/api.w.org\/{rel}","templated":true}]}}