{"id":99,"date":"2021-11-10T09:31:28","date_gmt":"2021-11-10T09:31:28","guid":{"rendered":"http:\/\/dezvoltare.uvt.ro\/arte\/?page_id=99"},"modified":"2023-07-25T09:19:15","modified_gmt":"2023-07-25T09:19:15","slug":"programe-de-licenta","status":"publish","type":"page","link":"http:\/\/dezvoltare.uvt.ro\/arte\/educatie\/programe-de-licenta\/","title":{"rendered":"Programe de licen\u021b\u0103"},"content":{"rendered":"\t\t<div data-elementor-type=\"wp-page\" data-elementor-id=\"99\" class=\"elementor elementor-99\">\n\t\t\t\t\t\t\t\t\t<section class=\"elementor-section elementor-top-section elementor-element elementor-element-4a36cb0 elementor-section-boxed elementor-section-height-default elementor-section-height-default\" data-id=\"4a36cb0\" data-element_type=\"section\">\n\t\t\t\t\t\t<div class=\"elementor-container elementor-column-gap-default\">\n\t\t\t\t\t<div class=\"elementor-column elementor-col-100 elementor-top-column elementor-element elementor-element-c821192\" data-id=\"c821192\" data-element_type=\"column\">\n\t\t\t<div class=\"elementor-widget-wrap elementor-element-populated\">\n\t\t\t\t\t\t\t\t<div class=\"elementor-element elementor-element-c0db908 elementor-align-left elementor-widget elementor-widget-breadcrumbs\" data-id=\"c0db908\" data-element_type=\"widget\" data-widget_type=\"breadcrumbs.default\">\n\t\t\t\t<div class=\"elementor-widget-container\">\n\t\t\t<p id=\"breadcrumbs\"><span><span><a href=\"https:\/\/dezvoltare.uvt.ro\/arte\/\">Acas\u0103<\/a><\/span><\/span><\/p>\t\t<\/div>\n\t\t\t\t<\/div>\n\t\t\t\t\t<\/div>\n\t\t<\/div>\n\t\t\t\t\t\t\t<\/div>\n\t\t<\/section>\n\t\t\t\t<section class=\"elementor-section elementor-top-section elementor-element elementor-element-77fd16f elementor-section-boxed elementor-section-height-default elementor-section-height-default\" data-id=\"77fd16f\" data-element_type=\"section\">\n\t\t\t\t\t\t<div class=\"elementor-container elementor-column-gap-default\">\n\t\t\t\t\t<div class=\"elementor-column elementor-col-100 elementor-top-column elementor-element elementor-element-7f7ada2\" data-id=\"7f7ada2\" data-element_type=\"column\">\n\t\t\t<div class=\"elementor-widget-wrap elementor-element-populated\">\n\t\t\t\t\t\t\t\t<div class=\"elementor-element elementor-element-d8b55fa elementor-widget elementor-widget-heading\" data-id=\"d8b55fa\" data-element_type=\"widget\" data-widget_type=\"heading.default\">\n\t\t\t\t<div class=\"elementor-widget-container\">\n\t\t\t<h2 class=\"elementor-heading-title elementor-size-default\">Programe de licen\u021b\u0103<\/h2>\t\t<\/div>\n\t\t\t\t<\/div>\n\t\t\t\t<div class=\"elementor-element elementor-element-de97f6f elementor-widget-divider--view-line elementor-widget elementor-widget-divider\" data-id=\"de97f6f\" data-element_type=\"widget\" data-widget_type=\"divider.default\">\n\t\t\t\t<div class=\"elementor-widget-container\">\n\t\t\t\t\t<div class=\"elementor-divider\">\n\t\t\t<span class=\"elementor-divider-separator\">\n\t\t\t\t\t\t<\/span>\n\t\t<\/div>\n\t\t\t\t<\/div>\n\t\t\t\t<\/div>\n\t\t\t\t\t<\/div>\n\t\t<\/div>\n\t\t\t\t\t\t\t<\/div>\n\t\t<\/section>\n\t\t\t\t<section class=\"elementor-section elementor-top-section elementor-element elementor-element-73291ed elementor-section-boxed elementor-section-height-default elementor-section-height-default\" data-id=\"73291ed\" data-element_type=\"section\">\n\t\t\t\t\t\t<div class=\"elementor-container elementor-column-gap-default\">\n\t\t\t\t\t<div class=\"elementor-column elementor-col-100 elementor-top-column elementor-element elementor-element-68ac474\" data-id=\"68ac474\" data-element_type=\"column\">\n\t\t\t<div class=\"elementor-widget-wrap elementor-element-populated\">\n\t\t\t\t\t\t\t\t<div class=\"elementor-element elementor-element-2978f26 elementor-widget elementor-widget-text-editor\" data-id=\"2978f26\" data-element_type=\"widget\" data-widget_type=\"text-editor.default\">\n\t\t\t\t<div class=\"elementor-widget-container\">\n\t\t\t\t\t\t\t<p id=\"blue\"><strong><em>DEPARTAMENTUL DE ARTE VIZUALE<\/em><\/strong><\/p><p>Departamentul de Arte vizuale, cadru al cercet\u0103rii fundamentale \u00een domeniul artelor vizuale, grupeaz\u0103 6 direc\u0163ii de specializare, ce acoper\u0103 at\u00e2t cercetarea \u015fi crea\u0163ia artistic\u0103 din principalele ramuri tradi\u0163ionale, pictura, sculptura, grafica, precum \u015fi specializ\u0103ri aplicative \u00een restaurare sau rute specifice ce folosesc noile medii \u015fi tehnologii bazate pe foto-video \u015fi prelucrarea informa\u0163ional\u0103 a imaginii.<br \/><br \/><br \/><\/p><p id=\"blue\"><strong><em>DEPARTAMENTUL DE DESIGN \u0218I ARTE APLICATE<\/em><\/strong><\/p><p>Departamentul de Design \u0219i Arte aplicate cuprinde la nivelul de licen\u0163\u0103 specializ\u0103rile Design, Mod\u0103 &#8211; design vestimentar \u0219i Arte decorative cu o durat\u0103 de trei ani. Pentru activit\u0103\u0163ile necesare procesului de \u00eenv\u0103\u0163\u0103m\u00e2nt, sunt puse la dispozi\u0163ie spa\u0163ii generoase pentru fiecare rut\u0103 individual\u0103 de studiu. Astfel, exist\u0103 studiouri pentru preg\u0103tirea de baz\u0103, ateliere pentru transpunerea proiectelor \u00een diverse materiale, laborator dotat cu calculatoare performante, s\u0103li de curs, acces la biblioteca aflat\u0103 \u00een cl\u0103direa facult\u0103\u0163ii.<\/p>\t\t\t\t\t\t<\/div>\n\t\t\t\t<\/div>\n\t\t\t\t\t<\/div>\n\t\t<\/div>\n\t\t\t\t\t\t\t<\/div>\n\t\t<\/section>\n\t\t\t\t<section class=\"elementor-section elementor-top-section elementor-element elementor-element-a1c04a8 elementor-section-boxed elementor-section-height-default elementor-section-height-default\" data-id=\"a1c04a8\" data-element_type=\"section\">\n\t\t\t\t\t\t<div class=\"elementor-container elementor-column-gap-default\">\n\t\t\t\t\t<div class=\"elementor-column elementor-col-100 elementor-top-column elementor-element elementor-element-0020eb0\" data-id=\"0020eb0\" data-element_type=\"column\">\n\t\t\t<div class=\"elementor-widget-wrap elementor-element-populated\">\n\t\t\t\t\t\t\t\t<div class=\"elementor-element elementor-element-167db67 elementor-widget elementor-widget-text-editor\" data-id=\"167db67\" data-element_type=\"widget\" data-widget_type=\"text-editor.default\">\n\t\t\t\t<div class=\"elementor-widget-container\">\n\t\t\t\t\t\t\t<h5 class=\"elementor-heading-title elementor-size-default\">Specializ\u0103ri<\/h5><p>\u00a0<\/p><ul><li><a href=\"http:\/\/dezvoltare.uvt.ro\/arte\/arte-plastice\/\">Arte plastice (Fotografie &#8211; videoprocesare computerizata a imaginii)<\/a><\/li><li><a href=\"http:\/\/dezvoltare.uvt.ro\/arte\/arte-plastice-pictura-grafica-sculptura\/\">Arte plastice (Pictura, Grafica, Sculptura)<\/a><\/li><li><a href=\"http:\/\/dezvoltare.uvt.ro\/arte\/arte-decorative\/\">Arte decorative<\/a><\/li><li><a href=\"http:\/\/dezvoltare.uvt.ro\/arte\/conservare-restaurare\/\">Conservare &#8211; Restaurare<\/a><\/li><li><a href=\"http:\/\/dezvoltare.uvt.ro\/arte\/design\/\">Design<\/a><\/li><li><a href=\"http:\/\/dezvoltare.uvt.ro\/arte\/moda-design-vestimentar\/\">Mod\u0103, Design vestimentar<\/a><\/li><\/ul>\t\t\t\t\t\t<\/div>\n\t\t\t\t<\/div>\n\t\t\t\t\t<\/div>\n\t\t<\/div>\n\t\t\t\t\t\t\t<\/div>\n\t\t<\/section>\n\t\t\t\t\t\t\t<\/div>\n\t\t","protected":false},"excerpt":{"rendered":"<p>Programe de licen\u021b\u0103 DEPARTAMENTUL DE ARTE VIZUALE Departamentul de Arte vizuale, cadru al cercet\u0103rii fundamentale \u00een domeniul artelor vizuale, grupeaz\u0103 6 direc\u0163ii de specializare, ce acoper\u0103 at\u00e2t cercetarea \u015fi crea\u0163ia artistic\u0103 din principalele ramuri tradi\u0163ionale, pictura, sculptura, grafica, precum \u015fi specializ\u0103ri aplicative \u00een restaurare sau rute specifice ce folosesc noile medii \u015fi tehnologii bazate pe [&hellip;]<\/p>\n","protected":false},"author":2,"featured_media":0,"parent":97,"menu_order":0,"comment_status":"closed","ping_status":"closed","template":"","meta":[],"acf":[],"yoast_head":"<!-- This site is optimized with the Yoast SEO plugin v20.4 - https:\/\/yoast.com\/wordpress\/plugins\/seo\/ -->\n<title>Programe de licen\u021b\u0103 - dezvoltare.uvt.ro\/arte<\/title>\n<meta name=\"robots\" content=\"noindex, follow, max-snippet:-1, max-image-preview:large, max-video-preview:-1\" \/>\n<meta property=\"og:locale\" content=\"en_US\" \/>\n<meta property=\"og:type\" content=\"article\" \/>\n<meta property=\"og:title\" content=\"Programe de licen\u021b\u0103 - dezvoltare.uvt.ro\/arte\" \/>\n<meta property=\"og:description\" content=\"Programe de licen\u021b\u0103 DEPARTAMENTUL DE ARTE VIZUALE Departamentul de Arte vizuale, cadru al cercet\u0103rii fundamentale \u00een domeniul artelor vizuale, grupeaz\u0103 6 direc\u0163ii de specializare, ce acoper\u0103 at\u00e2t cercetarea \u015fi crea\u0163ia artistic\u0103 din principalele ramuri tradi\u0163ionale, pictura, sculptura, grafica, precum \u015fi specializ\u0103ri aplicative \u00een restaurare sau rute specifice ce folosesc noile medii \u015fi tehnologii bazate pe [&hellip;]\" \/>\n<meta property=\"og:url\" content=\"http:\/\/dezvoltare.uvt.ro\/arte\/educatie\/programe-de-licenta\/\" \/>\n<meta property=\"og:site_name\" content=\"dezvoltare.uvt.ro\/arte\" \/>\n<meta property=\"article:modified_time\" content=\"2023-07-25T09:19:15+00:00\" \/>\n<meta name=\"twitter:card\" content=\"summary_large_image\" \/>\n<meta name=\"twitter:label1\" content=\"Est. reading time\" \/>\n\t<meta name=\"twitter:data1\" content=\"1 minute\" \/>\n<script type=\"application\/ld+json\" class=\"yoast-schema-graph\">{\"@context\":\"https:\/\/schema.org\",\"@graph\":[{\"@type\":\"WebPage\",\"@id\":\"http:\/\/dezvoltare.uvt.ro\/arte\/educatie\/programe-de-licenta\/\",\"url\":\"http:\/\/dezvoltare.uvt.ro\/arte\/educatie\/programe-de-licenta\/\",\"name\":\"Programe de licen\u021b\u0103 - dezvoltare.uvt.ro\/arte\",\"isPartOf\":{\"@id\":\"https:\/\/dezvoltare.uvt.ro\/arte\/#website\"},\"datePublished\":\"2021-11-10T09:31:28+00:00\",\"dateModified\":\"2023-07-25T09:19:15+00:00\",\"breadcrumb\":{\"@id\":\"http:\/\/dezvoltare.uvt.ro\/arte\/educatie\/programe-de-licenta\/#breadcrumb\"},\"inLanguage\":\"en-US\",\"potentialAction\":[{\"@type\":\"ReadAction\",\"target\":[\"http:\/\/dezvoltare.uvt.ro\/arte\/educatie\/programe-de-licenta\/\"]}]},{\"@type\":\"BreadcrumbList\",\"@id\":\"http:\/\/dezvoltare.uvt.ro\/arte\/educatie\/programe-de-licenta\/#breadcrumb\",\"itemListElement\":[{\"@type\":\"ListItem\",\"position\":1,\"name\":\"Acas\u0103\",\"item\":\"https:\/\/dezvoltare.uvt.ro\/arte\/\"},{\"@type\":\"ListItem\",\"position\":2,\"name\":\"Educa\u021bie\",\"item\":\"http:\/\/dezvoltare.uvt.ro\/arte\/educatie\/\"},{\"@type\":\"ListItem\",\"position\":3,\"name\":\"Programe de licen\u021b\u0103\"}]},{\"@type\":\"WebSite\",\"@id\":\"https:\/\/dezvoltare.uvt.ro\/arte\/#website\",\"url\":\"https:\/\/dezvoltare.uvt.ro\/arte\/\",\"name\":\"dezvoltare.uvt.ro\/arte\",\"description\":\"Arte\",\"potentialAction\":[{\"@type\":\"SearchAction\",\"target\":{\"@type\":\"EntryPoint\",\"urlTemplate\":\"https:\/\/dezvoltare.uvt.ro\/arte\/?s={search_term_string}\"},\"query-input\":\"required name=search_term_string\"}],\"inLanguage\":\"en-US\"}]}<\/script>\n<!-- \/ Yoast SEO plugin. -->","yoast_head_json":{"title":"Programe de licen\u021b\u0103 - dezvoltare.uvt.ro\/arte","robots":{"index":"noindex","follow":"follow","max-snippet":"max-snippet:-1","max-image-preview":"max-image-preview:large","max-video-preview":"max-video-preview:-1"},"og_locale":"en_US","og_type":"article","og_title":"Programe de licen\u021b\u0103 - dezvoltare.uvt.ro\/arte","og_description":"Programe de licen\u021b\u0103 DEPARTAMENTUL DE ARTE VIZUALE Departamentul de Arte vizuale, cadru al cercet\u0103rii fundamentale \u00een domeniul artelor vizuale, grupeaz\u0103 6 direc\u0163ii de specializare, ce acoper\u0103 at\u00e2t cercetarea \u015fi crea\u0163ia artistic\u0103 din principalele ramuri tradi\u0163ionale, pictura, sculptura, grafica, precum \u015fi specializ\u0103ri aplicative \u00een restaurare sau rute specifice ce folosesc noile medii \u015fi tehnologii bazate pe [&hellip;]","og_url":"http:\/\/dezvoltare.uvt.ro\/arte\/educatie\/programe-de-licenta\/","og_site_name":"dezvoltare.uvt.ro\/arte","article_modified_time":"2023-07-25T09:19:15+00:00","twitter_card":"summary_large_image","twitter_misc":{"Est. reading time":"1 minute"},"schema":{"@context":"https:\/\/schema.org","@graph":[{"@type":"WebPage","@id":"http:\/\/dezvoltare.uvt.ro\/arte\/educatie\/programe-de-licenta\/","url":"http:\/\/dezvoltare.uvt.ro\/arte\/educatie\/programe-de-licenta\/","name":"Programe de licen\u021b\u0103 - dezvoltare.uvt.ro\/arte","isPartOf":{"@id":"https:\/\/dezvoltare.uvt.ro\/arte\/#website"},"datePublished":"2021-11-10T09:31:28+00:00","dateModified":"2023-07-25T09:19:15+00:00","breadcrumb":{"@id":"http:\/\/dezvoltare.uvt.ro\/arte\/educatie\/programe-de-licenta\/#breadcrumb"},"inLanguage":"en-US","potentialAction":[{"@type":"ReadAction","target":["http:\/\/dezvoltare.uvt.ro\/arte\/educatie\/programe-de-licenta\/"]}]},{"@type":"BreadcrumbList","@id":"http:\/\/dezvoltare.uvt.ro\/arte\/educatie\/programe-de-licenta\/#breadcrumb","itemListElement":[{"@type":"ListItem","position":1,"name":"Acas\u0103","item":"https:\/\/dezvoltare.uvt.ro\/arte\/"},{"@type":"ListItem","position":2,"name":"Educa\u021bie","item":"http:\/\/dezvoltare.uvt.ro\/arte\/educatie\/"},{"@type":"ListItem","position":3,"name":"Programe de licen\u021b\u0103"}]},{"@type":"WebSite","@id":"https:\/\/dezvoltare.uvt.ro\/arte\/#website","url":"https:\/\/dezvoltare.uvt.ro\/arte\/","name":"dezvoltare.uvt.ro\/arte","description":"Arte","potentialAction":[{"@type":"SearchAction","target":{"@type":"EntryPoint","urlTemplate":"https:\/\/dezvoltare.uvt.ro\/arte\/?s={search_term_string}"},"query-input":"required name=search_term_string"}],"inLanguage":"en-US"}]}},"_links":{"self":[{"href":"http:\/\/dezvoltare.uvt.ro\/arte\/wp-json\/wp\/v2\/pages\/99"}],"collection":[{"href":"http:\/\/dezvoltare.uvt.ro\/arte\/wp-json\/wp\/v2\/pages"}],"about":[{"href":"http:\/\/dezvoltare.uvt.ro\/arte\/wp-json\/wp\/v2\/types\/page"}],"author":[{"embeddable":true,"href":"http:\/\/dezvoltare.uvt.ro\/arte\/wp-json\/wp\/v2\/users\/2"}],"replies":[{"embeddable":true,"href":"http:\/\/dezvoltare.uvt.ro\/arte\/wp-json\/wp\/v2\/comments?post=99"}],"version-history":[{"count":6,"href":"http:\/\/dezvoltare.uvt.ro\/arte\/wp-json\/wp\/v2\/pages\/99\/revisions"}],"predecessor-version":[{"id":3519,"href":"http:\/\/dezvoltare.uvt.ro\/arte\/wp-json\/wp\/v2\/pages\/99\/revisions\/3519"}],"up":[{"embeddable":true,"href":"http:\/\/dezvoltare.uvt.ro\/arte\/wp-json\/wp\/v2\/pages\/97"}],"wp:attachment":[{"href":"http:\/\/dezvoltare.uvt.ro\/arte\/wp-json\/wp\/v2\/media?parent=99"}],"curies":[{"name":"wp","href":"https:\/\/api.w.org\/{rel}","templated":true}]}}