{"id":1127,"date":"2023-04-26T11:36:58","date_gmt":"2023-04-26T11:36:58","guid":{"rendered":"http:\/\/dezvoltare.uvt.ro\/physics\/?page_id=1127"},"modified":"2023-07-25T11:45:26","modified_gmt":"2023-07-25T11:45:26","slug":"practica","status":"publish","type":"page","link":"http:\/\/dezvoltare.uvt.ro\/physics\/educatie\/practica\/","title":{"rendered":"Practic\u0103"},"content":{"rendered":"\t\t<div data-elementor-type=\"wp-page\" data-elementor-id=\"1127\" class=\"elementor elementor-1127\">\n\t\t\t\t\t\t\t\t\t<section class=\"elementor-section elementor-top-section elementor-element elementor-element-40a9e4a elementor-section-boxed elementor-section-height-default elementor-section-height-default\" data-id=\"40a9e4a\" data-element_type=\"section\">\n\t\t\t\t\t\t<div class=\"elementor-container elementor-column-gap-default\">\n\t\t\t\t\t<div class=\"elementor-column elementor-col-100 elementor-top-column elementor-element elementor-element-3802211\" data-id=\"3802211\" data-element_type=\"column\">\n\t\t\t<div class=\"elementor-widget-wrap elementor-element-populated\">\n\t\t\t\t\t\t\t\t<div class=\"elementor-element elementor-element-b241de8 elementor-widget elementor-widget-breadcrumbs\" data-id=\"b241de8\" data-element_type=\"widget\" data-widget_type=\"breadcrumbs.default\">\n\t\t\t\t<div class=\"elementor-widget-container\">\n\t\t\t<link rel=\"stylesheet\" href=\"http:\/\/dezvoltare.uvt.ro\/physics\/wp-content\/plugins\/elementor-pro\/assets\/css\/widget-theme-elements.min.css\"><p id=\"breadcrumbs\"><span><span><a href=\"http:\/\/dezvoltare.uvt.ro\/physics\/\">Acas\u0103<\/a><\/span><\/span><\/p>\t\t<\/div>\n\t\t\t\t<\/div>\n\t\t\t\t\t<\/div>\n\t\t<\/div>\n\t\t\t\t\t\t\t<\/div>\n\t\t<\/section>\n\t\t\t\t<section class=\"elementor-section elementor-top-section elementor-element elementor-element-e219ece elementor-section-boxed elementor-section-height-default elementor-section-height-default\" data-id=\"e219ece\" data-element_type=\"section\">\n\t\t\t\t\t\t<div class=\"elementor-container elementor-column-gap-default\">\n\t\t\t\t\t<div class=\"elementor-column elementor-col-100 elementor-top-column elementor-element elementor-element-fd4f4ce\" data-id=\"fd4f4ce\" data-element_type=\"column\">\n\t\t\t<div class=\"elementor-widget-wrap elementor-element-populated\">\n\t\t\t\t\t\t\t\t<div class=\"elementor-element elementor-element-a10a2bc elementor-widget-divider--view-line elementor-widget elementor-widget-divider\" data-id=\"a10a2bc\" data-element_type=\"widget\" data-widget_type=\"divider.default\">\n\t\t\t\t<div class=\"elementor-widget-container\">\n\t\t\t<style>\/*! elementor - v3.15.0 - 20-08-2023 *\/\n.elementor-widget-divider{--divider-border-style:none;--divider-border-width:1px;--divider-color:#0c0d0e;--divider-icon-size:20px;--divider-element-spacing:10px;--divider-pattern-height:24px;--divider-pattern-size:20px;--divider-pattern-url:none;--divider-pattern-repeat:repeat-x}.elementor-widget-divider .elementor-divider{display:flex}.elementor-widget-divider .elementor-divider__text{font-size:15px;line-height:1;max-width:95%}.elementor-widget-divider .elementor-divider__element{margin:0 var(--divider-element-spacing);flex-shrink:0}.elementor-widget-divider .elementor-icon{font-size:var(--divider-icon-size)}.elementor-widget-divider .elementor-divider-separator{display:flex;margin:0;direction:ltr}.elementor-widget-divider--view-line_icon .elementor-divider-separator,.elementor-widget-divider--view-line_text .elementor-divider-separator{align-items:center}.elementor-widget-divider--view-line_icon .elementor-divider-separator:after,.elementor-widget-divider--view-line_icon .elementor-divider-separator:before,.elementor-widget-divider--view-line_text .elementor-divider-separator:after,.elementor-widget-divider--view-line_text .elementor-divider-separator:before{display:block;content:\"\";border-bottom:0;flex-grow:1;border-top:var(--divider-border-width) var(--divider-border-style) var(--divider-color)}.elementor-widget-divider--element-align-left .elementor-divider .elementor-divider-separator>.elementor-divider__svg:first-of-type{flex-grow:0;flex-shrink:100}.elementor-widget-divider--element-align-left .elementor-divider-separator:before{content:none}.elementor-widget-divider--element-align-left .elementor-divider__element{margin-left:0}.elementor-widget-divider--element-align-right .elementor-divider .elementor-divider-separator>.elementor-divider__svg:last-of-type{flex-grow:0;flex-shrink:100}.elementor-widget-divider--element-align-right .elementor-divider-separator:after{content:none}.elementor-widget-divider--element-align-right .elementor-divider__element{margin-right:0}.elementor-widget-divider:not(.elementor-widget-divider--view-line_text):not(.elementor-widget-divider--view-line_icon) .elementor-divider-separator{border-top:var(--divider-border-width) var(--divider-border-style) var(--divider-color)}.elementor-widget-divider--separator-type-pattern{--divider-border-style:none}.elementor-widget-divider--separator-type-pattern.elementor-widget-divider--view-line .elementor-divider-separator,.elementor-widget-divider--separator-type-pattern:not(.elementor-widget-divider--view-line) .elementor-divider-separator:after,.elementor-widget-divider--separator-type-pattern:not(.elementor-widget-divider--view-line) .elementor-divider-separator:before,.elementor-widget-divider--separator-type-pattern:not([class*=elementor-widget-divider--view]) .elementor-divider-separator{width:100%;min-height:var(--divider-pattern-height);-webkit-mask-size:var(--divider-pattern-size) 100%;mask-size:var(--divider-pattern-size) 100%;-webkit-mask-repeat:var(--divider-pattern-repeat);mask-repeat:var(--divider-pattern-repeat);background-color:var(--divider-color);-webkit-mask-image:var(--divider-pattern-url);mask-image:var(--divider-pattern-url)}.elementor-widget-divider--no-spacing{--divider-pattern-size:auto}.elementor-widget-divider--bg-round{--divider-pattern-repeat:round}.rtl .elementor-widget-divider .elementor-divider__text{direction:rtl}.e-con-inner>.elementor-widget-divider,.e-con>.elementor-widget-divider{width:var(--container-widget-width,100%);--flex-grow:var(--container-widget-flex-grow)}<\/style>\t\t<div class=\"elementor-divider\">\n\t\t\t<span class=\"elementor-divider-separator\">\n\t\t\t\t\t\t<\/span>\n\t\t<\/div>\n\t\t\t\t<\/div>\n\t\t\t\t<\/div>\n\t\t\t\t\t<\/div>\n\t\t<\/div>\n\t\t\t\t\t\t\t<\/div>\n\t\t<\/section>\n\t\t\t\t<section class=\"elementor-section elementor-top-section elementor-element elementor-element-556ad41 elementor-section-boxed elementor-section-height-default elementor-section-height-default\" data-id=\"556ad41\" data-element_type=\"section\">\n\t\t\t\t\t\t<div class=\"elementor-container elementor-column-gap-default\">\n\t\t\t\t\t<div class=\"elementor-column elementor-col-100 elementor-top-column elementor-element elementor-element-4e0f052\" data-id=\"4e0f052\" data-element_type=\"column\">\n\t\t\t<div class=\"elementor-widget-wrap elementor-element-populated\">\n\t\t\t\t\t\t\t\t<div class=\"elementor-element elementor-element-74c8c92 elementor-widget elementor-widget-eael-adv-accordion\" data-id=\"74c8c92\" data-element_type=\"widget\" data-widget_type=\"eael-adv-accordion.default\">\n\t\t\t\t<div class=\"elementor-widget-container\">\n\t\t\t        <div class=\"eael-adv-accordion\" id=\"eael-adv-accordion-74c8c92\" data-accordion-id=\"74c8c92\" data-accordion-type=\"accordion\" data-toogle-speed=\"300\">\n    <div class=\"eael-accordion-list\">\n                <div id=\"oportuniti-practic\" class=\"elementor-tab-title eael-accordion-header\" tabindex=\"0\" data-tab=\"1\" aria-controls=\"elementor-tab-content-1221\"><span class=\"eael-advanced-accordion-icon-closed\"><i aria-hidden=\"true\" class=\"fa-accordion-icon fas fa-plus\"><\/i><\/span><span class=\"eael-advanced-accordion-icon-opened\"><i aria-hidden=\"true\" class=\"fa-accordion-icon fas fa-minus\"><\/i><\/span><span class=\"eael-accordion-tab-title\">Oportunit\u0103\u021bi practic\u0103<\/span><i aria-hidden=\"true\" class=\"fa-toggle fas fa-angle-right\"><\/i><\/div><div id=\"elementor-tab-content-1221\" class=\"eael-accordion-content clearfix\" data-tab=\"1\" aria-labelledby=\"oportuniti-practic\"><p><p><a href=\"http:\/\/dezvoltare.uvt.ro\/physics\/wp-content\/uploads\/2023\/04\/Vitesco.pdf\" target=\"_blank\" rel=\"noopener\">Practic\u0103 de var\u0103 pl\u0103tit\u0103 la Vitesco Technologies Timi\u0219oara, 2022<\/a><br \/><a href=\"http:\/\/dezvoltare.uvt.ro\/physics\/wp-content\/uploads\/2023\/04\/Practica_vara_FF_2021.pdf\" target=\"_blank\" rel=\"noopener\">Teme propuse de Facultatea de Fizic\u0103 pentru practica de var\u0103<\/a><\/p><\/p><\/div>\n                <\/div><div class=\"eael-accordion-list\">\n                <div id=\"acorduri-parteneriat-practic\" class=\"elementor-tab-title eael-accordion-header\" tabindex=\"0\" data-tab=\"2\" aria-controls=\"elementor-tab-content-1222\"><span class=\"eael-advanced-accordion-icon-closed\"><i aria-hidden=\"true\" class=\"fa-accordion-icon fas fa-plus\"><\/i><\/span><span class=\"eael-advanced-accordion-icon-opened\"><i aria-hidden=\"true\" class=\"fa-accordion-icon fas fa-minus\"><\/i><\/span><span class=\"eael-accordion-tab-title\">Acorduri parteneriat practic\u0103<\/span><i aria-hidden=\"true\" class=\"fa-toggle fas fa-angle-right\"><\/i><\/div><div id=\"elementor-tab-content-1222\" class=\"eael-accordion-content clearfix\" data-tab=\"2\" aria-labelledby=\"acorduri-parteneriat-practic\"><p><p><a href=\"http:\/\/dezvoltare.uvt.ro\/physics\/wp-content\/uploads\/2023\/04\/parteneriate2020-1.pdf\" target=\"_blank\" rel=\"noopener\">Lista partenerilor<\/a><\/p><\/p><\/div>\n                <\/div><div class=\"eael-accordion-list\">\n                <div id=\"documente\" class=\"elementor-tab-title eael-accordion-header\" tabindex=\"0\" data-tab=\"3\" aria-controls=\"elementor-tab-content-1223\"><span class=\"eael-advanced-accordion-icon-closed\"><i aria-hidden=\"true\" class=\"fa-accordion-icon fas fa-plus\"><\/i><\/span><span class=\"eael-advanced-accordion-icon-opened\"><i aria-hidden=\"true\" class=\"fa-accordion-icon fas fa-minus\"><\/i><\/span><span class=\"eael-accordion-tab-title\">Documente<\/span><i aria-hidden=\"true\" class=\"fa-toggle fas fa-angle-right\"><\/i><\/div><div id=\"elementor-tab-content-1223\" class=\"eael-accordion-content clearfix\" data-tab=\"3\" aria-labelledby=\"documente\"><p><p><a href=\"http:\/\/dezvoltare.uvt.ro\/physics\/wp-content\/uploads\/2023\/04\/Regulament_practica.pdf\" target=\"_blank\" rel=\"noopener\">Regulament practic\u0103<\/a><\/p><p><a href=\"http:\/\/dezvoltare.uvt.ro\/physics\/wp-content\/uploads\/2023\/04\/Acord_parteneriat_practica_RO.docx\" target=\"_blank\" rel=\"noopener\">Acord parteneriat practic\u0103 (RO)<\/a><br \/><a href=\"http:\/\/dezvoltare.uvt.ro\/physics\/wp-content\/uploads\/2023\/04\/Acord_parteneriat_practica_EN.docx\" target=\"_blank\" rel=\"noopener\">Acord parteneriat practic\u0103 (EN)<\/a><br \/>N.B.: Acordul semnat \u0219i \u0219tampilat de partener trebuie transmis pe adresa e email alexandra.tira@e-uvt.ro pentru a fi semnat \u0219i \u0219tampilat de reprezentantul UVT.<\/p><p><a href=\"http:\/\/dezvoltare.uvt.ro\/physics\/wp-content\/uploads\/2023\/04\/Conventie_practica_vara_2022.doc\" target=\"_blank\" rel=\"noopener\">Conven\u0163ie \u015fi portofoliu practic\u0103<\/a><\/p><\/p><\/div>\n                <\/div><\/div>\t\t<\/div>\n\t\t\t\t<\/div>\n\t\t\t\t\t<\/div>\n\t\t<\/div>\n\t\t\t\t\t\t\t<\/div>\n\t\t<\/section>\n\t\t\t\t\t\t\t<\/div>\n\t\t","protected":false},"excerpt":{"rendered":"<p>Oportunit\u0103\u021bi practic\u0103 Practic\u0103 de var\u0103 pl\u0103tit\u0103 la Vitesco Technologies Timi\u0219oara, 2022Teme propuse de Facultatea de Fizic\u0103 pentru practica de var\u0103 Acorduri parteneriat practic\u0103 Lista partenerilor Documente Regulament practic\u0103 Acord parteneriat [&hellip;]<\/p>\n","protected":false},"author":2,"featured_media":0,"parent":173,"menu_order":0,"comment_status":"closed","ping_status":"closed","template":"","meta":{"footnotes":""},"class_list":["post-1127","page","type-page","status-publish","hentry"],"acf":[],"yoast_head":"<!-- This site is optimized with the Yoast SEO plugin v20.4 - https:\/\/yoast.com\/wordpress\/plugins\/seo\/ -->\n<title>Practic\u0103 - dezvoltare.uvt.ro\/physics<\/title>\n<meta name=\"robots\" content=\"index, follow, max-snippet:-1, max-image-preview:large, max-video-preview:-1\" \/>\n<link rel=\"canonical\" href=\"http:\/\/dezvoltare.uvt.ro\/physics\/educatie\/practica\/\" \/>\n<meta property=\"og:locale\" content=\"en_US\" \/>\n<meta property=\"og:type\" content=\"article\" \/>\n<meta property=\"og:title\" content=\"Practic\u0103 - dezvoltare.uvt.ro\/physics\" \/>\n<meta property=\"og:description\" content=\"Oportunit\u0103\u021bi practic\u0103 Practic\u0103 de var\u0103 pl\u0103tit\u0103 la Vitesco Technologies Timi\u0219oara, 2022Teme propuse de Facultatea de Fizic\u0103 pentru practica de var\u0103 Acorduri parteneriat practic\u0103 Lista partenerilor Documente Regulament practic\u0103 Acord parteneriat [&hellip;]\" \/>\n<meta property=\"og:url\" content=\"http:\/\/dezvoltare.uvt.ro\/physics\/educatie\/practica\/\" \/>\n<meta property=\"og:site_name\" content=\"dezvoltare.uvt.ro\/physics\" \/>\n<meta property=\"article:modified_time\" content=\"2023-07-25T11:45:26+00:00\" \/>\n<meta name=\"twitter:card\" content=\"summary_large_image\" \/>\n<meta name=\"twitter:label1\" content=\"Est. reading time\" \/>\n\t<meta name=\"twitter:data1\" content=\"1 minute\" \/>\n<script type=\"application\/ld+json\" class=\"yoast-schema-graph\">{\"@context\":\"https:\/\/schema.org\",\"@graph\":[{\"@type\":\"WebPage\",\"@id\":\"http:\/\/dezvoltare.uvt.ro\/physics\/educatie\/practica\/\",\"url\":\"http:\/\/dezvoltare.uvt.ro\/physics\/educatie\/practica\/\",\"name\":\"Practic\u0103 - dezvoltare.uvt.ro\/physics\",\"isPartOf\":{\"@id\":\"http:\/\/dezvoltare.uvt.ro\/physics\/#website\"},\"datePublished\":\"2023-04-26T11:36:58+00:00\",\"dateModified\":\"2023-07-25T11:45:26+00:00\",\"breadcrumb\":{\"@id\":\"http:\/\/dezvoltare.uvt.ro\/physics\/educatie\/practica\/#breadcrumb\"},\"inLanguage\":\"en-US\",\"potentialAction\":[{\"@type\":\"ReadAction\",\"target\":[\"http:\/\/dezvoltare.uvt.ro\/physics\/educatie\/practica\/\"]}]},{\"@type\":\"BreadcrumbList\",\"@id\":\"http:\/\/dezvoltare.uvt.ro\/physics\/educatie\/practica\/#breadcrumb\",\"itemListElement\":[{\"@type\":\"ListItem\",\"position\":1,\"name\":\"Acas\u0103\",\"item\":\"http:\/\/dezvoltare.uvt.ro\/physics\/\"},{\"@type\":\"ListItem\",\"position\":2,\"name\":\"Educa\u021bie\",\"item\":\"http:\/\/dezvoltare.uvt.ro\/physics\/educatie\/\"},{\"@type\":\"ListItem\",\"position\":3,\"name\":\"Practic\u0103\"}]},{\"@type\":\"WebSite\",\"@id\":\"http:\/\/dezvoltare.uvt.ro\/physics\/#website\",\"url\":\"http:\/\/dezvoltare.uvt.ro\/physics\/\",\"name\":\"dezvoltare.uvt.ro\/physics\",\"description\":\"Fizic\u0103\",\"publisher\":{\"@id\":\"http:\/\/dezvoltare.uvt.ro\/physics\/#organization\"},\"potentialAction\":[{\"@type\":\"SearchAction\",\"target\":{\"@type\":\"EntryPoint\",\"urlTemplate\":\"http:\/\/dezvoltare.uvt.ro\/physics\/?s={search_term_string}\"},\"query-input\":\"required name=search_term_string\"}],\"inLanguage\":\"en-US\"},{\"@type\":\"Organization\",\"@id\":\"http:\/\/dezvoltare.uvt.ro\/physics\/#organization\",\"name\":\"dezvoltare.uvt.ro\/physics\",\"url\":\"http:\/\/dezvoltare.uvt.ro\/physics\/\",\"logo\":{\"@type\":\"ImageObject\",\"inLanguage\":\"en-US\",\"@id\":\"http:\/\/dezvoltare.uvt.ro\/physics\/#\/schema\/logo\/image\/\",\"url\":\"http:\/\/dezvoltare.uvt.ro\/physics\/wp-content\/uploads\/2023\/04\/FIZICA-02.png\",\"contentUrl\":\"http:\/\/dezvoltare.uvt.ro\/physics\/wp-content\/uploads\/2023\/04\/FIZICA-02.png\",\"width\":843,\"height\":392,\"caption\":\"dezvoltare.uvt.ro\/physics\"},\"image\":{\"@id\":\"http:\/\/dezvoltare.uvt.ro\/physics\/#\/schema\/logo\/image\/\"}}]}<\/script>\n<!-- \/ Yoast SEO plugin. -->","yoast_head_json":{"title":"Practic\u0103 - dezvoltare.uvt.ro\/physics","robots":{"index":"index","follow":"follow","max-snippet":"max-snippet:-1","max-image-preview":"max-image-preview:large","max-video-preview":"max-video-preview:-1"},"canonical":"http:\/\/dezvoltare.uvt.ro\/physics\/educatie\/practica\/","og_locale":"en_US","og_type":"article","og_title":"Practic\u0103 - dezvoltare.uvt.ro\/physics","og_description":"Oportunit\u0103\u021bi practic\u0103 Practic\u0103 de var\u0103 pl\u0103tit\u0103 la Vitesco Technologies Timi\u0219oara, 2022Teme propuse de Facultatea de Fizic\u0103 pentru practica de var\u0103 Acorduri parteneriat practic\u0103 Lista partenerilor Documente Regulament practic\u0103 Acord parteneriat [&hellip;]","og_url":"http:\/\/dezvoltare.uvt.ro\/physics\/educatie\/practica\/","og_site_name":"dezvoltare.uvt.ro\/physics","article_modified_time":"2023-07-25T11:45:26+00:00","twitter_card":"summary_large_image","twitter_misc":{"Est. reading time":"1 minute"},"schema":{"@context":"https:\/\/schema.org","@graph":[{"@type":"WebPage","@id":"http:\/\/dezvoltare.uvt.ro\/physics\/educatie\/practica\/","url":"http:\/\/dezvoltare.uvt.ro\/physics\/educatie\/practica\/","name":"Practic\u0103 - dezvoltare.uvt.ro\/physics","isPartOf":{"@id":"http:\/\/dezvoltare.uvt.ro\/physics\/#website"},"datePublished":"2023-04-26T11:36:58+00:00","dateModified":"2023-07-25T11:45:26+00:00","breadcrumb":{"@id":"http:\/\/dezvoltare.uvt.ro\/physics\/educatie\/practica\/#breadcrumb"},"inLanguage":"en-US","potentialAction":[{"@type":"ReadAction","target":["http:\/\/dezvoltare.uvt.ro\/physics\/educatie\/practica\/"]}]},{"@type":"BreadcrumbList","@id":"http:\/\/dezvoltare.uvt.ro\/physics\/educatie\/practica\/#breadcrumb","itemListElement":[{"@type":"ListItem","position":1,"name":"Acas\u0103","item":"http:\/\/dezvoltare.uvt.ro\/physics\/"},{"@type":"ListItem","position":2,"name":"Educa\u021bie","item":"http:\/\/dezvoltare.uvt.ro\/physics\/educatie\/"},{"@type":"ListItem","position":3,"name":"Practic\u0103"}]},{"@type":"WebSite","@id":"http:\/\/dezvoltare.uvt.ro\/physics\/#website","url":"http:\/\/dezvoltare.uvt.ro\/physics\/","name":"dezvoltare.uvt.ro\/physics","description":"Fizic\u0103","publisher":{"@id":"http:\/\/dezvoltare.uvt.ro\/physics\/#organization"},"potentialAction":[{"@type":"SearchAction","target":{"@type":"EntryPoint","urlTemplate":"http:\/\/dezvoltare.uvt.ro\/physics\/?s={search_term_string}"},"query-input":"required name=search_term_string"}],"inLanguage":"en-US"},{"@type":"Organization","@id":"http:\/\/dezvoltare.uvt.ro\/physics\/#organization","name":"dezvoltare.uvt.ro\/physics","url":"http:\/\/dezvoltare.uvt.ro\/physics\/","logo":{"@type":"ImageObject","inLanguage":"en-US","@id":"http:\/\/dezvoltare.uvt.ro\/physics\/#\/schema\/logo\/image\/","url":"http:\/\/dezvoltare.uvt.ro\/physics\/wp-content\/uploads\/2023\/04\/FIZICA-02.png","contentUrl":"http:\/\/dezvoltare.uvt.ro\/physics\/wp-content\/uploads\/2023\/04\/FIZICA-02.png","width":843,"height":392,"caption":"dezvoltare.uvt.ro\/physics"},"image":{"@id":"http:\/\/dezvoltare.uvt.ro\/physics\/#\/schema\/logo\/image\/"}}]}},"_links":{"self":[{"href":"http:\/\/dezvoltare.uvt.ro\/physics\/wp-json\/wp\/v2\/pages\/1127","targetHints":{"allow":["GET"]}}],"collection":[{"href":"http:\/\/dezvoltare.uvt.ro\/physics\/wp-json\/wp\/v2\/pages"}],"about":[{"href":"http:\/\/dezvoltare.uvt.ro\/physics\/wp-json\/wp\/v2\/types\/page"}],"author":[{"embeddable":true,"href":"http:\/\/dezvoltare.uvt.ro\/physics\/wp-json\/wp\/v2\/users\/2"}],"replies":[{"embeddable":true,"href":"http:\/\/dezvoltare.uvt.ro\/physics\/wp-json\/wp\/v2\/comments?post=1127"}],"version-history":[{"count":11,"href":"http:\/\/dezvoltare.uvt.ro\/physics\/wp-json\/wp\/v2\/pages\/1127\/revisions"}],"predecessor-version":[{"id":2357,"href":"http:\/\/dezvoltare.uvt.ro\/physics\/wp-json\/wp\/v2\/pages\/1127\/revisions\/2357"}],"up":[{"embeddable":true,"href":"http:\/\/dezvoltare.uvt.ro\/physics\/wp-json\/wp\/v2\/pages\/173"}],"wp:attachment":[{"href":"http:\/\/dezvoltare.uvt.ro\/physics\/wp-json\/wp\/v2\/media?parent=1127"}],"curies":[{"name":"wp","href":"https:\/\/api.w.org\/{rel}","templated":true}]}}