{"id":1234,"date":"2023-04-27T08:30:30","date_gmt":"2023-04-27T08:30:30","guid":{"rendered":"http:\/\/dezvoltare.uvt.ro\/physics\/?page_id=1234"},"modified":"2023-07-25T11:15:49","modified_gmt":"2023-07-25T11:15:49","slug":"centre-de-cercetare","status":"publish","type":"page","link":"http:\/\/dezvoltare.uvt.ro\/physics\/cercetare\/centre-de-cercetare\/","title":{"rendered":"Centre de cercetare"},"content":{"rendered":"\t\t<div data-elementor-type=\"wp-page\" data-elementor-id=\"1234\" class=\"elementor elementor-1234\">\n\t\t\t\t\t\t\t\t\t<section class=\"elementor-section elementor-top-section elementor-element elementor-element-28fccc0 elementor-section-boxed elementor-section-height-default elementor-section-height-default\" data-id=\"28fccc0\" data-element_type=\"section\">\n\t\t\t\t\t\t<div class=\"elementor-container elementor-column-gap-default\">\n\t\t\t\t\t<div class=\"elementor-column elementor-col-100 elementor-top-column elementor-element elementor-element-ac3332e\" data-id=\"ac3332e\" data-element_type=\"column\">\n\t\t\t<div class=\"elementor-widget-wrap elementor-element-populated\">\n\t\t\t\t\t\t\t\t<div class=\"elementor-element elementor-element-b2ca06e elementor-widget elementor-widget-breadcrumbs\" data-id=\"b2ca06e\" data-element_type=\"widget\" data-widget_type=\"breadcrumbs.default\">\n\t\t\t\t<div class=\"elementor-widget-container\">\n\t\t\t<link rel=\"stylesheet\" href=\"http:\/\/dezvoltare.uvt.ro\/physics\/wp-content\/plugins\/elementor-pro\/assets\/css\/widget-theme-elements.min.css\"><p id=\"breadcrumbs\"><span><span><a href=\"http:\/\/dezvoltare.uvt.ro\/physics\/\">Acas\u0103<\/a><\/span><\/span><\/p>\t\t<\/div>\n\t\t\t\t<\/div>\n\t\t\t\t\t<\/div>\n\t\t<\/div>\n\t\t\t\t\t\t\t<\/div>\n\t\t<\/section>\n\t\t\t\t<section class=\"elementor-section elementor-top-section elementor-element elementor-element-49e68d8 elementor-section-boxed elementor-section-height-default elementor-section-height-default\" data-id=\"49e68d8\" data-element_type=\"section\">\n\t\t\t\t\t\t<div class=\"elementor-container elementor-column-gap-default\">\n\t\t\t\t\t<div class=\"elementor-column elementor-col-100 elementor-top-column elementor-element elementor-element-528e96a\" data-id=\"528e96a\" data-element_type=\"column\">\n\t\t\t<div class=\"elementor-widget-wrap elementor-element-populated\">\n\t\t\t\t\t\t\t\t<div class=\"elementor-element elementor-element-ba8f153 elementor-widget-divider--view-line elementor-widget elementor-widget-divider\" data-id=\"ba8f153\" data-element_type=\"widget\" data-widget_type=\"divider.default\">\n\t\t\t\t<div class=\"elementor-widget-container\">\n\t\t\t<style>\/*! elementor - v3.15.0 - 20-08-2023 *\/\n.elementor-widget-divider{--divider-border-style:none;--divider-border-width:1px;--divider-color:#0c0d0e;--divider-icon-size:20px;--divider-element-spacing:10px;--divider-pattern-height:24px;--divider-pattern-size:20px;--divider-pattern-url:none;--divider-pattern-repeat:repeat-x}.elementor-widget-divider .elementor-divider{display:flex}.elementor-widget-divider .elementor-divider__text{font-size:15px;line-height:1;max-width:95%}.elementor-widget-divider .elementor-divider__element{margin:0 var(--divider-element-spacing);flex-shrink:0}.elementor-widget-divider .elementor-icon{font-size:var(--divider-icon-size)}.elementor-widget-divider .elementor-divider-separator{display:flex;margin:0;direction:ltr}.elementor-widget-divider--view-line_icon .elementor-divider-separator,.elementor-widget-divider--view-line_text .elementor-divider-separator{align-items:center}.elementor-widget-divider--view-line_icon .elementor-divider-separator:after,.elementor-widget-divider--view-line_icon .elementor-divider-separator:before,.elementor-widget-divider--view-line_text .elementor-divider-separator:after,.elementor-widget-divider--view-line_text .elementor-divider-separator:before{display:block;content:\"\";border-bottom:0;flex-grow:1;border-top:var(--divider-border-width) var(--divider-border-style) var(--divider-color)}.elementor-widget-divider--element-align-left .elementor-divider .elementor-divider-separator>.elementor-divider__svg:first-of-type{flex-grow:0;flex-shrink:100}.elementor-widget-divider--element-align-left .elementor-divider-separator:before{content:none}.elementor-widget-divider--element-align-left .elementor-divider__element{margin-left:0}.elementor-widget-divider--element-align-right .elementor-divider .elementor-divider-separator>.elementor-divider__svg:last-of-type{flex-grow:0;flex-shrink:100}.elementor-widget-divider--element-align-right .elementor-divider-separator:after{content:none}.elementor-widget-divider--element-align-right .elementor-divider__element{margin-right:0}.elementor-widget-divider:not(.elementor-widget-divider--view-line_text):not(.elementor-widget-divider--view-line_icon) .elementor-divider-separator{border-top:var(--divider-border-width) var(--divider-border-style) var(--divider-color)}.elementor-widget-divider--separator-type-pattern{--divider-border-style:none}.elementor-widget-divider--separator-type-pattern.elementor-widget-divider--view-line .elementor-divider-separator,.elementor-widget-divider--separator-type-pattern:not(.elementor-widget-divider--view-line) .elementor-divider-separator:after,.elementor-widget-divider--separator-type-pattern:not(.elementor-widget-divider--view-line) .elementor-divider-separator:before,.elementor-widget-divider--separator-type-pattern:not([class*=elementor-widget-divider--view]) .elementor-divider-separator{width:100%;min-height:var(--divider-pattern-height);-webkit-mask-size:var(--divider-pattern-size) 100%;mask-size:var(--divider-pattern-size) 100%;-webkit-mask-repeat:var(--divider-pattern-repeat);mask-repeat:var(--divider-pattern-repeat);background-color:var(--divider-color);-webkit-mask-image:var(--divider-pattern-url);mask-image:var(--divider-pattern-url)}.elementor-widget-divider--no-spacing{--divider-pattern-size:auto}.elementor-widget-divider--bg-round{--divider-pattern-repeat:round}.rtl .elementor-widget-divider .elementor-divider__text{direction:rtl}.e-con-inner>.elementor-widget-divider,.e-con>.elementor-widget-divider{width:var(--container-widget-width,100%);--flex-grow:var(--container-widget-flex-grow)}<\/style>\t\t<div class=\"elementor-divider\">\n\t\t\t<span class=\"elementor-divider-separator\">\n\t\t\t\t\t\t<\/span>\n\t\t<\/div>\n\t\t\t\t<\/div>\n\t\t\t\t<\/div>\n\t\t\t\t\t<\/div>\n\t\t<\/div>\n\t\t\t\t\t\t\t<\/div>\n\t\t<\/section>\n\t\t\t\t<section class=\"elementor-section elementor-top-section elementor-element elementor-element-a375644 elementor-section-boxed elementor-section-height-default elementor-section-height-default\" data-id=\"a375644\" data-element_type=\"section\">\n\t\t\t\t\t\t<div class=\"elementor-container elementor-column-gap-default\">\n\t\t\t\t\t<div class=\"elementor-column elementor-col-100 elementor-top-column elementor-element elementor-element-14bfba0\" data-id=\"14bfba0\" data-element_type=\"column\">\n\t\t\t<div class=\"elementor-widget-wrap elementor-element-populated\">\n\t\t\t\t\t\t\t\t<div class=\"elementor-element elementor-element-c424d29 elementor-widget elementor-widget-eael-adv-accordion\" data-id=\"c424d29\" data-element_type=\"widget\" data-widget_type=\"eael-adv-accordion.default\">\n\t\t\t\t<div class=\"elementor-widget-container\">\n\t\t\t        <div class=\"eael-adv-accordion\" id=\"eael-adv-accordion-c424d29\" data-accordion-id=\"c424d29\" data-accordion-type=\"accordion\" data-toogle-speed=\"300\">\n    <div class=\"eael-accordion-list\">\n                <div id=\"centrul-de-cercetri-n-fizica-materialelor-si-a-energiilor-regenerabile\" class=\"elementor-tab-title eael-accordion-header\" tabindex=\"0\" data-tab=\"1\" aria-controls=\"elementor-tab-content-2051\"><span class=\"eael-advanced-accordion-icon-closed\"><i aria-hidden=\"true\" class=\"fa-accordion-icon fas fa-plus\"><\/i><\/span><span class=\"eael-advanced-accordion-icon-opened\"><i aria-hidden=\"true\" class=\"fa-accordion-icon fas fa-minus\"><\/i><\/span><span class=\"eael-accordion-tab-title\">CENTRUL DE CERCET\u0102RI \u00ceN FIZICA MATERIALELOR SI A ENERGIILOR REGENERABILE<\/span><i aria-hidden=\"true\" class=\"fa-toggle fas fa-angle-right\"><\/i><\/div><div id=\"elementor-tab-content-2051\" class=\"eael-accordion-content clearfix\" data-tab=\"1\" aria-labelledby=\"centrul-de-cercetri-n-fizica-materialelor-si-a-energiilor-regenerabile\"><p><p style=\"text-align: left;\">Pornind de la ideea ca eficienta unui sistem energetic depinde de comportamentul fizic al unui intreg lant de componente(<img loading=\"lazy\" decoding=\"async\" class=\"alignright\" title=\"Detalii\" src=\"http:\/\/physics.uvt.ro\/wp-content\/uploads\/2014\/07\/logo_cc_platforma_solara.jpg\" alt=\"Detalii\" width=\"122\" height=\"108\" \/> de la producerea energiei si pana la consumatorul final), centrul isi propune sa abordeze o serie de aspecte fizice ale producerii si consumului de energie in vederea cresterii eficientei pe<\/p><p style=\"text-align: left;\">\u00a0intreg lantul energetic.<\/p><p>\u00a0<\/p><\/p><\/div>\n                <\/div><div class=\"eael-accordion-list\">\n                <div id=\"centrul-de-cercetri-n-fizic-teoretic\" class=\"elementor-tab-title eael-accordion-header\" tabindex=\"0\" data-tab=\"2\" aria-controls=\"elementor-tab-content-2052\"><span class=\"eael-advanced-accordion-icon-closed\"><i aria-hidden=\"true\" class=\"fa-accordion-icon fas fa-plus\"><\/i><\/span><span class=\"eael-advanced-accordion-icon-opened\"><i aria-hidden=\"true\" class=\"fa-accordion-icon fas fa-minus\"><\/i><\/span><span class=\"eael-accordion-tab-title\">CENTRUL DE CERCET\u0102RI \u00ceN FIZIC\u0102 TEORETIC\u0102<\/span><i aria-hidden=\"true\" class=\"fa-toggle fas fa-angle-right\"><\/i><\/div><div id=\"elementor-tab-content-2052\" class=\"eael-accordion-content clearfix\" data-tab=\"2\" aria-labelledby=\"centrul-de-cercetri-n-fizic-teoretic\"><p><p>Misiunea centrului este de a continua si dezvolta traditia scolii de fizica teoretica a Facultatii de fizica care s-a format prin\u00a0munca a\u00a0trei generatii,<\/p><p><img loading=\"lazy\" decoding=\"async\" class=\"alignright\" title=\"Detalii\" src=\"http:\/\/physics.uvt.ro\/wp-content\/uploads\/2014\/07\/logo_FT.png\" alt=\"\" width=\"108\" height=\"108\" \/>timp de sase decenii. Prin dezvoltarea directiilor de cercetare traditionale in relativitate, teoria campului si simetrii se asigura cadrul necesar introducerii unor noi directii de cercetare moderne de mare interes in fizica teoretica, matematica si computationala. De asemenea, o componenta importanta este atragerea tinerilor cercetarori si indrumarea lor pentru ca programele de cercetare sa devina din ce in ce mai complexe si competitive.<\/p><p>\u00a0<\/p><p><a href=\"https:\/\/physics.uvt.ro\/~cota\/CCFT\/index.html\" target=\"_blank\" rel=\"noopener\">Site<\/a><\/p><p>\u00a0<\/p><\/p><\/div>\n                <\/div><div class=\"eael-accordion-list\">\n                <div id=\"grupul-de-cercetri-n-fizica-particulelor-elementare\" class=\"elementor-tab-title eael-accordion-header\" tabindex=\"0\" data-tab=\"3\" aria-controls=\"elementor-tab-content-2053\"><span class=\"eael-advanced-accordion-icon-closed\"><i aria-hidden=\"true\" class=\"fa-accordion-icon fas fa-plus\"><\/i><\/span><span class=\"eael-advanced-accordion-icon-opened\"><i aria-hidden=\"true\" class=\"fa-accordion-icon fas fa-minus\"><\/i><\/span><span class=\"eael-accordion-tab-title\">GRUPUL DE CERCET\u0102RI \u00ceN FIZICA PARTICULELOR ELEMENTARE<\/span><i aria-hidden=\"true\" class=\"fa-toggle fas fa-angle-right\"><\/i><\/div><div id=\"elementor-tab-content-2053\" class=\"eael-accordion-content clearfix\" data-tab=\"3\" aria-labelledby=\"grupul-de-cercetri-n-fizica-particulelor-elementare\"><p><p>GCFPE este dedicat colabor\u0103rii \u00een cadrul experimentului ATLAS de la CERN,\u00a0cel mai amplu experiment \u015ftiintific din lume, av\u00e2nd\u00a0ca scop\u00a0extinderea\u00a0<\/p><p><img loading=\"lazy\" decoding=\"async\" class=\"alignright\" title=\"Detalii\" src=\"http:\/\/physics.uvt.ro\/wp-content\/uploads\/2014\/07\/Logo_GCFPE.png\" alt=\"\" width=\"102\" height=\"133\" \/><\/p><p>cunoa\u015fterii umane despre Structura Materiei. Experimentul ATLAS este international. UVT particip\u0103 al\u0103turi de alte cca 180 de universit\u0103\u0163i din 38 de \u0163\u0103ri.<\/p><p>\u00a0<\/p><p><a href=\"https:\/\/physics.uvt.ro\/~gravila\/\" target=\"_blank\" rel=\"noopener\">Site<\/a><\/p><\/p><\/div>\n                <\/div><div class=\"eael-accordion-list\">\n                <div id=\"centrul-de-cercetare-dezvoltare-pentru-materiale-inteligente-i-aplicaii-biomedicale\" class=\"elementor-tab-title eael-accordion-header\" tabindex=\"0\" data-tab=\"4\" aria-controls=\"elementor-tab-content-2054\"><span class=\"eael-advanced-accordion-icon-closed\"><i aria-hidden=\"true\" class=\"fa-accordion-icon fas fa-plus\"><\/i><\/span><span class=\"eael-advanced-accordion-icon-opened\"><i aria-hidden=\"true\" class=\"fa-accordion-icon fas fa-minus\"><\/i><\/span><span class=\"eael-accordion-tab-title\">CENTRUL DE CERCETARE-DEZVOLTARE PENTRU MATERIALE INTELIGENTE \u0218I APLICA\u021aII BIOMEDICALE<\/span><i aria-hidden=\"true\" class=\"fa-toggle fas fa-angle-right\"><\/i><\/div><div id=\"elementor-tab-content-2054\" class=\"eael-accordion-content clearfix\" data-tab=\"4\" aria-labelledby=\"centrul-de-cercetare-dezvoltare-pentru-materiale-inteligente-i-aplicaii-biomedicale\"><p><p align=\"justify\">Centrul de Cercetare-Dezvoltare pentru Materiale Inteligente \u0219i Aplica\u021bii Biomedicale este o unitate de cercetare \u0219tiin\u021bific\u0103 avansat\u0103 cu\u00a0obiective de<\/p><p><img decoding=\"async\" class=\"alignright\" style=\"text-align: justify;\" src=\"http:\/\/physics.uvt.ro\/wp-content\/uploads\/2014\/07\/CCDMIAB_logo2.jpg\" \/>cercetare \u0219i dezvoltare, diseminare, educa\u021bie \u0219i de promovare a \u0219tiin\u021bei, at\u00e2t \u00een domeniul fizicii c\u00e2t \u0219i \u00een domenii interdisciplinare conexe fizicii.<\/p><p><br \/><a href=\"http:\/\/ccdmiab.e-uvt.ro\/\" target=\"_blank\" rel=\"noopener\">Site<\/a><\/p><\/p><\/div>\n                <\/div><\/div>\t\t<\/div>\n\t\t\t\t<\/div>\n\t\t\t\t\t<\/div>\n\t\t<\/div>\n\t\t\t\t\t\t\t<\/div>\n\t\t<\/section>\n\t\t\t\t\t\t\t<\/div>\n\t\t","protected":false},"excerpt":{"rendered":"<p>CENTRUL DE CERCET\u0102RI \u00ceN FIZICA MATERIALELOR SI A ENERGIILOR REGENERABILE Pornind de la ideea ca eficienta unui sistem energetic depinde de comportamentul fizic al unui intreg lant de componente( de [&hellip;]<\/p>\n","protected":false},"author":2,"featured_media":0,"parent":176,"menu_order":0,"comment_status":"closed","ping_status":"closed","template":"","meta":{"footnotes":""},"class_list":["post-1234","page","type-page","status-publish","hentry"],"acf":[],"yoast_head":"<!-- This site is optimized with the Yoast SEO plugin v20.4 - https:\/\/yoast.com\/wordpress\/plugins\/seo\/ -->\n<title>Centre de cercetare - dezvoltare.uvt.ro\/physics<\/title>\n<meta name=\"robots\" content=\"index, follow, max-snippet:-1, max-image-preview:large, max-video-preview:-1\" \/>\n<link rel=\"canonical\" href=\"http:\/\/dezvoltare.uvt.ro\/physics\/cercetare\/centre-de-cercetare\/\" \/>\n<meta property=\"og:locale\" content=\"en_US\" \/>\n<meta property=\"og:type\" content=\"article\" \/>\n<meta property=\"og:title\" content=\"Centre de cercetare - dezvoltare.uvt.ro\/physics\" \/>\n<meta property=\"og:description\" content=\"CENTRUL DE CERCET\u0102RI \u00ceN FIZICA MATERIALELOR SI A ENERGIILOR REGENERABILE Pornind de la ideea ca eficienta unui sistem energetic depinde de comportamentul fizic al unui intreg lant de componente( de [&hellip;]\" \/>\n<meta property=\"og:url\" content=\"http:\/\/dezvoltare.uvt.ro\/physics\/cercetare\/centre-de-cercetare\/\" \/>\n<meta property=\"og:site_name\" content=\"dezvoltare.uvt.ro\/physics\" \/>\n<meta property=\"article:modified_time\" content=\"2023-07-25T11:15:49+00:00\" \/>\n<meta property=\"og:image\" content=\"http:\/\/physics.uvt.ro\/wp-content\/uploads\/2014\/07\/logo_cc_platforma_solara.jpg\" \/>\n<meta name=\"twitter:card\" content=\"summary_large_image\" \/>\n<meta name=\"twitter:label1\" content=\"Est. reading time\" \/>\n\t<meta name=\"twitter:data1\" content=\"2 minutes\" \/>\n<script type=\"application\/ld+json\" class=\"yoast-schema-graph\">{\"@context\":\"https:\/\/schema.org\",\"@graph\":[{\"@type\":\"WebPage\",\"@id\":\"http:\/\/dezvoltare.uvt.ro\/physics\/cercetare\/centre-de-cercetare\/\",\"url\":\"http:\/\/dezvoltare.uvt.ro\/physics\/cercetare\/centre-de-cercetare\/\",\"name\":\"Centre de cercetare - dezvoltare.uvt.ro\/physics\",\"isPartOf\":{\"@id\":\"http:\/\/dezvoltare.uvt.ro\/physics\/#website\"},\"datePublished\":\"2023-04-27T08:30:30+00:00\",\"dateModified\":\"2023-07-25T11:15:49+00:00\",\"breadcrumb\":{\"@id\":\"http:\/\/dezvoltare.uvt.ro\/physics\/cercetare\/centre-de-cercetare\/#breadcrumb\"},\"inLanguage\":\"en-US\",\"potentialAction\":[{\"@type\":\"ReadAction\",\"target\":[\"http:\/\/dezvoltare.uvt.ro\/physics\/cercetare\/centre-de-cercetare\/\"]}]},{\"@type\":\"BreadcrumbList\",\"@id\":\"http:\/\/dezvoltare.uvt.ro\/physics\/cercetare\/centre-de-cercetare\/#breadcrumb\",\"itemListElement\":[{\"@type\":\"ListItem\",\"position\":1,\"name\":\"Acas\u0103\",\"item\":\"http:\/\/dezvoltare.uvt.ro\/physics\/\"},{\"@type\":\"ListItem\",\"position\":2,\"name\":\"Cercetare\",\"item\":\"http:\/\/dezvoltare.uvt.ro\/physics\/cercetare\/\"},{\"@type\":\"ListItem\",\"position\":3,\"name\":\"Centre de cercetare\"}]},{\"@type\":\"WebSite\",\"@id\":\"http:\/\/dezvoltare.uvt.ro\/physics\/#website\",\"url\":\"http:\/\/dezvoltare.uvt.ro\/physics\/\",\"name\":\"dezvoltare.uvt.ro\/physics\",\"description\":\"Fizic\u0103\",\"publisher\":{\"@id\":\"http:\/\/dezvoltare.uvt.ro\/physics\/#organization\"},\"potentialAction\":[{\"@type\":\"SearchAction\",\"target\":{\"@type\":\"EntryPoint\",\"urlTemplate\":\"http:\/\/dezvoltare.uvt.ro\/physics\/?s={search_term_string}\"},\"query-input\":\"required name=search_term_string\"}],\"inLanguage\":\"en-US\"},{\"@type\":\"Organization\",\"@id\":\"http:\/\/dezvoltare.uvt.ro\/physics\/#organization\",\"name\":\"dezvoltare.uvt.ro\/physics\",\"url\":\"http:\/\/dezvoltare.uvt.ro\/physics\/\",\"logo\":{\"@type\":\"ImageObject\",\"inLanguage\":\"en-US\",\"@id\":\"http:\/\/dezvoltare.uvt.ro\/physics\/#\/schema\/logo\/image\/\",\"url\":\"http:\/\/dezvoltare.uvt.ro\/physics\/wp-content\/uploads\/2023\/04\/FIZICA-02.png\",\"contentUrl\":\"http:\/\/dezvoltare.uvt.ro\/physics\/wp-content\/uploads\/2023\/04\/FIZICA-02.png\",\"width\":843,\"height\":392,\"caption\":\"dezvoltare.uvt.ro\/physics\"},\"image\":{\"@id\":\"http:\/\/dezvoltare.uvt.ro\/physics\/#\/schema\/logo\/image\/\"}}]}<\/script>\n<!-- \/ Yoast SEO plugin. -->","yoast_head_json":{"title":"Centre de cercetare - dezvoltare.uvt.ro\/physics","robots":{"index":"index","follow":"follow","max-snippet":"max-snippet:-1","max-image-preview":"max-image-preview:large","max-video-preview":"max-video-preview:-1"},"canonical":"http:\/\/dezvoltare.uvt.ro\/physics\/cercetare\/centre-de-cercetare\/","og_locale":"en_US","og_type":"article","og_title":"Centre de cercetare - dezvoltare.uvt.ro\/physics","og_description":"CENTRUL DE CERCET\u0102RI \u00ceN FIZICA MATERIALELOR SI A ENERGIILOR REGENERABILE Pornind de la ideea ca eficienta unui sistem energetic depinde de comportamentul fizic al unui intreg lant de componente( de [&hellip;]","og_url":"http:\/\/dezvoltare.uvt.ro\/physics\/cercetare\/centre-de-cercetare\/","og_site_name":"dezvoltare.uvt.ro\/physics","article_modified_time":"2023-07-25T11:15:49+00:00","og_image":[{"url":"http:\/\/physics.uvt.ro\/wp-content\/uploads\/2014\/07\/logo_cc_platforma_solara.jpg"}],"twitter_card":"summary_large_image","twitter_misc":{"Est. reading time":"2 minutes"},"schema":{"@context":"https:\/\/schema.org","@graph":[{"@type":"WebPage","@id":"http:\/\/dezvoltare.uvt.ro\/physics\/cercetare\/centre-de-cercetare\/","url":"http:\/\/dezvoltare.uvt.ro\/physics\/cercetare\/centre-de-cercetare\/","name":"Centre de cercetare - dezvoltare.uvt.ro\/physics","isPartOf":{"@id":"http:\/\/dezvoltare.uvt.ro\/physics\/#website"},"datePublished":"2023-04-27T08:30:30+00:00","dateModified":"2023-07-25T11:15:49+00:00","breadcrumb":{"@id":"http:\/\/dezvoltare.uvt.ro\/physics\/cercetare\/centre-de-cercetare\/#breadcrumb"},"inLanguage":"en-US","potentialAction":[{"@type":"ReadAction","target":["http:\/\/dezvoltare.uvt.ro\/physics\/cercetare\/centre-de-cercetare\/"]}]},{"@type":"BreadcrumbList","@id":"http:\/\/dezvoltare.uvt.ro\/physics\/cercetare\/centre-de-cercetare\/#breadcrumb","itemListElement":[{"@type":"ListItem","position":1,"name":"Acas\u0103","item":"http:\/\/dezvoltare.uvt.ro\/physics\/"},{"@type":"ListItem","position":2,"name":"Cercetare","item":"http:\/\/dezvoltare.uvt.ro\/physics\/cercetare\/"},{"@type":"ListItem","position":3,"name":"Centre de cercetare"}]},{"@type":"WebSite","@id":"http:\/\/dezvoltare.uvt.ro\/physics\/#website","url":"http:\/\/dezvoltare.uvt.ro\/physics\/","name":"dezvoltare.uvt.ro\/physics","description":"Fizic\u0103","publisher":{"@id":"http:\/\/dezvoltare.uvt.ro\/physics\/#organization"},"potentialAction":[{"@type":"SearchAction","target":{"@type":"EntryPoint","urlTemplate":"http:\/\/dezvoltare.uvt.ro\/physics\/?s={search_term_string}"},"query-input":"required name=search_term_string"}],"inLanguage":"en-US"},{"@type":"Organization","@id":"http:\/\/dezvoltare.uvt.ro\/physics\/#organization","name":"dezvoltare.uvt.ro\/physics","url":"http:\/\/dezvoltare.uvt.ro\/physics\/","logo":{"@type":"ImageObject","inLanguage":"en-US","@id":"http:\/\/dezvoltare.uvt.ro\/physics\/#\/schema\/logo\/image\/","url":"http:\/\/dezvoltare.uvt.ro\/physics\/wp-content\/uploads\/2023\/04\/FIZICA-02.png","contentUrl":"http:\/\/dezvoltare.uvt.ro\/physics\/wp-content\/uploads\/2023\/04\/FIZICA-02.png","width":843,"height":392,"caption":"dezvoltare.uvt.ro\/physics"},"image":{"@id":"http:\/\/dezvoltare.uvt.ro\/physics\/#\/schema\/logo\/image\/"}}]}},"_links":{"self":[{"href":"http:\/\/dezvoltare.uvt.ro\/physics\/wp-json\/wp\/v2\/pages\/1234","targetHints":{"allow":["GET"]}}],"collection":[{"href":"http:\/\/dezvoltare.uvt.ro\/physics\/wp-json\/wp\/v2\/pages"}],"about":[{"href":"http:\/\/dezvoltare.uvt.ro\/physics\/wp-json\/wp\/v2\/types\/page"}],"author":[{"embeddable":true,"href":"http:\/\/dezvoltare.uvt.ro\/physics\/wp-json\/wp\/v2\/users\/2"}],"replies":[{"embeddable":true,"href":"http:\/\/dezvoltare.uvt.ro\/physics\/wp-json\/wp\/v2\/comments?post=1234"}],"version-history":[{"count":41,"href":"http:\/\/dezvoltare.uvt.ro\/physics\/wp-json\/wp\/v2\/pages\/1234\/revisions"}],"predecessor-version":[{"id":2288,"href":"http:\/\/dezvoltare.uvt.ro\/physics\/wp-json\/wp\/v2\/pages\/1234\/revisions\/2288"}],"up":[{"embeddable":true,"href":"http:\/\/dezvoltare.uvt.ro\/physics\/wp-json\/wp\/v2\/pages\/176"}],"wp:attachment":[{"href":"http:\/\/dezvoltare.uvt.ro\/physics\/wp-json\/wp\/v2\/media?parent=1234"}],"curies":[{"name":"wp","href":"https:\/\/api.w.org\/{rel}","templated":true}]}}