{"id":1384,"date":"2023-04-27T12:46:58","date_gmt":"2023-04-27T12:46:58","guid":{"rendered":"http:\/\/dezvoltare.uvt.ro\/physics\/?page_id=1384"},"modified":"2023-07-25T12:40:12","modified_gmt":"2023-07-25T12:40:12","slug":"planetariu","status":"publish","type":"page","link":"http:\/\/dezvoltare.uvt.ro\/physics\/planetariu\/","title":{"rendered":"Planetariu"},"content":{"rendered":"\t\t<div data-elementor-type=\"wp-page\" data-elementor-id=\"1384\" class=\"elementor elementor-1384\">\n\t\t\t\t\t\t\t\t\t<section class=\"elementor-section elementor-top-section elementor-element elementor-element-e706ce3 elementor-section-boxed elementor-section-height-default elementor-section-height-default\" data-id=\"e706ce3\" data-element_type=\"section\">\n\t\t\t\t\t\t<div class=\"elementor-container elementor-column-gap-default\">\n\t\t\t\t\t<div class=\"elementor-column elementor-col-100 elementor-top-column elementor-element elementor-element-90ae910\" data-id=\"90ae910\" data-element_type=\"column\">\n\t\t\t<div class=\"elementor-widget-wrap elementor-element-populated\">\n\t\t\t\t\t\t\t\t<div class=\"elementor-element elementor-element-747c08f elementor-widget elementor-widget-breadcrumbs\" data-id=\"747c08f\" data-element_type=\"widget\" data-widget_type=\"breadcrumbs.default\">\n\t\t\t\t<div class=\"elementor-widget-container\">\n\t\t\t<link rel=\"stylesheet\" href=\"http:\/\/dezvoltare.uvt.ro\/physics\/wp-content\/plugins\/elementor-pro\/assets\/css\/widget-theme-elements.min.css\"><p id=\"breadcrumbs\"><span><span><a href=\"http:\/\/dezvoltare.uvt.ro\/physics\/\">Acas\u0103<\/a><\/span><\/span><\/p>\t\t<\/div>\n\t\t\t\t<\/div>\n\t\t\t\t\t<\/div>\n\t\t<\/div>\n\t\t\t\t\t\t\t<\/div>\n\t\t<\/section>\n\t\t\t\t<section class=\"elementor-section elementor-top-section elementor-element elementor-element-1d5423c elementor-section-boxed elementor-section-height-default elementor-section-height-default\" data-id=\"1d5423c\" data-element_type=\"section\">\n\t\t\t\t\t\t<div class=\"elementor-container elementor-column-gap-default\">\n\t\t\t\t\t<div class=\"elementor-column elementor-col-100 elementor-top-column elementor-element elementor-element-7993a0d\" data-id=\"7993a0d\" data-element_type=\"column\">\n\t\t\t<div class=\"elementor-widget-wrap elementor-element-populated\">\n\t\t\t\t\t\t\t\t<div class=\"elementor-element elementor-element-3a5e1a6 elementor-widget-divider--view-line elementor-widget elementor-widget-divider\" data-id=\"3a5e1a6\" data-element_type=\"widget\" data-widget_type=\"divider.default\">\n\t\t\t\t<div class=\"elementor-widget-container\">\n\t\t\t<style>\/*! elementor - v3.15.0 - 20-08-2023 *\/\n.elementor-widget-divider{--divider-border-style:none;--divider-border-width:1px;--divider-color:#0c0d0e;--divider-icon-size:20px;--divider-element-spacing:10px;--divider-pattern-height:24px;--divider-pattern-size:20px;--divider-pattern-url:none;--divider-pattern-repeat:repeat-x}.elementor-widget-divider .elementor-divider{display:flex}.elementor-widget-divider .elementor-divider__text{font-size:15px;line-height:1;max-width:95%}.elementor-widget-divider .elementor-divider__element{margin:0 var(--divider-element-spacing);flex-shrink:0}.elementor-widget-divider .elementor-icon{font-size:var(--divider-icon-size)}.elementor-widget-divider .elementor-divider-separator{display:flex;margin:0;direction:ltr}.elementor-widget-divider--view-line_icon .elementor-divider-separator,.elementor-widget-divider--view-line_text .elementor-divider-separator{align-items:center}.elementor-widget-divider--view-line_icon .elementor-divider-separator:after,.elementor-widget-divider--view-line_icon .elementor-divider-separator:before,.elementor-widget-divider--view-line_text .elementor-divider-separator:after,.elementor-widget-divider--view-line_text .elementor-divider-separator:before{display:block;content:\"\";border-bottom:0;flex-grow:1;border-top:var(--divider-border-width) var(--divider-border-style) var(--divider-color)}.elementor-widget-divider--element-align-left .elementor-divider .elementor-divider-separator>.elementor-divider__svg:first-of-type{flex-grow:0;flex-shrink:100}.elementor-widget-divider--element-align-left .elementor-divider-separator:before{content:none}.elementor-widget-divider--element-align-left .elementor-divider__element{margin-left:0}.elementor-widget-divider--element-align-right .elementor-divider .elementor-divider-separator>.elementor-divider__svg:last-of-type{flex-grow:0;flex-shrink:100}.elementor-widget-divider--element-align-right .elementor-divider-separator:after{content:none}.elementor-widget-divider--element-align-right .elementor-divider__element{margin-right:0}.elementor-widget-divider:not(.elementor-widget-divider--view-line_text):not(.elementor-widget-divider--view-line_icon) .elementor-divider-separator{border-top:var(--divider-border-width) var(--divider-border-style) var(--divider-color)}.elementor-widget-divider--separator-type-pattern{--divider-border-style:none}.elementor-widget-divider--separator-type-pattern.elementor-widget-divider--view-line .elementor-divider-separator,.elementor-widget-divider--separator-type-pattern:not(.elementor-widget-divider--view-line) .elementor-divider-separator:after,.elementor-widget-divider--separator-type-pattern:not(.elementor-widget-divider--view-line) .elementor-divider-separator:before,.elementor-widget-divider--separator-type-pattern:not([class*=elementor-widget-divider--view]) .elementor-divider-separator{width:100%;min-height:var(--divider-pattern-height);-webkit-mask-size:var(--divider-pattern-size) 100%;mask-size:var(--divider-pattern-size) 100%;-webkit-mask-repeat:var(--divider-pattern-repeat);mask-repeat:var(--divider-pattern-repeat);background-color:var(--divider-color);-webkit-mask-image:var(--divider-pattern-url);mask-image:var(--divider-pattern-url)}.elementor-widget-divider--no-spacing{--divider-pattern-size:auto}.elementor-widget-divider--bg-round{--divider-pattern-repeat:round}.rtl .elementor-widget-divider .elementor-divider__text{direction:rtl}.e-con-inner>.elementor-widget-divider,.e-con>.elementor-widget-divider{width:var(--container-widget-width,100%);--flex-grow:var(--container-widget-flex-grow)}<\/style>\t\t<div class=\"elementor-divider\">\n\t\t\t<span class=\"elementor-divider-separator\">\n\t\t\t\t\t\t<\/span>\n\t\t<\/div>\n\t\t\t\t<\/div>\n\t\t\t\t<\/div>\n\t\t\t\t\t<\/div>\n\t\t<\/div>\n\t\t\t\t\t\t\t<\/div>\n\t\t<\/section>\n\t\t\t\t<section class=\"elementor-section elementor-top-section elementor-element elementor-element-bb92aed elementor-section-boxed elementor-section-height-default elementor-section-height-default\" data-id=\"bb92aed\" data-element_type=\"section\">\n\t\t\t\t\t\t<div class=\"elementor-container elementor-column-gap-default\">\n\t\t\t\t\t<div class=\"elementor-column elementor-col-100 elementor-top-column elementor-element elementor-element-24ce815\" data-id=\"24ce815\" data-element_type=\"column\">\n\t\t\t<div class=\"elementor-widget-wrap elementor-element-populated\">\n\t\t\t\t\t\t\t\t<div class=\"elementor-element elementor-element-7f06dee elementor-widget elementor-widget-text-editor\" data-id=\"7f06dee\" data-element_type=\"widget\" data-widget_type=\"text-editor.default\">\n\t\t\t\t<div class=\"elementor-widget-container\">\n\t\t\t<style>\/*! elementor - v3.15.0 - 20-08-2023 *\/\n.elementor-widget-text-editor.elementor-drop-cap-view-stacked .elementor-drop-cap{background-color:#69727d;color:#fff}.elementor-widget-text-editor.elementor-drop-cap-view-framed .elementor-drop-cap{color:#69727d;border:3px solid;background-color:transparent}.elementor-widget-text-editor:not(.elementor-drop-cap-view-default) .elementor-drop-cap{margin-top:8px}.elementor-widget-text-editor:not(.elementor-drop-cap-view-default) .elementor-drop-cap-letter{width:1em;height:1em}.elementor-widget-text-editor .elementor-drop-cap{float:left;text-align:center;line-height:1;font-size:50px}.elementor-widget-text-editor .elementor-drop-cap-letter{display:inline-block}<\/style>\t\t\t\t<h3 align=\"left\"><span style=\"color: #6ec1e4;\"><strong>Prezentare<\/strong><\/span><\/h3>\n<p align=\"justify\">Planetariul Universit\u0103\u021bii de Vest din Timi\u0219oara \u0219i-a deschis por\u021bile pe 1 ianuarie 1964 fiind primul planetariu din Rom\u00e2nia. Construirea acestui planetariu, ca \u0219i construirea Observatorului Astronomic din Timi\u0219oara, au fost posibile datorit\u0103 eforturilor depuse de c\u0103tre Prof. Dr. Ioan Curea, primul rector al Universit\u0103\u021bii din Timi\u0219oara (care s-a transformat ulterior \u00een Universitatea de Vest din Timi\u0219oara).<\/p>\n<h3 align=\"left\"><span style=\"color: #6ec1e4;\"><strong>Anun\u021buri importante!<\/strong><\/span><\/h3>\n<p align=\"left\"><b>1.&nbsp;<\/b>Planetariul \u0219i-a redeschis por\u021bile pentru elevii de gimnaziu, de liceu \u0219i pentru studen\u021bi \u00een data de 2 noiembrie 2022.&nbsp;<b>\u00censcrierea pentru vizite<\/b>&nbsp;se face cu ajutorul formularului disponibil&nbsp;<a href=\"https:\/\/docs.google.com\/forms\/d\/e\/1FAIpQLSe4MYZyllE0OoTfUQwU0oCS2wSjs0ofHABlHNr7U2sYOtSjzA\/viewform?embedded=true\" target=\"_blank\" rel=\"noopener\"><b>AICI<\/b><\/a>. Ve\u021bi primi un mesaj automat de confirmare a \u00eenscrierii, mesaj pe care v\u0103 rug\u0103m s\u0103-l forwarda\u021bi la adresa&nbsp;<a href=\"mailto:florin.secosan@e-uvt.ro\">florin.secosan@e-uvt.ro<\/a>.<br>Pentru situa\u021bii deosebite se poate apela num\u0103rul 0755427065 (Florin Seco\u0219an).<\/p>\n<p align=\"left\"><span style=\"color: #ff0000;\"><b>INTRAREA ESTE GRATUIT\u0102!<\/b><\/span><\/p>\n<p>Condi\u021bii de participare:<\/p>\n<ul>\n<li>num\u0103rul de elevi\/studen\u021bi nu poate fi mai mare de 25 de persoane, plus profesorul \u00eenso\u021bitor;<\/li>\n<li>programarea se face cu cel pu\u021bin 24 de ore \u00eenainte;<\/li>\n<li>eventuala anulare a program\u0103rii se face telefonic, tot cu cel pu\u021bin 24 de ore \u00eenainte;<br><b><\/b><\/li>\n<li><b><span style=\"color: red;\">PUNCTUALITATE!<\/span><\/b><\/li>\n<\/ul><div><font color=\"#ff0000\"><b><br><\/b><\/font><\/div><div><font color=\"#ff0000\"><b><br><\/b><\/font><\/div>\n<p align=\"left\"><b>2.&nbsp;<\/b>\u00cencep\u00e2nd cu data de 6 martie 2023 Facultatea de Fizic\u0103 ofer\u0103 gratuit un curs introductiv de Astronomie \u0219i Astrofizic\u0103 pentru elevii pasiona\u021bi, dup\u0103 urm\u0103torul orar:<\/p>\n<ul>\n<li>Pentru clasele 5-6 \u00een fiecare zi de luni, \u00eentre orele 17:00 &#8211; 18:00;<\/li>\n<li>Pentru clasele 7-8 \u00een fiecare zi de luni, \u00eentre orele 18:30 &#8211; 19:30;<\/li>\n<li>Pentru clasele 9-12 MI \u0219i SN, \u00een fiecare zi de vineri, \u00eentre orele 16:30 &#8211; 18:00;<\/li>\n<li>Pentru clasele 9-12 cu alte profile dec\u00e2t MI sau SN, \u00een fiecare zi de vineri, \u00eentre orele 18:30 &#8211; 19:30.<\/li>\n<\/ul>\n<p>Amfiteatrul F 206, de la acela\u0219i etaj \u0219i pe acela\u0219i coridor unde se afl\u0103 \u0219i Planetariul (vezi mai jos adresa exact\u0103), este cel care g\u0103zduie\u0219te cursul.<\/p>\n<h3 align=\"left\"><span style=\"color: #6ec1e4;\"><strong>Linkuri utile<\/strong><\/span><\/h3>\n<ol>\n<li><a href=\"https:\/\/www.nasa.gov\/\">https:\/\/www.nasa.gov\/<\/a><\/li>\n<li><a href=\"https:\/\/www.esa.int\/\">https:\/\/www.esa.int\/<\/a><\/li>\n<li><a href=\"https:\/\/www.eso.org\/public\/\">https:\/\/www.eso.org\/<\/a><\/li>\n<li><a href=\"https:\/\/www.ips-planetarium.org\/\">https:\/\/www.ips-planetarium.org\/<\/a><\/li>\n<li><a href=\"https:\/\/simbad.unistra.fr\/simbad\/\">https:\/\/simbad.unistra.fr\/<\/a><\/li>\n<li><a href=\"https:\/\/stellarium.org\/\">https:\/\/stellarium.org\/ (Soft gratuit)<\/a><\/li>\n<li><a href=\"https:\/\/physics.uvt.ro\/wp-content\/uploads\/2014\/07\/Carti_Astronomie.pdf\" target=\"_blank\" rel=\"noopener\">C\u0103r\u021bi de Astronomie (gratuite)<\/a><\/li>\n<\/ol>\n<div>&nbsp;<\/div>\n<div>&nbsp;<\/div>\n<h3 align=\"left\"><span style=\"color: #6ec1e4;\"><strong>Contact<\/strong><\/span><\/h3>\n<p align=\"left\">Adresa: Bd. Vasile P\u00e2rvan nr. 4, Timi\u0219oara 300223 (sediul Facult\u0103\u021bii de Fizic\u0103, etaj 2)<\/p>\n<p align=\"left\">e-mail:&nbsp;<a href=\"mailto:florin.secosan@e-uvt.ro\">florin.secosan@e-uvt.ro<\/a><\/p>\n<p align=\"left\">Telefon: <a href=\"tel: 0755427065\">0755427065<\/a><\/p>\t\t\t\t\t\t<\/div>\n\t\t\t\t<\/div>\n\t\t\t\t\t<\/div>\n\t\t<\/div>\n\t\t\t\t\t\t\t<\/div>\n\t\t<\/section>\n\t\t\t\t<section class=\"elementor-section elementor-top-section elementor-element elementor-element-a9a4e91 elementor-section-boxed elementor-section-height-default elementor-section-height-default\" data-id=\"a9a4e91\" data-element_type=\"section\">\n\t\t\t\t\t\t<div class=\"elementor-container elementor-column-gap-default\">\n\t\t\t\t\t<div class=\"elementor-column elementor-col-100 elementor-top-column elementor-element elementor-element-1a7db65\" data-id=\"1a7db65\" data-element_type=\"column\">\n\t\t\t<div class=\"elementor-widget-wrap elementor-element-populated\">\n\t\t\t\t\t\t\t\t<div class=\"elementor-element elementor-element-24149e0 elementor-widget elementor-widget-image\" data-id=\"24149e0\" data-element_type=\"widget\" data-widget_type=\"image.default\">\n\t\t\t\t<div class=\"elementor-widget-container\">\n\t\t\t<style>\/*! elementor - v3.15.0 - 20-08-2023 *\/\n.elementor-widget-image{text-align:center}.elementor-widget-image a{display:inline-block}.elementor-widget-image a img[src$=\".svg\"]{width:48px}.elementor-widget-image img{vertical-align:middle;display:inline-block}<\/style>\t\t\t\t\t\t\t\t\t<figure class=\"wp-caption\">\n\t\t\t\t\t\t\t\t\t\t<img decoding=\"async\" src=\"http:\/\/dezvoltare.uvt.ro\/physics\/wp-content\/uploads\/elementor\/thumbs\/planetariu1-q5mpnmuj1dg8u6v0yuxamgvehjtyblv3gijy59jv5c.jpg\" title=\"planetariu1\" alt=\"Proiectorul original, Zeiss ZKP-1, al Planetariului\" loading=\"lazy\" \/>\t\t\t\t\t\t\t\t\t\t\t<figcaption class=\"widget-image-caption wp-caption-text\"><br>Proiectorul original, Zeiss ZKP-1, al Planetariului<\/figcaption>\n\t\t\t\t\t\t\t\t\t\t<\/figure>\n\t\t\t\t\t\t\t\t\t<\/div>\n\t\t\t\t<\/div>\n\t\t\t\t<div class=\"elementor-element elementor-element-6264f67 elementor-arrows-position-inside elementor-pagination-position-outside elementor-widget elementor-widget-image-carousel\" data-id=\"6264f67\" data-element_type=\"widget\" data-settings=\"{&quot;slides_to_show&quot;:&quot;1&quot;,&quot;navigation&quot;:&quot;both&quot;,&quot;autoplay&quot;:&quot;yes&quot;,&quot;pause_on_hover&quot;:&quot;yes&quot;,&quot;pause_on_interaction&quot;:&quot;yes&quot;,&quot;autoplay_speed&quot;:5000,&quot;infinite&quot;:&quot;yes&quot;,&quot;effect&quot;:&quot;slide&quot;,&quot;speed&quot;:500}\" data-widget_type=\"image-carousel.default\">\n\t\t\t\t<div class=\"elementor-widget-container\">\n\t\t\t<style>\/*! elementor - v3.15.0 - 20-08-2023 *\/\n.elementor-widget-image-carousel .swiper,.elementor-widget-image-carousel .swiper-container{position:static}.elementor-widget-image-carousel .swiper-container .swiper-slide figure,.elementor-widget-image-carousel .swiper .swiper-slide figure{line-height:inherit}.elementor-widget-image-carousel .swiper-slide{text-align:center}.elementor-image-carousel-wrapper:not(.swiper-container-initialized):not(.swiper-initialized) .swiper-slide{max-width:calc(100% \/ var(--e-image-carousel-slides-to-show, 3))}<\/style>\t\t<div class=\"elementor-image-carousel-wrapper swiper\" dir=\"ltr\">\n\t\t\t<div class=\"elementor-image-carousel swiper-wrapper\" aria-live=\"off\">\n\t\t\t\t\t\t\t\t<div class=\"swiper-slide\" role=\"group\" aria-roledescription=\"slide\" aria-label=\"1 of 8\"><figure class=\"swiper-slide-inner\"><img decoding=\"async\" class=\"swiper-slide-image\" src=\"http:\/\/dezvoltare.uvt.ro\/physics\/wp-content\/uploads\/2023\/04\/VulcanovDumitru-197x300.jpg\" alt=\"VulcanovDumitru\" \/><\/figure><\/div><div class=\"swiper-slide\" role=\"group\" aria-roledescription=\"slide\" aria-label=\"2 of 8\"><figure class=\"swiper-slide-inner\"><img decoding=\"async\" class=\"swiper-slide-image\" src=\"http:\/\/dezvoltare.uvt.ro\/physics\/wp-content\/uploads\/2023\/04\/StefuNicoleta-197x300.jpg\" alt=\"StefuNicoleta\" \/><\/figure><\/div><div class=\"swiper-slide\" role=\"group\" aria-roledescription=\"slide\" aria-label=\"3 of 8\"><figure class=\"swiper-slide-inner\"><img decoding=\"async\" class=\"swiper-slide-image\" src=\"http:\/\/dezvoltare.uvt.ro\/physics\/wp-content\/uploads\/2023\/04\/SchlettZeno-e1681197450550-300x300.jpg\" alt=\"SchlettZeno\" \/><\/figure><\/div><div class=\"swiper-slide\" role=\"group\" aria-roledescription=\"slide\" aria-label=\"4 of 8\"><figure class=\"swiper-slide-inner\"><img decoding=\"async\" class=\"swiper-slide-image\" src=\"http:\/\/dezvoltare.uvt.ro\/physics\/wp-content\/uploads\/2023\/04\/PaulescuMarius-197x300.jpg\" alt=\"PaulescuMarius\" \/><\/figure><\/div><div class=\"swiper-slide\" role=\"group\" aria-roledescription=\"slide\" aria-label=\"5 of 8\"><figure class=\"swiper-slide-inner\"><img decoding=\"async\" class=\"swiper-slide-image\" src=\"http:\/\/dezvoltare.uvt.ro\/physics\/wp-content\/uploads\/2023\/04\/PaulescuEugenia-197x300.jpg\" alt=\"PaulescuEugenia\" \/><\/figure><\/div><div class=\"swiper-slide\" role=\"group\" aria-roledescription=\"slide\" aria-label=\"6 of 8\"><figure class=\"swiper-slide-inner\"><img decoding=\"async\" class=\"swiper-slide-image\" src=\"http:\/\/dezvoltare.uvt.ro\/physics\/wp-content\/uploads\/2023\/04\/StefMarius-1-197x300.png\" alt=\"StefMarius\" \/><\/figure><\/div><div class=\"swiper-slide\" role=\"group\" aria-roledescription=\"slide\" aria-label=\"7 of 8\"><figure class=\"swiper-slide-inner\"><img decoding=\"async\" class=\"swiper-slide-image\" src=\"http:\/\/dezvoltare.uvt.ro\/physics\/wp-content\/uploads\/2023\/04\/ResigaDaniela-197x300.jpg\" alt=\"ResigaDaniela\" \/><\/figure><\/div><div class=\"swiper-slide\" role=\"group\" aria-roledescription=\"slide\" aria-label=\"8 of 8\"><figure class=\"swiper-slide-inner\"><img decoding=\"async\" class=\"swiper-slide-image\" src=\"http:\/\/dezvoltare.uvt.ro\/physics\/wp-content\/uploads\/2023\/04\/PopescuAlexandra-197x300.jpg\" alt=\"PopescuAlexandra\" \/><\/figure><\/div>\t\t\t<\/div>\n\t\t\t\t\t\t\t\t\t\t\t\t<div class=\"elementor-swiper-button elementor-swiper-button-prev\" role=\"button\" tabindex=\"0\">\n\t\t\t\t\t\t<i aria-hidden=\"true\" class=\"eicon-chevron-left\"><\/i>\t\t\t\t\t<\/div>\n\t\t\t\t\t<div class=\"elementor-swiper-button elementor-swiper-button-next\" role=\"button\" tabindex=\"0\">\n\t\t\t\t\t\t<i aria-hidden=\"true\" class=\"eicon-chevron-right\"><\/i>\t\t\t\t\t<\/div>\n\t\t\t\t\n\t\t\t\t\t\t\t\t\t<div class=\"swiper-pagination\"><\/div>\n\t\t\t\t\t\t\t\t\t<\/div>\n\t\t\t\t<\/div>\n\t\t\t\t<\/div>\n\t\t\t\t\t<\/div>\n\t\t<\/div>\n\t\t\t\t\t\t\t<\/div>\n\t\t<\/section>\n\t\t\t\t\t\t\t<\/div>\n\t\t","protected":false},"excerpt":{"rendered":"<p>Prezentare Planetariul Universit\u0103\u021bii de Vest din Timi\u0219oara \u0219i-a deschis por\u021bile pe 1 ianuarie 1964 fiind primul planetariu din Rom\u00e2nia. Construirea acestui planetariu, ca \u0219i construirea Observatorului Astronomic din Timi\u0219oara, au [&hellip;]<\/p>\n","protected":false},"author":2,"featured_media":0,"parent":0,"menu_order":0,"comment_status":"closed","ping_status":"closed","template":"","meta":{"footnotes":""},"class_list":["post-1384","page","type-page","status-publish","hentry"],"acf":[],"yoast_head":"<!-- This site is optimized with the Yoast SEO plugin v20.4 - https:\/\/yoast.com\/wordpress\/plugins\/seo\/ -->\n<title>Planetariu - dezvoltare.uvt.ro\/physics<\/title>\n<meta name=\"robots\" content=\"index, follow, max-snippet:-1, max-image-preview:large, max-video-preview:-1\" \/>\n<link rel=\"canonical\" href=\"http:\/\/dezvoltare.uvt.ro\/physics\/planetariu\/\" \/>\n<meta property=\"og:locale\" content=\"en_US\" \/>\n<meta property=\"og:type\" content=\"article\" \/>\n<meta property=\"og:title\" content=\"Planetariu - dezvoltare.uvt.ro\/physics\" \/>\n<meta property=\"og:description\" content=\"Prezentare Planetariul Universit\u0103\u021bii de Vest din Timi\u0219oara \u0219i-a deschis por\u021bile pe 1 ianuarie 1964 fiind primul planetariu din Rom\u00e2nia. Construirea acestui planetariu, ca \u0219i construirea Observatorului Astronomic din Timi\u0219oara, au [&hellip;]\" \/>\n<meta property=\"og:url\" content=\"http:\/\/dezvoltare.uvt.ro\/physics\/planetariu\/\" \/>\n<meta property=\"og:site_name\" content=\"dezvoltare.uvt.ro\/physics\" \/>\n<meta property=\"article:modified_time\" content=\"2023-07-25T12:40:12+00:00\" \/>\n<meta property=\"og:image\" content=\"http:\/\/dezvoltare.uvt.ro\/physics\/wp-content\/uploads\/elementor\/thumbs\/planetariu1-q5mpnmuj1dg8u6v0yuxamgvehjtyblv3gijy59jv5c.jpg\" \/>\n<meta name=\"twitter:card\" content=\"summary_large_image\" \/>\n<meta name=\"twitter:label1\" content=\"Est. reading time\" \/>\n\t<meta name=\"twitter:data1\" content=\"4 minutes\" \/>\n<script type=\"application\/ld+json\" class=\"yoast-schema-graph\">{\"@context\":\"https:\/\/schema.org\",\"@graph\":[{\"@type\":\"WebPage\",\"@id\":\"http:\/\/dezvoltare.uvt.ro\/physics\/planetariu\/\",\"url\":\"http:\/\/dezvoltare.uvt.ro\/physics\/planetariu\/\",\"name\":\"Planetariu - dezvoltare.uvt.ro\/physics\",\"isPartOf\":{\"@id\":\"http:\/\/dezvoltare.uvt.ro\/physics\/#website\"},\"datePublished\":\"2023-04-27T12:46:58+00:00\",\"dateModified\":\"2023-07-25T12:40:12+00:00\",\"breadcrumb\":{\"@id\":\"http:\/\/dezvoltare.uvt.ro\/physics\/planetariu\/#breadcrumb\"},\"inLanguage\":\"en-US\",\"potentialAction\":[{\"@type\":\"ReadAction\",\"target\":[\"http:\/\/dezvoltare.uvt.ro\/physics\/planetariu\/\"]}]},{\"@type\":\"BreadcrumbList\",\"@id\":\"http:\/\/dezvoltare.uvt.ro\/physics\/planetariu\/#breadcrumb\",\"itemListElement\":[{\"@type\":\"ListItem\",\"position\":1,\"name\":\"Acas\u0103\",\"item\":\"http:\/\/dezvoltare.uvt.ro\/physics\/\"},{\"@type\":\"ListItem\",\"position\":2,\"name\":\"Planetariu\"}]},{\"@type\":\"WebSite\",\"@id\":\"http:\/\/dezvoltare.uvt.ro\/physics\/#website\",\"url\":\"http:\/\/dezvoltare.uvt.ro\/physics\/\",\"name\":\"dezvoltare.uvt.ro\/physics\",\"description\":\"Fizic\u0103\",\"publisher\":{\"@id\":\"http:\/\/dezvoltare.uvt.ro\/physics\/#organization\"},\"potentialAction\":[{\"@type\":\"SearchAction\",\"target\":{\"@type\":\"EntryPoint\",\"urlTemplate\":\"http:\/\/dezvoltare.uvt.ro\/physics\/?s={search_term_string}\"},\"query-input\":\"required name=search_term_string\"}],\"inLanguage\":\"en-US\"},{\"@type\":\"Organization\",\"@id\":\"http:\/\/dezvoltare.uvt.ro\/physics\/#organization\",\"name\":\"dezvoltare.uvt.ro\/physics\",\"url\":\"http:\/\/dezvoltare.uvt.ro\/physics\/\",\"logo\":{\"@type\":\"ImageObject\",\"inLanguage\":\"en-US\",\"@id\":\"http:\/\/dezvoltare.uvt.ro\/physics\/#\/schema\/logo\/image\/\",\"url\":\"http:\/\/dezvoltare.uvt.ro\/physics\/wp-content\/uploads\/2023\/04\/FIZICA-02.png\",\"contentUrl\":\"http:\/\/dezvoltare.uvt.ro\/physics\/wp-content\/uploads\/2023\/04\/FIZICA-02.png\",\"width\":843,\"height\":392,\"caption\":\"dezvoltare.uvt.ro\/physics\"},\"image\":{\"@id\":\"http:\/\/dezvoltare.uvt.ro\/physics\/#\/schema\/logo\/image\/\"}}]}<\/script>\n<!-- \/ Yoast SEO plugin. -->","yoast_head_json":{"title":"Planetariu - dezvoltare.uvt.ro\/physics","robots":{"index":"index","follow":"follow","max-snippet":"max-snippet:-1","max-image-preview":"max-image-preview:large","max-video-preview":"max-video-preview:-1"},"canonical":"http:\/\/dezvoltare.uvt.ro\/physics\/planetariu\/","og_locale":"en_US","og_type":"article","og_title":"Planetariu - dezvoltare.uvt.ro\/physics","og_description":"Prezentare Planetariul Universit\u0103\u021bii de Vest din Timi\u0219oara \u0219i-a deschis por\u021bile pe 1 ianuarie 1964 fiind primul planetariu din Rom\u00e2nia. Construirea acestui planetariu, ca \u0219i construirea Observatorului Astronomic din Timi\u0219oara, au [&hellip;]","og_url":"http:\/\/dezvoltare.uvt.ro\/physics\/planetariu\/","og_site_name":"dezvoltare.uvt.ro\/physics","article_modified_time":"2023-07-25T12:40:12+00:00","og_image":[{"url":"http:\/\/dezvoltare.uvt.ro\/physics\/wp-content\/uploads\/elementor\/thumbs\/planetariu1-q5mpnmuj1dg8u6v0yuxamgvehjtyblv3gijy59jv5c.jpg"}],"twitter_card":"summary_large_image","twitter_misc":{"Est. reading time":"4 minutes"},"schema":{"@context":"https:\/\/schema.org","@graph":[{"@type":"WebPage","@id":"http:\/\/dezvoltare.uvt.ro\/physics\/planetariu\/","url":"http:\/\/dezvoltare.uvt.ro\/physics\/planetariu\/","name":"Planetariu - dezvoltare.uvt.ro\/physics","isPartOf":{"@id":"http:\/\/dezvoltare.uvt.ro\/physics\/#website"},"datePublished":"2023-04-27T12:46:58+00:00","dateModified":"2023-07-25T12:40:12+00:00","breadcrumb":{"@id":"http:\/\/dezvoltare.uvt.ro\/physics\/planetariu\/#breadcrumb"},"inLanguage":"en-US","potentialAction":[{"@type":"ReadAction","target":["http:\/\/dezvoltare.uvt.ro\/physics\/planetariu\/"]}]},{"@type":"BreadcrumbList","@id":"http:\/\/dezvoltare.uvt.ro\/physics\/planetariu\/#breadcrumb","itemListElement":[{"@type":"ListItem","position":1,"name":"Acas\u0103","item":"http:\/\/dezvoltare.uvt.ro\/physics\/"},{"@type":"ListItem","position":2,"name":"Planetariu"}]},{"@type":"WebSite","@id":"http:\/\/dezvoltare.uvt.ro\/physics\/#website","url":"http:\/\/dezvoltare.uvt.ro\/physics\/","name":"dezvoltare.uvt.ro\/physics","description":"Fizic\u0103","publisher":{"@id":"http:\/\/dezvoltare.uvt.ro\/physics\/#organization"},"potentialAction":[{"@type":"SearchAction","target":{"@type":"EntryPoint","urlTemplate":"http:\/\/dezvoltare.uvt.ro\/physics\/?s={search_term_string}"},"query-input":"required name=search_term_string"}],"inLanguage":"en-US"},{"@type":"Organization","@id":"http:\/\/dezvoltare.uvt.ro\/physics\/#organization","name":"dezvoltare.uvt.ro\/physics","url":"http:\/\/dezvoltare.uvt.ro\/physics\/","logo":{"@type":"ImageObject","inLanguage":"en-US","@id":"http:\/\/dezvoltare.uvt.ro\/physics\/#\/schema\/logo\/image\/","url":"http:\/\/dezvoltare.uvt.ro\/physics\/wp-content\/uploads\/2023\/04\/FIZICA-02.png","contentUrl":"http:\/\/dezvoltare.uvt.ro\/physics\/wp-content\/uploads\/2023\/04\/FIZICA-02.png","width":843,"height":392,"caption":"dezvoltare.uvt.ro\/physics"},"image":{"@id":"http:\/\/dezvoltare.uvt.ro\/physics\/#\/schema\/logo\/image\/"}}]}},"_links":{"self":[{"href":"http:\/\/dezvoltare.uvt.ro\/physics\/wp-json\/wp\/v2\/pages\/1384","targetHints":{"allow":["GET"]}}],"collection":[{"href":"http:\/\/dezvoltare.uvt.ro\/physics\/wp-json\/wp\/v2\/pages"}],"about":[{"href":"http:\/\/dezvoltare.uvt.ro\/physics\/wp-json\/wp\/v2\/types\/page"}],"author":[{"embeddable":true,"href":"http:\/\/dezvoltare.uvt.ro\/physics\/wp-json\/wp\/v2\/users\/2"}],"replies":[{"embeddable":true,"href":"http:\/\/dezvoltare.uvt.ro\/physics\/wp-json\/wp\/v2\/comments?post=1384"}],"version-history":[{"count":71,"href":"http:\/\/dezvoltare.uvt.ro\/physics\/wp-json\/wp\/v2\/pages\/1384\/revisions"}],"predecessor-version":[{"id":2457,"href":"http:\/\/dezvoltare.uvt.ro\/physics\/wp-json\/wp\/v2\/pages\/1384\/revisions\/2457"}],"wp:attachment":[{"href":"http:\/\/dezvoltare.uvt.ro\/physics\/wp-json\/wp\/v2\/media?parent=1384"}],"curies":[{"name":"wp","href":"https:\/\/api.w.org\/{rel}","templated":true}]}}