{"id":1431,"date":"2023-04-28T08:44:19","date_gmt":"2023-04-28T08:44:19","guid":{"rendered":"http:\/\/dezvoltare.uvt.ro\/physics\/?page_id=1431"},"modified":"2023-09-19T12:11:58","modified_gmt":"2023-09-19T09:11:58","slug":"anunturi","status":"publish","type":"page","link":"http:\/\/dezvoltare.uvt.ro\/physics\/anunturi\/","title":{"rendered":"Anun\u021buri"},"content":{"rendered":"\t\t<div data-elementor-type=\"wp-page\" data-elementor-id=\"1431\" class=\"elementor elementor-1431\">\n\t\t\t\t\t\t\t\t\t<section class=\"elementor-section elementor-top-section elementor-element elementor-element-875d135 elementor-section-boxed elementor-section-height-default elementor-section-height-default\" data-id=\"875d135\" data-element_type=\"section\">\n\t\t\t\t\t\t<div class=\"elementor-container elementor-column-gap-default\">\n\t\t\t\t\t<div class=\"elementor-column elementor-col-100 elementor-top-column elementor-element elementor-element-c50517a\" data-id=\"c50517a\" data-element_type=\"column\">\n\t\t\t<div class=\"elementor-widget-wrap elementor-element-populated\">\n\t\t\t\t\t\t\t\t<div class=\"elementor-element elementor-element-73df884 elementor-widget elementor-widget-breadcrumbs\" data-id=\"73df884\" data-element_type=\"widget\" data-widget_type=\"breadcrumbs.default\">\n\t\t\t\t<div class=\"elementor-widget-container\">\n\t\t\t<link rel=\"stylesheet\" href=\"http:\/\/dezvoltare.uvt.ro\/physics\/wp-content\/plugins\/elementor-pro\/assets\/css\/widget-theme-elements.min.css\"><p id=\"breadcrumbs\"><span><span><a href=\"http:\/\/dezvoltare.uvt.ro\/physics\/\">Acas\u0103<\/a><\/span><\/span><\/p>\t\t<\/div>\n\t\t\t\t<\/div>\n\t\t\t\t\t<\/div>\n\t\t<\/div>\n\t\t\t\t\t\t\t<\/div>\n\t\t<\/section>\n\t\t\t\t<section class=\"elementor-section elementor-top-section elementor-element elementor-element-b4a3dc6 elementor-section-boxed elementor-section-height-default elementor-section-height-default\" data-id=\"b4a3dc6\" data-element_type=\"section\">\n\t\t\t\t\t\t<div class=\"elementor-container elementor-column-gap-default\">\n\t\t\t\t\t<div class=\"elementor-column elementor-col-100 elementor-top-column elementor-element elementor-element-e8a9dc0\" data-id=\"e8a9dc0\" data-element_type=\"column\">\n\t\t\t<div class=\"elementor-widget-wrap elementor-element-populated\">\n\t\t\t\t\t\t\t\t<div class=\"elementor-element elementor-element-a0c49fa elementor-widget-divider--view-line elementor-widget elementor-widget-divider\" data-id=\"a0c49fa\" data-element_type=\"widget\" data-widget_type=\"divider.default\">\n\t\t\t\t<div class=\"elementor-widget-container\">\n\t\t\t<style>\/*! elementor - v3.15.0 - 20-08-2023 *\/\n.elementor-widget-divider{--divider-border-style:none;--divider-border-width:1px;--divider-color:#0c0d0e;--divider-icon-size:20px;--divider-element-spacing:10px;--divider-pattern-height:24px;--divider-pattern-size:20px;--divider-pattern-url:none;--divider-pattern-repeat:repeat-x}.elementor-widget-divider .elementor-divider{display:flex}.elementor-widget-divider .elementor-divider__text{font-size:15px;line-height:1;max-width:95%}.elementor-widget-divider .elementor-divider__element{margin:0 var(--divider-element-spacing);flex-shrink:0}.elementor-widget-divider .elementor-icon{font-size:var(--divider-icon-size)}.elementor-widget-divider .elementor-divider-separator{display:flex;margin:0;direction:ltr}.elementor-widget-divider--view-line_icon .elementor-divider-separator,.elementor-widget-divider--view-line_text .elementor-divider-separator{align-items:center}.elementor-widget-divider--view-line_icon .elementor-divider-separator:after,.elementor-widget-divider--view-line_icon .elementor-divider-separator:before,.elementor-widget-divider--view-line_text .elementor-divider-separator:after,.elementor-widget-divider--view-line_text .elementor-divider-separator:before{display:block;content:\"\";border-bottom:0;flex-grow:1;border-top:var(--divider-border-width) var(--divider-border-style) var(--divider-color)}.elementor-widget-divider--element-align-left .elementor-divider .elementor-divider-separator>.elementor-divider__svg:first-of-type{flex-grow:0;flex-shrink:100}.elementor-widget-divider--element-align-left .elementor-divider-separator:before{content:none}.elementor-widget-divider--element-align-left .elementor-divider__element{margin-left:0}.elementor-widget-divider--element-align-right .elementor-divider .elementor-divider-separator>.elementor-divider__svg:last-of-type{flex-grow:0;flex-shrink:100}.elementor-widget-divider--element-align-right .elementor-divider-separator:after{content:none}.elementor-widget-divider--element-align-right .elementor-divider__element{margin-right:0}.elementor-widget-divider:not(.elementor-widget-divider--view-line_text):not(.elementor-widget-divider--view-line_icon) .elementor-divider-separator{border-top:var(--divider-border-width) var(--divider-border-style) var(--divider-color)}.elementor-widget-divider--separator-type-pattern{--divider-border-style:none}.elementor-widget-divider--separator-type-pattern.elementor-widget-divider--view-line .elementor-divider-separator,.elementor-widget-divider--separator-type-pattern:not(.elementor-widget-divider--view-line) .elementor-divider-separator:after,.elementor-widget-divider--separator-type-pattern:not(.elementor-widget-divider--view-line) .elementor-divider-separator:before,.elementor-widget-divider--separator-type-pattern:not([class*=elementor-widget-divider--view]) .elementor-divider-separator{width:100%;min-height:var(--divider-pattern-height);-webkit-mask-size:var(--divider-pattern-size) 100%;mask-size:var(--divider-pattern-size) 100%;-webkit-mask-repeat:var(--divider-pattern-repeat);mask-repeat:var(--divider-pattern-repeat);background-color:var(--divider-color);-webkit-mask-image:var(--divider-pattern-url);mask-image:var(--divider-pattern-url)}.elementor-widget-divider--no-spacing{--divider-pattern-size:auto}.elementor-widget-divider--bg-round{--divider-pattern-repeat:round}.rtl .elementor-widget-divider .elementor-divider__text{direction:rtl}.e-con-inner>.elementor-widget-divider,.e-con>.elementor-widget-divider{width:var(--container-widget-width,100%);--flex-grow:var(--container-widget-flex-grow)}<\/style>\t\t<div class=\"elementor-divider\">\n\t\t\t<span class=\"elementor-divider-separator\">\n\t\t\t\t\t\t<\/span>\n\t\t<\/div>\n\t\t\t\t<\/div>\n\t\t\t\t<\/div>\n\t\t\t\t\t<\/div>\n\t\t<\/div>\n\t\t\t\t\t\t\t<\/div>\n\t\t<\/section>\n\t\t\t\t<section class=\"elementor-section elementor-top-section elementor-element elementor-element-9c7c3eb elementor-section-boxed elementor-section-height-default elementor-section-height-default\" data-id=\"9c7c3eb\" data-element_type=\"section\">\n\t\t\t\t\t\t<div class=\"elementor-container elementor-column-gap-default\">\n\t\t\t\t\t<div class=\"elementor-column elementor-col-100 elementor-top-column elementor-element elementor-element-b32f963\" data-id=\"b32f963\" data-element_type=\"column\">\n\t\t\t<div class=\"elementor-widget-wrap elementor-element-populated\">\n\t\t\t\t\t\t\t\t<div class=\"elementor-element elementor-element-af5059c elementor-widget elementor-widget-template\" data-id=\"af5059c\" data-element_type=\"widget\" data-widget_type=\"template.default\">\n\t\t\t\t<div class=\"elementor-widget-container\">\n\t\t\t\t\t<div class=\"elementor-template\">\n\t\t\t\t\t<div data-elementor-type=\"section\" data-elementor-id=\"2619\" class=\"elementor elementor-2619\">\n\t\t\t\t\t\t\t\t<section class=\"elementor-section elementor-top-section elementor-element elementor-element-9ed6dd1 elementor-section-boxed elementor-section-height-default elementor-section-height-default\" data-id=\"9ed6dd1\" data-element_type=\"section\">\n\t\t\t\t\t\t<div class=\"elementor-container elementor-column-gap-default\">\n\t\t\t\t\t<div class=\"elementor-column elementor-col-100 elementor-top-column elementor-element elementor-element-67b889d\" data-id=\"67b889d\" data-element_type=\"column\">\n\t\t\t<div class=\"elementor-widget-wrap elementor-element-populated\">\n\t\t\t\t\t\t\t\t<div class=\"elementor-element elementor-element-fda984b elementor-widget__width-initial elementor-widget elementor-widget-eael-adv-accordion\" data-id=\"fda984b\" data-element_type=\"widget\" data-widget_type=\"eael-adv-accordion.default\">\n\t\t\t\t<div class=\"elementor-widget-container\">\n\t\t\t        <div class=\"eael-adv-accordion\" id=\"eael-adv-accordion-fda984b\" data-accordion-id=\"fda984b\" data-accordion-type=\"accordion\" data-toogle-speed=\"300\">\n    <div class=\"eael-accordion-list\">\n                <div id=\"anul-universitar-2022-2023\" class=\"elementor-tab-title eael-accordion-header\" tabindex=\"0\" data-tab=\"1\" aria-controls=\"elementor-tab-content-2651\"><span class=\"eael-advanced-accordion-icon-closed\"><i aria-hidden=\"true\" class=\"fa-accordion-icon fas fa-plus\"><\/i><\/span><span class=\"eael-advanced-accordion-icon-opened\"><i aria-hidden=\"true\" class=\"fa-accordion-icon fas fa-minus\"><\/i><\/span><span class=\"eael-accordion-tab-title\">Anul universitar 2022 - 2023<\/span><i aria-hidden=\"true\" class=\"fa-toggle fas fa-angle-right\"><\/i><\/div><div id=\"elementor-tab-content-2651\" class=\"eael-accordion-content clearfix\" data-tab=\"1\" aria-labelledby=\"anul-universitar-2022-2023\"><p><p><b><strong>\u00cen aten\u0163ia studen\u021bilor de la ciclul licen\u021b\u0103!<\/strong><\/b><\/p><h5 style=\"font-weight: 300;\"><a href=\"http:\/\/physics.uvt.ro\/wp-content\/uploads\/2014\/07\/Anunt_alegere_DCT_2023-2024.pdf\">Informa\u021bii importante privitoare la alegerea disciplinelor complementare care formeaz\u0103 competen\u021be transversale pe care le ve\u021bi studia \u00een anul universitar 2023-2024<\/a><\/h5><p><br style=\"font-weight: 400;\" \/><b><strong>\u00cen aten\u0163ia celor interesa\u021bi!<\/strong><\/b><\/p><h5 style=\"font-weight: 300;\"><a href=\"http:\/\/physics.uvt.ro\/wp-content\/uploads\/2014\/07\/Anunt_depunere_cereri_speciale_studii.pdf\">Depunerea cererilor de prelungire de \u0219colaritate, repetare de studii, re\u00eenmatriculare, \u00eentrerupere \u0219i reluare a studiilor de c\u0103tre studen\u021bi \u00een anul universitar 2023\/2024<\/a><\/h5><p><br style=\"font-weight: 400;\" \/><b><strong>\u00cen aten\u0163ia studen\u021bilor!<\/strong><\/b><\/p><h5 style=\"font-weight: 300;\"><a href=\"http:\/\/physics.uvt.ro\/wp-content\/uploads\/2014\/07\/Anunt_sesiunea_C_2023.pdf\">Informa\u021bii importante privitoare la sesiunea C &#8211; termen limit\u0103 30 august<\/a><\/h5><p><br style=\"font-weight: 400;\" \/><b><strong>\u00cen aten\u0163ia studen\u021bilor!<br \/>Reinformare cu privire la condi\u021biile de promovare:<\/strong><\/b><\/p><p><em>\u00cen conformitate cu articolul 32 din\u00a0\u00a0<a href=\"https:\/\/www.uvt.ro\/wp-content\/uploads\/sites\/3\/2022\/09\/CDOS-si-Regulamentul-privind-activitatea-studentilor-08.09.2022.pdf\">Codul drepturilor \u0219i obliga\u021biilorstudentului \u0219i Regulamentul privind activitatea profesional\u0103 a studen\u021bilor de la ciclurile de studii universitare de licen\u021b\u0103 \u0219i de masterat din UVT<\/a>,<\/em>\u00a0la Facultatea de Fizic\u0103<em>\u00a0<\/em>pentru a putea<em>\u00a0<\/em>promova<em>:<\/em><\/p><p><em>&#8211;\u00a0 \u00een\u00a0<b><strong>anul II de studii studen\u021bii trebuie s\u0103 ob\u021bin\u0103 minimum 40 de credite<\/strong><\/b>\u00a0de studii la disciplinele obligatorii \u0219i op\u021bionale (discipline fundamentale, de domeniu, de specialitate, complementare) din planul de \u00eenv\u0103\u021b\u0103m\u00e2nt al anului I de studii.\u00a0<\/em><\/p><p><em>&#8211;\u00a0\u00a0 \u00een\u00a0<b><strong>anul III de studii studen\u021bii trebuie s\u0103 ob\u021bin\u0103\u00a0cel pu\u021bin 90 de credite<\/strong><\/b>\u00a0de studii la finalul anului II de studii (acumulate \u00een anul I \u0219i anul II de studii, conform condi\u021biilor stabilite la nivelul Facultatii de Fizica: anul I 60 credite la disciplinele obligatorii \u0219i\u00a0op\u021bionale +\u00a0anul II minimum 30 de credite\u00a0la disciplinele obligatorii \u0219i\u00a0op\u021bionale- pentru promo\u021bia\u00a02021-2024 ).<\/em><\/p><p><b><strong>\u00cen aten\u0163ia studen\u021bilor!<\/strong><\/b><\/p><h5 style=\"font-weight: 300;\"><a href=\"http:\/\/physics.uvt.ro\/wp-content\/uploads\/2014\/07\/Anunt_mariri_restante_iunie_2023.pdf\">Reexaminarea \u00een vederea m\u0103ririi notei \u0219i sus\u021binerea examenelor restante<\/a><\/h5><p><b><strong>\u00cen aten\u0163ia studen\u021bilor!<\/strong><\/b><\/p><h5 style=\"font-weight: 300;\"><a href=\"http:\/\/physics.uvt.ro\/wp-content\/uploads\/2014\/07\/Anunt_voluntariat_sem2_2022_2023.pdf\">Informa\u021bii privind activit\u0103\u021bile de voluntariat desf\u0103\u0219urate pe parcursul semestrului al II-lea al anului universitar 2022-2023<\/a><\/h5><p><b><strong>\u00cen aten\u0163ia studen\u021bilor!<\/strong><\/b><\/p><h5 style=\"font-weight: 300;\"><a href=\"http:\/\/physics.uvt.ro\/wp-content\/uploads\/2014\/07\/Anunt_restante_iunie_2023.pdf\">Examene restante din anii anteriori<\/a><\/h5><p><b><strong>\u00cen aten\u0163ia studen\u021bilor!<\/strong><\/b><\/p><h5 style=\"font-weight: 300;\"><a href=\"http:\/\/physics.uvt.ro\/wp-content\/uploads\/2014\/07\/Euro_200_2023.pdf\">Programul \u201eEuro 200\u201d privind acordarea unui ajutor financiar studen\u021bilor \u00een vederea stimul\u0103rii achizi\u021bion\u0103rii de calculatoare<\/a><\/h5><p><b><strong>\u00cen aten\u0163ia studen\u021bilor!<\/strong><\/b><\/p><h5 style=\"font-weight: 300;\"><a href=\"http:\/\/physics.uvt.ro\/wp-content\/uploads\/2014\/07\/Conditii_promovare_2023.pdf\">Condi\u021bii pentru promovarea \u00een anii superiori<\/a><\/h5><p><b><strong>\u00cen aten\u0163ia studen\u021bilor!<\/strong><\/b><\/p><h5 style=\"font-weight: 300;\"><a href=\"http:\/\/physics.uvt.ro\/wp-content\/uploads\/2014\/07\/Depunere_portofolii_voluntariat_2023.pdf\">Informa\u021bii privind depunerea portofoliilor pentru acordarea de credite pentru desf\u0103\u0219urarea de activit\u0103\u021bi de voluntariat<\/a><\/h5><p><b><strong>\u00cen aten\u021bia absolven\u021bilor (f\u0103r\u0103 sus\u021binerea examenului de licen\u021b\u0103\/diserta\u021bie) din promo\u021biile anterioare!<\/strong><\/b><\/p><h5 style=\"font-weight: 300;\"><a href=\"https:\/\/physics.uvt.ro\/wp-content\/uploads\/2014\/07\/Anunt_promotii_anterioare_2022.pdf\">Anun\u0163 privind \u00eenscrierea la examenele de finalizare a studiilor universitare<\/a><\/h5><\/p><\/div>\n                <\/div><div class=\"eael-accordion-list\">\n                <div id=\"shanghai-ranking\" class=\"elementor-tab-title eael-accordion-header\" tabindex=\"0\" data-tab=\"2\" aria-controls=\"elementor-tab-content-2652\"><span class=\"eael-advanced-accordion-icon-closed\"><i aria-hidden=\"true\" class=\"fa-accordion-icon fas fa-plus\"><\/i><\/span><span class=\"eael-advanced-accordion-icon-opened\"><i aria-hidden=\"true\" class=\"fa-accordion-icon fas fa-minus\"><\/i><\/span><span class=\"eael-accordion-tab-title\">Shanghai Ranking<\/span><i aria-hidden=\"true\" class=\"fa-toggle fas fa-angle-right\"><\/i><\/div><div id=\"elementor-tab-content-2652\" class=\"eael-accordion-content clearfix\" data-tab=\"2\" aria-labelledby=\"shanghai-ranking\"><p><h4 style=\"text-align: left;\" align=\"center\"><strong>Facultatea de Fizic\u0103 din cadrul Universit\u0103\u021bii de Vest din Timi\u0219oara, din nou \u00een prestigiosul top Shanghai Ranking\u2019s Global Ranking of Academic Subjects!<\/strong><\/h4><p><a href=\"http:\/\/www.shanghairanking.com\/rankings\/gras\/2022\/RS0102\"><img decoding=\"async\" title=\"Vezi topul integral - click!\" src=\"http:\/\/physics.uvt.ro\/wp-content\/uploads\/2014\/07\/Shanghai2022.jpg\" alt=\"Vezi topul integral - click!\" width=\"100%\" \/><\/a><br \/><br \/><\/p><h4 style=\"text-align: left;\" align=\"center\"><strong>Facultatea de Fizic\u0103 din cadrul Universit\u0103\u021bii de Vest din Timi\u0219oara, pe primul loc din \u021bar\u0103 \u0219i \u00een edi\u021bia 2021 a Shanghai Ranking\u2019s Global Ranking of Academic Subjects!<\/strong><\/h4><p><a href=\"http:\/\/www.shanghairanking.com\/rankings\/gras\/2021\/RS0102\"><img decoding=\"async\" title=\"Vezi topul integral - click!\" src=\"https:\/\/physics.uvt.ro\/wp-content\/uploads\/2014\/07\/Shanghai2021.jpg\" alt=\"Vezi topul integral - click!\" width=\"100%\" \/><\/a><br \/><br \/><\/p><h4><span style=\"color: #ff0000;\"><strong>Facultatea de Fizic\u0103 din cadrul Universit\u0103\u021bii de Vest din Timi\u0219oara, pe primul loc din \u021bar\u0103 \u00een edi\u021bia 2020 a Shanghai Ranking\u2019s Global Ranking of Academic Subjects!<\/strong><\/span><\/h4><p><img decoding=\"async\" title=\"\" src=\"https:\/\/physics.uvt.ro\/wp-content\/uploads\/2014\/07\/Shanghai2020_blanc.jpg\" alt=\"\" width=\"100%\" \/><\/p><\/p><\/div>\n                <\/div><div class=\"eael-accordion-list\">\n                <div id=\"covid-19\" class=\"elementor-tab-title eael-accordion-header\" tabindex=\"0\" data-tab=\"3\" aria-controls=\"elementor-tab-content-2653\"><span class=\"eael-advanced-accordion-icon-closed\"><i aria-hidden=\"true\" class=\"fa-accordion-icon fas fa-plus\"><\/i><\/span><span class=\"eael-advanced-accordion-icon-opened\"><i aria-hidden=\"true\" class=\"fa-accordion-icon fas fa-minus\"><\/i><\/span><span class=\"eael-accordion-tab-title\">COVID- 19<\/span><i aria-hidden=\"true\" class=\"fa-toggle fas fa-angle-right\"><\/i><\/div><div id=\"elementor-tab-content-2653\" class=\"eael-accordion-content clearfix\" data-tab=\"3\" aria-labelledby=\"covid-19\"><p><p><span style=\"color: #ff0000;\">\u00cen aten\u0163ia studen\u021bilor \u0219i a cadrelor didactice!<\/span><br \/><a href=\"http:\/\/dezvoltare.uvt.ro\/physics\/wp-content\/uploads\/2023\/04\/Procedura_siguranta_ed2.pdf\" target=\"_blank\" rel=\"noopener\">PROCEDUR\u0102 DE SISTEM privind modalitatea de desf\u0103\u015furare a activit\u0103\u0163ilor didactice \u0219i de implementare a planului de m\u0103suri privind organizarea activit\u0103\u0163ilor \u00een cadrul Universit\u0103\u021bii de Vest din Timi\u0219oara \u00een condi\u0163ii de siguran\u0163\u0103 epidemiologic\u0103 pentru prevenirea \u00eemboln\u0103virilor cu virusul SARS-CoV-2 (HS 33\/18.02.2021)<\/a><\/p><p><span style=\"color: #ff0000;\">\u00cen aten\u021bia personalului didactic \u0219i didactic auxiliar la risc!<\/span><br \/><a href=\"http:\/\/dezvoltare.uvt.ro\/physics\/wp-content\/uploads\/2023\/04\/medicina_muncii.pdf\" target=\"_blank\" rel=\"noopener\">Preciz\u0103ri de la SOCIETATEA ROM\u00c2N\u0102 DE MEDICINA MUNCII<\/a><\/p><\/p><\/div>\n                <\/div><div class=\"eael-accordion-list\">\n                <div id=\"arhiv-anunuri\" class=\"elementor-tab-title eael-accordion-header\" tabindex=\"0\" data-tab=\"4\" aria-controls=\"elementor-tab-content-2654\"><span class=\"eael-advanced-accordion-icon-closed\"><i aria-hidden=\"true\" class=\"fa-accordion-icon fas fa-plus\"><\/i><\/span><span class=\"eael-advanced-accordion-icon-opened\"><i aria-hidden=\"true\" class=\"fa-accordion-icon fas fa-minus\"><\/i><\/span><span class=\"eael-accordion-tab-title\">Arhiv\u0103 anun\u021buri<\/span><i aria-hidden=\"true\" class=\"fa-toggle fas fa-angle-right\"><\/i><\/div><div id=\"elementor-tab-content-2654\" class=\"eael-accordion-content clearfix\" data-tab=\"4\" aria-labelledby=\"arhiv-anunuri\"><p><\/p><\/div>\n                <\/div><\/div>\t\t<\/div>\n\t\t\t\t<\/div>\n\t\t\t\t\t<\/div>\n\t\t<\/div>\n\t\t\t\t\t\t\t<\/div>\n\t\t<\/section>\n\t\t\t\t\t\t<\/div>\n\t\t\t\t<\/div>\n\t\t\t\t<\/div>\n\t\t\t\t<\/div>\n\t\t\t\t\t<\/div>\n\t\t<\/div>\n\t\t\t\t\t\t\t<\/div>\n\t\t<\/section>\n\t\t\t\t\t\t\t<\/div>\n\t\t","protected":false},"excerpt":{"rendered":"","protected":false},"author":2,"featured_media":0,"parent":0,"menu_order":0,"comment_status":"closed","ping_status":"closed","template":"","meta":{"footnotes":""},"class_list":["post-1431","page","type-page","status-publish","hentry"],"acf":[],"yoast_head":"<!-- This site is optimized with the Yoast SEO plugin v20.4 - https:\/\/yoast.com\/wordpress\/plugins\/seo\/ -->\n<title>Anun\u021buri - dezvoltare.uvt.ro\/physics<\/title>\n<meta name=\"robots\" content=\"index, follow, max-snippet:-1, max-image-preview:large, max-video-preview:-1\" \/>\n<link rel=\"canonical\" href=\"http:\/\/dezvoltare.uvt.ro\/physics\/anunturi\/\" \/>\n<meta property=\"og:locale\" content=\"en_US\" \/>\n<meta property=\"og:type\" content=\"article\" \/>\n<meta property=\"og:title\" content=\"Anun\u021buri - dezvoltare.uvt.ro\/physics\" \/>\n<meta property=\"og:url\" content=\"http:\/\/dezvoltare.uvt.ro\/physics\/anunturi\/\" \/>\n<meta property=\"og:site_name\" content=\"dezvoltare.uvt.ro\/physics\" \/>\n<meta property=\"article:modified_time\" content=\"2023-09-19T09:11:58+00:00\" \/>\n<meta name=\"twitter:card\" content=\"summary_large_image\" \/>\n<meta name=\"twitter:label1\" content=\"Est. reading time\" \/>\n\t<meta name=\"twitter:data1\" content=\"6 minutes\" \/>\n<script type=\"application\/ld+json\" class=\"yoast-schema-graph\">{\"@context\":\"https:\/\/schema.org\",\"@graph\":[{\"@type\":\"WebPage\",\"@id\":\"http:\/\/dezvoltare.uvt.ro\/physics\/anunturi\/\",\"url\":\"http:\/\/dezvoltare.uvt.ro\/physics\/anunturi\/\",\"name\":\"Anun\u021buri - dezvoltare.uvt.ro\/physics\",\"isPartOf\":{\"@id\":\"http:\/\/dezvoltare.uvt.ro\/physics\/#website\"},\"datePublished\":\"2023-04-28T08:44:19+00:00\",\"dateModified\":\"2023-09-19T09:11:58+00:00\",\"breadcrumb\":{\"@id\":\"http:\/\/dezvoltare.uvt.ro\/physics\/anunturi\/#breadcrumb\"},\"inLanguage\":\"en-US\",\"potentialAction\":[{\"@type\":\"ReadAction\",\"target\":[\"http:\/\/dezvoltare.uvt.ro\/physics\/anunturi\/\"]}]},{\"@type\":\"BreadcrumbList\",\"@id\":\"http:\/\/dezvoltare.uvt.ro\/physics\/anunturi\/#breadcrumb\",\"itemListElement\":[{\"@type\":\"ListItem\",\"position\":1,\"name\":\"Acas\u0103\",\"item\":\"http:\/\/dezvoltare.uvt.ro\/physics\/\"},{\"@type\":\"ListItem\",\"position\":2,\"name\":\"Anun\u021buri\"}]},{\"@type\":\"WebSite\",\"@id\":\"http:\/\/dezvoltare.uvt.ro\/physics\/#website\",\"url\":\"http:\/\/dezvoltare.uvt.ro\/physics\/\",\"name\":\"dezvoltare.uvt.ro\/physics\",\"description\":\"Fizic\u0103\",\"publisher\":{\"@id\":\"http:\/\/dezvoltare.uvt.ro\/physics\/#organization\"},\"potentialAction\":[{\"@type\":\"SearchAction\",\"target\":{\"@type\":\"EntryPoint\",\"urlTemplate\":\"http:\/\/dezvoltare.uvt.ro\/physics\/?s={search_term_string}\"},\"query-input\":\"required name=search_term_string\"}],\"inLanguage\":\"en-US\"},{\"@type\":\"Organization\",\"@id\":\"http:\/\/dezvoltare.uvt.ro\/physics\/#organization\",\"name\":\"dezvoltare.uvt.ro\/physics\",\"url\":\"http:\/\/dezvoltare.uvt.ro\/physics\/\",\"logo\":{\"@type\":\"ImageObject\",\"inLanguage\":\"en-US\",\"@id\":\"http:\/\/dezvoltare.uvt.ro\/physics\/#\/schema\/logo\/image\/\",\"url\":\"http:\/\/dezvoltare.uvt.ro\/physics\/wp-content\/uploads\/2023\/04\/FIZICA-02.png\",\"contentUrl\":\"http:\/\/dezvoltare.uvt.ro\/physics\/wp-content\/uploads\/2023\/04\/FIZICA-02.png\",\"width\":843,\"height\":392,\"caption\":\"dezvoltare.uvt.ro\/physics\"},\"image\":{\"@id\":\"http:\/\/dezvoltare.uvt.ro\/physics\/#\/schema\/logo\/image\/\"}}]}<\/script>\n<!-- \/ Yoast SEO plugin. -->","yoast_head_json":{"title":"Anun\u021buri - dezvoltare.uvt.ro\/physics","robots":{"index":"index","follow":"follow","max-snippet":"max-snippet:-1","max-image-preview":"max-image-preview:large","max-video-preview":"max-video-preview:-1"},"canonical":"http:\/\/dezvoltare.uvt.ro\/physics\/anunturi\/","og_locale":"en_US","og_type":"article","og_title":"Anun\u021buri - dezvoltare.uvt.ro\/physics","og_url":"http:\/\/dezvoltare.uvt.ro\/physics\/anunturi\/","og_site_name":"dezvoltare.uvt.ro\/physics","article_modified_time":"2023-09-19T09:11:58+00:00","twitter_card":"summary_large_image","twitter_misc":{"Est. reading time":"6 minutes"},"schema":{"@context":"https:\/\/schema.org","@graph":[{"@type":"WebPage","@id":"http:\/\/dezvoltare.uvt.ro\/physics\/anunturi\/","url":"http:\/\/dezvoltare.uvt.ro\/physics\/anunturi\/","name":"Anun\u021buri - dezvoltare.uvt.ro\/physics","isPartOf":{"@id":"http:\/\/dezvoltare.uvt.ro\/physics\/#website"},"datePublished":"2023-04-28T08:44:19+00:00","dateModified":"2023-09-19T09:11:58+00:00","breadcrumb":{"@id":"http:\/\/dezvoltare.uvt.ro\/physics\/anunturi\/#breadcrumb"},"inLanguage":"en-US","potentialAction":[{"@type":"ReadAction","target":["http:\/\/dezvoltare.uvt.ro\/physics\/anunturi\/"]}]},{"@type":"BreadcrumbList","@id":"http:\/\/dezvoltare.uvt.ro\/physics\/anunturi\/#breadcrumb","itemListElement":[{"@type":"ListItem","position":1,"name":"Acas\u0103","item":"http:\/\/dezvoltare.uvt.ro\/physics\/"},{"@type":"ListItem","position":2,"name":"Anun\u021buri"}]},{"@type":"WebSite","@id":"http:\/\/dezvoltare.uvt.ro\/physics\/#website","url":"http:\/\/dezvoltare.uvt.ro\/physics\/","name":"dezvoltare.uvt.ro\/physics","description":"Fizic\u0103","publisher":{"@id":"http:\/\/dezvoltare.uvt.ro\/physics\/#organization"},"potentialAction":[{"@type":"SearchAction","target":{"@type":"EntryPoint","urlTemplate":"http:\/\/dezvoltare.uvt.ro\/physics\/?s={search_term_string}"},"query-input":"required name=search_term_string"}],"inLanguage":"en-US"},{"@type":"Organization","@id":"http:\/\/dezvoltare.uvt.ro\/physics\/#organization","name":"dezvoltare.uvt.ro\/physics","url":"http:\/\/dezvoltare.uvt.ro\/physics\/","logo":{"@type":"ImageObject","inLanguage":"en-US","@id":"http:\/\/dezvoltare.uvt.ro\/physics\/#\/schema\/logo\/image\/","url":"http:\/\/dezvoltare.uvt.ro\/physics\/wp-content\/uploads\/2023\/04\/FIZICA-02.png","contentUrl":"http:\/\/dezvoltare.uvt.ro\/physics\/wp-content\/uploads\/2023\/04\/FIZICA-02.png","width":843,"height":392,"caption":"dezvoltare.uvt.ro\/physics"},"image":{"@id":"http:\/\/dezvoltare.uvt.ro\/physics\/#\/schema\/logo\/image\/"}}]}},"_links":{"self":[{"href":"http:\/\/dezvoltare.uvt.ro\/physics\/wp-json\/wp\/v2\/pages\/1431","targetHints":{"allow":["GET"]}}],"collection":[{"href":"http:\/\/dezvoltare.uvt.ro\/physics\/wp-json\/wp\/v2\/pages"}],"about":[{"href":"http:\/\/dezvoltare.uvt.ro\/physics\/wp-json\/wp\/v2\/types\/page"}],"author":[{"embeddable":true,"href":"http:\/\/dezvoltare.uvt.ro\/physics\/wp-json\/wp\/v2\/users\/2"}],"replies":[{"embeddable":true,"href":"http:\/\/dezvoltare.uvt.ro\/physics\/wp-json\/wp\/v2\/comments?post=1431"}],"version-history":[{"count":29,"href":"http:\/\/dezvoltare.uvt.ro\/physics\/wp-json\/wp\/v2\/pages\/1431\/revisions"}],"predecessor-version":[{"id":2628,"href":"http:\/\/dezvoltare.uvt.ro\/physics\/wp-json\/wp\/v2\/pages\/1431\/revisions\/2628"}],"wp:attachment":[{"href":"http:\/\/dezvoltare.uvt.ro\/physics\/wp-json\/wp\/v2\/media?parent=1431"}],"curies":[{"name":"wp","href":"https:\/\/api.w.org\/{rel}","templated":true}]}}