{"id":216,"date":"2023-04-07T11:15:15","date_gmt":"2023-04-07T11:15:15","guid":{"rendered":"http:\/\/dezvoltare.uvt.ro\/physics\/?page_id=216"},"modified":"2023-09-07T12:37:25","modified_gmt":"2023-09-07T09:37:25","slug":"despre-facultate","status":"publish","type":"page","link":"http:\/\/dezvoltare.uvt.ro\/physics\/facultate\/despre-facultate\/","title":{"rendered":"Despre facultate"},"content":{"rendered":"\t\t<div data-elementor-type=\"wp-page\" data-elementor-id=\"216\" class=\"elementor elementor-216\">\n\t\t\t\t\t\t\t\t\t<section class=\"elementor-section elementor-top-section elementor-element elementor-element-542cddc elementor-section-boxed elementor-section-height-default elementor-section-height-default\" data-id=\"542cddc\" data-element_type=\"section\">\n\t\t\t\t\t\t<div class=\"elementor-container elementor-column-gap-default\">\n\t\t\t\t\t<div class=\"elementor-column elementor-col-100 elementor-top-column elementor-element elementor-element-a43f825\" data-id=\"a43f825\" data-element_type=\"column\">\n\t\t\t<div class=\"elementor-widget-wrap elementor-element-populated\">\n\t\t\t\t\t\t\t\t<div class=\"elementor-element elementor-element-194fd74 elementor-widget elementor-widget-breadcrumbs\" data-id=\"194fd74\" data-element_type=\"widget\" data-widget_type=\"breadcrumbs.default\">\n\t\t\t\t<div class=\"elementor-widget-container\">\n\t\t\t<link rel=\"stylesheet\" href=\"http:\/\/dezvoltare.uvt.ro\/physics\/wp-content\/plugins\/elementor-pro\/assets\/css\/widget-theme-elements.min.css\"><p id=\"breadcrumbs\"><span><span><a href=\"http:\/\/dezvoltare.uvt.ro\/physics\/\">Acas\u0103<\/a><\/span><\/span><\/p>\t\t<\/div>\n\t\t\t\t<\/div>\n\t\t\t\t\t<\/div>\n\t\t<\/div>\n\t\t\t\t\t\t\t<\/div>\n\t\t<\/section>\n\t\t\t\t<section class=\"elementor-section elementor-top-section elementor-element elementor-element-184144c elementor-section-boxed elementor-section-height-default elementor-section-height-default\" data-id=\"184144c\" data-element_type=\"section\">\n\t\t\t\t\t\t<div class=\"elementor-container elementor-column-gap-default\">\n\t\t\t\t\t<div class=\"elementor-column elementor-col-100 elementor-top-column elementor-element elementor-element-2ad699d\" data-id=\"2ad699d\" data-element_type=\"column\">\n\t\t\t<div class=\"elementor-widget-wrap elementor-element-populated\">\n\t\t\t\t\t\t\t\t<div class=\"elementor-element elementor-element-8b17e37 elementor-widget-divider--view-line elementor-widget elementor-widget-divider\" data-id=\"8b17e37\" data-element_type=\"widget\" data-widget_type=\"divider.default\">\n\t\t\t\t<div class=\"elementor-widget-container\">\n\t\t\t<style>\/*! elementor - v3.15.0 - 20-08-2023 *\/\n.elementor-widget-divider{--divider-border-style:none;--divider-border-width:1px;--divider-color:#0c0d0e;--divider-icon-size:20px;--divider-element-spacing:10px;--divider-pattern-height:24px;--divider-pattern-size:20px;--divider-pattern-url:none;--divider-pattern-repeat:repeat-x}.elementor-widget-divider .elementor-divider{display:flex}.elementor-widget-divider .elementor-divider__text{font-size:15px;line-height:1;max-width:95%}.elementor-widget-divider .elementor-divider__element{margin:0 var(--divider-element-spacing);flex-shrink:0}.elementor-widget-divider .elementor-icon{font-size:var(--divider-icon-size)}.elementor-widget-divider .elementor-divider-separator{display:flex;margin:0;direction:ltr}.elementor-widget-divider--view-line_icon .elementor-divider-separator,.elementor-widget-divider--view-line_text .elementor-divider-separator{align-items:center}.elementor-widget-divider--view-line_icon .elementor-divider-separator:after,.elementor-widget-divider--view-line_icon .elementor-divider-separator:before,.elementor-widget-divider--view-line_text .elementor-divider-separator:after,.elementor-widget-divider--view-line_text .elementor-divider-separator:before{display:block;content:\"\";border-bottom:0;flex-grow:1;border-top:var(--divider-border-width) var(--divider-border-style) var(--divider-color)}.elementor-widget-divider--element-align-left .elementor-divider .elementor-divider-separator>.elementor-divider__svg:first-of-type{flex-grow:0;flex-shrink:100}.elementor-widget-divider--element-align-left .elementor-divider-separator:before{content:none}.elementor-widget-divider--element-align-left .elementor-divider__element{margin-left:0}.elementor-widget-divider--element-align-right .elementor-divider .elementor-divider-separator>.elementor-divider__svg:last-of-type{flex-grow:0;flex-shrink:100}.elementor-widget-divider--element-align-right .elementor-divider-separator:after{content:none}.elementor-widget-divider--element-align-right .elementor-divider__element{margin-right:0}.elementor-widget-divider:not(.elementor-widget-divider--view-line_text):not(.elementor-widget-divider--view-line_icon) .elementor-divider-separator{border-top:var(--divider-border-width) var(--divider-border-style) var(--divider-color)}.elementor-widget-divider--separator-type-pattern{--divider-border-style:none}.elementor-widget-divider--separator-type-pattern.elementor-widget-divider--view-line .elementor-divider-separator,.elementor-widget-divider--separator-type-pattern:not(.elementor-widget-divider--view-line) .elementor-divider-separator:after,.elementor-widget-divider--separator-type-pattern:not(.elementor-widget-divider--view-line) .elementor-divider-separator:before,.elementor-widget-divider--separator-type-pattern:not([class*=elementor-widget-divider--view]) .elementor-divider-separator{width:100%;min-height:var(--divider-pattern-height);-webkit-mask-size:var(--divider-pattern-size) 100%;mask-size:var(--divider-pattern-size) 100%;-webkit-mask-repeat:var(--divider-pattern-repeat);mask-repeat:var(--divider-pattern-repeat);background-color:var(--divider-color);-webkit-mask-image:var(--divider-pattern-url);mask-image:var(--divider-pattern-url)}.elementor-widget-divider--no-spacing{--divider-pattern-size:auto}.elementor-widget-divider--bg-round{--divider-pattern-repeat:round}.rtl .elementor-widget-divider .elementor-divider__text{direction:rtl}.e-con-inner>.elementor-widget-divider,.e-con>.elementor-widget-divider{width:var(--container-widget-width,100%);--flex-grow:var(--container-widget-flex-grow)}<\/style>\t\t<div class=\"elementor-divider\">\n\t\t\t<span class=\"elementor-divider-separator\">\n\t\t\t\t\t\t<\/span>\n\t\t<\/div>\n\t\t\t\t<\/div>\n\t\t\t\t<\/div>\n\t\t\t\t\t<\/div>\n\t\t<\/div>\n\t\t\t\t\t\t\t<\/div>\n\t\t<\/section>\n\t\t\t\t<section class=\"elementor-section elementor-top-section elementor-element elementor-element-0340157 elementor-section-boxed elementor-section-height-default elementor-section-height-default\" data-id=\"0340157\" data-element_type=\"section\">\n\t\t\t\t\t\t<div class=\"elementor-container elementor-column-gap-default\">\n\t\t\t\t\t<div class=\"elementor-column elementor-col-100 elementor-top-column elementor-element elementor-element-a9dd904\" data-id=\"a9dd904\" data-element_type=\"column\">\n\t\t\t<div class=\"elementor-widget-wrap elementor-element-populated\">\n\t\t\t\t\t\t\t\t<div class=\"elementor-element elementor-element-582ee55 elementor-widget elementor-widget-text-editor\" data-id=\"582ee55\" data-element_type=\"widget\" data-widget_type=\"text-editor.default\">\n\t\t\t\t<div class=\"elementor-widget-container\">\n\t\t\t<style>\/*! elementor - v3.15.0 - 20-08-2023 *\/\n.elementor-widget-text-editor.elementor-drop-cap-view-stacked .elementor-drop-cap{background-color:#69727d;color:#fff}.elementor-widget-text-editor.elementor-drop-cap-view-framed .elementor-drop-cap{color:#69727d;border:3px solid;background-color:transparent}.elementor-widget-text-editor:not(.elementor-drop-cap-view-default) .elementor-drop-cap{margin-top:8px}.elementor-widget-text-editor:not(.elementor-drop-cap-view-default) .elementor-drop-cap-letter{width:1em;height:1em}.elementor-widget-text-editor .elementor-drop-cap{float:left;text-align:center;line-height:1;font-size:50px}.elementor-widget-text-editor .elementor-drop-cap-letter{display:inline-block}<\/style>\t\t\t\t<p style=\"font-weight: 400;\">Facultatea de Fizic\u0103 este una din facult\u0103\u021bile de elit\u0103 ale Universit\u0103\u021bii de Vest din Timi\u0219oara \u0219i ofer\u0103 o educa\u021bie de \u00eenalt\u0103 calitate, caracterizat\u0103 de flexibilitate \u0219i interdisciplinaritate, fiind un centru de referin\u021b\u0103 al demersurilor intelectuale \u0219i \u0219tiin\u021bifice pentru Timi\u0219oara \u0219i Rom\u00e2nia. \u00cembin\u00e2nd tradi\u021bia de 72 de ani cu metodele moderne, la Facultatea de Fizic\u0103 cuno\u0219tin\u021bele studen\u021bilor sunt perfec\u021bionate prin cercetare la standarde interna\u021bionale \u0219i prin varietatea cursurilor predate.<\/p><p style=\"font-weight: 400;\">\u00cen anul 1948 a fost \u00eenfiin\u0163at\u0103 Facultatea de Matematic\u0103-Fizic\u0103, de 3 ani, \u00een cadrul Institutului Pedagogic din Timi\u015foara, care \u00ee\u015fi m\u0103re\u015fte perioada de studii la 4 ani \u00eencep\u00e2nd cu anul 1952, iar din anul 1957 durata studiilor devine 5 ani. \u00cen anul 1962, Institutul Pedagogic de 5 ani din Timi\u015foara se transform\u0103 \u00een Universitatea din Timi\u015foara, iar din anul 1990 devine Universitatea de Vest din Timi\u015foara.<\/p><p style=\"font-weight: 400;\">Trec\u00e2nd prin transform\u0103ri succesive, Facultatea de Fizic\u0103 \u0219i-a constituit modelul actual, fiind un important centru de \u00eenv\u0103\u021b\u0103m\u00e2nt, \u0219tiin\u021b\u0103 \u0219i cultur\u0103. Rolul s\u0103u principal este de a preg\u0103ti speciali\u0219ti in Fizic\u0103 (Cercet\u0103tori, Fizicieni, Cadre didactice) iar dup\u0103 crearea specializ\u0103rilor de Fizic\u0103 Informatic\u0103, respectiv Fizic\u0103 Medical\u0103 \u0219i speciali\u0219ti cu dubl\u0103 specializare care sunt apreciate \u00een perspectiv\u0103 ca specializ\u0103ri de viitor, corespunz\u00e2nd necesit\u0103\u021bilor actuale \u0219i viitoare, pentru procesul de \u00eenv\u0103\u021b\u0103m\u00e2nt, mediul economic \u0219i de cercetare.<\/p><p style=\"font-weight: 400;\">\u00cen conformitate cu noua structur\u0103 a \u00eenv\u0103\u021b\u0103m\u00e2ntului superior, Facultatea de Fizic\u0103 func\u021bioneaz\u0103 \u00een cadrul studiilor de licen\u021b\u0103 pe 3 domenii fundamentale, durata 3 ani:<\/p><ul><li style=\"font-weight: 400;\">Fizic\u0103<\/li><li style=\"font-weight: 400;\">Fizic\u0103 informatic\u0103<\/li><li style=\"font-weight: 400;\">Fizic\u0103 medical\u0103<\/li><\/ul><p style=\"font-weight: 400;\">iar \u00een cadrul Studiilor Masterale pe 4 direc\u021bii cu durata de 2 ani:<\/p><ul><li style=\"font-weight: 400;\">Advanced Research Methods in Physics\u00a0<b><strong><em>(Lb. englez\u0103)<\/em><\/strong><\/b><\/li><li style=\"font-weight: 400;\">Fizic\u0103 aplicat\u0103 \u00een medicin\u0103<\/li><li style=\"font-weight: 400;\">Masterat Didactic in Fizic\u0103<\/li><li style=\"font-weight: 400;\">High Energy Physics &#8211; CERN\u00a0<b><strong><em>(Lb. englez\u0103) &#8211; <\/em><\/strong><\/b><em>\u00een preg\u0103tire<\/em><\/li><\/ul><p>\u00a0<\/p><p style=\"font-weight: 400;\">Pentru cei care doresc s\u0103 exploreze \u00een profunzime subiectele care \u00eei intereseaz\u0103 pentru a profesa \u00een cercetare, \u00een \u00eenv\u0103t\u0103m\u00e2ntul superior sau s\u0103 devin\u0103 cercet\u0103tori autonomi, s\u0103 ofere consultan\u021b\u0103 la un nivel \u00eenalt, exist\u0103 apoi programele de doctorat cu durata de 3 ani.<\/p><p style=\"font-weight: 400;\">Spectrul larg de domenii \u00een care absolven\u021bii no\u0219tri \u0219i-au g\u0103sit un loc de munc\u0103 arat\u0103 c\u0103 facultatea noastr\u0103 ofer\u0103 absolven\u021bilor s\u0103i o preg\u0103tire de baz\u0103 care poate fi u\u0219or fructificat\u0103 \u00een cele mai diverse domenii, precum:<\/p><ul><li style=\"font-weight: 400;\">Cercet\u0103tori \u00een laboratoare \u0219i institute de cercetare din \u021bar\u0103 \u0219i str\u0103in\u0103tate;<\/li><li style=\"font-weight: 400;\">Fizicieni \u00een spitale \u0219i laboratoare medicale;<\/li><li style=\"font-weight: 400;\">Speciali\u0219ti \u00een cadrul firmelor care opereaz\u0103 \u00een domeniile: informatic, electronic, energetic, aerospa\u021bial \u0219i de telecomunica\u021bii, din \u021bar\u0103 \u0219i str\u0103in\u0103tate;<\/li><li style=\"font-weight: 400;\">Cadre didactice \u00een \u0219coli, licee \u0219i universit\u0103\u021bi din \u021bar\u0103, Europa \u0219i America;<\/li><li style=\"font-weight: 400;\">Speciali\u0219ti \u00een agen\u021biile (private \u0219i de stat) de securitate \u0219i informa\u021bii;<\/li><li style=\"font-weight: 400;\">Speciali\u0219ti \u00een domeniul bancar \u0219i al prognozei financiare.<\/li><\/ul><p style=\"font-weight: 400;\">Studen\u021bii Facult\u0103\u021bii de Fizic\u0103 pot beneficia de burse de studiu \u0219i sociale, iar cei cu rezultate foarte bune pot cumula \u0219i burse de merit, de performan\u021b\u0103 sau de excelen\u021b\u0103.<\/p><p style=\"font-weight: 400;\">Facultatea de Fizic\u0103 ofer\u0103 locuri de cazare pentru to\u021bi studen\u021bii s\u0103i.<\/p><h5 style=\"font-weight: 400;\">V\u0103 dorim succes \u0219i va astept\u0103m la Facultatea de Fizic\u0103 !<\/h5>\t\t\t\t\t\t<\/div>\n\t\t\t\t<\/div>\n\t\t\t\t<div class=\"elementor-element elementor-element-65ff971 elementor-widget elementor-widget-image\" data-id=\"65ff971\" data-element_type=\"widget\" data-widget_type=\"image.default\">\n\t\t\t\t<div class=\"elementor-widget-container\">\n\t\t\t<style>\/*! elementor - v3.15.0 - 20-08-2023 *\/\n.elementor-widget-image{text-align:center}.elementor-widget-image a{display:inline-block}.elementor-widget-image a img[src$=\".svg\"]{width:48px}.elementor-widget-image img{vertical-align:middle;display:inline-block}<\/style>\t\t\t\t\t\t\t\t\t\t\t\t<img loading=\"lazy\" decoding=\"async\" width=\"1152\" height=\"720\" src=\"http:\/\/dezvoltare.uvt.ro\/physics\/wp-content\/uploads\/2023\/04\/Diapozitiv1.png\" class=\"attachment-full size-full wp-image-218\" alt=\"\" \/>\t\t\t\t\t\t\t\t\t\t\t\t\t\t\t<\/div>\n\t\t\t\t<\/div>\n\t\t\t\t\t<\/div>\n\t\t<\/div>\n\t\t\t\t\t\t\t<\/div>\n\t\t<\/section>\n\t\t\t\t\t\t\t<\/div>\n\t\t","protected":false},"excerpt":{"rendered":"<p>Facultatea de Fizic\u0103 este una din facult\u0103\u021bile de elit\u0103 ale Universit\u0103\u021bii de Vest din Timi\u0219oara \u0219i ofer\u0103 o educa\u021bie de \u00eenalt\u0103 calitate, caracterizat\u0103 de flexibilitate \u0219i interdisciplinaritate, fiind un centru [&hellip;]<\/p>\n","protected":false},"author":2,"featured_media":0,"parent":170,"menu_order":0,"comment_status":"closed","ping_status":"closed","template":"","meta":{"footnotes":""},"class_list":["post-216","page","type-page","status-publish","hentry"],"acf":[],"yoast_head":"<!-- This site is optimized with the Yoast SEO plugin v20.4 - https:\/\/yoast.com\/wordpress\/plugins\/seo\/ -->\n<title>Despre facultate - dezvoltare.uvt.ro\/physics<\/title>\n<meta name=\"robots\" content=\"index, follow, max-snippet:-1, max-image-preview:large, max-video-preview:-1\" \/>\n<link rel=\"canonical\" href=\"http:\/\/dezvoltare.uvt.ro\/physics\/facultate\/despre-facultate\/\" \/>\n<meta property=\"og:locale\" content=\"en_US\" \/>\n<meta property=\"og:type\" content=\"article\" \/>\n<meta property=\"og:title\" content=\"Despre facultate - dezvoltare.uvt.ro\/physics\" \/>\n<meta property=\"og:description\" content=\"Facultatea de Fizic\u0103 este una din facult\u0103\u021bile de elit\u0103 ale Universit\u0103\u021bii de Vest din Timi\u0219oara \u0219i ofer\u0103 o educa\u021bie de \u00eenalt\u0103 calitate, caracterizat\u0103 de flexibilitate \u0219i interdisciplinaritate, fiind un centru [&hellip;]\" \/>\n<meta property=\"og:url\" content=\"http:\/\/dezvoltare.uvt.ro\/physics\/facultate\/despre-facultate\/\" \/>\n<meta property=\"og:site_name\" content=\"dezvoltare.uvt.ro\/physics\" \/>\n<meta property=\"article:modified_time\" content=\"2023-09-07T09:37:25+00:00\" \/>\n<meta property=\"og:image\" content=\"http:\/\/dezvoltare.uvt.ro\/physics\/wp-content\/uploads\/2023\/04\/Diapozitiv1.png\" \/>\n<meta name=\"twitter:card\" content=\"summary_large_image\" \/>\n<meta name=\"twitter:label1\" content=\"Est. reading time\" \/>\n\t<meta name=\"twitter:data1\" content=\"3 minutes\" \/>\n<script type=\"application\/ld+json\" class=\"yoast-schema-graph\">{\"@context\":\"https:\/\/schema.org\",\"@graph\":[{\"@type\":\"WebPage\",\"@id\":\"http:\/\/dezvoltare.uvt.ro\/physics\/facultate\/despre-facultate\/\",\"url\":\"http:\/\/dezvoltare.uvt.ro\/physics\/facultate\/despre-facultate\/\",\"name\":\"Despre facultate - dezvoltare.uvt.ro\/physics\",\"isPartOf\":{\"@id\":\"http:\/\/dezvoltare.uvt.ro\/physics\/#website\"},\"datePublished\":\"2023-04-07T11:15:15+00:00\",\"dateModified\":\"2023-09-07T09:37:25+00:00\",\"breadcrumb\":{\"@id\":\"http:\/\/dezvoltare.uvt.ro\/physics\/facultate\/despre-facultate\/#breadcrumb\"},\"inLanguage\":\"en-US\",\"potentialAction\":[{\"@type\":\"ReadAction\",\"target\":[\"http:\/\/dezvoltare.uvt.ro\/physics\/facultate\/despre-facultate\/\"]}]},{\"@type\":\"BreadcrumbList\",\"@id\":\"http:\/\/dezvoltare.uvt.ro\/physics\/facultate\/despre-facultate\/#breadcrumb\",\"itemListElement\":[{\"@type\":\"ListItem\",\"position\":1,\"name\":\"Acas\u0103\",\"item\":\"http:\/\/dezvoltare.uvt.ro\/physics\/\"},{\"@type\":\"ListItem\",\"position\":2,\"name\":\"Facultate\",\"item\":\"http:\/\/dezvoltare.uvt.ro\/physics\/facultate\/\"},{\"@type\":\"ListItem\",\"position\":3,\"name\":\"Despre facultate\"}]},{\"@type\":\"WebSite\",\"@id\":\"http:\/\/dezvoltare.uvt.ro\/physics\/#website\",\"url\":\"http:\/\/dezvoltare.uvt.ro\/physics\/\",\"name\":\"dezvoltare.uvt.ro\/physics\",\"description\":\"Fizic\u0103\",\"publisher\":{\"@id\":\"http:\/\/dezvoltare.uvt.ro\/physics\/#organization\"},\"potentialAction\":[{\"@type\":\"SearchAction\",\"target\":{\"@type\":\"EntryPoint\",\"urlTemplate\":\"http:\/\/dezvoltare.uvt.ro\/physics\/?s={search_term_string}\"},\"query-input\":\"required name=search_term_string\"}],\"inLanguage\":\"en-US\"},{\"@type\":\"Organization\",\"@id\":\"http:\/\/dezvoltare.uvt.ro\/physics\/#organization\",\"name\":\"dezvoltare.uvt.ro\/physics\",\"url\":\"http:\/\/dezvoltare.uvt.ro\/physics\/\",\"logo\":{\"@type\":\"ImageObject\",\"inLanguage\":\"en-US\",\"@id\":\"http:\/\/dezvoltare.uvt.ro\/physics\/#\/schema\/logo\/image\/\",\"url\":\"http:\/\/dezvoltare.uvt.ro\/physics\/wp-content\/uploads\/2023\/04\/FIZICA-02.png\",\"contentUrl\":\"http:\/\/dezvoltare.uvt.ro\/physics\/wp-content\/uploads\/2023\/04\/FIZICA-02.png\",\"width\":843,\"height\":392,\"caption\":\"dezvoltare.uvt.ro\/physics\"},\"image\":{\"@id\":\"http:\/\/dezvoltare.uvt.ro\/physics\/#\/schema\/logo\/image\/\"}}]}<\/script>\n<!-- \/ Yoast SEO plugin. -->","yoast_head_json":{"title":"Despre facultate - dezvoltare.uvt.ro\/physics","robots":{"index":"index","follow":"follow","max-snippet":"max-snippet:-1","max-image-preview":"max-image-preview:large","max-video-preview":"max-video-preview:-1"},"canonical":"http:\/\/dezvoltare.uvt.ro\/physics\/facultate\/despre-facultate\/","og_locale":"en_US","og_type":"article","og_title":"Despre facultate - dezvoltare.uvt.ro\/physics","og_description":"Facultatea de Fizic\u0103 este una din facult\u0103\u021bile de elit\u0103 ale Universit\u0103\u021bii de Vest din Timi\u0219oara \u0219i ofer\u0103 o educa\u021bie de \u00eenalt\u0103 calitate, caracterizat\u0103 de flexibilitate \u0219i interdisciplinaritate, fiind un centru [&hellip;]","og_url":"http:\/\/dezvoltare.uvt.ro\/physics\/facultate\/despre-facultate\/","og_site_name":"dezvoltare.uvt.ro\/physics","article_modified_time":"2023-09-07T09:37:25+00:00","og_image":[{"url":"http:\/\/dezvoltare.uvt.ro\/physics\/wp-content\/uploads\/2023\/04\/Diapozitiv1.png"}],"twitter_card":"summary_large_image","twitter_misc":{"Est. reading time":"3 minutes"},"schema":{"@context":"https:\/\/schema.org","@graph":[{"@type":"WebPage","@id":"http:\/\/dezvoltare.uvt.ro\/physics\/facultate\/despre-facultate\/","url":"http:\/\/dezvoltare.uvt.ro\/physics\/facultate\/despre-facultate\/","name":"Despre facultate - dezvoltare.uvt.ro\/physics","isPartOf":{"@id":"http:\/\/dezvoltare.uvt.ro\/physics\/#website"},"datePublished":"2023-04-07T11:15:15+00:00","dateModified":"2023-09-07T09:37:25+00:00","breadcrumb":{"@id":"http:\/\/dezvoltare.uvt.ro\/physics\/facultate\/despre-facultate\/#breadcrumb"},"inLanguage":"en-US","potentialAction":[{"@type":"ReadAction","target":["http:\/\/dezvoltare.uvt.ro\/physics\/facultate\/despre-facultate\/"]}]},{"@type":"BreadcrumbList","@id":"http:\/\/dezvoltare.uvt.ro\/physics\/facultate\/despre-facultate\/#breadcrumb","itemListElement":[{"@type":"ListItem","position":1,"name":"Acas\u0103","item":"http:\/\/dezvoltare.uvt.ro\/physics\/"},{"@type":"ListItem","position":2,"name":"Facultate","item":"http:\/\/dezvoltare.uvt.ro\/physics\/facultate\/"},{"@type":"ListItem","position":3,"name":"Despre facultate"}]},{"@type":"WebSite","@id":"http:\/\/dezvoltare.uvt.ro\/physics\/#website","url":"http:\/\/dezvoltare.uvt.ro\/physics\/","name":"dezvoltare.uvt.ro\/physics","description":"Fizic\u0103","publisher":{"@id":"http:\/\/dezvoltare.uvt.ro\/physics\/#organization"},"potentialAction":[{"@type":"SearchAction","target":{"@type":"EntryPoint","urlTemplate":"http:\/\/dezvoltare.uvt.ro\/physics\/?s={search_term_string}"},"query-input":"required name=search_term_string"}],"inLanguage":"en-US"},{"@type":"Organization","@id":"http:\/\/dezvoltare.uvt.ro\/physics\/#organization","name":"dezvoltare.uvt.ro\/physics","url":"http:\/\/dezvoltare.uvt.ro\/physics\/","logo":{"@type":"ImageObject","inLanguage":"en-US","@id":"http:\/\/dezvoltare.uvt.ro\/physics\/#\/schema\/logo\/image\/","url":"http:\/\/dezvoltare.uvt.ro\/physics\/wp-content\/uploads\/2023\/04\/FIZICA-02.png","contentUrl":"http:\/\/dezvoltare.uvt.ro\/physics\/wp-content\/uploads\/2023\/04\/FIZICA-02.png","width":843,"height":392,"caption":"dezvoltare.uvt.ro\/physics"},"image":{"@id":"http:\/\/dezvoltare.uvt.ro\/physics\/#\/schema\/logo\/image\/"}}]}},"_links":{"self":[{"href":"http:\/\/dezvoltare.uvt.ro\/physics\/wp-json\/wp\/v2\/pages\/216","targetHints":{"allow":["GET"]}}],"collection":[{"href":"http:\/\/dezvoltare.uvt.ro\/physics\/wp-json\/wp\/v2\/pages"}],"about":[{"href":"http:\/\/dezvoltare.uvt.ro\/physics\/wp-json\/wp\/v2\/types\/page"}],"author":[{"embeddable":true,"href":"http:\/\/dezvoltare.uvt.ro\/physics\/wp-json\/wp\/v2\/users\/2"}],"replies":[{"embeddable":true,"href":"http:\/\/dezvoltare.uvt.ro\/physics\/wp-json\/wp\/v2\/comments?post=216"}],"version-history":[{"count":30,"href":"http:\/\/dezvoltare.uvt.ro\/physics\/wp-json\/wp\/v2\/pages\/216\/revisions"}],"predecessor-version":[{"id":2562,"href":"http:\/\/dezvoltare.uvt.ro\/physics\/wp-json\/wp\/v2\/pages\/216\/revisions\/2562"}],"up":[{"embeddable":true,"href":"http:\/\/dezvoltare.uvt.ro\/physics\/wp-json\/wp\/v2\/pages\/170"}],"wp:attachment":[{"href":"http:\/\/dezvoltare.uvt.ro\/physics\/wp-json\/wp\/v2\/media?parent=216"}],"curies":[{"name":"wp","href":"https:\/\/api.w.org\/{rel}","templated":true}]}}