{"id":2566,"date":"2023-09-07T13:05:59","date_gmt":"2023-09-07T10:05:59","guid":{"rendered":"http:\/\/dezvoltare.uvt.ro\/physics\/?page_id=2566"},"modified":"2023-09-08T10:56:23","modified_gmt":"2023-09-08T07:56:23","slug":"admitere-doctorat","status":"publish","type":"page","link":"http:\/\/dezvoltare.uvt.ro\/physics\/admitere-doctorat\/","title":{"rendered":"Admitere doctorat"},"content":{"rendered":"\t\t<div data-elementor-type=\"wp-page\" data-elementor-id=\"2566\" class=\"elementor elementor-2566\">\n\t\t\t\t\t\t\t\t\t<section class=\"elementor-section elementor-top-section elementor-element elementor-element-221c58c elementor-section-boxed elementor-section-height-default elementor-section-height-default\" data-id=\"221c58c\" data-element_type=\"section\">\n\t\t\t\t\t\t<div class=\"elementor-container elementor-column-gap-default\">\n\t\t\t\t\t<div class=\"elementor-column elementor-col-100 elementor-top-column elementor-element elementor-element-6cab00f\" data-id=\"6cab00f\" data-element_type=\"column\">\n\t\t\t<div class=\"elementor-widget-wrap elementor-element-populated\">\n\t\t\t\t\t\t\t\t<div class=\"elementor-element elementor-element-f906936 elementor-widget elementor-widget-breadcrumbs\" data-id=\"f906936\" data-element_type=\"widget\" data-widget_type=\"breadcrumbs.default\">\n\t\t\t\t<div class=\"elementor-widget-container\">\n\t\t\t<link rel=\"stylesheet\" href=\"http:\/\/dezvoltare.uvt.ro\/physics\/wp-content\/plugins\/elementor-pro\/assets\/css\/widget-theme-elements.min.css\"><p id=\"breadcrumbs\"><span><span><a href=\"http:\/\/dezvoltare.uvt.ro\/physics\/\">Acas\u0103<\/a><\/span><\/span><\/p>\t\t<\/div>\n\t\t\t\t<\/div>\n\t\t\t\t\t<\/div>\n\t\t<\/div>\n\t\t\t\t\t\t\t<\/div>\n\t\t<\/section>\n\t\t\t\t<section class=\"elementor-section elementor-top-section elementor-element elementor-element-4922f1e elementor-section-boxed elementor-section-height-default elementor-section-height-default\" data-id=\"4922f1e\" data-element_type=\"section\">\n\t\t\t\t\t\t<div class=\"elementor-container elementor-column-gap-default\">\n\t\t\t\t\t<div class=\"elementor-column elementor-col-100 elementor-top-column elementor-element elementor-element-4998e48\" data-id=\"4998e48\" data-element_type=\"column\">\n\t\t\t<div class=\"elementor-widget-wrap elementor-element-populated\">\n\t\t\t\t\t\t\t\t<div class=\"elementor-element elementor-element-ee92edd elementor-widget elementor-widget-heading\" data-id=\"ee92edd\" data-element_type=\"widget\" data-widget_type=\"heading.default\">\n\t\t\t\t<div class=\"elementor-widget-container\">\n\t\t\t<style>\/*! elementor - v3.15.0 - 20-08-2023 *\/\n.elementor-heading-title{padding:0;margin:0;line-height:1}.elementor-widget-heading .elementor-heading-title[class*=elementor-size-]>a{color:inherit;font-size:inherit;line-height:inherit}.elementor-widget-heading .elementor-heading-title.elementor-size-small{font-size:15px}.elementor-widget-heading .elementor-heading-title.elementor-size-medium{font-size:19px}.elementor-widget-heading .elementor-heading-title.elementor-size-large{font-size:29px}.elementor-widget-heading .elementor-heading-title.elementor-size-xl{font-size:39px}.elementor-widget-heading .elementor-heading-title.elementor-size-xxl{font-size:59px}<\/style><h1 class=\"elementor-heading-title elementor-size-default\">Admitere doctorat<\/h1>\t\t<\/div>\n\t\t\t\t<\/div>\n\t\t\t\t<div class=\"elementor-element elementor-element-2330890 elementor-widget-divider--view-line elementor-widget elementor-widget-divider\" data-id=\"2330890\" data-element_type=\"widget\" data-widget_type=\"divider.default\">\n\t\t\t\t<div class=\"elementor-widget-container\">\n\t\t\t<style>\/*! elementor - v3.15.0 - 20-08-2023 *\/\n.elementor-widget-divider{--divider-border-style:none;--divider-border-width:1px;--divider-color:#0c0d0e;--divider-icon-size:20px;--divider-element-spacing:10px;--divider-pattern-height:24px;--divider-pattern-size:20px;--divider-pattern-url:none;--divider-pattern-repeat:repeat-x}.elementor-widget-divider .elementor-divider{display:flex}.elementor-widget-divider .elementor-divider__text{font-size:15px;line-height:1;max-width:95%}.elementor-widget-divider .elementor-divider__element{margin:0 var(--divider-element-spacing);flex-shrink:0}.elementor-widget-divider .elementor-icon{font-size:var(--divider-icon-size)}.elementor-widget-divider .elementor-divider-separator{display:flex;margin:0;direction:ltr}.elementor-widget-divider--view-line_icon .elementor-divider-separator,.elementor-widget-divider--view-line_text .elementor-divider-separator{align-items:center}.elementor-widget-divider--view-line_icon .elementor-divider-separator:after,.elementor-widget-divider--view-line_icon .elementor-divider-separator:before,.elementor-widget-divider--view-line_text .elementor-divider-separator:after,.elementor-widget-divider--view-line_text .elementor-divider-separator:before{display:block;content:\"\";border-bottom:0;flex-grow:1;border-top:var(--divider-border-width) var(--divider-border-style) var(--divider-color)}.elementor-widget-divider--element-align-left .elementor-divider .elementor-divider-separator>.elementor-divider__svg:first-of-type{flex-grow:0;flex-shrink:100}.elementor-widget-divider--element-align-left .elementor-divider-separator:before{content:none}.elementor-widget-divider--element-align-left .elementor-divider__element{margin-left:0}.elementor-widget-divider--element-align-right .elementor-divider .elementor-divider-separator>.elementor-divider__svg:last-of-type{flex-grow:0;flex-shrink:100}.elementor-widget-divider--element-align-right .elementor-divider-separator:after{content:none}.elementor-widget-divider--element-align-right .elementor-divider__element{margin-right:0}.elementor-widget-divider:not(.elementor-widget-divider--view-line_text):not(.elementor-widget-divider--view-line_icon) .elementor-divider-separator{border-top:var(--divider-border-width) var(--divider-border-style) var(--divider-color)}.elementor-widget-divider--separator-type-pattern{--divider-border-style:none}.elementor-widget-divider--separator-type-pattern.elementor-widget-divider--view-line .elementor-divider-separator,.elementor-widget-divider--separator-type-pattern:not(.elementor-widget-divider--view-line) .elementor-divider-separator:after,.elementor-widget-divider--separator-type-pattern:not(.elementor-widget-divider--view-line) .elementor-divider-separator:before,.elementor-widget-divider--separator-type-pattern:not([class*=elementor-widget-divider--view]) .elementor-divider-separator{width:100%;min-height:var(--divider-pattern-height);-webkit-mask-size:var(--divider-pattern-size) 100%;mask-size:var(--divider-pattern-size) 100%;-webkit-mask-repeat:var(--divider-pattern-repeat);mask-repeat:var(--divider-pattern-repeat);background-color:var(--divider-color);-webkit-mask-image:var(--divider-pattern-url);mask-image:var(--divider-pattern-url)}.elementor-widget-divider--no-spacing{--divider-pattern-size:auto}.elementor-widget-divider--bg-round{--divider-pattern-repeat:round}.rtl .elementor-widget-divider .elementor-divider__text{direction:rtl}.e-con-inner>.elementor-widget-divider,.e-con>.elementor-widget-divider{width:var(--container-widget-width,100%);--flex-grow:var(--container-widget-flex-grow)}<\/style>\t\t<div class=\"elementor-divider\">\n\t\t\t<span class=\"elementor-divider-separator\">\n\t\t\t\t\t\t<\/span>\n\t\t<\/div>\n\t\t\t\t<\/div>\n\t\t\t\t<\/div>\n\t\t\t\t\t<\/div>\n\t\t<\/div>\n\t\t\t\t\t\t\t<\/div>\n\t\t<\/section>\n\t\t\t\t<section class=\"elementor-section elementor-top-section elementor-element elementor-element-2c53069 elementor-section-boxed elementor-section-height-default elementor-section-height-default\" data-id=\"2c53069\" data-element_type=\"section\">\n\t\t\t\t\t\t<div class=\"elementor-container elementor-column-gap-default\">\n\t\t\t\t\t<div class=\"elementor-column elementor-col-100 elementor-top-column elementor-element elementor-element-9f81a52\" data-id=\"9f81a52\" data-element_type=\"column\">\n\t\t\t<div class=\"elementor-widget-wrap elementor-element-populated\">\n\t\t\t\t\t\t\t\t<div class=\"elementor-element elementor-element-3e6a536 elementor-widget elementor-widget-text-editor\" data-id=\"3e6a536\" data-element_type=\"widget\" data-widget_type=\"text-editor.default\">\n\t\t\t\t<div class=\"elementor-widget-container\">\n\t\t\t<style>\/*! elementor - v3.15.0 - 20-08-2023 *\/\n.elementor-widget-text-editor.elementor-drop-cap-view-stacked .elementor-drop-cap{background-color:#69727d;color:#fff}.elementor-widget-text-editor.elementor-drop-cap-view-framed .elementor-drop-cap{color:#69727d;border:3px solid;background-color:transparent}.elementor-widget-text-editor:not(.elementor-drop-cap-view-default) .elementor-drop-cap{margin-top:8px}.elementor-widget-text-editor:not(.elementor-drop-cap-view-default) .elementor-drop-cap-letter{width:1em;height:1em}.elementor-widget-text-editor .elementor-drop-cap{float:left;text-align:center;line-height:1;font-size:50px}.elementor-widget-text-editor .elementor-drop-cap-letter{display:inline-block}<\/style>\t\t\t\t<table border=\"2\" width=\"600px\"><tbody><tr><td rowspan=\"2\" width=\"50\">Nr. crt.<\/td><td rowspan=\"2\" width=\"250\">Numele \u0219i prenumele conduc\u0103torului de doctorat<\/td><td rowspan=\"2\" width=\"200\">Tematic\u0103 doctorat\/<br \/>Subiecte interviu<\/td><td colspan=\"2\" width=\"100\">Num\u0103r locuri alocate<\/td><\/tr><tr><td width=\"161\">Cu finan\u021bare de la bugetul de stat<\/td><td width=\"109\">Cu tax\u0103<\/td><\/tr><tr><td>1.<\/td><td>Prof. dr. Nicolae AVRAM<\/td><td><a href=\"http:\/\/dezvoltare.uvt.ro\/physics\/wp-content\/uploads\/2023\/09\/Tema_AvramN.pdf\" target=\"_blank\" rel=\"noopener\">Mai multe detalii<\/a><\/td><td rowspan=\"10\">3 locuri cu burs\u0103<br \/>3 locuri f\u0103r\u0103 burs\u0103<\/td><td rowspan=\"10\">4 locuri<\/td><\/tr><tr><td>2.<\/td><td>Conf. dr. habil. Cosmin CRUCEAN<\/td><td><a href=\"http:\/\/dezvoltare.uvt.ro\/physics\/wp-content\/uploads\/2023\/09\/Tema_CruceanC.pdf\" target=\"_blank\" rel=\"noopener\">Mai multe detalii<\/a><\/td><\/tr><tr><td>3.<\/td><td>Conf. dr. habil. Mihail LUNGU<\/td><td><a href=\"http:\/\/dezvoltare.uvt.ro\/physics\/wp-content\/uploads\/2023\/09\/Tema_LunguM.pdf\" target=\"_blank\" rel=\"noopener\">Mai multe detalii<\/a><\/td><\/tr><tr><td>4.<\/td><td>Conf. dr. habil. C\u0103t\u0103lin MARIN<\/td><\/tr><tr><td>5.<\/td><td>Prof. dr. Loredana MARCU<\/td><td><a href=\"http:\/\/dezvoltare.uvt.ro\/physics\/wp-content\/uploads\/2023\/09\/Tema_MarcuL.pdf\" target=\"_blank\" rel=\"noopener\">Mai multe detalii<\/a><\/td><\/tr><tr><td>6.<\/td><td>Prof. dr. Marius PAULESCU<\/td><td><a href=\"http:\/\/dezvoltare.uvt.ro\/physics\/wp-content\/uploads\/2023\/09\/Tema_PaulescuM.pdf\" target=\"_blank\" rel=\"noopener\">Mai multe detalii<\/a><\/td><\/tr><tr><td>7.<\/td><td>Conf. dr. habil. Daniela SUSAN-RESIGA<\/td><td><a href=\"http:\/\/dezvoltare.uvt.ro\/physics\/wp-content\/uploads\/2023\/09\/Tema_ResigaD.pdf\" target=\"_blank\" rel=\"noopener\">Mai multe detalii<\/a><\/td><\/tr><tr><td>8.<\/td><td>C. S. I dr. Victor SOFONEA<\/td><td><a href=\"http:\/\/dezvoltare.uvt.ro\/physics\/wp-content\/uploads\/2023\/09\/Tema_SofoneaV.pdf\" target=\"_blank\" rel=\"noopener\">Mai multe detalii<\/a><\/td><\/tr><tr><td>9.<\/td><td>Prof. dr. Daniel VIZMAN<\/td><td><a href=\"http:\/\/dezvoltare.uvt.ro\/physics\/wp-content\/uploads\/2023\/09\/Tema_VizmanD.pdf\" target=\"_blank\" rel=\"noopener\">Mai multe detalii<\/a><\/td><\/tr><tr><td>10.<\/td><td>Prof. dr. Alina ZAMFIR<\/td><td><a href=\"http:\/\/dezvoltare.uvt.ro\/physics\/wp-content\/uploads\/2023\/09\/Tema_ZamfirA.pdf\" target=\"_blank\" rel=\"noopener\">Mai multe detalii<\/a><\/td><\/tr><\/tbody><\/table>\t\t\t\t\t\t<\/div>\n\t\t\t\t<\/div>\n\t\t\t\t\t<\/div>\n\t\t<\/div>\n\t\t\t\t\t\t\t<\/div>\n\t\t<\/section>\n\t\t\t\t<section class=\"elementor-section elementor-top-section elementor-element elementor-element-9713a78 elementor-section-boxed elementor-section-height-default elementor-section-height-default\" data-id=\"9713a78\" data-element_type=\"section\">\n\t\t\t\t\t\t<div class=\"elementor-container elementor-column-gap-default\">\n\t\t\t\t\t<div class=\"elementor-column elementor-col-100 elementor-top-column elementor-element elementor-element-a828647\" data-id=\"a828647\" data-element_type=\"column\">\n\t\t\t<div class=\"elementor-widget-wrap elementor-element-populated\">\n\t\t\t\t\t\t\t\t<div class=\"elementor-element elementor-element-431ee7a elementor-widget elementor-widget-heading\" data-id=\"431ee7a\" data-element_type=\"widget\" data-widget_type=\"heading.default\">\n\t\t\t\t<div class=\"elementor-widget-container\">\n\t\t\t<h4 class=\"elementor-heading-title elementor-size-default\">Admitere \u0219coala doctoral\u0103 de fizic\u0103<\/h4>\t\t<\/div>\n\t\t\t\t<\/div>\n\t\t\t\t\t<\/div>\n\t\t<\/div>\n\t\t\t\t\t\t\t<\/div>\n\t\t<\/section>\n\t\t\t\t<section class=\"elementor-section elementor-top-section elementor-element elementor-element-8199ba4 elementor-section-boxed elementor-section-height-default elementor-section-height-default\" data-id=\"8199ba4\" data-element_type=\"section\">\n\t\t\t\t\t\t<div class=\"elementor-container elementor-column-gap-default\">\n\t\t\t\t\t<div class=\"elementor-column elementor-col-100 elementor-top-column elementor-element elementor-element-91bd5de\" data-id=\"91bd5de\" data-element_type=\"column\">\n\t\t\t<div class=\"elementor-widget-wrap elementor-element-populated\">\n\t\t\t\t\t\t\t\t<div class=\"elementor-element elementor-element-918c89c elementor-widget elementor-widget-text-editor\" data-id=\"918c89c\" data-element_type=\"widget\" data-widget_type=\"text-editor.default\">\n\t\t\t\t<div class=\"elementor-widget-container\">\n\t\t\t\t\t\t\t<ul><li class=\"has_border\"><i class=\"fa fa-caret-right\"><\/i><strong>Calendarul admiterii<\/strong><p><a href=\"http:\/\/dezvoltare.uvt.ro\/physics\/wp-content\/uploads\/2023\/09\/Calendar_admitere_SDFizica.pdf\" target=\"_blank\" rel=\"noopener\">Calendarul admiterii 2022<\/a><\/p><\/li><li class=\"has_border\"><i class=\"fa fa-caret-right\"><\/i><strong>Acte necesare<\/strong><p><b><span style=\"color: red;\">Candida\u021bii \u00ee\u0219i vor crea un cont pe\u00a0<a href=\"https:\/\/admitereonline.uvt.ro\/\" target=\"_blank\" rel=\"noopener\">platforma digital\u0103 de admitere<\/a>, unde \u00ee\u0219i vor completa datele personale, vor \u00eenc\u0103rca toate documentele justificative necesare, vor achita taxa de \u00eenscriere \u0219i, ulterior, \u00ee\u0219i vor confirma locul \u0219i vor achita taxa de \u00eenmatriculare.<\/span><\/b><\/p><\/li><li class=\"has_border\"><i class=\"fa fa-caret-right\"><\/i><strong>Regulamente<\/strong><p><a href=\"http:\/\/dezvoltare.uvt.ro\/physics\/wp-content\/uploads\/2023\/09\/Regulament-SDF.pdf\" target=\"_blank\" rel=\"noopener\">Metodologia privind organizarea \u015fi desf\u0103\u015furarea concursului de admitere la studii universitare de doctorat \u00een domeniul Fizic\u0103 &#8211; Anul universitar 2022\/2023<\/a><br \/><a href=\"https:\/\/doctorat.uvt.ro\/wp-content\/uploads\/2022\/06\/Anexa-1.-Regulament-admitere-doctorat-UVT-2022-2023.pdf\" target=\"_blank\" rel=\"noopener\">Metodologia UVT privind organizarea \u015fi desf\u0103\u015furarea concursului de admitere la studii universitare de doctorat &#8211; Anul universitar 2022\/2023<\/a><\/p><\/li><li class=\"has_border\"><i class=\"fa fa-caret-right\"><\/i><strong>Detalii proba scris\u0103 de fizic\u0103 general\u0103<\/strong><p><a href=\"http:\/\/dezvoltare.uvt.ro\/physics\/wp-content\/uploads\/2023\/09\/Proba_fizica_generala.pdf\" target=\"_blank\" rel=\"noopener\">Proba scris\u0103 de fizic\u0103 general\u0103<\/a><\/p><\/li><li class=\"has_border\"><i class=\"fa fa-bell\"><\/i><strong>Informa\u021bii suplimentare<\/strong><p><b><span style=\"color: red;\">Candida\u021biii sunt ruga\u021bi s\u0103 urm\u0103reasc\u0103 constant informa\u021biile oferite de<\/span><\/b><a href=\"https:\/\/doctorat.uvt.ro\/?cat=43\" target=\"_blank\" rel=\"noopener\">\u00a0Consiliul Studiilor Universitare de Doctorat<\/a><\/p><\/li><\/ul>\t\t\t\t\t\t<\/div>\n\t\t\t\t<\/div>\n\t\t\t\t\t<\/div>\n\t\t<\/div>\n\t\t\t\t\t\t\t<\/div>\n\t\t<\/section>\n\t\t\t\t\t\t\t<\/div>\n\t\t","protected":false},"excerpt":{"rendered":"<p>Nr. crt. Numele \u0219i prenumele conduc\u0103torului de doctorat Tematic\u0103 doctorat\/Subiecte interviu Num\u0103r locuri alocate Cu finan\u021bare de la bugetul de stat Cu tax\u0103 1. Prof. dr. Nicolae AVRAM Mai multe [&hellip;]<\/p>\n","protected":false},"author":1,"featured_media":0,"parent":0,"menu_order":0,"comment_status":"closed","ping_status":"closed","template":"","meta":{"footnotes":""},"class_list":["post-2566","page","type-page","status-publish","hentry"],"acf":[],"yoast_head":"<!-- This site is optimized with the Yoast SEO plugin v20.4 - https:\/\/yoast.com\/wordpress\/plugins\/seo\/ -->\n<title>Admitere doctorat - dezvoltare.uvt.ro\/physics<\/title>\n<meta name=\"robots\" content=\"index, follow, max-snippet:-1, max-image-preview:large, max-video-preview:-1\" \/>\n<link rel=\"canonical\" href=\"http:\/\/dezvoltare.uvt.ro\/physics\/admitere-doctorat\/\" \/>\n<meta property=\"og:locale\" content=\"en_US\" \/>\n<meta property=\"og:type\" content=\"article\" \/>\n<meta property=\"og:title\" content=\"Admitere doctorat - dezvoltare.uvt.ro\/physics\" \/>\n<meta property=\"og:description\" content=\"Nr. crt. Numele \u0219i prenumele conduc\u0103torului de doctorat Tematic\u0103 doctorat\/Subiecte interviu Num\u0103r locuri alocate Cu finan\u021bare de la bugetul de stat Cu tax\u0103 1. Prof. dr. Nicolae AVRAM Mai multe [&hellip;]\" \/>\n<meta property=\"og:url\" content=\"http:\/\/dezvoltare.uvt.ro\/physics\/admitere-doctorat\/\" \/>\n<meta property=\"og:site_name\" content=\"dezvoltare.uvt.ro\/physics\" \/>\n<meta property=\"article:modified_time\" content=\"2023-09-08T07:56:23+00:00\" \/>\n<meta name=\"twitter:card\" content=\"summary_large_image\" \/>\n<meta name=\"twitter:label1\" content=\"Est. reading time\" \/>\n\t<meta name=\"twitter:data1\" content=\"2 minutes\" \/>\n<script type=\"application\/ld+json\" class=\"yoast-schema-graph\">{\"@context\":\"https:\/\/schema.org\",\"@graph\":[{\"@type\":\"WebPage\",\"@id\":\"http:\/\/dezvoltare.uvt.ro\/physics\/admitere-doctorat\/\",\"url\":\"http:\/\/dezvoltare.uvt.ro\/physics\/admitere-doctorat\/\",\"name\":\"Admitere doctorat - dezvoltare.uvt.ro\/physics\",\"isPartOf\":{\"@id\":\"http:\/\/dezvoltare.uvt.ro\/physics\/#website\"},\"datePublished\":\"2023-09-07T10:05:59+00:00\",\"dateModified\":\"2023-09-08T07:56:23+00:00\",\"breadcrumb\":{\"@id\":\"http:\/\/dezvoltare.uvt.ro\/physics\/admitere-doctorat\/#breadcrumb\"},\"inLanguage\":\"en-US\",\"potentialAction\":[{\"@type\":\"ReadAction\",\"target\":[\"http:\/\/dezvoltare.uvt.ro\/physics\/admitere-doctorat\/\"]}]},{\"@type\":\"BreadcrumbList\",\"@id\":\"http:\/\/dezvoltare.uvt.ro\/physics\/admitere-doctorat\/#breadcrumb\",\"itemListElement\":[{\"@type\":\"ListItem\",\"position\":1,\"name\":\"Acas\u0103\",\"item\":\"http:\/\/dezvoltare.uvt.ro\/physics\/\"},{\"@type\":\"ListItem\",\"position\":2,\"name\":\"Admitere doctorat\"}]},{\"@type\":\"WebSite\",\"@id\":\"http:\/\/dezvoltare.uvt.ro\/physics\/#website\",\"url\":\"http:\/\/dezvoltare.uvt.ro\/physics\/\",\"name\":\"dezvoltare.uvt.ro\/physics\",\"description\":\"Fizic\u0103\",\"publisher\":{\"@id\":\"http:\/\/dezvoltare.uvt.ro\/physics\/#organization\"},\"potentialAction\":[{\"@type\":\"SearchAction\",\"target\":{\"@type\":\"EntryPoint\",\"urlTemplate\":\"http:\/\/dezvoltare.uvt.ro\/physics\/?s={search_term_string}\"},\"query-input\":\"required name=search_term_string\"}],\"inLanguage\":\"en-US\"},{\"@type\":\"Organization\",\"@id\":\"http:\/\/dezvoltare.uvt.ro\/physics\/#organization\",\"name\":\"dezvoltare.uvt.ro\/physics\",\"url\":\"http:\/\/dezvoltare.uvt.ro\/physics\/\",\"logo\":{\"@type\":\"ImageObject\",\"inLanguage\":\"en-US\",\"@id\":\"http:\/\/dezvoltare.uvt.ro\/physics\/#\/schema\/logo\/image\/\",\"url\":\"http:\/\/dezvoltare.uvt.ro\/physics\/wp-content\/uploads\/2023\/04\/FIZICA-02.png\",\"contentUrl\":\"http:\/\/dezvoltare.uvt.ro\/physics\/wp-content\/uploads\/2023\/04\/FIZICA-02.png\",\"width\":843,\"height\":392,\"caption\":\"dezvoltare.uvt.ro\/physics\"},\"image\":{\"@id\":\"http:\/\/dezvoltare.uvt.ro\/physics\/#\/schema\/logo\/image\/\"}}]}<\/script>\n<!-- \/ Yoast SEO plugin. -->","yoast_head_json":{"title":"Admitere doctorat - dezvoltare.uvt.ro\/physics","robots":{"index":"index","follow":"follow","max-snippet":"max-snippet:-1","max-image-preview":"max-image-preview:large","max-video-preview":"max-video-preview:-1"},"canonical":"http:\/\/dezvoltare.uvt.ro\/physics\/admitere-doctorat\/","og_locale":"en_US","og_type":"article","og_title":"Admitere doctorat - dezvoltare.uvt.ro\/physics","og_description":"Nr. crt. Numele \u0219i prenumele conduc\u0103torului de doctorat Tematic\u0103 doctorat\/Subiecte interviu Num\u0103r locuri alocate Cu finan\u021bare de la bugetul de stat Cu tax\u0103 1. Prof. dr. Nicolae AVRAM Mai multe [&hellip;]","og_url":"http:\/\/dezvoltare.uvt.ro\/physics\/admitere-doctorat\/","og_site_name":"dezvoltare.uvt.ro\/physics","article_modified_time":"2023-09-08T07:56:23+00:00","twitter_card":"summary_large_image","twitter_misc":{"Est. reading time":"2 minutes"},"schema":{"@context":"https:\/\/schema.org","@graph":[{"@type":"WebPage","@id":"http:\/\/dezvoltare.uvt.ro\/physics\/admitere-doctorat\/","url":"http:\/\/dezvoltare.uvt.ro\/physics\/admitere-doctorat\/","name":"Admitere doctorat - dezvoltare.uvt.ro\/physics","isPartOf":{"@id":"http:\/\/dezvoltare.uvt.ro\/physics\/#website"},"datePublished":"2023-09-07T10:05:59+00:00","dateModified":"2023-09-08T07:56:23+00:00","breadcrumb":{"@id":"http:\/\/dezvoltare.uvt.ro\/physics\/admitere-doctorat\/#breadcrumb"},"inLanguage":"en-US","potentialAction":[{"@type":"ReadAction","target":["http:\/\/dezvoltare.uvt.ro\/physics\/admitere-doctorat\/"]}]},{"@type":"BreadcrumbList","@id":"http:\/\/dezvoltare.uvt.ro\/physics\/admitere-doctorat\/#breadcrumb","itemListElement":[{"@type":"ListItem","position":1,"name":"Acas\u0103","item":"http:\/\/dezvoltare.uvt.ro\/physics\/"},{"@type":"ListItem","position":2,"name":"Admitere doctorat"}]},{"@type":"WebSite","@id":"http:\/\/dezvoltare.uvt.ro\/physics\/#website","url":"http:\/\/dezvoltare.uvt.ro\/physics\/","name":"dezvoltare.uvt.ro\/physics","description":"Fizic\u0103","publisher":{"@id":"http:\/\/dezvoltare.uvt.ro\/physics\/#organization"},"potentialAction":[{"@type":"SearchAction","target":{"@type":"EntryPoint","urlTemplate":"http:\/\/dezvoltare.uvt.ro\/physics\/?s={search_term_string}"},"query-input":"required name=search_term_string"}],"inLanguage":"en-US"},{"@type":"Organization","@id":"http:\/\/dezvoltare.uvt.ro\/physics\/#organization","name":"dezvoltare.uvt.ro\/physics","url":"http:\/\/dezvoltare.uvt.ro\/physics\/","logo":{"@type":"ImageObject","inLanguage":"en-US","@id":"http:\/\/dezvoltare.uvt.ro\/physics\/#\/schema\/logo\/image\/","url":"http:\/\/dezvoltare.uvt.ro\/physics\/wp-content\/uploads\/2023\/04\/FIZICA-02.png","contentUrl":"http:\/\/dezvoltare.uvt.ro\/physics\/wp-content\/uploads\/2023\/04\/FIZICA-02.png","width":843,"height":392,"caption":"dezvoltare.uvt.ro\/physics"},"image":{"@id":"http:\/\/dezvoltare.uvt.ro\/physics\/#\/schema\/logo\/image\/"}}]}},"_links":{"self":[{"href":"http:\/\/dezvoltare.uvt.ro\/physics\/wp-json\/wp\/v2\/pages\/2566","targetHints":{"allow":["GET"]}}],"collection":[{"href":"http:\/\/dezvoltare.uvt.ro\/physics\/wp-json\/wp\/v2\/pages"}],"about":[{"href":"http:\/\/dezvoltare.uvt.ro\/physics\/wp-json\/wp\/v2\/types\/page"}],"author":[{"embeddable":true,"href":"http:\/\/dezvoltare.uvt.ro\/physics\/wp-json\/wp\/v2\/users\/1"}],"replies":[{"embeddable":true,"href":"http:\/\/dezvoltare.uvt.ro\/physics\/wp-json\/wp\/v2\/comments?post=2566"}],"version-history":[{"count":13,"href":"http:\/\/dezvoltare.uvt.ro\/physics\/wp-json\/wp\/v2\/pages\/2566\/revisions"}],"predecessor-version":[{"id":2598,"href":"http:\/\/dezvoltare.uvt.ro\/physics\/wp-json\/wp\/v2\/pages\/2566\/revisions\/2598"}],"wp:attachment":[{"href":"http:\/\/dezvoltare.uvt.ro\/physics\/wp-json\/wp\/v2\/media?parent=2566"}],"curies":[{"name":"wp","href":"https:\/\/api.w.org\/{rel}","templated":true}]}}