{"id":948,"date":"2023-04-13T11:49:42","date_gmt":"2023-04-13T11:49:42","guid":{"rendered":"http:\/\/dezvoltare.uvt.ro\/physics\/?page_id=948"},"modified":"2023-07-25T11:31:33","modified_gmt":"2023-07-25T11:31:33","slug":"cererii-formulare-acte-studii","status":"publish","type":"page","link":"http:\/\/dezvoltare.uvt.ro\/physics\/educatie\/cererii-formulare-acte-studii\/","title":{"rendered":"Cererii\/ Formulare\/ Acte studii"},"content":{"rendered":"\t\t<div data-elementor-type=\"wp-page\" data-elementor-id=\"948\" class=\"elementor elementor-948\">\n\t\t\t\t\t\t\t\t\t<section class=\"elementor-section elementor-top-section elementor-element elementor-element-86207b9 elementor-section-boxed elementor-section-height-default elementor-section-height-default\" data-id=\"86207b9\" data-element_type=\"section\">\n\t\t\t\t\t\t<div class=\"elementor-container elementor-column-gap-default\">\n\t\t\t\t\t<div class=\"elementor-column elementor-col-100 elementor-top-column elementor-element elementor-element-8a7348d\" data-id=\"8a7348d\" data-element_type=\"column\">\n\t\t\t<div class=\"elementor-widget-wrap elementor-element-populated\">\n\t\t\t\t\t\t\t\t<div class=\"elementor-element elementor-element-b25d3c5 elementor-widget elementor-widget-breadcrumbs\" data-id=\"b25d3c5\" data-element_type=\"widget\" data-widget_type=\"breadcrumbs.default\">\n\t\t\t\t<div class=\"elementor-widget-container\">\n\t\t\t<link rel=\"stylesheet\" href=\"http:\/\/dezvoltare.uvt.ro\/physics\/wp-content\/plugins\/elementor-pro\/assets\/css\/widget-theme-elements.min.css\"><p id=\"breadcrumbs\"><span><span><a href=\"http:\/\/dezvoltare.uvt.ro\/physics\/\">Acas\u0103<\/a><\/span><\/span><\/p>\t\t<\/div>\n\t\t\t\t<\/div>\n\t\t\t\t\t<\/div>\n\t\t<\/div>\n\t\t\t\t\t\t\t<\/div>\n\t\t<\/section>\n\t\t\t\t<section class=\"elementor-section elementor-top-section elementor-element elementor-element-140f366 elementor-section-boxed elementor-section-height-default elementor-section-height-default\" data-id=\"140f366\" data-element_type=\"section\">\n\t\t\t\t\t\t<div class=\"elementor-container elementor-column-gap-default\">\n\t\t\t\t\t<div class=\"elementor-column elementor-col-100 elementor-top-column elementor-element elementor-element-2dbb9af\" data-id=\"2dbb9af\" data-element_type=\"column\">\n\t\t\t<div class=\"elementor-widget-wrap elementor-element-populated\">\n\t\t\t\t\t\t\t\t<div class=\"elementor-element elementor-element-8f1fa8c elementor-widget-divider--view-line elementor-widget elementor-widget-divider\" data-id=\"8f1fa8c\" data-element_type=\"widget\" data-widget_type=\"divider.default\">\n\t\t\t\t<div class=\"elementor-widget-container\">\n\t\t\t<style>\/*! elementor - v3.15.0 - 20-08-2023 *\/\n.elementor-widget-divider{--divider-border-style:none;--divider-border-width:1px;--divider-color:#0c0d0e;--divider-icon-size:20px;--divider-element-spacing:10px;--divider-pattern-height:24px;--divider-pattern-size:20px;--divider-pattern-url:none;--divider-pattern-repeat:repeat-x}.elementor-widget-divider .elementor-divider{display:flex}.elementor-widget-divider .elementor-divider__text{font-size:15px;line-height:1;max-width:95%}.elementor-widget-divider .elementor-divider__element{margin:0 var(--divider-element-spacing);flex-shrink:0}.elementor-widget-divider .elementor-icon{font-size:var(--divider-icon-size)}.elementor-widget-divider .elementor-divider-separator{display:flex;margin:0;direction:ltr}.elementor-widget-divider--view-line_icon .elementor-divider-separator,.elementor-widget-divider--view-line_text .elementor-divider-separator{align-items:center}.elementor-widget-divider--view-line_icon .elementor-divider-separator:after,.elementor-widget-divider--view-line_icon .elementor-divider-separator:before,.elementor-widget-divider--view-line_text .elementor-divider-separator:after,.elementor-widget-divider--view-line_text .elementor-divider-separator:before{display:block;content:\"\";border-bottom:0;flex-grow:1;border-top:var(--divider-border-width) var(--divider-border-style) var(--divider-color)}.elementor-widget-divider--element-align-left .elementor-divider .elementor-divider-separator>.elementor-divider__svg:first-of-type{flex-grow:0;flex-shrink:100}.elementor-widget-divider--element-align-left .elementor-divider-separator:before{content:none}.elementor-widget-divider--element-align-left .elementor-divider__element{margin-left:0}.elementor-widget-divider--element-align-right .elementor-divider .elementor-divider-separator>.elementor-divider__svg:last-of-type{flex-grow:0;flex-shrink:100}.elementor-widget-divider--element-align-right .elementor-divider-separator:after{content:none}.elementor-widget-divider--element-align-right .elementor-divider__element{margin-right:0}.elementor-widget-divider:not(.elementor-widget-divider--view-line_text):not(.elementor-widget-divider--view-line_icon) .elementor-divider-separator{border-top:var(--divider-border-width) var(--divider-border-style) var(--divider-color)}.elementor-widget-divider--separator-type-pattern{--divider-border-style:none}.elementor-widget-divider--separator-type-pattern.elementor-widget-divider--view-line .elementor-divider-separator,.elementor-widget-divider--separator-type-pattern:not(.elementor-widget-divider--view-line) .elementor-divider-separator:after,.elementor-widget-divider--separator-type-pattern:not(.elementor-widget-divider--view-line) .elementor-divider-separator:before,.elementor-widget-divider--separator-type-pattern:not([class*=elementor-widget-divider--view]) .elementor-divider-separator{width:100%;min-height:var(--divider-pattern-height);-webkit-mask-size:var(--divider-pattern-size) 100%;mask-size:var(--divider-pattern-size) 100%;-webkit-mask-repeat:var(--divider-pattern-repeat);mask-repeat:var(--divider-pattern-repeat);background-color:var(--divider-color);-webkit-mask-image:var(--divider-pattern-url);mask-image:var(--divider-pattern-url)}.elementor-widget-divider--no-spacing{--divider-pattern-size:auto}.elementor-widget-divider--bg-round{--divider-pattern-repeat:round}.rtl .elementor-widget-divider .elementor-divider__text{direction:rtl}.e-con-inner>.elementor-widget-divider,.e-con>.elementor-widget-divider{width:var(--container-widget-width,100%);--flex-grow:var(--container-widget-flex-grow)}<\/style>\t\t<div class=\"elementor-divider\">\n\t\t\t<span class=\"elementor-divider-separator\">\n\t\t\t\t\t\t<\/span>\n\t\t<\/div>\n\t\t\t\t<\/div>\n\t\t\t\t<\/div>\n\t\t\t\t\t<\/div>\n\t\t<\/div>\n\t\t\t\t\t\t\t<\/div>\n\t\t<\/section>\n\t\t\t\t<section class=\"elementor-section elementor-top-section elementor-element elementor-element-e74e09a elementor-section-boxed elementor-section-height-default elementor-section-height-default\" data-id=\"e74e09a\" data-element_type=\"section\">\n\t\t\t\t\t\t<div class=\"elementor-container elementor-column-gap-default\">\n\t\t\t\t\t<div class=\"elementor-column elementor-col-100 elementor-top-column elementor-element elementor-element-75e1922\" data-id=\"75e1922\" data-element_type=\"column\">\n\t\t\t<div class=\"elementor-widget-wrap elementor-element-populated\">\n\t\t\t\t\t\t\t\t<div class=\"elementor-element elementor-element-5a6b4a3 elementor-widget elementor-widget-text-editor\" data-id=\"5a6b4a3\" data-element_type=\"widget\" data-widget_type=\"text-editor.default\">\n\t\t\t\t<div class=\"elementor-widget-container\">\n\t\t\t<style>\/*! elementor - v3.15.0 - 20-08-2023 *\/\n.elementor-widget-text-editor.elementor-drop-cap-view-stacked .elementor-drop-cap{background-color:#69727d;color:#fff}.elementor-widget-text-editor.elementor-drop-cap-view-framed .elementor-drop-cap{color:#69727d;border:3px solid;background-color:transparent}.elementor-widget-text-editor:not(.elementor-drop-cap-view-default) .elementor-drop-cap{margin-top:8px}.elementor-widget-text-editor:not(.elementor-drop-cap-view-default) .elementor-drop-cap-letter{width:1em;height:1em}.elementor-widget-text-editor .elementor-drop-cap{float:left;text-align:center;line-height:1;font-size:50px}.elementor-widget-text-editor .elementor-drop-cap-letter{display:inline-block}<\/style>\t\t\t\t<p style=\"font-weight: 400;\">La nivelul UVT,\u00a0<b><strong>InfoCentrul studen\u021besc<\/strong><\/b>\u00a0este structura responsabil\u0103 de\u00a0<b><strong>comunicarea cu studen\u021bii\u00a0<\/strong><\/b>pentru toate procesele administrative, prelu\u00e2nd aceste atribu\u021bii de la secretariatele facult\u0103\u021bilor. Astfel, InfoCentrul studen\u021besc se ocup\u0103, \u00een general de:<\/p><ul><li style=\"font-weight: 400;\">preluarea solicit\u0103rilor venite din partea studen\u021bilor (cereri de diverse tipuri);<\/li><li style=\"font-weight: 400;\">eliberarea\/vizarea legitima\u021biilor de student;<\/li><li style=\"font-weight: 400;\">eliberarea adeverin\u021belor de student, la solicitare;<\/li><li style=\"font-weight: 400;\">oferirea de informa\u021bii cu privire la procesul educa\u021bional \u0219i activit\u0103\u021bile conexe acestuia.<\/li><\/ul><p>\u00a0<\/p><p style=\"font-weight: 400;\"><b><strong><span style=\"color: #ff0000;\">Pentru optimizarea procesului de transmitere a solicit\u0103rilor \u0219i \u00eentreb\u0103rilor din partea voastr\u0103 c\u0103tre InfoCentrul studen\u021besc, respectiv de solu\u021bionare a acestora, v\u0103 punem la dispozi\u021bie<\/span>\u00a0<\/strong><\/b><a href=\"https:\/\/docs.google.com\/forms\/d\/e\/1FAIpQLSd8x1XThBXhupUeY7HKgWuHFtb5JTUjUGQlIm4mKhqznu64Kw\/viewform\"><b><strong>ACEST FORMULAR<\/strong><\/b><\/a>\u00a0(formularul este disponibil \u0219i pe\u00a0<a href=\"http:\/\/uvt.ro\/\">site-ul UVT<\/a>, \u00een meniul\u00a0<a href=\"https:\/\/uvt.ro\/educatie\/\"><b><strong>EDUCA\u021aIE<\/strong><\/b><\/a>, sec\u021biunea\u00a0<a href=\"https:\/\/uvt.ro\/educatie\/info-studenti-proces-educational\/\"><b><strong>Info studen\u021bi &#8211; Proces educa\u021bional<\/strong><\/b><\/a>\u00a0\u2192\u00a0<a href=\"https:\/\/uvt.ro\/educatie\/info-studenti-proces-educational\/infocentru\/\"><b><strong><em>Infocentru<\/em><\/strong><\/b><\/a>).\u00a0<b><strong><span style=\"color: #ff0000;\">Formularul poate fi accesat doar prin intermediul adresei de e-mail institu\u021bionale<\/span> (@<a href=\"http:\/\/e-uvt.ro\/\">e-uvt.ro<\/a>).<\/strong><\/b><\/p><p style=\"font-weight: 400;\">Astfel, urm\u0103toarele tipuri de solicit\u0103ri pot fi transmise \u00een mod eficient \u0219i structurat prin intermediul formularului de c\u0103tre to\u021bi studen\u021bii Universit\u0103\u021bii de Vest din Timi\u0219oara, \u00een locul cererilor scrise sau a e-mailurilor:<\/p><ul><li style=\"font-weight: 400;\"><em>Cerere pentru eliberarea unei adeverin\u021be care s\u0103 ateste calitatea de student;<\/em><\/li><li style=\"font-weight: 400;\"><em>Cerere de prelungire a studiilor;<\/em><\/li><li style=\"font-weight: 400;\"><em>Cerere de repetare a studiilor;<\/em><\/li><li style=\"font-weight: 400;\"><em>Cerere de \u00eentrerupere a studiilor;<\/em><\/li><li style=\"font-weight: 400;\"><em>Cerere de re\u00eenmatriculare la studii;<\/em><\/li><li style=\"font-weight: 400;\"><em>Cerere de retragere de la studii;<\/em><\/li><li style=\"font-weight: 400;\"><em>Cerere de reducere a frecven\u021bei;<\/em><\/li><li style=\"font-weight: 400;\"><em>Cerere de reducere a taxei de \u0219colarizare \u00een cazul urm\u0103rii unui al doilea program de studii universitare din acela\u0219i ciclu la UVT;<\/em><\/li><li style=\"font-weight: 400;\"><em>Cerere de reluare a studiilor;<\/em><\/li><li style=\"font-weight: 400;\"><em>Cerere pentru eliberarea documentelor din dosarul depus la UVT;<\/em><\/li><li style=\"font-weight: 400;\"><em>Cerere pentru eliberarea unui duplicat dup\u0103 un document;<\/em><\/li><li style=\"font-weight: 400;\"><em>Cererea pentru reexaminare \u00een vederea m\u0103ririi notei;<\/em><\/li><li style=\"font-weight: 400;\"><em>Cererea pentru mobilitate academic\u0103 definitiv\u0103 (transfer).<\/em><\/li><\/ul><p>\u00a0<\/p><p style=\"font-weight: 400;\">De asemenea, depunerea portofoliului pentru acordarea de credite pentru activit\u0103\u021bile de voluntariat se poate realiza tot prin intermediul acestui formular.<\/p><p style=\"font-weight: 400;\"><b><strong>Studen\u021bii UVT pot utiliza formularul inclusiv pentru a solicita informa\u021bii sau adresa \u00eentreb\u0103ri cu privire la un anumit domeniu sau o anumit\u0103 problem\u0103 administrativ\u0103 pe care o \u00eent\u00e2mpin\u0103.<\/strong><\/b><\/p><p style=\"font-weight: 400;\"><span style=\"color: #ff0000;\"><b><strong>Astfel, v\u0103 \u00eencuraj\u0103m s\u0103 folosi\u021bi acest formular pentru orice fel de solicitare ave\u021bi de transmis c\u0103tre InfoCentrul studen\u021besc!<\/strong><\/b><\/span><\/p>\t\t\t\t\t\t<\/div>\n\t\t\t\t<\/div>\n\t\t\t\t\t<\/div>\n\t\t<\/div>\n\t\t\t\t\t\t\t<\/div>\n\t\t<\/section>\n\t\t\t\t\t\t\t<\/div>\n\t\t","protected":false},"excerpt":{"rendered":"<p>La nivelul UVT,\u00a0InfoCentrul studen\u021besc\u00a0este structura responsabil\u0103 de\u00a0comunicarea cu studen\u021bii\u00a0pentru toate procesele administrative, prelu\u00e2nd aceste atribu\u021bii de la secretariatele facult\u0103\u021bilor. Astfel, InfoCentrul studen\u021besc se ocup\u0103, \u00een general de: preluarea solicit\u0103rilor venite [&hellip;]<\/p>\n","protected":false},"author":2,"featured_media":0,"parent":173,"menu_order":0,"comment_status":"closed","ping_status":"closed","template":"","meta":{"footnotes":""},"class_list":["post-948","page","type-page","status-publish","hentry"],"acf":[],"yoast_head":"<!-- This site is optimized with the Yoast SEO plugin v20.4 - https:\/\/yoast.com\/wordpress\/plugins\/seo\/ -->\n<title>Cererii\/ Formulare\/ Acte studii - dezvoltare.uvt.ro\/physics<\/title>\n<meta name=\"robots\" content=\"index, follow, max-snippet:-1, max-image-preview:large, max-video-preview:-1\" \/>\n<link rel=\"canonical\" href=\"http:\/\/dezvoltare.uvt.ro\/physics\/educatie\/cererii-formulare-acte-studii\/\" \/>\n<meta property=\"og:locale\" content=\"en_US\" \/>\n<meta property=\"og:type\" content=\"article\" \/>\n<meta property=\"og:title\" content=\"Cererii\/ Formulare\/ Acte studii - dezvoltare.uvt.ro\/physics\" \/>\n<meta property=\"og:description\" content=\"La nivelul UVT,\u00a0InfoCentrul studen\u021besc\u00a0este structura responsabil\u0103 de\u00a0comunicarea cu studen\u021bii\u00a0pentru toate procesele administrative, prelu\u00e2nd aceste atribu\u021bii de la secretariatele facult\u0103\u021bilor. Astfel, InfoCentrul studen\u021besc se ocup\u0103, \u00een general de: preluarea solicit\u0103rilor venite [&hellip;]\" \/>\n<meta property=\"og:url\" content=\"http:\/\/dezvoltare.uvt.ro\/physics\/educatie\/cererii-formulare-acte-studii\/\" \/>\n<meta property=\"og:site_name\" content=\"dezvoltare.uvt.ro\/physics\" \/>\n<meta property=\"article:modified_time\" content=\"2023-07-25T11:31:33+00:00\" \/>\n<meta name=\"twitter:card\" content=\"summary_large_image\" \/>\n<meta name=\"twitter:label1\" content=\"Est. reading time\" \/>\n\t<meta name=\"twitter:data1\" content=\"2 minutes\" \/>\n<script type=\"application\/ld+json\" class=\"yoast-schema-graph\">{\"@context\":\"https:\/\/schema.org\",\"@graph\":[{\"@type\":\"WebPage\",\"@id\":\"http:\/\/dezvoltare.uvt.ro\/physics\/educatie\/cererii-formulare-acte-studii\/\",\"url\":\"http:\/\/dezvoltare.uvt.ro\/physics\/educatie\/cererii-formulare-acte-studii\/\",\"name\":\"Cererii\/ Formulare\/ Acte studii - dezvoltare.uvt.ro\/physics\",\"isPartOf\":{\"@id\":\"http:\/\/dezvoltare.uvt.ro\/physics\/#website\"},\"datePublished\":\"2023-04-13T11:49:42+00:00\",\"dateModified\":\"2023-07-25T11:31:33+00:00\",\"breadcrumb\":{\"@id\":\"http:\/\/dezvoltare.uvt.ro\/physics\/educatie\/cererii-formulare-acte-studii\/#breadcrumb\"},\"inLanguage\":\"en-US\",\"potentialAction\":[{\"@type\":\"ReadAction\",\"target\":[\"http:\/\/dezvoltare.uvt.ro\/physics\/educatie\/cererii-formulare-acte-studii\/\"]}]},{\"@type\":\"BreadcrumbList\",\"@id\":\"http:\/\/dezvoltare.uvt.ro\/physics\/educatie\/cererii-formulare-acte-studii\/#breadcrumb\",\"itemListElement\":[{\"@type\":\"ListItem\",\"position\":1,\"name\":\"Acas\u0103\",\"item\":\"http:\/\/dezvoltare.uvt.ro\/physics\/\"},{\"@type\":\"ListItem\",\"position\":2,\"name\":\"Educa\u021bie\",\"item\":\"http:\/\/dezvoltare.uvt.ro\/physics\/educatie\/\"},{\"@type\":\"ListItem\",\"position\":3,\"name\":\"Cererii\/ Formulare\/ Acte studii\"}]},{\"@type\":\"WebSite\",\"@id\":\"http:\/\/dezvoltare.uvt.ro\/physics\/#website\",\"url\":\"http:\/\/dezvoltare.uvt.ro\/physics\/\",\"name\":\"dezvoltare.uvt.ro\/physics\",\"description\":\"Fizic\u0103\",\"publisher\":{\"@id\":\"http:\/\/dezvoltare.uvt.ro\/physics\/#organization\"},\"potentialAction\":[{\"@type\":\"SearchAction\",\"target\":{\"@type\":\"EntryPoint\",\"urlTemplate\":\"http:\/\/dezvoltare.uvt.ro\/physics\/?s={search_term_string}\"},\"query-input\":\"required name=search_term_string\"}],\"inLanguage\":\"en-US\"},{\"@type\":\"Organization\",\"@id\":\"http:\/\/dezvoltare.uvt.ro\/physics\/#organization\",\"name\":\"dezvoltare.uvt.ro\/physics\",\"url\":\"http:\/\/dezvoltare.uvt.ro\/physics\/\",\"logo\":{\"@type\":\"ImageObject\",\"inLanguage\":\"en-US\",\"@id\":\"http:\/\/dezvoltare.uvt.ro\/physics\/#\/schema\/logo\/image\/\",\"url\":\"http:\/\/dezvoltare.uvt.ro\/physics\/wp-content\/uploads\/2023\/04\/FIZICA-02.png\",\"contentUrl\":\"http:\/\/dezvoltare.uvt.ro\/physics\/wp-content\/uploads\/2023\/04\/FIZICA-02.png\",\"width\":843,\"height\":392,\"caption\":\"dezvoltare.uvt.ro\/physics\"},\"image\":{\"@id\":\"http:\/\/dezvoltare.uvt.ro\/physics\/#\/schema\/logo\/image\/\"}}]}<\/script>\n<!-- \/ Yoast SEO plugin. -->","yoast_head_json":{"title":"Cererii\/ Formulare\/ Acte studii - dezvoltare.uvt.ro\/physics","robots":{"index":"index","follow":"follow","max-snippet":"max-snippet:-1","max-image-preview":"max-image-preview:large","max-video-preview":"max-video-preview:-1"},"canonical":"http:\/\/dezvoltare.uvt.ro\/physics\/educatie\/cererii-formulare-acte-studii\/","og_locale":"en_US","og_type":"article","og_title":"Cererii\/ Formulare\/ Acte studii - dezvoltare.uvt.ro\/physics","og_description":"La nivelul UVT,\u00a0InfoCentrul studen\u021besc\u00a0este structura responsabil\u0103 de\u00a0comunicarea cu studen\u021bii\u00a0pentru toate procesele administrative, prelu\u00e2nd aceste atribu\u021bii de la secretariatele facult\u0103\u021bilor. Astfel, InfoCentrul studen\u021besc se ocup\u0103, \u00een general de: preluarea solicit\u0103rilor venite [&hellip;]","og_url":"http:\/\/dezvoltare.uvt.ro\/physics\/educatie\/cererii-formulare-acte-studii\/","og_site_name":"dezvoltare.uvt.ro\/physics","article_modified_time":"2023-07-25T11:31:33+00:00","twitter_card":"summary_large_image","twitter_misc":{"Est. reading time":"2 minutes"},"schema":{"@context":"https:\/\/schema.org","@graph":[{"@type":"WebPage","@id":"http:\/\/dezvoltare.uvt.ro\/physics\/educatie\/cererii-formulare-acte-studii\/","url":"http:\/\/dezvoltare.uvt.ro\/physics\/educatie\/cererii-formulare-acte-studii\/","name":"Cererii\/ Formulare\/ Acte studii - dezvoltare.uvt.ro\/physics","isPartOf":{"@id":"http:\/\/dezvoltare.uvt.ro\/physics\/#website"},"datePublished":"2023-04-13T11:49:42+00:00","dateModified":"2023-07-25T11:31:33+00:00","breadcrumb":{"@id":"http:\/\/dezvoltare.uvt.ro\/physics\/educatie\/cererii-formulare-acte-studii\/#breadcrumb"},"inLanguage":"en-US","potentialAction":[{"@type":"ReadAction","target":["http:\/\/dezvoltare.uvt.ro\/physics\/educatie\/cererii-formulare-acte-studii\/"]}]},{"@type":"BreadcrumbList","@id":"http:\/\/dezvoltare.uvt.ro\/physics\/educatie\/cererii-formulare-acte-studii\/#breadcrumb","itemListElement":[{"@type":"ListItem","position":1,"name":"Acas\u0103","item":"http:\/\/dezvoltare.uvt.ro\/physics\/"},{"@type":"ListItem","position":2,"name":"Educa\u021bie","item":"http:\/\/dezvoltare.uvt.ro\/physics\/educatie\/"},{"@type":"ListItem","position":3,"name":"Cererii\/ Formulare\/ Acte studii"}]},{"@type":"WebSite","@id":"http:\/\/dezvoltare.uvt.ro\/physics\/#website","url":"http:\/\/dezvoltare.uvt.ro\/physics\/","name":"dezvoltare.uvt.ro\/physics","description":"Fizic\u0103","publisher":{"@id":"http:\/\/dezvoltare.uvt.ro\/physics\/#organization"},"potentialAction":[{"@type":"SearchAction","target":{"@type":"EntryPoint","urlTemplate":"http:\/\/dezvoltare.uvt.ro\/physics\/?s={search_term_string}"},"query-input":"required name=search_term_string"}],"inLanguage":"en-US"},{"@type":"Organization","@id":"http:\/\/dezvoltare.uvt.ro\/physics\/#organization","name":"dezvoltare.uvt.ro\/physics","url":"http:\/\/dezvoltare.uvt.ro\/physics\/","logo":{"@type":"ImageObject","inLanguage":"en-US","@id":"http:\/\/dezvoltare.uvt.ro\/physics\/#\/schema\/logo\/image\/","url":"http:\/\/dezvoltare.uvt.ro\/physics\/wp-content\/uploads\/2023\/04\/FIZICA-02.png","contentUrl":"http:\/\/dezvoltare.uvt.ro\/physics\/wp-content\/uploads\/2023\/04\/FIZICA-02.png","width":843,"height":392,"caption":"dezvoltare.uvt.ro\/physics"},"image":{"@id":"http:\/\/dezvoltare.uvt.ro\/physics\/#\/schema\/logo\/image\/"}}]}},"_links":{"self":[{"href":"http:\/\/dezvoltare.uvt.ro\/physics\/wp-json\/wp\/v2\/pages\/948","targetHints":{"allow":["GET"]}}],"collection":[{"href":"http:\/\/dezvoltare.uvt.ro\/physics\/wp-json\/wp\/v2\/pages"}],"about":[{"href":"http:\/\/dezvoltare.uvt.ro\/physics\/wp-json\/wp\/v2\/types\/page"}],"author":[{"embeddable":true,"href":"http:\/\/dezvoltare.uvt.ro\/physics\/wp-json\/wp\/v2\/users\/2"}],"replies":[{"embeddable":true,"href":"http:\/\/dezvoltare.uvt.ro\/physics\/wp-json\/wp\/v2\/comments?post=948"}],"version-history":[{"count":17,"href":"http:\/\/dezvoltare.uvt.ro\/physics\/wp-json\/wp\/v2\/pages\/948\/revisions"}],"predecessor-version":[{"id":2327,"href":"http:\/\/dezvoltare.uvt.ro\/physics\/wp-json\/wp\/v2\/pages\/948\/revisions\/2327"}],"up":[{"embeddable":true,"href":"http:\/\/dezvoltare.uvt.ro\/physics\/wp-json\/wp\/v2\/pages\/173"}],"wp:attachment":[{"href":"http:\/\/dezvoltare.uvt.ro\/physics\/wp-json\/wp\/v2\/media?parent=948"}],"curies":[{"name":"wp","href":"https:\/\/api.w.org\/{rel}","templated":true}]}}